{"id":6215,"date":"2026-04-09T11:13:04","date_gmt":"2026-04-09T18:13:04","guid":{"rendered":"https:\/\/quoris.com\/?page_id=6215"},"modified":"2026-04-09T11:17:00","modified_gmt":"2026-04-09T18:17:00","slug":"recrutement-epic","status":"publish","type":"page","link":"https:\/\/quoris.com\/fr\/services\/dossier-medical-electronique\/recrutement-epic\/","title":{"rendered":"L&#8217;excellence \u00e9pique"},"content":{"rendered":"\n\n  <div\n    class=\"page-heading-block wp-block-group is-layout-constrained wp-block-group-is-layout-constrained is-style-background-horizontal-gradient-bars wp-elements-03e66d9794024259308c2e3e7d205def alignfull wp-block-acf-page-heading-block has-text-color has-white-color has-background has-purple-background-color is-layout-flow wp-block-acf-page-heading-block-is-layout-flow\">\n  \n  <div class=\"page-heading-block-wrapper\">\n    <div class=\"acf-innerblocks-container\">\n  <div class=\" alignnone alignnone wp-block-acf-breadcrumbs\">\n            <div class=\"breadcrumbs\">\n        <a href=\"https:\/\/quoris.com\/fr\/\" class=\"breadcrumb\">Home<\/a><span class=\"breadcrumb-separator\"><\/span><a href=\"https:\/\/quoris.com\/fr\/services\/\" class=\"breadcrumb\">Services<\/a><span class=\"breadcrumb-separator\"><\/span><a href=\"https:\/\/quoris.com\/fr\/services\/dossier-medical-electronique\/\" class=\"breadcrumb\">Dossier m\u00e9dical \u00e9lectronique<\/a><span class=\"breadcrumb-separator\"><\/span>        <span class=\"breadcrumb\">L&#8217;excellence \u00e9pique<\/span>\n      <\/div>\n        <\/div>\n\n\n<h1 class=\"wp-block-heading page-title\">L&#8217;excellence \u00e9pique<\/h1>\n\n\n\n<div class=\"wp-block-group is-content-justification-left is-layout-constrained wp-container-core-group-is-layout-517f87fe wp-block-group-is-layout-constrained\">\n<p class=\"page-heading-intro-p wp-block-paragraph\">Votre chemin vers le tableau d&#8217;honneur Epic commence ici.<\/p>\n<\/div>\n\n<\/div>\n  <\/div>\n    <\/div>\n\n<div class=\"wp-block-group has-text-wrap-pretty is-layout-constrained wp-container-core-group-is-layout-9d5631e4 wp-block-group-is-layout-constrained\" style=\"margin-top:var(--wp--preset--spacing--80)\">\n<h2 class=\"wp-block-heading has-text-align-center\" style=\"margin-bottom:var(--wp--preset--spacing--20)\">\u00c0 propos d&#8217;Epic Excellence<\/h2>\n\n\n\n<div class=\"wp-block-group is-layout-constrained wp-container-core-group-is-layout-15e220c5 wp-block-group-is-layout-constrained\" style=\"margin-top:0;margin-bottom:0;padding-top:0;padding-right:0;padding-bottom:0;padding-left:0\">\n<p class=\"has-text-align-center wp-block-paragraph\">La subvention de bon entretien d&#8217;Epic est destin\u00e9e aux syst\u00e8mes de sant\u00e9 qui maintiennent l&#8217;excellence. La plupart d&#8217;entre eux se qualifient sur papier. Les saisir se r\u00e9sume \u00e0 une question de bande passante, et c&#8217;est l\u00e0 que la plupart des \u00e9quipes se retrouvent bloqu\u00e9es.  <\/p>\n\n\n\n<p class=\"has-text-align-center wp-block-paragraph\">Le programme d&#8217;excellence Epic de Quoris prend en charge l&#8217;ensemble du parcours jusqu&#8217;au tableau d&#8217;honneur afin que votre \u00e9quipe reste concentr\u00e9e sur les op\u00e9rations. Nous travaillons sous votre gouvernance et dans le cadre de votre contr\u00f4le du changement existant, couvrant tout depuis l&#8217;audit initial des lacunes jusqu&#8217;\u00e0 la demande de subvention et \u00e0 l&#8217;excellence g\u00e9r\u00e9e tout au long de l&#8217;ann\u00e9e. Un seul engagement. Aucun ticket ajout\u00e9 \u00e0 votre file d&#8217;attente.   <\/p>\n\n\n\n<div class=\"wp-block-buttons is-content-justification-center is-layout-flex wp-container-core-buttons-is-layout-3e41869c wp-block-buttons-is-layout-flex\">\n<div class=\"wp-block-button is-style-arrow\"><a class=\"wp-block-button__link wp-element-button\" href=\"#Contact\">Commencez<\/a><\/div>\n<\/div>\n<\/div>\n<\/div>\n\n<div class=\"wp-block-columns is-layout-flex wp-container-core-columns-is-layout-7387b849 wp-block-columns-is-layout-flex\">\n<div class=\"wp-block-column is-layout-flow wp-block-column-is-layout-flow\">\n  <div\n    style=\"padding-top:var(--wp--preset--spacing--40);padding-bottom:var(--wp--preset--spacing--40);\" class=\"align wp-block-acf-card-grid\">\n  \n\n  <div class=\"row row-cols-1 fade-in-stagger row-cols-lg-3  row-cols-md-3 \">\n\n  <div\n    class=\"rollover-card align wp-block-acf-company-rollover-card\">\n        \n\n    <div class=\"acf-innerblocks-container\">\n\n<div class=\"wp-block-group rollover_card_block is-layout-constrained wp-block-group-is-layout-constrained\">\n<div class=\"wp-block-columns is-layout-flex wp-container-core-columns-is-layout-7387b849 wp-block-columns-is-layout-flex\">\n<div class=\"wp-block-column is-layout-flow wp-block-column-is-layout-flow\" style=\"flex-basis:100%\">\n<div class=\"wp-block-group rollover-card__card_front has-aqua-background-color has-background is-vertical is-layout-flex wp-container-core-group-is-layout-2c90304e wp-block-group-is-layout-flex\">\n<h2 class=\"wp-block-heading\">83%<\/h2>\n\n\n\n<h5 class=\"wp-block-heading has-text-align-center\">des sites Epic renoncent chaque ann\u00e9e \u00e0 la subvention du tableau d&#8217;honneur<\/h5>\n<\/div>\n<\/div>\n<\/div>\n<\/div>\n\n<\/div>\n\n            <\/div>\n\n\n\n  <div\n    class=\"rollover-card align wp-block-acf-company-rollover-card\">\n        \n\n    <div class=\"acf-innerblocks-container\">\n\n<div class=\"wp-block-group rollover_card_block is-layout-constrained wp-block-group-is-layout-constrained\">\n<div class=\"wp-block-group rollover-card__card_front has-aqua-background-color has-background is-vertical is-layout-flex wp-container-core-group-is-layout-2c90304e wp-block-group-is-layout-flex\">\n<h2 class=\"wp-block-heading\">$750K+<\/h2>\n\n\n\n<h5 class=\"wp-block-heading has-text-align-center\">subvention annuelle maximale non r\u00e9clam\u00e9e par syst\u00e8me de sant\u00e9<\/h5>\n<\/div>\n<\/div>\n\n<\/div>\n\n            <\/div>\n\n\n\n  <div\n    class=\"rollover-card align wp-block-acf-company-rollover-card\">\n        \n\n    <div class=\"acf-innerblocks-container\">\n\n<div class=\"wp-block-group rollover_card_block is-layout-constrained wp-block-group-is-layout-constrained\">\n<div class=\"wp-block-group rollover-card__card_front has-aqua-background-color has-background is-vertical is-layout-flex wp-container-core-group-is-layout-2c90304e wp-block-group-is-layout-flex\">\n<h2 class=\"wp-block-heading\">#Raison n\u00b01<\/h2>\n\n\n\n<h5 class=\"wp-block-heading has-text-align-center\">La largeur de bande<strong>,<\/strong> pas les comp\u00e9tences, pas l&#8217;\u00e9ligibilit\u00e9<\/h5>\n<\/div>\n<\/div>\n\n<\/div>\n\n            <\/div>\n\n<\/div>\n\n    <\/div>\n<\/div>\n<\/div>\n\n<div class=\"wp-block-group has-beige-background-color has-background has-text-wrap-pretty is-layout-constrained wp-container-core-group-is-layout-7b896703 wp-block-group-is-layout-constrained\" style=\"margin-top:var(--wp--preset--spacing--80);margin-bottom:var(--wp--preset--spacing--40);padding-top:var(--wp--preset--spacing--20);padding-bottom:var(--wp--preset--spacing--20)\">\n<h2 class=\"wp-block-heading has-text-align-center\" style=\"margin-top:var(--wp--preset--spacing--30);margin-bottom:var(--wp--preset--spacing--20)\">Signes que vous \u00eates pr\u00eat<\/h2>\n\n\n\n<div class=\"wp-block-group is-layout-constrained wp-container-core-group-is-layout-15e220c5 wp-block-group-is-layout-constrained\" style=\"margin-top:0;margin-bottom:0;padding-top:0;padding-right:0;padding-bottom:0;padding-left:0\">\n<div class=\"wp-block-columns is-layout-flex wp-container-core-columns-is-layout-4eca9317 wp-block-columns-is-layout-flex\" style=\"margin-top:var(--wp--preset--spacing--40);margin-bottom:var(--wp--preset--spacing--40)\">\n<div class=\"wp-block-column is-layout-flow wp-block-column-is-layout-flow\">\n<ul class=\"wp-block-list\">\n<li>A manqu\u00e9 le tableau d&#8217;honneur lors du dernier cycle de subvention  <\/li>\n\n\n\n<li>Peu d&#8217;\u00e9toiles d&#8217;or ou lacunes dans l&#8217;\u00e9valuation  <\/li>\n\n\n\n<li>L&#8217;\u00e9quipe informatique est accapar\u00e9e par les op\u00e9rations quotidiennes  <\/li>\n<\/ul>\n<\/div>\n\n\n\n<div class=\"wp-block-column is-layout-flow wp-block-column-is-layout-flow\">\n<ul class=\"wp-block-list\">\n<li>5 ans ou plus de vie sur Epic<\/li>\n\n\n\n<li>Un nouveau DSI \u00e0 la recherche d&#8217;un impact mesurable<\/li>\n\n\n\n<li>Consolidation post-fusion en cours<\/li>\n<\/ul>\n<\/div>\n<\/div>\n<\/div>\n<\/div>\n\n<div style=\"height:34px\" aria-hidden=\"true\" class=\"wp-block-spacer\"><\/div>\n\n<div class=\"wp-block-media-text is-stacked-on-mobile is-style-compact-layout\" style=\"margin-top:0;margin-bottom:0;padding-top:var(--wp--preset--spacing--20);padding-bottom:var(--wp--preset--spacing--20);grid-template-columns:47% auto\"><figure class=\"wp-block-media-text__media\"><img decoding=\"async\" width=\"1024\" height=\"768\" src=\"https:\/\/quoris.com\/wp-content\/uploads\/2026\/02\/19-1024x768.jpg\" alt=\"\" class=\"wp-image-5925 size-full\" srcset=\"https:\/\/quoris.com\/wp-content\/uploads\/2026\/02\/19-1024x768.jpg 1024w, https:\/\/quoris.com\/wp-content\/uploads\/2026\/02\/19-300x225.jpg 300w, https:\/\/quoris.com\/wp-content\/uploads\/2026\/02\/19-768x576.jpg 768w, https:\/\/quoris.com\/wp-content\/uploads\/2026\/02\/19.jpg 1200w\" sizes=\"(max-width: 1024px) 100vw, 1024px\" \/><\/figure><div class=\"wp-block-media-text__content\">\n<h2 class=\"wp-block-heading\">Trois piliers. Un seul partenaire. <\/h2>\n\n\n\n<p class=\"wp-block-paragraph\"><strong>Tableau d&#8217;honneur<\/strong>: Nous compl\u00e9tons la liste de contr\u00f4le des mesures correctives afin que vous puissiez b\u00e9n\u00e9ficier d&#8217;une subvention annuelle de 200 000 \u00e0 750 000 dollars ou plus.<\/p>\n\n\n\n<p class=\"wp-block-paragraph\"><strong>\u00c9toiles d&#8217;or<\/strong>: Nous optimisons les modules et les flux de travail sous-utilis\u00e9s d&#8217;Epic pour obtenir des scores plus \u00e9lev\u00e9s et un meilleur retour sur votre investissement dans Epic.<\/p>\n\n\n\n<p class=\"wp-block-paragraph\"><strong>Monnaie de version<\/strong>: Nous \u00e9liminons les mises \u00e0 niveau retard\u00e9es afin que vous puissiez continuer \u00e0 b\u00e9n\u00e9ficier des subventions et des nouvelles fonctionnalit\u00e9s d&#8217;Epic sans aucune dette technique.<\/p>\n\n\n\n<p class=\"wp-block-paragraph\">Ces trois piliers sont interd\u00e9pendants.  <\/p>\n\n\n\n<p class=\"wp-block-paragraph\">Quoris g\u00e8re les trois pour que votre \u00e9quipe n&#8217;ait pas \u00e0 choisir.<\/p>\n<\/div><\/div>\n\n<div style=\"height:40px\" aria-hidden=\"true\" class=\"wp-block-spacer\"><\/div>\n\n  <div\n    style=\"margin-top:var(--wp--preset--spacing--80);margin-bottom:var(--wp--preset--spacing--40);\" class=\"align wp-block-acf-timeline-carousel\">\n    <div class=\"timeline-carousel__inner block__inner \">\n    <div class=\"timeline-carousel__header\">\n      <div class=\"timeline-carousel__header__inner\">\n        <h2 class=\"wp-block-heading\" data-acf-inline-contenteditable=\"1\" data-acf-inline-contenteditable-field-slug=\"timeline_header\" data-acf-placeholder=\"Type to edit...\" >\n          Un chemin pr\u00e9visible vers le tableau d&#039;honneur        <\/h2>\n        <p data-acf-inline-contenteditable=\"1\" data-acf-inline-contenteditable-field-slug=\"timeline_intro\" data-acf-placeholder=\"Type to edit...\" >\n          Laissez-nous vous aider \u00e0 atteindre vos objectifs.        <\/p>\n      <\/div>\n      <div class=\"timeline-carousel__arrows\">\n        <button type=\"button\" class=\"slick-prev slick-arrow \"><span class=\"sr-only\">Previous<\/span><\/button>\n        <button type=\"button\" class=\"slick-next slick-arrow\"><span class=\"sr-only\">Next<\/span><\/button>\n      <\/div>\n    <\/div>\n    <div class=\"timeline-carousel__slides\">\n      <div class=\"carousel-list\">\n        <div class=\"carousel-track \">\n\n  <div\n    class=\"align wp-block-acf-timeline-card\">\n  \n\n  <div class=\"acf-innerblocks-container\">\n\n<p class=\"text-statistic has-large-font-size wp-block-paragraph\"><strong>Phase 1<\/strong><\/p>\n\n\n\n<p class=\"wp-block-paragraph\">\u00c9valuer l&#8217;\u00e9tat d&#8217;avancement, fournir une feuille de route class\u00e9e par ordre de priorit\u00e9, donner un feu vert clair avant de s&#8217;engager pleinement.<\/p>\n\n<\/div>\n\n    <\/div>\n\n\n\n  <div\n    class=\"align wp-block-acf-timeline-card\">\n  \n\n  <div class=\"acf-innerblocks-container\">\n\n<p class=\"text-statistic has-large-font-size wp-block-paragraph\"><strong>Phase 2<\/strong><\/p>\n\n\n\n<p class=\"wp-block-paragraph\">Construction et configuration pratiques pour combler toutes les lacunes sans impact sur votre \u00e9quipe.<\/p>\n\n<\/div>\n\n    <\/div>\n\n\n\n  <div\n    class=\"align wp-block-acf-timeline-card\">\n  \n\n  <div class=\"acf-innerblocks-container\">\n\n<p class=\"text-statistic has-large-font-size wp-block-paragraph\"><strong>Phase 3<\/strong><\/p>\n\n\n\n<p class=\"wp-block-paragraph\">\u00c9valuez l&#8217;environnement en fonction de la grille d&#8217;\u00e9valuation d&#8217;Epic. Confirmez l&#8217;\u00e9tat de pr\u00e9paration avant la soumission. Pas de surprises.  <\/p>\n\n<\/div>\n\n    <\/div>\n\n\n\n  <div\n    class=\"align wp-block-acf-timeline-card\">\n  \n\n  <div class=\"acf-innerblocks-container\">\n\n<p class=\"text-statistic has-large-font-size wp-block-paragraph\"><strong>Phase 4<\/strong><\/p>\n\n\n\n<p class=\"wp-block-paragraph\">Soumettre une demande de subvention certifi\u00e9e. Fournir une feuille de route de 12 mois pour le soutien. <\/p>\n\n<\/div>\n\n    <\/div>\n\n\n\n  <div\n    class=\"align wp-block-acf-timeline-card\">\n  \n\n  <div class=\"acf-innerblocks-container\">\n\n<p class=\"text-statistic has-large-font-size wp-block-paragraph\"><strong>En cours  <\/strong><\/p>\n\n\n\n<p class=\"wp-block-paragraph\">Maintenance tout au long de l&#8217;ann\u00e9e pour s&#8217;assurer que la subvention est \u00e0 nouveau attribu\u00e9e lors du prochain cycle, avec un tableau de bord mensuel et des \u00e9valuations trimestrielles.<\/p>\n\n<\/div>\n\n    <\/div>\n\n<\/div>\n      <\/div>\n    <\/div>\n  <\/div>\n    <\/div>\n\n<div class=\"wp-block-group has-text-wrap-pretty is-layout-constrained wp-container-core-group-is-layout-9d5631e4 wp-block-group-is-layout-constrained\" style=\"margin-top:var(--wp--preset--spacing--80)\">\n<h2 class=\"wp-block-heading has-text-align-center\" id=\"Contact\" style=\"margin-bottom:var(--wp--preset--spacing--20)\">Vous \u00eates pr\u00eat \u00e0 commencer ? Envoyez-nous une demande ci-dessous. <\/h2>\n<\/div>\n\n<script src=\"https:\/\/js.hsforms.net\/forms\/embed\/50252001.js\" defer=\"defer\"><\/script>\n<div class=\"hs-form-frame\" data-region=\"na1\" data-form-id=\"33754f14-a1bd-4a97-b23e-a38dd4a0ee67\" data-portal-id=\"50252001\"><\/div>\n\n<p class=\"wp-block-paragraph\"><\/p>\n","protected":false},"excerpt":{"rendered":"<p>Trois piliers. Un seul partenaire. Tableau d&#8217;honneur: Nous compl\u00e9tons la liste de contr\u00f4le des mesures correctives afin que vous puissiez b\u00e9n\u00e9ficier d&#8217;une subvention annuelle de 200 000 \u00e0 750 000 dollars ou plus. \u00c9toiles d&#8217;or: Nous optimisons les modules et les flux de travail sous-utilis\u00e9s d&#8217;Epic pour obtenir des scores plus \u00e9lev\u00e9s et un meilleur [&hellip;]<\/p>\n","protected":false},"author":7,"featured_media":5944,"parent":4929,"menu_order":0,"comment_status":"closed","ping_status":"closed","template":"","meta":{"_acf_changed":false,"_crdt_document":"","content-type":"","footnotes":""},"class_list":["post-6215","page","type-page","status-publish","has-post-thumbnail","hentry"],"acf":[],"yoast_head":"<!-- This site is optimized with the Yoast SEO plugin v27.4 - https:\/\/yoast.com\/product\/yoast-seo-wordpress\/ -->\n<title>Soutien \u00e0 l&#039;excellence Epic, \u00e0 l&#039;optimisation Epic et \u00e0 l&#039;inscription au tableau d&#039;honneur<\/title>\n<meta name=\"description\" content=\"Le programme d&#039;excellence Epic de Quoris absorbe la totalit\u00e9 de la charge de travail. Nous g\u00e9rons le cycle de vie complet du tableau d&#039;honneur sous votre gouvernance et dans le cadre de votre contr\u00f4le du changement existant.\" \/>\n<meta name=\"robots\" content=\"noindex, follow, max-snippet:-1, max-image-preview:large, max-video-preview:-1\" \/>\n<meta property=\"og:locale\" content=\"fr_FR\" \/>\n<meta property=\"og:type\" content=\"article\" \/>\n<meta property=\"og:title\" content=\"Soutien \u00e0 l&#039;excellence Epic, \u00e0 l&#039;optimisation Epic et \u00e0 l&#039;inscription au tableau d&#039;honneur\" \/>\n<meta property=\"og:description\" content=\"Le programme d&#039;excellence Epic de Quoris absorbe la totalit\u00e9 de la charge de travail. Nous g\u00e9rons le cycle de vie complet du tableau d&#039;honneur sous votre gouvernance et dans le cadre de votre contr\u00f4le du changement existant.\" \/>\n<meta property=\"og:url\" content=\"https:\/\/quoris.com\/fr\/services\/dossier-medical-electronique\/recrutement-epic\/\" \/>\n<meta property=\"og:site_name\" content=\"Quoris\" \/>\n<meta property=\"article:modified_time\" content=\"2026-04-09T18:17:00+00:00\" \/>\n<meta property=\"og:image\" content=\"https:\/\/quoris.com\/wp-content\/uploads\/2026\/02\/13.jpg\" \/>\n\t<meta property=\"og:image:width\" content=\"1200\" \/>\n\t<meta property=\"og:image:height\" content=\"900\" \/>\n\t<meta property=\"og:image:type\" content=\"image\/jpeg\" \/>\n<meta name=\"twitter:card\" content=\"summary_large_image\" \/>\n<meta name=\"twitter:label1\" content=\"Est. reading time\" \/>\n\t<meta name=\"twitter:data1\" content=\"2 minutes\" \/>\n<script type=\"application\/ld+json\" class=\"yoast-schema-graph\">{\"@context\":\"https:\\\/\\\/schema.org\",\"@graph\":[{\"@type\":\"WebPage\",\"@id\":\"https:\\\/\\\/quoris.com\\\/fr\\\/services\\\/dossier-medical-electronique\\\/recrutement-epic\\\/\",\"url\":\"https:\\\/\\\/quoris.com\\\/fr\\\/services\\\/dossier-medical-electronique\\\/recrutement-epic\\\/\",\"name\":\"Soutien \u00e0 l'excellence Epic, \u00e0 l'optimisation Epic et \u00e0 l'inscription au tableau d'honneur\",\"isPartOf\":{\"@id\":\"https:\\\/\\\/quoris.com\\\/fr\\\/#website\"},\"primaryImageOfPage\":{\"@id\":\"https:\\\/\\\/quoris.com\\\/fr\\\/services\\\/dossier-medical-electronique\\\/recrutement-epic\\\/#primaryimage\"},\"image\":{\"@id\":\"https:\\\/\\\/quoris.com\\\/fr\\\/services\\\/dossier-medical-electronique\\\/recrutement-epic\\\/#primaryimage\"},\"thumbnailUrl\":\"https:\\\/\\\/quoris.com\\\/wp-content\\\/uploads\\\/2026\\\/02\\\/13.jpg\",\"datePublished\":\"2026-04-09T18:13:04+00:00\",\"dateModified\":\"2026-04-09T18:17:00+00:00\",\"description\":\"Le programme d'excellence Epic de Quoris absorbe la totalit\u00e9 de la charge de travail. Nous g\u00e9rons le cycle de vie complet du tableau d'honneur sous votre gouvernance et dans le cadre de votre contr\u00f4le du changement existant.\",\"breadcrumb\":{\"@id\":\"https:\\\/\\\/quoris.com\\\/fr\\\/services\\\/dossier-medical-electronique\\\/recrutement-epic\\\/#breadcrumb\"},\"inLanguage\":\"fr-FR\",\"potentialAction\":[{\"@type\":\"ReadAction\",\"target\":[\"https:\\\/\\\/quoris.com\\\/fr\\\/services\\\/dossier-medical-electronique\\\/recrutement-epic\\\/\"]}]},{\"@type\":\"ImageObject\",\"inLanguage\":\"fr-FR\",\"@id\":\"https:\\\/\\\/quoris.com\\\/fr\\\/services\\\/dossier-medical-electronique\\\/recrutement-epic\\\/#primaryimage\",\"url\":\"https:\\\/\\\/quoris.com\\\/wp-content\\\/uploads\\\/2026\\\/02\\\/13.jpg\",\"contentUrl\":\"https:\\\/\\\/quoris.com\\\/wp-content\\\/uploads\\\/2026\\\/02\\\/13.jpg\",\"width\":1200,\"height\":900},{\"@type\":\"BreadcrumbList\",\"@id\":\"https:\\\/\\\/quoris.com\\\/fr\\\/services\\\/dossier-medical-electronique\\\/recrutement-epic\\\/#breadcrumb\",\"itemListElement\":[{\"@type\":\"ListItem\",\"position\":1,\"name\":\"Accueil\",\"item\":\"https:\\\/\\\/quoris.com\\\/fr\\\/\"},{\"@type\":\"ListItem\",\"position\":2,\"name\":\"Services\",\"item\":\"https:\\\/\\\/quoris.com\\\/fr\\\/services\\\/\"},{\"@type\":\"ListItem\",\"position\":3,\"name\":\"Dossier m\u00e9dical \u00e9lectronique\",\"item\":\"https:\\\/\\\/quoris.com\\\/fr\\\/services\\\/dossier-medical-electronique\\\/\"},{\"@type\":\"ListItem\",\"position\":4,\"name\":\"L&#8217;excellence \u00e9pique\"}]},{\"@type\":\"WebSite\",\"@id\":\"https:\\\/\\\/quoris.com\\\/fr\\\/#website\",\"url\":\"https:\\\/\\\/quoris.com\\\/fr\\\/\",\"name\":\"Quoris Healthcare IT\",\"description\":\"\",\"publisher\":{\"@id\":\"https:\\\/\\\/quoris.com\\\/fr\\\/#organization\"},\"potentialAction\":[{\"@type\":\"SearchAction\",\"target\":{\"@type\":\"EntryPoint\",\"urlTemplate\":\"https:\\\/\\\/quoris.com\\\/fr\\\/?s={search_term_string}\"},\"query-input\":{\"@type\":\"PropertyValueSpecification\",\"valueRequired\":true,\"valueName\":\"search_term_string\"}}],\"inLanguage\":\"fr-FR\"},{\"@type\":\"Organization\",\"@id\":\"https:\\\/\\\/quoris.com\\\/fr\\\/#organization\",\"name\":\"Quoris Healthcare IT\",\"url\":\"https:\\\/\\\/quoris.com\\\/fr\\\/\",\"logo\":{\"@type\":\"ImageObject\",\"inLanguage\":\"fr-FR\",\"@id\":\"https:\\\/\\\/quoris.com\\\/fr\\\/#\\\/schema\\\/logo\\\/image\\\/\",\"url\":\"https:\\\/\\\/quoris.com\\\/wp-content\\\/uploads\\\/2025\\\/12\\\/pressrelease_575703_1763329356.jpg\",\"contentUrl\":\"https:\\\/\\\/quoris.com\\\/wp-content\\\/uploads\\\/2025\\\/12\\\/pressrelease_575703_1763329356.jpg\",\"width\":667,\"height\":350,\"caption\":\"Quoris Healthcare IT\"},\"image\":{\"@id\":\"https:\\\/\\\/quoris.com\\\/fr\\\/#\\\/schema\\\/logo\\\/image\\\/\"},\"sameAs\":[\"https:\\\/\\\/www.linkedin.com\\\/company\\\/quoris\\\/\"]}]}<\/script>\n<!-- \/ Yoast SEO plugin. -->","yoast_head_json":{"title":"Soutien \u00e0 l'excellence Epic, \u00e0 l'optimisation Epic et \u00e0 l'inscription au tableau d'honneur","description":"Le programme d'excellence Epic de Quoris absorbe la totalit\u00e9 de la charge de travail. Nous g\u00e9rons le cycle de vie complet du tableau d'honneur sous votre gouvernance et dans le cadre de votre contr\u00f4le du changement existant.","robots":{"index":"noindex","follow":"follow","max-snippet":"max-snippet:-1","max-image-preview":"max-image-preview:large","max-video-preview":"max-video-preview:-1"},"og_locale":"fr_FR","og_type":"article","og_title":"Soutien \u00e0 l'excellence Epic, \u00e0 l'optimisation Epic et \u00e0 l'inscription au tableau d'honneur","og_description":"Le programme d'excellence Epic de Quoris absorbe la totalit\u00e9 de la charge de travail. Nous g\u00e9rons le cycle de vie complet du tableau d'honneur sous votre gouvernance et dans le cadre de votre contr\u00f4le du changement existant.","og_url":"https:\/\/quoris.com\/fr\/services\/dossier-medical-electronique\/recrutement-epic\/","og_site_name":"Quoris","article_modified_time":"2026-04-09T18:17:00+00:00","og_image":[{"width":1200,"height":900,"url":"https:\/\/quoris.com\/wp-content\/uploads\/2026\/02\/13.jpg","type":"image\/jpeg"}],"twitter_card":"summary_large_image","twitter_misc":{"Est. reading time":"2 minutes"},"schema":{"@context":"https:\/\/schema.org","@graph":[{"@type":"WebPage","@id":"https:\/\/quoris.com\/fr\/services\/dossier-medical-electronique\/recrutement-epic\/","url":"https:\/\/quoris.com\/fr\/services\/dossier-medical-electronique\/recrutement-epic\/","name":"Soutien \u00e0 l'excellence Epic, \u00e0 l'optimisation Epic et \u00e0 l'inscription au tableau d'honneur","isPartOf":{"@id":"https:\/\/quoris.com\/fr\/#website"},"primaryImageOfPage":{"@id":"https:\/\/quoris.com\/fr\/services\/dossier-medical-electronique\/recrutement-epic\/#primaryimage"},"image":{"@id":"https:\/\/quoris.com\/fr\/services\/dossier-medical-electronique\/recrutement-epic\/#primaryimage"},"thumbnailUrl":"https:\/\/quoris.com\/wp-content\/uploads\/2026\/02\/13.jpg","datePublished":"2026-04-09T18:13:04+00:00","dateModified":"2026-04-09T18:17:00+00:00","description":"Le programme d'excellence Epic de Quoris absorbe la totalit\u00e9 de la charge de travail. Nous g\u00e9rons le cycle de vie complet du tableau d'honneur sous votre gouvernance et dans le cadre de votre contr\u00f4le du changement existant.","breadcrumb":{"@id":"https:\/\/quoris.com\/fr\/services\/dossier-medical-electronique\/recrutement-epic\/#breadcrumb"},"inLanguage":"fr-FR","potentialAction":[{"@type":"ReadAction","target":["https:\/\/quoris.com\/fr\/services\/dossier-medical-electronique\/recrutement-epic\/"]}]},{"@type":"ImageObject","inLanguage":"fr-FR","@id":"https:\/\/quoris.com\/fr\/services\/dossier-medical-electronique\/recrutement-epic\/#primaryimage","url":"https:\/\/quoris.com\/wp-content\/uploads\/2026\/02\/13.jpg","contentUrl":"https:\/\/quoris.com\/wp-content\/uploads\/2026\/02\/13.jpg","width":1200,"height":900},{"@type":"BreadcrumbList","@id":"https:\/\/quoris.com\/fr\/services\/dossier-medical-electronique\/recrutement-epic\/#breadcrumb","itemListElement":[{"@type":"ListItem","position":1,"name":"Accueil","item":"https:\/\/quoris.com\/fr\/"},{"@type":"ListItem","position":2,"name":"Services","item":"https:\/\/quoris.com\/fr\/services\/"},{"@type":"ListItem","position":3,"name":"Dossier m\u00e9dical \u00e9lectronique","item":"https:\/\/quoris.com\/fr\/services\/dossier-medical-electronique\/"},{"@type":"ListItem","position":4,"name":"L&#8217;excellence \u00e9pique"}]},{"@type":"WebSite","@id":"https:\/\/quoris.com\/fr\/#website","url":"https:\/\/quoris.com\/fr\/","name":"Quoris Healthcare IT","description":"","publisher":{"@id":"https:\/\/quoris.com\/fr\/#organization"},"potentialAction":[{"@type":"SearchAction","target":{"@type":"EntryPoint","urlTemplate":"https:\/\/quoris.com\/fr\/?s={search_term_string}"},"query-input":{"@type":"PropertyValueSpecification","valueRequired":true,"valueName":"search_term_string"}}],"inLanguage":"fr-FR"},{"@type":"Organization","@id":"https:\/\/quoris.com\/fr\/#organization","name":"Quoris Healthcare IT","url":"https:\/\/quoris.com\/fr\/","logo":{"@type":"ImageObject","inLanguage":"fr-FR","@id":"https:\/\/quoris.com\/fr\/#\/schema\/logo\/image\/","url":"https:\/\/quoris.com\/wp-content\/uploads\/2025\/12\/pressrelease_575703_1763329356.jpg","contentUrl":"https:\/\/quoris.com\/wp-content\/uploads\/2025\/12\/pressrelease_575703_1763329356.jpg","width":667,"height":350,"caption":"Quoris Healthcare IT"},"image":{"@id":"https:\/\/quoris.com\/fr\/#\/schema\/logo\/image\/"},"sameAs":["https:\/\/www.linkedin.com\/company\/quoris\/"]}]}},"_links":{"self":[{"href":"https:\/\/quoris.com\/fr\/wp-json\/wp\/v2\/pages\/6215","targetHints":{"allow":["GET"]}}],"collection":[{"href":"https:\/\/quoris.com\/fr\/wp-json\/wp\/v2\/pages"}],"about":[{"href":"https:\/\/quoris.com\/fr\/wp-json\/wp\/v2\/types\/page"}],"author":[{"embeddable":true,"href":"https:\/\/quoris.com\/fr\/wp-json\/wp\/v2\/users\/7"}],"replies":[{"embeddable":true,"href":"https:\/\/quoris.com\/fr\/wp-json\/wp\/v2\/comments?post=6215"}],"version-history":[{"count":0,"href":"https:\/\/quoris.com\/fr\/wp-json\/wp\/v2\/pages\/6215\/revisions"}],"up":[{"embeddable":true,"href":"https:\/\/quoris.com\/fr\/wp-json\/wp\/v2\/pages\/4929"}],"wp:featuredmedia":[{"embeddable":true,"href":"https:\/\/quoris.com\/fr\/wp-json\/wp\/v2\/media\/5944"}],"wp:attachment":[{"href":"https:\/\/quoris.com\/fr\/wp-json\/wp\/v2\/media?parent=6215"}],"curies":[{"name":"wp","href":"https:\/\/api.w.org\/{rel}","templated":true}]}}