{"id":6082,"date":"2026-03-13T12:35:28","date_gmt":"2026-03-13T19:35:28","guid":{"rendered":"https:\/\/quoris.com\/?page_id=6082"},"modified":"2026-03-16T11:56:02","modified_gmt":"2026-03-16T18:56:02","slug":"ravitaillement-epique","status":"publish","type":"page","link":"https:\/\/quoris.com\/fr\/services\/solutions-pour-le-personnel-informatique-dans-le-secteur-de-la-sante\/ravitaillement-epique\/","title":{"rendered":"Recrutement Epic"},"content":{"rendered":"\n\n  <div\n    class=\"page-heading-block wp-block-group is-layout-constrained wp-block-group-is-layout-constrained is-style-background-horizontal-gradient-bars wp-elements-1a7b994cedb22490c8678b81169583b0 alignfull wp-block-acf-page-heading-block has-text-color has-white-color has-background has-purple-background-color is-layout-flow wp-block-acf-page-heading-block-is-layout-flow\">\n  \n  <div class=\"page-heading-block-wrapper\">\n    <div class=\"acf-innerblocks-container\">\n  <div class=\" alignnone alignnone wp-block-acf-breadcrumbs\">\n            <div class=\"breadcrumbs\">\n        <a href=\"https:\/\/quoris.com\/fr\/\" class=\"breadcrumb\">Home<\/a><span class=\"breadcrumb-separator\"><\/span><a href=\"https:\/\/quoris.com\/fr\/services\/\" class=\"breadcrumb\">Services<\/a><span class=\"breadcrumb-separator\"><\/span><a href=\"https:\/\/quoris.com\/fr\/services\/solutions-pour-le-personnel-informatique-dans-le-secteur-de-la-sante\/\" class=\"breadcrumb\">Solutions pour le personnel informatique dans le secteur de la sant\u00e9<\/a><span class=\"breadcrumb-separator\"><\/span>        <span class=\"breadcrumb\">Recrutement Epic<\/span>\n      <\/div>\n        <\/div>\n\n\n<h1 class=\"wp-block-heading page-title\">Recrutement Epic<\/h1>\n\n\n\n<div class=\"wp-block-group is-content-justification-left is-layout-constrained wp-container-core-group-is-layout-517f87fe wp-block-group-is-layout-constrained\">\n<p class=\"page-heading-intro-p wp-block-paragraph\">Des experts Epic plac\u00e9s pour l&#8217;impact, pas seulement pour la disponibilit\u00e9<\/p>\n<\/div>\n\n<\/div>\n  <\/div>\n    <\/div>\n\n<div class=\"wp-block-group has-text-wrap-pretty is-layout-constrained wp-container-core-group-is-layout-9d5631e4 wp-block-group-is-layout-constrained\" style=\"margin-top:var(--wp--preset--spacing--80)\">\n<h2 class=\"wp-block-heading has-text-align-center\" style=\"margin-bottom:var(--wp--preset--spacing--20)\">\u00c0 propos d&#8217;Epic Staffing<\/h2>\n\n\n\n<div class=\"wp-block-group is-layout-constrained wp-container-core-group-is-layout-15e220c5 wp-block-group-is-layout-constrained\" style=\"margin-top:0;margin-bottom:0;padding-top:0;padding-right:0;padding-bottom:0;padding-left:0\">\n<p class=\"has-text-align-center wp-block-paragraph\">Quoris fournit des solutions de recrutement Epic de bout en bout qui aident les organismes de sant\u00e9 \u00e0 mettre en \u0153uvre, stabiliser, optimiser et faire \u00e9voluer leurs environnements Epic. Qu&#8217;il s&#8217;agisse d&#8217;experts individuels certifi\u00e9s ou d&#8217;\u00e9quipes Epic enti\u00e8rement g\u00e9r\u00e9es, nous fournissons les bons talents au bon moment, sans sacrifier la qualit\u00e9, la continuit\u00e9 ou les r\u00e9sultats. <\/p>\n\n\n\n<div class=\"wp-block-buttons is-content-justification-center is-layout-flex wp-container-core-buttons-is-layout-3e41869c wp-block-buttons-is-layout-flex\">\n<div class=\"wp-block-button is-style-arrow\"><a class=\"wp-block-button__link wp-element-button\" href=\"#Contact\">Commencez<\/a><\/div>\n<\/div>\n<\/div>\n<\/div>\n\n<div class=\"wp-block-group has-beige-background-color has-background has-text-wrap-pretty is-layout-constrained wp-container-core-group-is-layout-7b896703 wp-block-group-is-layout-constrained\" style=\"margin-top:var(--wp--preset--spacing--80);margin-bottom:var(--wp--preset--spacing--40);padding-top:var(--wp--preset--spacing--20);padding-bottom:var(--wp--preset--spacing--20)\">\n<h2 class=\"wp-block-heading has-text-align-center\" style=\"margin-top:var(--wp--preset--spacing--30);margin-bottom:var(--wp--preset--spacing--20)\">Notre personnel<\/h2>\n\n\n\n<div class=\"wp-block-group is-layout-constrained wp-container-core-group-is-layout-15e220c5 wp-block-group-is-layout-constrained\" style=\"margin-top:0;margin-bottom:0;padding-top:0;padding-right:0;padding-bottom:0;padding-left:0\">\n<div class=\"wp-block-columns is-layout-flex wp-container-core-columns-is-layout-4eca9317 wp-block-columns-is-layout-flex\" style=\"margin-top:var(--wp--preset--spacing--40);margin-bottom:var(--wp--preset--spacing--40)\">\n<div class=\"wp-block-column is-layout-flow wp-block-column-is-layout-flow\">\n<ul class=\"wp-block-list\">\n<li>Constructeurs et analystes certifi\u00e9s Epic<\/li>\n\n\n\n<li>Formateurs, formateurs principaux et concepteurs p\u00e9dagogiques agr\u00e9\u00e9s par Epic<\/li>\n\n\n\n<li>Chefs de projet et directeurs de programme<\/li>\n\n\n\n<li>Coordinateurs de l&#8217;application<\/li>\n\n\n\n<li>Sp\u00e9cialistes de l&#8217;int\u00e9gration et de l&#8217;interface<\/li>\n<\/ul>\n<\/div>\n\n\n\n<div class=\"wp-block-column is-layout-flow wp-block-column-is-layout-flow\">\n<ul class=\"wp-block-list\">\n<li>Cycle de revenu Epic PME<\/li>\n\n\n\n<li>Sp\u00e9cialistes de la conception et de la (re)conception de flux de travail<\/li>\n\n\n\n<li>Analystes du support d&#8217;application Epic \u00e0 distance<\/li>\n\n\n\n<li>Sp\u00e9cialistes de la migration des donn\u00e9es<\/li>\n\n\n\n<li>Architectes techniques<\/li>\n<\/ul>\n<\/div>\n<\/div>\n<\/div>\n<\/div>\n\n<div style=\"height:34px\" aria-hidden=\"true\" class=\"wp-block-spacer\"><\/div>\n\n<div class=\"wp-block-media-text is-stacked-on-mobile is-style-compact-layout\" style=\"margin-top:0;margin-bottom:0;padding-top:var(--wp--preset--spacing--20);padding-bottom:var(--wp--preset--spacing--20);grid-template-columns:47% auto\"><figure class=\"wp-block-media-text__media\"><img decoding=\"async\" width=\"1024\" height=\"768\" src=\"https:\/\/quoris.com\/wp-content\/uploads\/2026\/02\/19-1024x768.jpg\" alt=\"\" class=\"wp-image-5925 size-full\" srcset=\"https:\/\/quoris.com\/wp-content\/uploads\/2026\/02\/19-1024x768.jpg 1024w, https:\/\/quoris.com\/wp-content\/uploads\/2026\/02\/19-300x225.jpg 300w, https:\/\/quoris.com\/wp-content\/uploads\/2026\/02\/19-768x576.jpg 768w, https:\/\/quoris.com\/wp-content\/uploads\/2026\/02\/19.jpg 1200w\" sizes=\"(max-width: 1024px) 100vw, 1024px\" \/><\/figure><div class=\"wp-block-media-text__content\">\n<h2 class=\"wp-block-heading\">Support Epic de bout en bout<\/h2>\n\n\n\n<p class=\"wp-block-paragraph\">De la stabilisation des syst\u00e8mes existants \u00e0 la mise en service, en passant par l&#8217;optimisation apr\u00e8s la mise en service et la migration des donn\u00e9es, Quoris couvre toutes les phases de votre projet Epic. Les impl\u00e9mentations Epic sont complexes et la marge d&#8217;interruption est mince. Nos sp\u00e9cialistes certifi\u00e9s interviennent l\u00e0 o\u00f9 vous en avez le plus besoin, prot\u00e9geant la capacit\u00e9 de votre \u00e9quipe tout en maintenant les op\u00e9rations en cours et les r\u00e9sultats sur la bonne voie, afin que votre organisation franchisse la ligne d&#8217;arriv\u00e9e en toute confiance.  <\/p>\n\n\n\n<p class=\"wp-block-paragraph\"><strong>Pourquoi Quoris ?<\/strong><\/p>\n\n\n\n<ul class=\"wp-block-list\">\n<li>2xBestin KLAS Externalisation partielle de l&#8217;informatique<\/li>\n\n\n\n<li>Mod\u00e8le d&#8217;engagement \u00e0 forte valeur ajout\u00e9e<\/li>\n\n\n\n<li>Processus rigoureux de s\u00e9lection des talents en 6 \u00e9tapes<\/li>\n\n\n\n<li>Cadre d&#8217;assurance qualit\u00e9 et de gouvernance \u00e9prouv\u00e9<\/li>\n\n\n\n<li>Prise en charge de <span style=\"text-decoration: underline;\">tous les<\/span>modules Epic  <\/li>\n\n\n\n<li>70 % de placement sur recommandation<\/li>\n\n\n\n<li>Une port\u00e9e mondiale<\/li>\n<\/ul>\n<\/div><\/div>\n\n<div style=\"height:40px\" aria-hidden=\"true\" class=\"wp-block-spacer\"><\/div>\n\n<h2 class=\"wp-block-heading has-text-align-center\">Nos mod\u00e8les gagnants<\/h2>\n\n<div class=\"wp-block-columns is-layout-flex wp-container-core-columns-is-layout-7387b849 wp-block-columns-is-layout-flex\">\n<div class=\"wp-block-column has-beige-background-color has-background is-layout-flow wp-block-column-is-layout-flow\">\n<div style=\"height:20px\" aria-hidden=\"true\" class=\"wp-block-spacer\"><\/div>\n\n\n\n<p class=\"has-orange-color has-text-color has-link-color wp-elements-019e1802b634c88ffcd2f4ba0a9d265c wp-block-paragraph\"><strong>Renforcement du personnel sp\u00e9cialis\u00e9<\/strong><\/p>\n\n\n\n<p class=\"wp-block-paragraph\">Ressources \u00e9piques \u00e0 court ou \u00e0 long terme qui compl\u00e8tent les \u00e9quipes internes, r\u00e9duisent l&#8217;\u00e9puisement professionnel et permettent de faire face aux surcharges de travail.<\/p>\n\n\n\n<div style=\"height:20px\" aria-hidden=\"true\" class=\"wp-block-spacer\"><\/div>\n<\/div>\n\n\n\n<div class=\"wp-block-column has-beige-background-color has-background is-layout-flow wp-block-column-is-layout-flow\">\n<div style=\"height:20px\" aria-hidden=\"true\" class=\"wp-block-spacer\"><\/div>\n\n\n\n<p class=\"has-orange-color has-text-color has-link-color wp-elements-1db15f3eedc6d5c8d692f0721df05f3e wp-block-paragraph\"><strong>Contrat d&#8217;embauche et embauche directe<\/strong><\/p>\n\n\n\n<p class=\"wp-block-paragraph\">Des voies d&#8217;embauche flexibles pour les organisations qui recherchent des talents Epic \u00e0 long terme ayant un impact imm\u00e9diat.<\/p>\n<\/div>\n\n\n\n<div class=\"wp-block-column has-beige-background-color has-background is-layout-flow wp-block-column-is-layout-flow\">\n<div style=\"height:20px\" aria-hidden=\"true\" class=\"wp-block-spacer\"><\/div>\n\n\n\n<p class=\"has-orange-color has-text-color has-link-color wp-elements-55b2f4724b223e2e227bb35378c467bc wp-block-paragraph\"><strong>\u00c9quipes Epic bas\u00e9es sur des projets<\/strong><\/p>\n\n\n\n<p class=\"wp-block-paragraph\">Des \u00e9quipes d\u00e9di\u00e9es aux mises en \u0153uvre, aux mises \u00e0 niveau, aux initiatives d&#8217;optimisation et aux d\u00e9ploiements de modules.<\/p>\n<\/div>\n<\/div>\n\n<div class=\"wp-block-columns is-layout-flex wp-container-core-columns-is-layout-7387b849 wp-block-columns-is-layout-flex\">\n<div class=\"wp-block-column has-beige-background-color has-background is-layout-flow wp-block-column-is-layout-flow\">\n<div style=\"height:20px\" aria-hidden=\"true\" class=\"wp-block-spacer\"><\/div>\n\n\n\n<p class=\"has-orange-color has-text-color has-link-color wp-elements-4256449cee6ca7c29d21be7d068946ce wp-block-paragraph\"><strong>Support \u00e0 distance de l&#8217;application Epic (AMS)<\/strong><\/p>\n\n\n\n<p class=\"wp-block-paragraph\">Un mod\u00e8le de support g\u00e9r\u00e9 avec des rapports sur les indicateurs de performance, une supervision de l&#8217;assurance qualit\u00e9, un suivi de la productivit\u00e9 et une couverture des fuseaux horaires aux \u00c9tats-Unis ou \u00e0 l&#8217;\u00e9tranger.<\/p>\n\n\n\n<div style=\"height:20px\" aria-hidden=\"true\" class=\"wp-block-spacer\"><\/div>\n<\/div>\n\n\n\n<div class=\"wp-block-column has-beige-background-color has-background is-layout-flow wp-block-column-is-layout-flow\">\n<div style=\"height:20px\" aria-hidden=\"true\" class=\"wp-block-spacer\"><\/div>\n\n\n\n<p class=\"has-orange-color has-text-color has-link-color wp-elements-5b7b099107dd794cd52070328e822abb wp-block-paragraph\"><strong>Leadership informatique fractionn\u00e9<\/strong><\/p>\n\n\n\n<p class=\"wp-block-paragraph\">Quoris s&#8217;int\u00e8gre profond\u00e9ment dans les \u00e9quipes des clients, agissant comme une extension de leur d\u00e9partement informatique.<\/p>\n<\/div>\n\n\n\n<div class=\"wp-block-column has-beige-background-color has-background is-layout-flow wp-block-column-is-layout-flow\">\n<div style=\"height:20px\" aria-hidden=\"true\" class=\"wp-block-spacer\"><\/div>\n\n\n\n<p class=\"has-orange-color has-text-color has-link-color wp-elements-9e0f707828923b5b8bb3422b26b09f52 wp-block-paragraph\"><strong>Maestro (planification flexible des ressources)<\/strong><\/p>\n\n\n\n<p class=\"wp-block-paragraph\">Experts certifi\u00e9s \u00e0 la demande, les heures peuvent \u00eatre augment\u00e9es\/r\u00e9duites sans engagement. Portail en libre-service pour g\u00e9rer, suivre et contr\u00f4ler l&#8217;assistance. <\/p>\n<\/div>\n<\/div>\n\n<div style=\"height:34px\" aria-hidden=\"true\" class=\"wp-block-spacer\"><\/div>\n\n<div class=\"wp-block-group has-text-wrap-pretty is-layout-constrained wp-container-core-group-is-layout-9d5631e4 wp-block-group-is-layout-constrained\" style=\"margin-top:var(--wp--preset--spacing--80)\">\n<h2 class=\"wp-block-heading has-text-align-center\" id=\"Contact\" style=\"margin-bottom:var(--wp--preset--spacing--20)\">Pr\u00eat \u00e0 engager un expert Epic ? Envoyez-nous une demande ci-dessous. <\/h2>\n<\/div>\n\n<script src=\"https:\/\/js.hsforms.net\/forms\/embed\/50252001.js\" defer=\"defer\"><\/script>\n<div class=\"hs-form-frame\" data-region=\"na1\" data-form-id=\"33754f14-a1bd-4a97-b23e-a38dd4a0ee67\" data-portal-id=\"50252001\"><\/div>\n\n<p class=\"wp-block-paragraph\"><\/p>\n","protected":false},"excerpt":{"rendered":"<p>Nos mod\u00e8les gagnants Renforcement du personnel sp\u00e9cialis\u00e9 Ressources \u00e9piques \u00e0 court ou \u00e0 long terme qui compl\u00e8tent les \u00e9quipes internes, r\u00e9duisent l&#8217;\u00e9puisement professionnel et permettent de faire face aux surcharges de travail. Contrat d&#8217;embauche et embauche directe Des voies d&#8217;embauche flexibles pour les organisations qui recherchent des talents Epic \u00e0 long terme ayant un impact [&hellip;]<\/p>\n","protected":false},"author":7,"featured_media":5944,"parent":4896,"menu_order":0,"comment_status":"closed","ping_status":"closed","template":"","meta":{"_acf_changed":false,"_crdt_document":"","content-type":"","footnotes":""},"class_list":["post-6082","page","type-page","status-publish","has-post-thumbnail","hentry"],"acf":[],"yoast_head":"<!-- This site is optimized with the Yoast SEO plugin v27.4 - https:\/\/yoast.com\/product\/yoast-seo-wordpress\/ -->\n<title>Epic Staffing | Les experts Epic sont plac\u00e9s pour avoir un impact, pas seulement une disponibilit\u00e9<\/title>\n<meta name=\"description\" content=\"Quoris place des sp\u00e9cialistes Epic certifi\u00e9s, offre des mod\u00e8les d&#039;engagement flexibles et une approche de haut niveau qui r\u00e9duit les risques et conduit \u00e0 des r\u00e9sultats.\" \/>\n<meta name=\"robots\" content=\"noindex, follow, max-snippet:-1, max-image-preview:large, max-video-preview:-1\" \/>\n<meta property=\"og:locale\" content=\"fr_FR\" \/>\n<meta property=\"og:type\" content=\"article\" \/>\n<meta property=\"og:title\" content=\"Epic Staffing | Les experts Epic sont plac\u00e9s pour avoir un impact, pas seulement une disponibilit\u00e9\" \/>\n<meta property=\"og:description\" content=\"Quoris place des sp\u00e9cialistes Epic certifi\u00e9s, offre des mod\u00e8les d&#039;engagement flexibles et une approche de haut niveau qui r\u00e9duit les risques et conduit \u00e0 des r\u00e9sultats.\" \/>\n<meta property=\"og:url\" content=\"https:\/\/quoris.com\/fr\/services\/solutions-pour-le-personnel-informatique-dans-le-secteur-de-la-sante\/ravitaillement-epique\/\" \/>\n<meta property=\"og:site_name\" content=\"Quoris\" \/>\n<meta property=\"article:modified_time\" content=\"2026-03-16T18:56:02+00:00\" \/>\n<meta property=\"og:image\" content=\"https:\/\/quoris.com\/wp-content\/uploads\/2026\/02\/13.jpg\" \/>\n\t<meta property=\"og:image:width\" content=\"1200\" \/>\n\t<meta property=\"og:image:height\" content=\"900\" \/>\n\t<meta property=\"og:image:type\" content=\"image\/jpeg\" \/>\n<meta name=\"twitter:card\" content=\"summary_large_image\" \/>\n<meta name=\"twitter:label1\" content=\"Est. reading time\" \/>\n\t<meta name=\"twitter:data1\" content=\"2 minutes\" \/>\n<script type=\"application\/ld+json\" class=\"yoast-schema-graph\">{\"@context\":\"https:\\\/\\\/schema.org\",\"@graph\":[{\"@type\":\"WebPage\",\"@id\":\"https:\\\/\\\/quoris.com\\\/fr\\\/services\\\/solutions-pour-le-personnel-informatique-dans-le-secteur-de-la-sante\\\/ravitaillement-epique\\\/\",\"url\":\"https:\\\/\\\/quoris.com\\\/fr\\\/services\\\/solutions-pour-le-personnel-informatique-dans-le-secteur-de-la-sante\\\/ravitaillement-epique\\\/\",\"name\":\"Epic Staffing | Les experts Epic sont plac\u00e9s pour avoir un impact, pas seulement une disponibilit\u00e9\",\"isPartOf\":{\"@id\":\"https:\\\/\\\/quoris.com\\\/fr\\\/#website\"},\"primaryImageOfPage\":{\"@id\":\"https:\\\/\\\/quoris.com\\\/fr\\\/services\\\/solutions-pour-le-personnel-informatique-dans-le-secteur-de-la-sante\\\/ravitaillement-epique\\\/#primaryimage\"},\"image\":{\"@id\":\"https:\\\/\\\/quoris.com\\\/fr\\\/services\\\/solutions-pour-le-personnel-informatique-dans-le-secteur-de-la-sante\\\/ravitaillement-epique\\\/#primaryimage\"},\"thumbnailUrl\":\"https:\\\/\\\/quoris.com\\\/wp-content\\\/uploads\\\/2026\\\/02\\\/13.jpg\",\"datePublished\":\"2026-03-13T19:35:28+00:00\",\"dateModified\":\"2026-03-16T18:56:02+00:00\",\"description\":\"Quoris place des sp\u00e9cialistes Epic certifi\u00e9s, offre des mod\u00e8les d'engagement flexibles et une approche de haut niveau qui r\u00e9duit les risques et conduit \u00e0 des r\u00e9sultats.\",\"breadcrumb\":{\"@id\":\"https:\\\/\\\/quoris.com\\\/fr\\\/services\\\/solutions-pour-le-personnel-informatique-dans-le-secteur-de-la-sante\\\/ravitaillement-epique\\\/#breadcrumb\"},\"inLanguage\":\"fr-FR\",\"potentialAction\":[{\"@type\":\"ReadAction\",\"target\":[\"https:\\\/\\\/quoris.com\\\/fr\\\/services\\\/solutions-pour-le-personnel-informatique-dans-le-secteur-de-la-sante\\\/ravitaillement-epique\\\/\"]}]},{\"@type\":\"ImageObject\",\"inLanguage\":\"fr-FR\",\"@id\":\"https:\\\/\\\/quoris.com\\\/fr\\\/services\\\/solutions-pour-le-personnel-informatique-dans-le-secteur-de-la-sante\\\/ravitaillement-epique\\\/#primaryimage\",\"url\":\"https:\\\/\\\/quoris.com\\\/wp-content\\\/uploads\\\/2026\\\/02\\\/13.jpg\",\"contentUrl\":\"https:\\\/\\\/quoris.com\\\/wp-content\\\/uploads\\\/2026\\\/02\\\/13.jpg\",\"width\":1200,\"height\":900},{\"@type\":\"BreadcrumbList\",\"@id\":\"https:\\\/\\\/quoris.com\\\/fr\\\/services\\\/solutions-pour-le-personnel-informatique-dans-le-secteur-de-la-sante\\\/ravitaillement-epique\\\/#breadcrumb\",\"itemListElement\":[{\"@type\":\"ListItem\",\"position\":1,\"name\":\"Accueil\",\"item\":\"https:\\\/\\\/quoris.com\\\/fr\\\/\"},{\"@type\":\"ListItem\",\"position\":2,\"name\":\"Services\",\"item\":\"https:\\\/\\\/quoris.com\\\/fr\\\/services\\\/\"},{\"@type\":\"ListItem\",\"position\":3,\"name\":\"Solutions pour le personnel informatique dans le secteur de la sant\u00e9\",\"item\":\"https:\\\/\\\/quoris.com\\\/fr\\\/services\\\/solutions-pour-le-personnel-informatique-dans-le-secteur-de-la-sante\\\/\"},{\"@type\":\"ListItem\",\"position\":4,\"name\":\"Recrutement Epic\"}]},{\"@type\":\"WebSite\",\"@id\":\"https:\\\/\\\/quoris.com\\\/fr\\\/#website\",\"url\":\"https:\\\/\\\/quoris.com\\\/fr\\\/\",\"name\":\"Quoris Healthcare IT\",\"description\":\"\",\"publisher\":{\"@id\":\"https:\\\/\\\/quoris.com\\\/fr\\\/#organization\"},\"potentialAction\":[{\"@type\":\"SearchAction\",\"target\":{\"@type\":\"EntryPoint\",\"urlTemplate\":\"https:\\\/\\\/quoris.com\\\/fr\\\/?s={search_term_string}\"},\"query-input\":{\"@type\":\"PropertyValueSpecification\",\"valueRequired\":true,\"valueName\":\"search_term_string\"}}],\"inLanguage\":\"fr-FR\"},{\"@type\":\"Organization\",\"@id\":\"https:\\\/\\\/quoris.com\\\/fr\\\/#organization\",\"name\":\"Quoris Healthcare IT\",\"url\":\"https:\\\/\\\/quoris.com\\\/fr\\\/\",\"logo\":{\"@type\":\"ImageObject\",\"inLanguage\":\"fr-FR\",\"@id\":\"https:\\\/\\\/quoris.com\\\/fr\\\/#\\\/schema\\\/logo\\\/image\\\/\",\"url\":\"https:\\\/\\\/quoris.com\\\/wp-content\\\/uploads\\\/2025\\\/12\\\/pressrelease_575703_1763329356.jpg\",\"contentUrl\":\"https:\\\/\\\/quoris.com\\\/wp-content\\\/uploads\\\/2025\\\/12\\\/pressrelease_575703_1763329356.jpg\",\"width\":667,\"height\":350,\"caption\":\"Quoris Healthcare IT\"},\"image\":{\"@id\":\"https:\\\/\\\/quoris.com\\\/fr\\\/#\\\/schema\\\/logo\\\/image\\\/\"},\"sameAs\":[\"https:\\\/\\\/www.linkedin.com\\\/company\\\/quoris\\\/\"]}]}<\/script>\n<!-- \/ Yoast SEO plugin. -->","yoast_head_json":{"title":"Epic Staffing | Les experts Epic sont plac\u00e9s pour avoir un impact, pas seulement une disponibilit\u00e9","description":"Quoris place des sp\u00e9cialistes Epic certifi\u00e9s, offre des mod\u00e8les d'engagement flexibles et une approche de haut niveau qui r\u00e9duit les risques et conduit \u00e0 des r\u00e9sultats.","robots":{"index":"noindex","follow":"follow","max-snippet":"max-snippet:-1","max-image-preview":"max-image-preview:large","max-video-preview":"max-video-preview:-1"},"og_locale":"fr_FR","og_type":"article","og_title":"Epic Staffing | Les experts Epic sont plac\u00e9s pour avoir un impact, pas seulement une disponibilit\u00e9","og_description":"Quoris place des sp\u00e9cialistes Epic certifi\u00e9s, offre des mod\u00e8les d'engagement flexibles et une approche de haut niveau qui r\u00e9duit les risques et conduit \u00e0 des r\u00e9sultats.","og_url":"https:\/\/quoris.com\/fr\/services\/solutions-pour-le-personnel-informatique-dans-le-secteur-de-la-sante\/ravitaillement-epique\/","og_site_name":"Quoris","article_modified_time":"2026-03-16T18:56:02+00:00","og_image":[{"width":1200,"height":900,"url":"https:\/\/quoris.com\/wp-content\/uploads\/2026\/02\/13.jpg","type":"image\/jpeg"}],"twitter_card":"summary_large_image","twitter_misc":{"Est. reading time":"2 minutes"},"schema":{"@context":"https:\/\/schema.org","@graph":[{"@type":"WebPage","@id":"https:\/\/quoris.com\/fr\/services\/solutions-pour-le-personnel-informatique-dans-le-secteur-de-la-sante\/ravitaillement-epique\/","url":"https:\/\/quoris.com\/fr\/services\/solutions-pour-le-personnel-informatique-dans-le-secteur-de-la-sante\/ravitaillement-epique\/","name":"Epic Staffing | Les experts Epic sont plac\u00e9s pour avoir un impact, pas seulement une disponibilit\u00e9","isPartOf":{"@id":"https:\/\/quoris.com\/fr\/#website"},"primaryImageOfPage":{"@id":"https:\/\/quoris.com\/fr\/services\/solutions-pour-le-personnel-informatique-dans-le-secteur-de-la-sante\/ravitaillement-epique\/#primaryimage"},"image":{"@id":"https:\/\/quoris.com\/fr\/services\/solutions-pour-le-personnel-informatique-dans-le-secteur-de-la-sante\/ravitaillement-epique\/#primaryimage"},"thumbnailUrl":"https:\/\/quoris.com\/wp-content\/uploads\/2026\/02\/13.jpg","datePublished":"2026-03-13T19:35:28+00:00","dateModified":"2026-03-16T18:56:02+00:00","description":"Quoris place des sp\u00e9cialistes Epic certifi\u00e9s, offre des mod\u00e8les d'engagement flexibles et une approche de haut niveau qui r\u00e9duit les risques et conduit \u00e0 des r\u00e9sultats.","breadcrumb":{"@id":"https:\/\/quoris.com\/fr\/services\/solutions-pour-le-personnel-informatique-dans-le-secteur-de-la-sante\/ravitaillement-epique\/#breadcrumb"},"inLanguage":"fr-FR","potentialAction":[{"@type":"ReadAction","target":["https:\/\/quoris.com\/fr\/services\/solutions-pour-le-personnel-informatique-dans-le-secteur-de-la-sante\/ravitaillement-epique\/"]}]},{"@type":"ImageObject","inLanguage":"fr-FR","@id":"https:\/\/quoris.com\/fr\/services\/solutions-pour-le-personnel-informatique-dans-le-secteur-de-la-sante\/ravitaillement-epique\/#primaryimage","url":"https:\/\/quoris.com\/wp-content\/uploads\/2026\/02\/13.jpg","contentUrl":"https:\/\/quoris.com\/wp-content\/uploads\/2026\/02\/13.jpg","width":1200,"height":900},{"@type":"BreadcrumbList","@id":"https:\/\/quoris.com\/fr\/services\/solutions-pour-le-personnel-informatique-dans-le-secteur-de-la-sante\/ravitaillement-epique\/#breadcrumb","itemListElement":[{"@type":"ListItem","position":1,"name":"Accueil","item":"https:\/\/quoris.com\/fr\/"},{"@type":"ListItem","position":2,"name":"Services","item":"https:\/\/quoris.com\/fr\/services\/"},{"@type":"ListItem","position":3,"name":"Solutions pour le personnel informatique dans le secteur de la sant\u00e9","item":"https:\/\/quoris.com\/fr\/services\/solutions-pour-le-personnel-informatique-dans-le-secteur-de-la-sante\/"},{"@type":"ListItem","position":4,"name":"Recrutement Epic"}]},{"@type":"WebSite","@id":"https:\/\/quoris.com\/fr\/#website","url":"https:\/\/quoris.com\/fr\/","name":"Quoris Healthcare IT","description":"","publisher":{"@id":"https:\/\/quoris.com\/fr\/#organization"},"potentialAction":[{"@type":"SearchAction","target":{"@type":"EntryPoint","urlTemplate":"https:\/\/quoris.com\/fr\/?s={search_term_string}"},"query-input":{"@type":"PropertyValueSpecification","valueRequired":true,"valueName":"search_term_string"}}],"inLanguage":"fr-FR"},{"@type":"Organization","@id":"https:\/\/quoris.com\/fr\/#organization","name":"Quoris Healthcare IT","url":"https:\/\/quoris.com\/fr\/","logo":{"@type":"ImageObject","inLanguage":"fr-FR","@id":"https:\/\/quoris.com\/fr\/#\/schema\/logo\/image\/","url":"https:\/\/quoris.com\/wp-content\/uploads\/2025\/12\/pressrelease_575703_1763329356.jpg","contentUrl":"https:\/\/quoris.com\/wp-content\/uploads\/2025\/12\/pressrelease_575703_1763329356.jpg","width":667,"height":350,"caption":"Quoris Healthcare IT"},"image":{"@id":"https:\/\/quoris.com\/fr\/#\/schema\/logo\/image\/"},"sameAs":["https:\/\/www.linkedin.com\/company\/quoris\/"]}]}},"_links":{"self":[{"href":"https:\/\/quoris.com\/fr\/wp-json\/wp\/v2\/pages\/6082","targetHints":{"allow":["GET"]}}],"collection":[{"href":"https:\/\/quoris.com\/fr\/wp-json\/wp\/v2\/pages"}],"about":[{"href":"https:\/\/quoris.com\/fr\/wp-json\/wp\/v2\/types\/page"}],"author":[{"embeddable":true,"href":"https:\/\/quoris.com\/fr\/wp-json\/wp\/v2\/users\/7"}],"replies":[{"embeddable":true,"href":"https:\/\/quoris.com\/fr\/wp-json\/wp\/v2\/comments?post=6082"}],"version-history":[{"count":0,"href":"https:\/\/quoris.com\/fr\/wp-json\/wp\/v2\/pages\/6082\/revisions"}],"up":[{"embeddable":true,"href":"https:\/\/quoris.com\/fr\/wp-json\/wp\/v2\/pages\/4896"}],"wp:featuredmedia":[{"embeddable":true,"href":"https:\/\/quoris.com\/fr\/wp-json\/wp\/v2\/media\/5944"}],"wp:attachment":[{"href":"https:\/\/quoris.com\/fr\/wp-json\/wp\/v2\/media?parent=6082"}],"curies":[{"name":"wp","href":"https:\/\/api.w.org\/{rel}","templated":true}]}}