{"id":6015,"date":"2026-02-24T11:39:47","date_gmt":"2026-02-24T19:39:47","guid":{"rendered":"https:\/\/quoris.com\/?page_id=6015"},"modified":"2026-03-10T12:23:15","modified_gmt":"2026-03-10T19:23:15","slug":"quoris-fastlane-2","status":"publish","type":"page","link":"https:\/\/quoris.com\/fr\/services\/dossier-medical-electronique\/quoris-fastlane-2\/","title":{"rendered":"Ravitaillement \u00e9pique"},"content":{"rendered":"\n\n  <div\n    class=\"page-heading-block wp-block-group is-layout-constrained wp-block-group-is-layout-constrained is-style-background-horizontal-gradient-bars wp-elements-eed1a934229ebed424ea57bb957c8ca6 alignfull wp-block-acf-page-heading-block has-text-color has-white-color has-background has-purple-background-color is-layout-flow wp-block-acf-page-heading-block-is-layout-flow\">\n  \n  <div class=\"page-heading-block-wrapper\">\n    <div class=\"acf-innerblocks-container\">\n  <div class=\" alignnone alignnone wp-block-acf-breadcrumbs\">\n            <div class=\"breadcrumbs\">\n        <a href=\"https:\/\/quoris.com\/fr\/\" class=\"breadcrumb\">Home<\/a><span class=\"breadcrumb-separator\"><\/span><a href=\"https:\/\/quoris.com\/fr\/services\/\" class=\"breadcrumb\">Services<\/a><span class=\"breadcrumb-separator\"><\/span><a href=\"https:\/\/quoris.com\/fr\/services\/dossier-medical-electronique\/\" class=\"breadcrumb\">Dossier m\u00e9dical \u00e9lectronique<\/a><span class=\"breadcrumb-separator\"><\/span>        <span class=\"breadcrumb\">Ravitaillement \u00e9pique<\/span>\n      <\/div>\n        <\/div>\n\n\n<h1 class=\"wp-block-heading page-title\">Ravitaillement \u00e9pique<\/h1>\n\n\n\n<div class=\"wp-block-group is-content-justification-left is-layout-constrained wp-container-core-group-is-layout-517f87fe wp-block-group-is-layout-constrained\">\n<p class=\"page-heading-intro-p wp-block-paragraph\">Un programme de r\u00e9alignement formel, d\u00e9fini par Epic, pour les organisations qui utilisent Epic depuis plus de 5 ans.<\/p>\n<\/div>\n\n<\/div>\n  <\/div>\n    <\/div>\n\n<div class=\"wp-block-group has-text-wrap-pretty is-layout-constrained wp-container-core-group-is-layout-9d5631e4 wp-block-group-is-layout-constrained\" style=\"margin-top:var(--wp--preset--spacing--80)\">\n<h2 class=\"wp-block-heading has-text-align-center\" style=\"margin-bottom:var(--wp--preset--spacing--20)\">Qu&#8217;est-ce que Epic Refuel ?<\/h2>\n\n\n\n<div class=\"wp-block-group is-layout-constrained wp-container-core-group-is-layout-15e220c5 wp-block-group-is-layout-constrained\" style=\"margin-top:0;margin-bottom:0;padding-top:0;padding-right:0;padding-bottom:0;padding-left:0\">\n<p class=\"has-text-align-center wp-block-paragraph\">Epic Refuel est un programme officiel, d\u00e9fini par Epic, destin\u00e9 aux clients Epic \u00e9tablis, qui se concentre sur l&#8217;activation des fonctionnalit\u00e9s Epic sous-utilis\u00e9es et sur le r\u00e9alignement de la conception du syst\u00e8me sur le mod\u00e8le de base d&#8217;Epic afin de g\u00e9n\u00e9rer une valeur clinique, op\u00e9rationnelle et financi\u00e8re mesurable.<\/p>\n\n\n\n<div class=\"wp-block-buttons is-content-justification-center is-layout-flex wp-container-core-buttons-is-layout-3e41869c wp-block-buttons-is-layout-flex\">\n<div class=\"wp-block-button is-style-arrow\"><a class=\"wp-block-button__link wp-element-button\" href=\"#Contact\">Commencez<\/a><\/div>\n<\/div>\n<\/div>\n<\/div>\n\n<div class=\"wp-block-group has-beige-background-color has-background has-text-wrap-pretty is-layout-constrained wp-container-core-group-is-layout-7b896703 wp-block-group-is-layout-constrained\" style=\"margin-top:var(--wp--preset--spacing--80);margin-bottom:var(--wp--preset--spacing--40);padding-top:var(--wp--preset--spacing--20);padding-bottom:var(--wp--preset--spacing--20)\">\n<h2 class=\"wp-block-heading has-text-align-center\" style=\"margin-top:var(--wp--preset--spacing--30);margin-bottom:var(--wp--preset--spacing--20)\">Pourquoi faire le plein ?<\/h2>\n\n\n\n<div class=\"wp-block-group is-layout-constrained wp-container-core-group-is-layout-15e220c5 wp-block-group-is-layout-constrained\" style=\"margin-top:0;margin-bottom:0;padding-top:0;padding-right:0;padding-bottom:0;padding-left:0\">\n<div class=\"wp-block-columns is-layout-flex wp-container-core-columns-is-layout-4eca9317 wp-block-columns-is-layout-flex\" style=\"margin-top:var(--wp--preset--spacing--40);margin-bottom:var(--wp--preset--spacing--40)\">\n<div class=\"wp-block-column is-layout-flow wp-block-column-is-layout-flow\">\n<ul class=\"wp-block-list\">\n<li>S&#8217;aligner sur les op\u00e9rations en cours<\/li>\n\n\n\n<li>Activer les fonctions non utilis\u00e9es<\/li>\n\n\n\n<li>R\u00e9pondre \u00e0 l&#8217;\u00e9volution des exigences en mati\u00e8re de gouvernance et de conformit\u00e9<\/li>\n<\/ul>\n<\/div>\n\n\n\n<div class=\"wp-block-column is-layout-flow wp-block-column-is-layout-flow\">\n<ul class=\"wp-block-list\">\n<li>Soutenir les initiatives de transformation<\/li>\n\n\n\n<li>Am\u00e9liorer l&#8217;\u00e9volutivit\u00e9 et la pr\u00e9paration<\/li>\n\n\n\n<li>R\u00e9duire les frictions dans les flux de travail qui ont un impact sur les cliniciens et les op\u00e9rations<\/li>\n<\/ul>\n<\/div>\n<\/div>\n<\/div>\n<\/div>\n\n<div class=\"wp-block-media-text is-stacked-on-mobile is-style-compact-layout\" style=\"margin-top:0;margin-bottom:0;padding-top:var(--wp--preset--spacing--20);padding-bottom:var(--wp--preset--spacing--20);grid-template-columns:46% auto\"><figure class=\"wp-block-media-text__media\"><img loading=\"lazy\" decoding=\"async\" width=\"1024\" height=\"768\" src=\"https:\/\/quoris.com\/wp-content\/uploads\/2026\/02\/10-1024x768.jpg\" alt=\"\" class=\"wp-image-5934 size-full\" srcset=\"https:\/\/quoris.com\/wp-content\/uploads\/2026\/02\/10-1024x768.jpg 1024w, https:\/\/quoris.com\/wp-content\/uploads\/2026\/02\/10-300x225.jpg 300w, https:\/\/quoris.com\/wp-content\/uploads\/2026\/02\/10-768x576.jpg 768w, https:\/\/quoris.com\/wp-content\/uploads\/2026\/02\/10.jpg 1200w\" sizes=\"auto, (max-width: 1024px) 100vw, 1024px\" \/><\/figure><div class=\"wp-block-media-text__content\">\n<h2 class=\"wp-block-heading\">Quoris stimule l&#8217;ex\u00e9cution<\/h2>\n\n\n\n<p class=\"wp-block-paragraph\">Epic d\u00e9finit le cadre. Quoris ex\u00e9cute la construction, la formation et la stabilisation &#8211; en prot\u00e9geant la capacit\u00e9 de votre \u00e9quipe interne tout en favorisant l&#8217;adoption et la gouvernance. Lorsque votre impl\u00e9mentation Epic a besoin d&#8217;un \u00e9lan, Quoris s&#8217;en charge, avec des analystes et des formateurs certifi\u00e9s qui alimentent le leadership d&#8217;ex\u00e9cution et la livraison d&#8217;\u00e9chelle dans tous les domaines de service. De l&#8217;adoption et de la gestion du changement \u00e0 la stabilisation \u00e0 long terme, nous nous assurons que votre syst\u00e8me fonctionne comme il se doit.   <\/p>\n\n\n\n<p class=\"wp-block-paragraph\"><strong>Nous vous aidons \u00e0 atteindre vos objectifs :  <\/strong><\/p>\n\n\n\n<ul class=\"wp-block-list\">\n<li>Le temps du clinicien est r\u00e9cup\u00e9r\u00e9 gr\u00e2ce \u00e0 l&#8217;automatisation<\/li>\n\n\n\n<li>Am\u00e9lioration du cycle des recettes et r\u00e9alisation plus rapide des liquidit\u00e9s<\/li>\n\n\n\n<li>Retrait des syst\u00e8mes tiers redondants<\/li>\n\n\n\n<li>R\u00e9duction des frictions op\u00e9rationnelles<\/li>\n\n\n\n<li>Am\u00e9liorations plus rapides et alignement \u00e9pique plus fort<\/li>\n<\/ul>\n<\/div><\/div>\n\n  <div\n    style=\"margin-top:var(--wp--preset--spacing--80);margin-bottom:var(--wp--preset--spacing--40);\" class=\"align wp-block-acf-timeline-carousel\">\n    <div class=\"timeline-carousel__inner block__inner \">\n    <div class=\"timeline-carousel__header\">\n      <div class=\"timeline-carousel__header__inner\">\n        <h2 class=\"wp-block-heading\" data-acf-inline-contenteditable=\"1\" data-acf-inline-contenteditable-field-slug=\"timeline_header\" data-acf-placeholder=\"Type to edit...\" >\n          Notre mod\u00e8le de prestation        <\/h2>\n        <p data-acf-inline-contenteditable=\"1\" data-acf-inline-contenteditable-field-slug=\"timeline_intro\" data-acf-placeholder=\"Type to edit...\" >\n          Epic Refuel suit un mod\u00e8le de livraison structur\u00e9 et limit\u00e9 dans le temps, bas\u00e9 sur la m\u00e9thodologie d\u00e9finie par Epic, avec une gouvernance et une adoption int\u00e9gr\u00e9es \u00e0 chaque phase.        <\/p>\n      <\/div>\n      <div class=\"timeline-carousel__arrows\">\n        <button type=\"button\" class=\"slick-prev slick-arrow \"><span class=\"sr-only\">Previous<\/span><\/button>\n        <button type=\"button\" class=\"slick-next slick-arrow\"><span class=\"sr-only\">Next<\/span><\/button>\n      <\/div>\n    <\/div>\n    <div class=\"timeline-carousel__slides\">\n      <div class=\"carousel-list\">\n        <div class=\"carousel-track \">\n\n  <div\n    class=\"align wp-block-acf-timeline-card\">\n  \n\n  <div class=\"acf-innerblocks-container\">\n\n<p class=\"text-statistic has-large-font-size wp-block-paragraph\"><strong>Pr\u00e9parer<\/strong><\/p>\n\n\n\n<p class=\"wp-block-paragraph\">Aligner Epic, le leadership et la gouvernance<\/p>\n\n<\/div>\n\n    <\/div>\n\n\n\n  <div\n    class=\"align wp-block-acf-timeline-card\">\n  \n\n  <div class=\"acf-innerblocks-container\">\n\n<p class=\"text-statistic has-large-font-size wp-block-paragraph\"><strong>Plan<\/strong><\/p>\n\n\n\n<p class=\"wp-block-paragraph\">D\u00e9finir la feuille de route, le champ d&#8217;application et les indicateurs de r\u00e9ussite<\/p>\n\n<\/div>\n\n    <\/div>\n\n\n\n  <div\n    class=\"align wp-block-acf-timeline-card\">\n  \n\n  <div class=\"acf-innerblocks-container\">\n\n<p class=\"text-statistic has-large-font-size wp-block-paragraph\"><strong>Conception<\/strong><\/p>\n\n\n\n<p class=\"wp-block-paragraph\">Configurer, tester et int\u00e9grer les flux de travail Epic<\/p>\n\n<\/div>\n\n    <\/div>\n\n\n\n  <div\n    class=\"align wp-block-acf-timeline-card\">\n  \n\n  <div class=\"acf-innerblocks-container\">\n\n<p class=\"text-statistic has-large-font-size wp-block-paragraph\"><strong>Valider<\/strong><\/p>\n\n\n\n<p class=\"wp-block-paragraph\">Former les utilisateurs et confirmer l&#8217;\u00e9tat de pr\u00e9paration<\/p>\n\n<\/div>\n\n    <\/div>\n\n\n\n  <div\n    class=\"align wp-block-acf-timeline-card\">\n  \n\n  <div class=\"acf-innerblocks-container\">\n\n<p class=\"text-statistic has-large-font-size wp-block-paragraph\"><strong>Mise en service et stabilisation<\/strong><\/p>\n\n\n\n<p class=\"wp-block-paragraph\">R\u00e9solution rapide des probl\u00e8mes et transition vers l&#8217;\u00e9tat stable<\/p>\n\n<\/div>\n\n    <\/div>\n\n<\/div>\n      <\/div>\n    <\/div>\n  <\/div>\n    <\/div>\n\n<div class=\"wp-block-group has-beige-background-color has-background has-text-wrap-pretty is-layout-constrained wp-container-core-group-is-layout-7b896703 wp-block-group-is-layout-constrained\" style=\"margin-top:var(--wp--preset--spacing--80);margin-bottom:var(--wp--preset--spacing--40);padding-top:var(--wp--preset--spacing--20);padding-bottom:var(--wp--preset--spacing--20)\">\n<h2 class=\"wp-block-heading has-text-align-center\" style=\"margin-top:var(--wp--preset--spacing--30);margin-bottom:var(--wp--preset--spacing--20)\">Signes que vous \u00eates pr\u00eat \u00e0 faire le plein d&#8217;\u00e9nergie<\/h2>\n\n\n\n<div class=\"wp-block-group is-layout-constrained wp-container-core-group-is-layout-15e220c5 wp-block-group-is-layout-constrained\" style=\"margin-top:0;margin-bottom:0;padding-top:0;padding-right:0;padding-bottom:0;padding-left:0\">\n<div class=\"wp-block-columns is-layout-flex wp-container-core-columns-is-layout-4eca9317 wp-block-columns-is-layout-flex\" style=\"margin-top:var(--wp--preset--spacing--40);margin-bottom:var(--wp--preset--spacing--40)\">\n<div class=\"wp-block-column is-layout-flow wp-block-column-is-layout-flow\">\n<ul class=\"wp-block-list\">\n<li>5+ ans en direct sur Epic<\/li>\n\n\n\n<li>Peu d&#8217;\u00e9toiles d&#8217;or ou lacunes dans l&#8217;\u00e9valuation<\/li>\n\n\n\n<li>Volume \u00e9lev\u00e9 du service d&#8217;assistance<\/li>\n<\/ul>\n<\/div>\n\n\n\n<div class=\"wp-block-column is-layout-flow wp-block-column-is-layout-flow\">\n<ul class=\"wp-block-list\">\n<li>Personnalisation croissante \/ solutions de contournement<\/li>\n\n\n\n<li>Consolidation post-fusion<\/li>\n\n\n\n<li>Un nouveau DSI \u00e0 la recherche d&#8217;un impact mesurable<\/li>\n<\/ul>\n<\/div>\n<\/div>\n<\/div>\n<\/div>\n\n<div class=\"wp-block-group has-text-wrap-pretty is-layout-constrained wp-container-core-group-is-layout-9d5631e4 wp-block-group-is-layout-constrained\" style=\"margin-top:var(--wp--preset--spacing--80)\">\n<h2 class=\"wp-block-heading has-text-align-center\" id=\"Contact\" style=\"margin-bottom:var(--wp--preset--spacing--20)\">Demandez plus d&#8217;informations<\/h2>\n<\/div>\n\n<script src=\"https:\/\/js.hsforms.net\/forms\/embed\/50252001.js\" defer=\"defer\"><\/script>\n<div class=\"hs-form-frame\" data-region=\"na1\" data-form-id=\"33754f14-a1bd-4a97-b23e-a38dd4a0ee67\" data-portal-id=\"50252001\"><\/div>\n\n<p class=\"wp-block-paragraph\"><\/p>\n","protected":false},"excerpt":{"rendered":"","protected":false},"author":7,"featured_media":5956,"parent":4929,"menu_order":0,"comment_status":"closed","ping_status":"closed","template":"","meta":{"_acf_changed":false,"_crdt_document":"","content-type":"","footnotes":""},"class_list":["post-6015","page","type-page","status-publish","has-post-thumbnail","hentry"],"acf":[],"yoast_head":"<!-- This site is optimized with the Yoast SEO plugin v27.4 - https:\/\/yoast.com\/product\/yoast-seo-wordpress\/ -->\n<title>Epic Refuel | Rallumez vos performances Epic<\/title>\n<meta name=\"description\" content=\"Lorsque votre impl\u00e9mentation Epic a besoin d&#039;\u00eatre acc\u00e9l\u00e9r\u00e9e, Quoris fournit des analystes et des formateurs certifi\u00e9s pour augmenter la livraison et la stabilisation \u00e0 long terme.\" \/>\n<meta name=\"robots\" content=\"noindex, follow, max-snippet:-1, max-image-preview:large, max-video-preview:-1\" \/>\n<meta property=\"og:locale\" content=\"fr_FR\" \/>\n<meta property=\"og:type\" content=\"article\" \/>\n<meta property=\"og:title\" content=\"Epic Refuel | Rallumez vos performances Epic\" \/>\n<meta property=\"og:description\" content=\"Lorsque votre impl\u00e9mentation Epic a besoin d&#039;\u00eatre acc\u00e9l\u00e9r\u00e9e, Quoris fournit des analystes et des formateurs certifi\u00e9s pour augmenter la livraison et la stabilisation \u00e0 long terme.\" \/>\n<meta property=\"og:url\" content=\"https:\/\/quoris.com\/fr\/services\/dossier-medical-electronique\/quoris-fastlane-2\/\" \/>\n<meta property=\"og:site_name\" content=\"Quoris\" \/>\n<meta property=\"article:modified_time\" content=\"2026-03-10T19:23:15+00:00\" \/>\n<meta property=\"og:image\" content=\"https:\/\/quoris.com\/wp-content\/uploads\/2026\/02\/22.jpg\" \/>\n\t<meta property=\"og:image:width\" content=\"1200\" \/>\n\t<meta property=\"og:image:height\" content=\"900\" \/>\n\t<meta property=\"og:image:type\" content=\"image\/jpeg\" \/>\n<meta name=\"twitter:card\" content=\"summary_large_image\" \/>\n<meta name=\"twitter:label1\" content=\"Est. reading time\" \/>\n\t<meta name=\"twitter:data1\" content=\"2 minutes\" \/>\n<script type=\"application\/ld+json\" class=\"yoast-schema-graph\">{\"@context\":\"https:\\\/\\\/schema.org\",\"@graph\":[{\"@type\":\"WebPage\",\"@id\":\"https:\\\/\\\/quoris.com\\\/fr\\\/services\\\/dossier-medical-electronique\\\/quoris-fastlane-2\\\/\",\"url\":\"https:\\\/\\\/quoris.com\\\/fr\\\/services\\\/dossier-medical-electronique\\\/quoris-fastlane-2\\\/\",\"name\":\"Epic Refuel | Rallumez vos performances Epic\",\"isPartOf\":{\"@id\":\"https:\\\/\\\/quoris.com\\\/fr\\\/#website\"},\"primaryImageOfPage\":{\"@id\":\"https:\\\/\\\/quoris.com\\\/fr\\\/services\\\/dossier-medical-electronique\\\/quoris-fastlane-2\\\/#primaryimage\"},\"image\":{\"@id\":\"https:\\\/\\\/quoris.com\\\/fr\\\/services\\\/dossier-medical-electronique\\\/quoris-fastlane-2\\\/#primaryimage\"},\"thumbnailUrl\":\"https:\\\/\\\/quoris.com\\\/wp-content\\\/uploads\\\/2026\\\/02\\\/22.jpg\",\"datePublished\":\"2026-02-24T19:39:47+00:00\",\"dateModified\":\"2026-03-10T19:23:15+00:00\",\"description\":\"Lorsque votre impl\u00e9mentation Epic a besoin d'\u00eatre acc\u00e9l\u00e9r\u00e9e, Quoris fournit des analystes et des formateurs certifi\u00e9s pour augmenter la livraison et la stabilisation \u00e0 long terme.\",\"breadcrumb\":{\"@id\":\"https:\\\/\\\/quoris.com\\\/fr\\\/services\\\/dossier-medical-electronique\\\/quoris-fastlane-2\\\/#breadcrumb\"},\"inLanguage\":\"fr-FR\",\"potentialAction\":[{\"@type\":\"ReadAction\",\"target\":[\"https:\\\/\\\/quoris.com\\\/fr\\\/services\\\/dossier-medical-electronique\\\/quoris-fastlane-2\\\/\"]}]},{\"@type\":\"ImageObject\",\"inLanguage\":\"fr-FR\",\"@id\":\"https:\\\/\\\/quoris.com\\\/fr\\\/services\\\/dossier-medical-electronique\\\/quoris-fastlane-2\\\/#primaryimage\",\"url\":\"https:\\\/\\\/quoris.com\\\/wp-content\\\/uploads\\\/2026\\\/02\\\/22.jpg\",\"contentUrl\":\"https:\\\/\\\/quoris.com\\\/wp-content\\\/uploads\\\/2026\\\/02\\\/22.jpg\",\"width\":1200,\"height\":900},{\"@type\":\"BreadcrumbList\",\"@id\":\"https:\\\/\\\/quoris.com\\\/fr\\\/services\\\/dossier-medical-electronique\\\/quoris-fastlane-2\\\/#breadcrumb\",\"itemListElement\":[{\"@type\":\"ListItem\",\"position\":1,\"name\":\"Accueil\",\"item\":\"https:\\\/\\\/quoris.com\\\/fr\\\/\"},{\"@type\":\"ListItem\",\"position\":2,\"name\":\"Services\",\"item\":\"https:\\\/\\\/quoris.com\\\/fr\\\/services\\\/\"},{\"@type\":\"ListItem\",\"position\":3,\"name\":\"Dossier m\u00e9dical \u00e9lectronique\",\"item\":\"https:\\\/\\\/quoris.com\\\/fr\\\/services\\\/dossier-medical-electronique\\\/\"},{\"@type\":\"ListItem\",\"position\":4,\"name\":\"Ravitaillement \u00e9pique\"}]},{\"@type\":\"WebSite\",\"@id\":\"https:\\\/\\\/quoris.com\\\/fr\\\/#website\",\"url\":\"https:\\\/\\\/quoris.com\\\/fr\\\/\",\"name\":\"Quoris Healthcare IT\",\"description\":\"\",\"publisher\":{\"@id\":\"https:\\\/\\\/quoris.com\\\/fr\\\/#organization\"},\"potentialAction\":[{\"@type\":\"SearchAction\",\"target\":{\"@type\":\"EntryPoint\",\"urlTemplate\":\"https:\\\/\\\/quoris.com\\\/fr\\\/?s={search_term_string}\"},\"query-input\":{\"@type\":\"PropertyValueSpecification\",\"valueRequired\":true,\"valueName\":\"search_term_string\"}}],\"inLanguage\":\"fr-FR\"},{\"@type\":\"Organization\",\"@id\":\"https:\\\/\\\/quoris.com\\\/fr\\\/#organization\",\"name\":\"Quoris Healthcare IT\",\"url\":\"https:\\\/\\\/quoris.com\\\/fr\\\/\",\"logo\":{\"@type\":\"ImageObject\",\"inLanguage\":\"fr-FR\",\"@id\":\"https:\\\/\\\/quoris.com\\\/fr\\\/#\\\/schema\\\/logo\\\/image\\\/\",\"url\":\"https:\\\/\\\/quoris.com\\\/wp-content\\\/uploads\\\/2025\\\/12\\\/pressrelease_575703_1763329356.jpg\",\"contentUrl\":\"https:\\\/\\\/quoris.com\\\/wp-content\\\/uploads\\\/2025\\\/12\\\/pressrelease_575703_1763329356.jpg\",\"width\":667,\"height\":350,\"caption\":\"Quoris Healthcare IT\"},\"image\":{\"@id\":\"https:\\\/\\\/quoris.com\\\/fr\\\/#\\\/schema\\\/logo\\\/image\\\/\"},\"sameAs\":[\"https:\\\/\\\/www.linkedin.com\\\/company\\\/quoris\\\/\"]}]}<\/script>\n<!-- \/ Yoast SEO plugin. -->","yoast_head_json":{"title":"Epic Refuel | Rallumez vos performances Epic","description":"Lorsque votre impl\u00e9mentation Epic a besoin d'\u00eatre acc\u00e9l\u00e9r\u00e9e, Quoris fournit des analystes et des formateurs certifi\u00e9s pour augmenter la livraison et la stabilisation \u00e0 long terme.","robots":{"index":"noindex","follow":"follow","max-snippet":"max-snippet:-1","max-image-preview":"max-image-preview:large","max-video-preview":"max-video-preview:-1"},"og_locale":"fr_FR","og_type":"article","og_title":"Epic Refuel | Rallumez vos performances Epic","og_description":"Lorsque votre impl\u00e9mentation Epic a besoin d'\u00eatre acc\u00e9l\u00e9r\u00e9e, Quoris fournit des analystes et des formateurs certifi\u00e9s pour augmenter la livraison et la stabilisation \u00e0 long terme.","og_url":"https:\/\/quoris.com\/fr\/services\/dossier-medical-electronique\/quoris-fastlane-2\/","og_site_name":"Quoris","article_modified_time":"2026-03-10T19:23:15+00:00","og_image":[{"width":1200,"height":900,"url":"https:\/\/quoris.com\/wp-content\/uploads\/2026\/02\/22.jpg","type":"image\/jpeg"}],"twitter_card":"summary_large_image","twitter_misc":{"Est. reading time":"2 minutes"},"schema":{"@context":"https:\/\/schema.org","@graph":[{"@type":"WebPage","@id":"https:\/\/quoris.com\/fr\/services\/dossier-medical-electronique\/quoris-fastlane-2\/","url":"https:\/\/quoris.com\/fr\/services\/dossier-medical-electronique\/quoris-fastlane-2\/","name":"Epic Refuel | Rallumez vos performances Epic","isPartOf":{"@id":"https:\/\/quoris.com\/fr\/#website"},"primaryImageOfPage":{"@id":"https:\/\/quoris.com\/fr\/services\/dossier-medical-electronique\/quoris-fastlane-2\/#primaryimage"},"image":{"@id":"https:\/\/quoris.com\/fr\/services\/dossier-medical-electronique\/quoris-fastlane-2\/#primaryimage"},"thumbnailUrl":"https:\/\/quoris.com\/wp-content\/uploads\/2026\/02\/22.jpg","datePublished":"2026-02-24T19:39:47+00:00","dateModified":"2026-03-10T19:23:15+00:00","description":"Lorsque votre impl\u00e9mentation Epic a besoin d'\u00eatre acc\u00e9l\u00e9r\u00e9e, Quoris fournit des analystes et des formateurs certifi\u00e9s pour augmenter la livraison et la stabilisation \u00e0 long terme.","breadcrumb":{"@id":"https:\/\/quoris.com\/fr\/services\/dossier-medical-electronique\/quoris-fastlane-2\/#breadcrumb"},"inLanguage":"fr-FR","potentialAction":[{"@type":"ReadAction","target":["https:\/\/quoris.com\/fr\/services\/dossier-medical-electronique\/quoris-fastlane-2\/"]}]},{"@type":"ImageObject","inLanguage":"fr-FR","@id":"https:\/\/quoris.com\/fr\/services\/dossier-medical-electronique\/quoris-fastlane-2\/#primaryimage","url":"https:\/\/quoris.com\/wp-content\/uploads\/2026\/02\/22.jpg","contentUrl":"https:\/\/quoris.com\/wp-content\/uploads\/2026\/02\/22.jpg","width":1200,"height":900},{"@type":"BreadcrumbList","@id":"https:\/\/quoris.com\/fr\/services\/dossier-medical-electronique\/quoris-fastlane-2\/#breadcrumb","itemListElement":[{"@type":"ListItem","position":1,"name":"Accueil","item":"https:\/\/quoris.com\/fr\/"},{"@type":"ListItem","position":2,"name":"Services","item":"https:\/\/quoris.com\/fr\/services\/"},{"@type":"ListItem","position":3,"name":"Dossier m\u00e9dical \u00e9lectronique","item":"https:\/\/quoris.com\/fr\/services\/dossier-medical-electronique\/"},{"@type":"ListItem","position":4,"name":"Ravitaillement \u00e9pique"}]},{"@type":"WebSite","@id":"https:\/\/quoris.com\/fr\/#website","url":"https:\/\/quoris.com\/fr\/","name":"Quoris Healthcare IT","description":"","publisher":{"@id":"https:\/\/quoris.com\/fr\/#organization"},"potentialAction":[{"@type":"SearchAction","target":{"@type":"EntryPoint","urlTemplate":"https:\/\/quoris.com\/fr\/?s={search_term_string}"},"query-input":{"@type":"PropertyValueSpecification","valueRequired":true,"valueName":"search_term_string"}}],"inLanguage":"fr-FR"},{"@type":"Organization","@id":"https:\/\/quoris.com\/fr\/#organization","name":"Quoris Healthcare IT","url":"https:\/\/quoris.com\/fr\/","logo":{"@type":"ImageObject","inLanguage":"fr-FR","@id":"https:\/\/quoris.com\/fr\/#\/schema\/logo\/image\/","url":"https:\/\/quoris.com\/wp-content\/uploads\/2025\/12\/pressrelease_575703_1763329356.jpg","contentUrl":"https:\/\/quoris.com\/wp-content\/uploads\/2025\/12\/pressrelease_575703_1763329356.jpg","width":667,"height":350,"caption":"Quoris Healthcare IT"},"image":{"@id":"https:\/\/quoris.com\/fr\/#\/schema\/logo\/image\/"},"sameAs":["https:\/\/www.linkedin.com\/company\/quoris\/"]}]}},"_links":{"self":[{"href":"https:\/\/quoris.com\/fr\/wp-json\/wp\/v2\/pages\/6015","targetHints":{"allow":["GET"]}}],"collection":[{"href":"https:\/\/quoris.com\/fr\/wp-json\/wp\/v2\/pages"}],"about":[{"href":"https:\/\/quoris.com\/fr\/wp-json\/wp\/v2\/types\/page"}],"author":[{"embeddable":true,"href":"https:\/\/quoris.com\/fr\/wp-json\/wp\/v2\/users\/7"}],"replies":[{"embeddable":true,"href":"https:\/\/quoris.com\/fr\/wp-json\/wp\/v2\/comments?post=6015"}],"version-history":[{"count":0,"href":"https:\/\/quoris.com\/fr\/wp-json\/wp\/v2\/pages\/6015\/revisions"}],"up":[{"embeddable":true,"href":"https:\/\/quoris.com\/fr\/wp-json\/wp\/v2\/pages\/4929"}],"wp:featuredmedia":[{"embeddable":true,"href":"https:\/\/quoris.com\/fr\/wp-json\/wp\/v2\/media\/5956"}],"wp:attachment":[{"href":"https:\/\/quoris.com\/fr\/wp-json\/wp\/v2\/media?parent=6015"}],"curies":[{"name":"wp","href":"https:\/\/api.w.org\/{rel}","templated":true}]}}