{"id":5038,"date":"2025-11-10T16:48:24","date_gmt":"2025-11-11T00:48:24","guid":{"rendered":"https:\/\/quoris.wpenginepowered.com\/a-propos-de-nous\/leadership\/"},"modified":"2026-02-24T08:05:45","modified_gmt":"2026-02-24T16:05:45","slug":"leadership","status":"publish","type":"page","link":"https:\/\/quoris.com\/fr\/a-propos-de-nous\/leadership\/","title":{"rendered":"Quoris Leadership"},"content":{"rendered":"\n\n  <div\n    class=\"page-heading-block wp-block-group is-layout-constrained wp-block-group-is-layout-constrained is-style-background-wave wp-elements-a55107e52942c09af57f70ffa9b7a3f5 alignfull wp-block-acf-page-heading-block has-text-color has-dark-blue-color has-background has-beige-background-color is-layout-flow wp-block-acf-page-heading-block-is-layout-flow\">\n  \n  <div class=\"page-heading-block-wrapper\">\n    <div class=\"acf-innerblocks-container\">\n  <div class=\" alignnone alignnone wp-block-acf-breadcrumbs\">\n            <div class=\"breadcrumbs\">\n        <a href=\"https:\/\/quoris.com\/fr\/\" class=\"breadcrumb\">Home<\/a><span class=\"breadcrumb-separator\"><\/span><a href=\"https:\/\/quoris.com\/fr\/a-propos-de-nous\/\" class=\"breadcrumb\">A propos de nous<\/a><span class=\"breadcrumb-separator\"><\/span>        <span class=\"breadcrumb\">Quoris Leadership<\/span>\n      <\/div>\n        <\/div>\n\n\n<h1 class=\"wp-block-heading page-title\">Rencontrez notre \u00e9quipe de direction<\/h1>\n\n\n\n<p class=\"page-heading-intro-p wp-block-paragraph\">Faites connaissance avec les leaders de l&#8217;industrie \u00e0 la t\u00eate de Quoris<\/p>\n\n<\/div>\n  <\/div>\n    <\/div>\n\n  <div\n    class=\"wp-block-group group-page-section is-layout-constrained wp-block-group-is-layout-constrained alignfull align-text-left align-content-top wp-block-acf-page-section is-layout-flow wp-block-acf-page-section-is-layout-flow\">\n  \n\n  <div class=\"acf-innerblocks-container\">\n\n<div class=\"wp-block-group has-text-wrap-pretty is-layout-constrained wp-container-core-group-is-layout-891b1e3f wp-block-group-is-layout-constrained\">\n<h2 class=\"wp-block-heading has-text-align-center\" style=\"margin-bottom:var(--wp--preset--spacing--20)\">Des technologies de l&#8217;information plus intelligentes et plus strat\u00e9giques pour les soins de sant\u00e9<\/h2>\n\n\n\n<div class=\"wp-block-group is-layout-constrained wp-container-core-group-is-layout-15e220c5 wp-block-group-is-layout-constrained\" style=\"margin-top:0;margin-bottom:0;padding-top:0;padding-right:0;padding-bottom:0;padding-left:0\">\n<p class=\"has-text-align-center wp-block-paragraph\">Notre \u00e9quipe de direction r\u00e9unit une expertise approfondie dans le domaine de la sant\u00e9, une pens\u00e9e innovante et un engagement commun pour aider chaque client \u00e0 tirer le meilleur parti de ses investissements informatiques.<\/p>\n<\/div>\n<\/div>\n\n\n\n\n  <div class=\"post-teasers-block  team-leadership align team-leadership wp-block-acf-faceted-teasers-block\">\n  \n\n        <div class=\"facetwp-template\">\n\n\n      \n                  <div class=\"grid\">\n          \n                        <div class=\"g-col-12 g-col-md-3\">\n              \n              \n<a href=\"https:\/\/quoris.com\/fr\/team\/melissa-ursi\/\" class=\"teaser teaser--team teaser-grid\" id=\"post-5174\">\n  <div class=\"teaser--featured_image\">\n\n          <img decoding=\"async\" src=\"https:\/\/quoris.com\/wp-content\/themes\/ems-base\/assets\/images\/FPO.jpg\">\n      <\/div>\n\n  <div class=\"post_content\">\n    <h4 class=\"teaser--title\">Melissa Ursi<\/h4>\n          <p class=\"job-title overline\">PDG<\/p>\n      <\/div>\n<\/a>                            <\/div>\n                                    <div class=\"g-col-12 g-col-md-3\">\n              \n              \n<a href=\"https:\/\/quoris.com\/fr\/team\/jeff-tennant\/\" class=\"teaser teaser--team teaser-grid\" id=\"post-5177\">\n  <div class=\"teaser--featured_image\">\n\n    <img loading=\"lazy\" decoding=\"async\" width=\"264\" height=\"313\" src=\"https:\/\/quoris.com\/wp-content\/uploads\/2025\/12\/Jeff-Tennant.png\" class=\"attachment-large size-large wp-post-image\" alt=\"Jeff Tennant\" srcset=\"https:\/\/quoris.com\/wp-content\/uploads\/2025\/12\/Jeff-Tennant.png 264w, https:\/\/quoris.com\/wp-content\/uploads\/2025\/12\/Jeff-Tennant-253x300.png 253w\" sizes=\"auto, (max-width: 264px) 100vw, 264px\" \/>  <\/div>\n\n  <div class=\"post_content\">\n    <h4 class=\"teaser--title\">Jeff Tennant<\/h4>\n          <p class=\"job-title overline\">Vice-pr\u00e9sident directeur de la livraison<\/p>\n      <\/div>\n<\/a>                            <\/div>\n                                    <div class=\"g-col-12 g-col-md-3\">\n              \n              \n<a href=\"https:\/\/quoris.com\/fr\/team\/laura-arboleda\/\" class=\"teaser teaser--team teaser-grid\" id=\"post-5184\">\n  <div class=\"teaser--featured_image\">\n\n    <img loading=\"lazy\" decoding=\"async\" width=\"528\" height=\"625\" src=\"https:\/\/quoris.com\/wp-content\/uploads\/2025\/12\/Laura-Arboleda.png\" class=\"attachment-large size-large wp-post-image\" alt=\"Laura Arboleda\" srcset=\"https:\/\/quoris.com\/wp-content\/uploads\/2025\/12\/Laura-Arboleda.png 528w, https:\/\/quoris.com\/wp-content\/uploads\/2025\/12\/Laura-Arboleda-253x300.png 253w\" sizes=\"auto, (max-width: 528px) 100vw, 528px\" \/>  <\/div>\n\n  <div class=\"post_content\">\n    <h4 class=\"teaser--title\">Laura Arboleda<\/h4>\n          <p class=\"job-title overline\">CRO<\/p>\n      <\/div>\n<\/a>                            <\/div>\n                                    <div class=\"g-col-12 g-col-md-3\">\n              \n              \n<a href=\"https:\/\/quoris.com\/fr\/team\/chris-quimby\/\" class=\"teaser teaser--team teaser-grid\" id=\"post-5190\">\n  <div class=\"teaser--featured_image\">\n\n    <img loading=\"lazy\" decoding=\"async\" width=\"267\" height=\"313\" src=\"https:\/\/quoris.com\/wp-content\/uploads\/2025\/12\/Chris-Quimby.png\" class=\"attachment-large size-large wp-post-image\" alt=\"Chris Quimby\" srcset=\"https:\/\/quoris.com\/wp-content\/uploads\/2025\/12\/Chris-Quimby.png 267w, https:\/\/quoris.com\/wp-content\/uploads\/2025\/12\/Chris-Quimby-256x300.png 256w\" sizes=\"auto, (max-width: 267px) 100vw, 267px\" \/>  <\/div>\n\n  <div class=\"post_content\">\n    <h4 class=\"teaser--title\">Chris Quimby<\/h4>\n          <p class=\"job-title overline\">Pr\u00e9sident ex\u00e9cutif<\/p>\n      <\/div>\n<\/a>                            <\/div>\n                                <\/div>\n      \n    <\/div>\n            <\/div>\n\n    \n\n\n  <div\n    class=\"employee-spotlight wp-block-acf-employee-spotlight\">\n  \n\n  <div class=\"employee-spotlight-wrapper\">\n\n    <div class=\"employee-spotlight-employee\">\n\n      <div class=\"employee-spotlight-photo\">\n                  <img decoding=\"async\" src=\"https:\/\/quoris.com\/wp-content\/uploads\/2025\/12\/Maxwel-Lyons-Account-Executive-Quoris-Healthcare-IT.jpeg\" alt=\"Max Lyons account executive\">\n\n              <\/div>\n\n      <div class=\"employee-spotlight-info\">\n        <p class=\"badge overline\">Pleins feux sur les employ\u00e9s<\/p>\n        <blockquote class=\"employee-spotlight-quote\">\n          <p class=\"employee-spotlight-quote__text\"><span class=\"quote-open\">&ldquo;<\/span>Chaque voix est entendue, chaque contribution est importante et il existe un engagement commun en faveur de l&#039;excellence qui nous pousse tous \u00e0 agir. Ce que j&#039;appr\u00e9cie le plus, c&#039;est notre v\u00e9ritable \u00e9tat d&#039;esprit &quot;le client d&#039;abord&quot;. Nous ne nous contentons pas de soutenir nos clients et les membres de notre \u00e9quipe, nous sommes solidaires. Quoris est le genre d&#039;entreprise o\u00f9 les gens s&#039;\u00e9panouissent, o\u00f9 les clients prosp\u00e8rent et o\u00f9 l&#039;objectif est \u00e0 la base de tout ce que nous faisons.   &rdquo;<\/p>\n        <\/blockquote>\n        <div class=\"employee-spotlight-names\">\n          <p class=\"attribution-name\">Max Lyons<\/p>\n                      <p class=\"attribution-secondary\">Charg\u00e9 de client\u00e8le<\/p>\n                  <\/div>\n        <a href=\"https:\/\/quoris.com\/fr\/leadership\/\" class=\"arrow-link\">Rencontrez notre \u00e9quipe<\/a>\n      <\/div>\n\n    <\/div>\n  <\/div>\n\n    <\/div>\n\n<\/div>\n    <\/div>\n\n<div class=\"wp-block-group prefooter prefooter-careers fade-in-up has-dark-blue-color has-aqua-background-color has-text-color has-background has-link-color wp-elements-d1774d70a70455fc4b52902d85ff14b1 is-layout-constrained wp-block-group-is-layout-constrained\" style=\"padding-top:var(--wp--preset--spacing--60);padding-bottom:var(--wp--preset--spacing--60)\">\n<h3 class=\"wp-block-heading has-text-align-center\">Rejoignez l&#8217;\u00e9quipe Quoris<\/h3>\n\n\n\n<p class=\"has-text-align-center wp-block-paragraph\">Prenez contact avec nous d\u00e8s aujourd&#8217;hui pour en savoir plus sur la possibilit\u00e9 de faire partie de Quoris.<\/p>\n\n\n\n<div class=\"wp-block-buttons is-content-justification-center is-layout-flex wp-container-core-buttons-is-layout-3e41869c wp-block-buttons-is-layout-flex\">\n<div class=\"wp-block-button is-style-arrow\"><a class=\"wp-block-button__link wp-element-button\" href=\"https:\/\/careers.quoris.com\/jobs\/Careers\" target=\"_blank\" rel=\"noreferrer noopener\">Voir les offres d&#8217;emploi<\/a><\/div>\n<\/div>\n<\/div>\n","protected":false},"excerpt":{"rendered":"","protected":false},"author":7,"featured_media":5964,"parent":4954,"menu_order":0,"comment_status":"closed","ping_status":"closed","template":"","meta":{"_acf_changed":false,"_crdt_document":"","content-type":"","footnotes":""},"class_list":["post-5038","page","type-page","status-publish","has-post-thumbnail","hentry"],"acf":[],"yoast_head":"<!-- This site is optimized with the Yoast SEO plugin v27.4 - https:\/\/yoast.com\/product\/yoast-seo-wordpress\/ -->\n<title>Quoris Leadership Team | Healthcare IT Consulting | Quoris<\/title>\n<meta name=\"description\" content=\"Rencontrez l&#039;\u00e9quipe dirigeante de Quoris qui guide le conseil en informatique de sant\u00e9, le recrutement et les services g\u00e9r\u00e9s pour les organisations de sant\u00e9.\" \/>\n<meta name=\"robots\" content=\"noindex, follow, max-snippet:-1, max-image-preview:large, max-video-preview:-1\" \/>\n<meta property=\"og:locale\" content=\"fr_FR\" \/>\n<meta property=\"og:type\" content=\"article\" \/>\n<meta property=\"og:title\" content=\"Quoris Leadership Team | Healthcare IT Consulting | Quoris\" \/>\n<meta property=\"og:description\" content=\"Rencontrez l&#039;\u00e9quipe dirigeante de Quoris qui guide le conseil en informatique de sant\u00e9, le recrutement et les services g\u00e9r\u00e9s pour les organisations de sant\u00e9.\" \/>\n<meta property=\"og:url\" content=\"https:\/\/quoris.com\/fr\/a-propos-de-nous\/leadership\/\" \/>\n<meta property=\"og:site_name\" content=\"Quoris\" \/>\n<meta property=\"article:modified_time\" content=\"2026-02-24T16:05:45+00:00\" \/>\n<meta property=\"og:image\" content=\"https:\/\/quoris.com\/wp-content\/uploads\/2026\/02\/17.jpg\" \/>\n\t<meta property=\"og:image:width\" content=\"1200\" \/>\n\t<meta property=\"og:image:height\" content=\"900\" \/>\n\t<meta property=\"og:image:type\" content=\"image\/jpeg\" \/>\n<meta name=\"twitter:card\" content=\"summary_large_image\" \/>\n<script type=\"application\/ld+json\" class=\"yoast-schema-graph\">{\"@context\":\"https:\\\/\\\/schema.org\",\"@graph\":[{\"@type\":\"WebPage\",\"@id\":\"https:\\\/\\\/quoris.com\\\/fr\\\/a-propos-de-nous\\\/leadership\\\/\",\"url\":\"https:\\\/\\\/quoris.com\\\/fr\\\/a-propos-de-nous\\\/leadership\\\/\",\"name\":\"Quoris Leadership Team | Healthcare IT Consulting | Quoris\",\"isPartOf\":{\"@id\":\"https:\\\/\\\/quoris.com\\\/fr\\\/#website\"},\"primaryImageOfPage\":{\"@id\":\"https:\\\/\\\/quoris.com\\\/fr\\\/a-propos-de-nous\\\/leadership\\\/#primaryimage\"},\"image\":{\"@id\":\"https:\\\/\\\/quoris.com\\\/fr\\\/a-propos-de-nous\\\/leadership\\\/#primaryimage\"},\"thumbnailUrl\":\"https:\\\/\\\/quoris.com\\\/wp-content\\\/uploads\\\/2026\\\/02\\\/17.jpg\",\"datePublished\":\"2025-11-11T00:48:24+00:00\",\"dateModified\":\"2026-02-24T16:05:45+00:00\",\"description\":\"Rencontrez l'\u00e9quipe dirigeante de Quoris qui guide le conseil en informatique de sant\u00e9, le recrutement et les services g\u00e9r\u00e9s pour les organisations de sant\u00e9.\",\"breadcrumb\":{\"@id\":\"https:\\\/\\\/quoris.com\\\/fr\\\/a-propos-de-nous\\\/leadership\\\/#breadcrumb\"},\"inLanguage\":\"fr-FR\",\"potentialAction\":[{\"@type\":\"ReadAction\",\"target\":[\"https:\\\/\\\/quoris.com\\\/fr\\\/a-propos-de-nous\\\/leadership\\\/\"]}]},{\"@type\":\"ImageObject\",\"inLanguage\":\"fr-FR\",\"@id\":\"https:\\\/\\\/quoris.com\\\/fr\\\/a-propos-de-nous\\\/leadership\\\/#primaryimage\",\"url\":\"https:\\\/\\\/quoris.com\\\/wp-content\\\/uploads\\\/2026\\\/02\\\/17.jpg\",\"contentUrl\":\"https:\\\/\\\/quoris.com\\\/wp-content\\\/uploads\\\/2026\\\/02\\\/17.jpg\",\"width\":1200,\"height\":900},{\"@type\":\"BreadcrumbList\",\"@id\":\"https:\\\/\\\/quoris.com\\\/fr\\\/a-propos-de-nous\\\/leadership\\\/#breadcrumb\",\"itemListElement\":[{\"@type\":\"ListItem\",\"position\":1,\"name\":\"Accueil\",\"item\":\"https:\\\/\\\/quoris.com\\\/fr\\\/\"},{\"@type\":\"ListItem\",\"position\":2,\"name\":\"A propos de nous\",\"item\":\"https:\\\/\\\/quoris.com\\\/fr\\\/a-propos-de-nous\\\/\"},{\"@type\":\"ListItem\",\"position\":3,\"name\":\"Quoris Leadership\"}]},{\"@type\":\"WebSite\",\"@id\":\"https:\\\/\\\/quoris.com\\\/fr\\\/#website\",\"url\":\"https:\\\/\\\/quoris.com\\\/fr\\\/\",\"name\":\"Quoris Healthcare IT\",\"description\":\"\",\"publisher\":{\"@id\":\"https:\\\/\\\/quoris.com\\\/fr\\\/#organization\"},\"potentialAction\":[{\"@type\":\"SearchAction\",\"target\":{\"@type\":\"EntryPoint\",\"urlTemplate\":\"https:\\\/\\\/quoris.com\\\/fr\\\/?s={search_term_string}\"},\"query-input\":{\"@type\":\"PropertyValueSpecification\",\"valueRequired\":true,\"valueName\":\"search_term_string\"}}],\"inLanguage\":\"fr-FR\"},{\"@type\":\"Organization\",\"@id\":\"https:\\\/\\\/quoris.com\\\/fr\\\/#organization\",\"name\":\"Quoris Healthcare IT\",\"url\":\"https:\\\/\\\/quoris.com\\\/fr\\\/\",\"logo\":{\"@type\":\"ImageObject\",\"inLanguage\":\"fr-FR\",\"@id\":\"https:\\\/\\\/quoris.com\\\/fr\\\/#\\\/schema\\\/logo\\\/image\\\/\",\"url\":\"https:\\\/\\\/quoris.com\\\/wp-content\\\/uploads\\\/2025\\\/12\\\/pressrelease_575703_1763329356.jpg\",\"contentUrl\":\"https:\\\/\\\/quoris.com\\\/wp-content\\\/uploads\\\/2025\\\/12\\\/pressrelease_575703_1763329356.jpg\",\"width\":667,\"height\":350,\"caption\":\"Quoris Healthcare IT\"},\"image\":{\"@id\":\"https:\\\/\\\/quoris.com\\\/fr\\\/#\\\/schema\\\/logo\\\/image\\\/\"},\"sameAs\":[\"https:\\\/\\\/www.linkedin.com\\\/company\\\/quoris\\\/\"]},{\"@type\":\"Organization\",\"@id\":\"https:\\\/\\\/quoris.com\\\/#organization\",\"name\":\"Quoris\",\"url\":\"https:\\\/\\\/quoris.com\\\/\",\"email\":\"support@quoris.com\",\"telephone\":\"+12082638873\",\"sameAs\":[\"https:\\\/\\\/www.linkedin.com\\\/company\\\/quoris\\\/\"],\"contactPoint\":[{\"@type\":\"ContactPoint\",\"contactType\":\"customer support\",\"email\":\"support@quoris.com\",\"telephone\":\"+12082638873\"}]},{\"@type\":\"WebSite\",\"@id\":\"https:\\\/\\\/quoris.com\\\/#website\",\"url\":\"https:\\\/\\\/quoris.com\\\/\",\"name\":\"Quoris\",\"publisher\":{\"@id\":\"https:\\\/\\\/quoris.com\\\/#organization\"}},{\"@type\":[\"WebPage\",\"CollectionPage\"],\"@id\":\"https:\\\/\\\/quoris.com\\\/about-us\\\/leadership\\\/#webpage\",\"url\":\"https:\\\/\\\/quoris.com\\\/about-us\\\/leadership\\\/\",\"name\":\"Meet our leadership team\",\"isPartOf\":{\"@id\":\"https:\\\/\\\/quoris.com\\\/#website\"},\"about\":{\"@id\":\"https:\\\/\\\/quoris.com\\\/#organization\"},\"breadcrumb\":{\"@id\":\"https:\\\/\\\/quoris.com\\\/about-us\\\/leadership\\\/#breadcrumb\"},\"mainEntity\":{\"@id\":\"https:\\\/\\\/quoris.com\\\/about-us\\\/leadership\\\/#leadership-list\"},\"potentialAction\":[{\"@type\":\"ReadAction\",\"target\":[\"https:\\\/\\\/quoris.com\\\/about-us\\\/leadership\\\/\"]}]},{\"@type\":\"BreadcrumbList\",\"@id\":\"https:\\\/\\\/quoris.com\\\/about-us\\\/leadership\\\/#breadcrumb\",\"itemListElement\":[{\"@type\":\"ListItem\",\"position\":1,\"name\":\"Home\",\"item\":\"https:\\\/\\\/quoris.com\\\/\"},{\"@type\":\"ListItem\",\"position\":2,\"name\":\"About us\",\"item\":\"https:\\\/\\\/quoris.com\\\/about-us\\\/our-story\\\/\"},{\"@type\":\"ListItem\",\"position\":3,\"name\":\"Leadership\",\"item\":\"https:\\\/\\\/quoris.com\\\/about-us\\\/leadership\\\/\"}]},{\"@type\":\"ItemList\",\"@id\":\"https:\\\/\\\/quoris.com\\\/about-us\\\/leadership\\\/#leadership-list\",\"name\":\"Quoris leadership team\",\"itemListOrder\":\"https:\\\/\\\/schema.org\\\/ItemListOrderAscending\",\"numberOfItems\":4,\"itemListElement\":[{\"@type\":\"ListItem\",\"position\":1,\"item\":{\"@type\":\"Person\",\"@id\":\"https:\\\/\\\/quoris.com\\\/team\\\/melissa-ursi\\\/#person\",\"name\":\"Melissa Ursi\",\"jobTitle\":\"CEO\",\"worksFor\":{\"@id\":\"https:\\\/\\\/quoris.com\\\/#organization\"},\"url\":\"https:\\\/\\\/quoris.com\\\/team\\\/melissa-ursi\\\/\"}},{\"@type\":\"ListItem\",\"position\":2,\"item\":{\"@type\":\"Person\",\"@id\":\"https:\\\/\\\/quoris.com\\\/team\\\/laura-arboleda\\\/#person\",\"name\":\"Laura Arboleda\",\"jobTitle\":\"CRO\",\"worksFor\":{\"@id\":\"https:\\\/\\\/quoris.com\\\/#organization\"},\"url\":\"https:\\\/\\\/quoris.com\\\/team\\\/laura-arboleda\\\/\"}},{\"@type\":\"ListItem\",\"position\":3,\"item\":{\"@type\":\"Person\",\"@id\":\"https:\\\/\\\/quoris.com\\\/team\\\/jeff-tennant\\\/#person\",\"name\":\"Jeff Tennant\",\"jobTitle\":\"EVP of Delivery\",\"worksFor\":{\"@id\":\"https:\\\/\\\/quoris.com\\\/#organization\"},\"url\":\"https:\\\/\\\/quoris.com\\\/team\\\/jeff-tennant\\\/\"}},{\"@type\":\"ListItem\",\"position\":4,\"item\":{\"@type\":\"Person\",\"@id\":\"https:\\\/\\\/quoris.com\\\/team\\\/chris-quimby\\\/#person\",\"name\":\"Chris Quimby\",\"jobTitle\":\"Chairman of the Board\",\"worksFor\":{\"@id\":\"https:\\\/\\\/quoris.com\\\/#organization\"},\"url\":\"https:\\\/\\\/quoris.com\\\/team\\\/chris-quimby\\\/\"}}]}]}<\/script>\n<!-- \/ Yoast SEO plugin. -->","yoast_head_json":{"title":"Quoris Leadership Team | Healthcare IT Consulting | Quoris","description":"Rencontrez l'\u00e9quipe dirigeante de Quoris qui guide le conseil en informatique de sant\u00e9, le recrutement et les services g\u00e9r\u00e9s pour les organisations de sant\u00e9.","robots":{"index":"noindex","follow":"follow","max-snippet":"max-snippet:-1","max-image-preview":"max-image-preview:large","max-video-preview":"max-video-preview:-1"},"og_locale":"fr_FR","og_type":"article","og_title":"Quoris Leadership Team | Healthcare IT Consulting | Quoris","og_description":"Rencontrez l'\u00e9quipe dirigeante de Quoris qui guide le conseil en informatique de sant\u00e9, le recrutement et les services g\u00e9r\u00e9s pour les organisations de sant\u00e9.","og_url":"https:\/\/quoris.com\/fr\/a-propos-de-nous\/leadership\/","og_site_name":"Quoris","article_modified_time":"2026-02-24T16:05:45+00:00","og_image":[{"width":1200,"height":900,"url":"https:\/\/quoris.com\/wp-content\/uploads\/2026\/02\/17.jpg","type":"image\/jpeg"}],"twitter_card":"summary_large_image","schema":{"@context":"https:\/\/schema.org","@graph":[{"@type":"WebPage","@id":"https:\/\/quoris.com\/fr\/a-propos-de-nous\/leadership\/","url":"https:\/\/quoris.com\/fr\/a-propos-de-nous\/leadership\/","name":"Quoris Leadership Team | Healthcare IT Consulting | Quoris","isPartOf":{"@id":"https:\/\/quoris.com\/fr\/#website"},"primaryImageOfPage":{"@id":"https:\/\/quoris.com\/fr\/a-propos-de-nous\/leadership\/#primaryimage"},"image":{"@id":"https:\/\/quoris.com\/fr\/a-propos-de-nous\/leadership\/#primaryimage"},"thumbnailUrl":"https:\/\/quoris.com\/wp-content\/uploads\/2026\/02\/17.jpg","datePublished":"2025-11-11T00:48:24+00:00","dateModified":"2026-02-24T16:05:45+00:00","description":"Rencontrez l'\u00e9quipe dirigeante de Quoris qui guide le conseil en informatique de sant\u00e9, le recrutement et les services g\u00e9r\u00e9s pour les organisations de sant\u00e9.","breadcrumb":{"@id":"https:\/\/quoris.com\/fr\/a-propos-de-nous\/leadership\/#breadcrumb"},"inLanguage":"fr-FR","potentialAction":[{"@type":"ReadAction","target":["https:\/\/quoris.com\/fr\/a-propos-de-nous\/leadership\/"]}]},{"@type":"ImageObject","inLanguage":"fr-FR","@id":"https:\/\/quoris.com\/fr\/a-propos-de-nous\/leadership\/#primaryimage","url":"https:\/\/quoris.com\/wp-content\/uploads\/2026\/02\/17.jpg","contentUrl":"https:\/\/quoris.com\/wp-content\/uploads\/2026\/02\/17.jpg","width":1200,"height":900},{"@type":"BreadcrumbList","@id":"https:\/\/quoris.com\/fr\/a-propos-de-nous\/leadership\/#breadcrumb","itemListElement":[{"@type":"ListItem","position":1,"name":"Accueil","item":"https:\/\/quoris.com\/fr\/"},{"@type":"ListItem","position":2,"name":"A propos de nous","item":"https:\/\/quoris.com\/fr\/a-propos-de-nous\/"},{"@type":"ListItem","position":3,"name":"Quoris Leadership"}]},{"@type":"WebSite","@id":"https:\/\/quoris.com\/fr\/#website","url":"https:\/\/quoris.com\/fr\/","name":"Quoris Healthcare IT","description":"","publisher":{"@id":"https:\/\/quoris.com\/fr\/#organization"},"potentialAction":[{"@type":"SearchAction","target":{"@type":"EntryPoint","urlTemplate":"https:\/\/quoris.com\/fr\/?s={search_term_string}"},"query-input":{"@type":"PropertyValueSpecification","valueRequired":true,"valueName":"search_term_string"}}],"inLanguage":"fr-FR"},{"@type":"Organization","@id":"https:\/\/quoris.com\/fr\/#organization","name":"Quoris Healthcare IT","url":"https:\/\/quoris.com\/fr\/","logo":{"@type":"ImageObject","inLanguage":"fr-FR","@id":"https:\/\/quoris.com\/fr\/#\/schema\/logo\/image\/","url":"https:\/\/quoris.com\/wp-content\/uploads\/2025\/12\/pressrelease_575703_1763329356.jpg","contentUrl":"https:\/\/quoris.com\/wp-content\/uploads\/2025\/12\/pressrelease_575703_1763329356.jpg","width":667,"height":350,"caption":"Quoris Healthcare IT"},"image":{"@id":"https:\/\/quoris.com\/fr\/#\/schema\/logo\/image\/"},"sameAs":["https:\/\/www.linkedin.com\/company\/quoris\/"]},{"@type":"Organization","@id":"https:\/\/quoris.com\/#organization","name":"Quoris","url":"https:\/\/quoris.com\/","email":"support@quoris.com","telephone":"+12082638873","sameAs":["https:\/\/www.linkedin.com\/company\/quoris\/"],"contactPoint":[{"@type":"ContactPoint","contactType":"customer support","email":"support@quoris.com","telephone":"+12082638873"}]},{"@type":"WebSite","@id":"https:\/\/quoris.com\/#website","url":"https:\/\/quoris.com\/","name":"Quoris","publisher":{"@id":"https:\/\/quoris.com\/#organization"}},{"@type":["WebPage","CollectionPage"],"@id":"https:\/\/quoris.com\/about-us\/leadership\/#webpage","url":"https:\/\/quoris.com\/about-us\/leadership\/","name":"Meet our leadership team","isPartOf":{"@id":"https:\/\/quoris.com\/#website"},"about":{"@id":"https:\/\/quoris.com\/#organization"},"breadcrumb":{"@id":"https:\/\/quoris.com\/about-us\/leadership\/#breadcrumb"},"mainEntity":{"@id":"https:\/\/quoris.com\/about-us\/leadership\/#leadership-list"},"potentialAction":[{"@type":"ReadAction","target":["https:\/\/quoris.com\/about-us\/leadership\/"]}]},{"@type":"BreadcrumbList","@id":"https:\/\/quoris.com\/about-us\/leadership\/#breadcrumb","itemListElement":[{"@type":"ListItem","position":1,"name":"Home","item":"https:\/\/quoris.com\/"},{"@type":"ListItem","position":2,"name":"About us","item":"https:\/\/quoris.com\/about-us\/our-story\/"},{"@type":"ListItem","position":3,"name":"Leadership","item":"https:\/\/quoris.com\/about-us\/leadership\/"}]},{"@type":"ItemList","@id":"https:\/\/quoris.com\/about-us\/leadership\/#leadership-list","name":"Quoris leadership team","itemListOrder":"https:\/\/schema.org\/ItemListOrderAscending","numberOfItems":4,"itemListElement":[{"@type":"ListItem","position":1,"item":{"@type":"Person","@id":"https:\/\/quoris.com\/team\/melissa-ursi\/#person","name":"Melissa Ursi","jobTitle":"CEO","worksFor":{"@id":"https:\/\/quoris.com\/#organization"},"url":"https:\/\/quoris.com\/team\/melissa-ursi\/"}},{"@type":"ListItem","position":2,"item":{"@type":"Person","@id":"https:\/\/quoris.com\/team\/laura-arboleda\/#person","name":"Laura Arboleda","jobTitle":"CRO","worksFor":{"@id":"https:\/\/quoris.com\/#organization"},"url":"https:\/\/quoris.com\/team\/laura-arboleda\/"}},{"@type":"ListItem","position":3,"item":{"@type":"Person","@id":"https:\/\/quoris.com\/team\/jeff-tennant\/#person","name":"Jeff Tennant","jobTitle":"EVP of Delivery","worksFor":{"@id":"https:\/\/quoris.com\/#organization"},"url":"https:\/\/quoris.com\/team\/jeff-tennant\/"}},{"@type":"ListItem","position":4,"item":{"@type":"Person","@id":"https:\/\/quoris.com\/team\/chris-quimby\/#person","name":"Chris Quimby","jobTitle":"Chairman of the Board","worksFor":{"@id":"https:\/\/quoris.com\/#organization"},"url":"https:\/\/quoris.com\/team\/chris-quimby\/"}}]}]}},"_links":{"self":[{"href":"https:\/\/quoris.com\/fr\/wp-json\/wp\/v2\/pages\/5038","targetHints":{"allow":["GET"]}}],"collection":[{"href":"https:\/\/quoris.com\/fr\/wp-json\/wp\/v2\/pages"}],"about":[{"href":"https:\/\/quoris.com\/fr\/wp-json\/wp\/v2\/types\/page"}],"author":[{"embeddable":true,"href":"https:\/\/quoris.com\/fr\/wp-json\/wp\/v2\/users\/7"}],"replies":[{"embeddable":true,"href":"https:\/\/quoris.com\/fr\/wp-json\/wp\/v2\/comments?post=5038"}],"version-history":[{"count":0,"href":"https:\/\/quoris.com\/fr\/wp-json\/wp\/v2\/pages\/5038\/revisions"}],"up":[{"embeddable":true,"href":"https:\/\/quoris.com\/fr\/wp-json\/wp\/v2\/pages\/4954"}],"wp:featuredmedia":[{"embeddable":true,"href":"https:\/\/quoris.com\/fr\/wp-json\/wp\/v2\/media\/5964"}],"wp:attachment":[{"href":"https:\/\/quoris.com\/fr\/wp-json\/wp\/v2\/media?parent=5038"}],"curies":[{"name":"wp","href":"https:\/\/api.w.org\/{rel}","templated":true}]}}