{"id":4969,"date":"2025-10-05T16:47:23","date_gmt":"2025-10-05T23:47:23","guid":{"rendered":"https:\/\/quoris.wpenginepowered.com\/perspectives\/faq\/"},"modified":"2026-02-24T07:07:49","modified_gmt":"2026-02-24T15:07:49","slug":"faq","status":"publish","type":"page","link":"https:\/\/quoris.com\/fr\/perspectives\/faq\/","title":{"rendered":"FAQ"},"content":{"rendered":"\n\n  <div\n    style=\"padding-bottom:var(--wp--preset--spacing--10);\" class=\"page-heading-block wp-block-group is-layout-constrained wp-block-group-is-layout-constrained is-style-background-wave wp-elements-ee1cfcab4fad6bb3db2c21aac12942e2 alignfull wp-block-acf-page-heading-block has-text-color has-white-color has-background has-dark-blue-background-color is-layout-flow wp-block-acf-page-heading-block-is-layout-flow\">\n  \n  <div class=\"page-heading-block-wrapper\">\n    <div class=\"acf-innerblocks-container\">\n  <div class=\" alignnone alignnone wp-block-acf-breadcrumbs\">\n            <div class=\"breadcrumbs\">\n        <a href=\"https:\/\/quoris.com\/fr\/\" class=\"breadcrumb\">Home<\/a><span class=\"breadcrumb-separator\"><\/span><a href=\"https:\/\/quoris.com\/fr\/perspectives\/\" class=\"breadcrumb\">Perspectives<\/a><span class=\"breadcrumb-separator\"><\/span>        <span class=\"breadcrumb\">FAQ<\/span>\n      <\/div>\n        <\/div>\n\n\n<h1 class=\"wp-block-heading page-title\">Questions fr\u00e9quemment pos\u00e9es<\/h1>\n\n<\/div>\n  <\/div>\n    <\/div>\n\n  <div\n    style=\"padding-top:var(--wp--preset--spacing--80);padding-bottom:var(--wp--preset--spacing--80);\" class=\"wp-block-group group-page-section is-layout-constrained wp-block-group-is-layout-constrained alignfull align-text-left align-content-top wp-block-acf-page-section has-background has-white-background-color is-layout-flow wp-block-acf-page-section-is-layout-flow\">\n  \n\n  <div class=\"acf-innerblocks-container\">\n\n<div data-wp-context=\"{ &quot;autoclose&quot;: true, &quot;accordionItems&quot;: [] }\" data-wp-interactive=\"core\/accordion\" role=\"group\" class=\"wp-block-accordion is-layout-flow wp-block-accordion-is-layout-flow\">\n<div data-wp-class--is-open=\"state.isOpen\" data-wp-context=\"{ &quot;id&quot;: &quot;accordion-item-1&quot;, &quot;openByDefault&quot;: false }\" data-wp-init=\"callbacks.initAccordionItems\" data-wp-on-window--hashchange=\"callbacks.hashChange\" class=\"wp-block-accordion-item is-layout-flow wp-block-accordion-item-is-layout-flow\">\n<h3 class=\"wp-block-accordion-heading\"><button aria-expanded=\"false\" aria-controls=\"accordion-item-1-panel\" data-wp-bind--aria-expanded=\"state.isOpen\" data-wp-on--click=\"actions.toggle\" id=\"accordion-item-1\" class=\"wp-block-accordion-heading__toggle\"><span class=\"wp-block-accordion-heading__toggle-title\">Quelle est la diff\u00e9rence entre ROI Healthcare Solutions et Quoris (anciennement ROI International) ?<\/span><span class=\"wp-block-accordion-heading__toggle-icon\" aria-hidden=\"true\">+<\/span><\/button><\/h3>\n\n\n\n<div inert aria-labelledby=\"accordion-item-1\" data-wp-bind--inert=\"!state.isOpen\" id=\"accordion-item-1-panel\" role=\"region\" class=\"wp-block-accordion-panel is-layout-flow wp-block-accordion-panel-is-layout-flow\">\n<p class=\"wp-block-paragraph\">Q. Quelle est la diff\u00e9rence entre ROI Healthcare Solutions et Quoris (anciennement ROI International) ?  <\/p>\n\n\n\n<p class=\"wp-block-paragraph\">Op\u00e9rant sous l&#8217;\u00e9gide de ROI, ROIHS fournit des services de planification des ressources de l&#8217;entreprise (ERP) et a \u00e9t\u00e9 r\u00e9cemment rachet\u00e9 par Acuvance. ROI International et la division HIT ont fusionn\u00e9 pour devenir une soci\u00e9t\u00e9 autonome au milieu de l&#8217;ann\u00e9e 2025 et fournissent des services de DSE et de recrutement. Nous avons annonc\u00e9 notre nouveau nom, Quoris, en novembre 2025 et restons une soci\u00e9t\u00e9 priv\u00e9e d\u00e9tenue par Melissa Ursi, PDG, et Chris Quimby, pr\u00e9sident ex\u00e9cutif.    <\/p>\n<\/div>\n<\/div>\n\n\n\n<div data-wp-class--is-open=\"state.isOpen\" data-wp-context=\"{ &quot;id&quot;: &quot;accordion-item-2&quot;, &quot;openByDefault&quot;: false }\" data-wp-init=\"callbacks.initAccordionItems\" data-wp-on-window--hashchange=\"callbacks.hashChange\" class=\"wp-block-accordion-item is-layout-flow wp-block-accordion-item-is-layout-flow\">\n<h3 class=\"wp-block-accordion-heading\"><button aria-expanded=\"false\" aria-controls=\"accordion-item-2-panel\" data-wp-bind--aria-expanded=\"state.isOpen\" data-wp-on--click=\"actions.toggle\" id=\"accordion-item-2\" class=\"wp-block-accordion-heading__toggle\"><span class=\"wp-block-accordion-heading__toggle-title\">Quels sont les services offerts par Quoris ?<\/span><span class=\"wp-block-accordion-heading__toggle-icon\" aria-hidden=\"true\">+<\/span><\/button><\/h3>\n\n\n\n<div inert aria-labelledby=\"accordion-item-2\" data-wp-bind--inert=\"!state.isOpen\" id=\"accordion-item-2-panel\" role=\"region\" class=\"wp-block-accordion-panel is-layout-flow wp-block-accordion-panel-is-layout-flow\">\n<p class=\"wp-block-paragraph\">Quoris est une soci\u00e9t\u00e9 d&#8217;informatique de sant\u00e9 dont l&#8217;objectif est d&#8217;aider les organismes de sant\u00e9 \u00e0 maximiser la valeur de leurs investissements technologiques li\u00e9s au DSE. Avec plus de 25 ans d&#8217;exp\u00e9rience dans le domaine, nous utilisons une approche exclusive et personnalis\u00e9e qui comprend le conseil, la planification strat\u00e9gique et le renforcement du personnel, en aidant les responsables des soins de sant\u00e9 \u00e0 apporter des am\u00e9liorations op\u00e9rationnelles significatives. <\/p>\n<\/div>\n<\/div>\n\n\n\n<div data-wp-class--is-open=\"state.isOpen\" data-wp-context=\"{ &quot;id&quot;: &quot;accordion-item-3&quot;, &quot;openByDefault&quot;: false }\" data-wp-init=\"callbacks.initAccordionItems\" data-wp-on-window--hashchange=\"callbacks.hashChange\" class=\"wp-block-accordion-item is-layout-flow wp-block-accordion-item-is-layout-flow\">\n<h3 class=\"wp-block-accordion-heading\"><button aria-expanded=\"false\" aria-controls=\"accordion-item-3-panel\" data-wp-bind--aria-expanded=\"state.isOpen\" data-wp-on--click=\"actions.toggle\" id=\"accordion-item-3\" class=\"wp-block-accordion-heading__toggle\"><span class=\"wp-block-accordion-heading__toggle-title\">Avec quels fournisseurs de DSE travaillez-vous ?<\/span><span class=\"wp-block-accordion-heading__toggle-icon\" aria-hidden=\"true\">+<\/span><\/button><\/h3>\n\n\n\n<div inert aria-labelledby=\"accordion-item-3\" data-wp-bind--inert=\"!state.isOpen\" id=\"accordion-item-3-panel\" role=\"region\" class=\"wp-block-accordion-panel is-layout-flow wp-block-accordion-panel-is-layout-flow\">\n<p class=\"wp-block-paragraph\">Nous sommes fiers de travailler avec Epic, Oracle Health (Cerner), MEDITECH et athenahealth. Au-del\u00e0 de ces DSE de premier plan, nous sommes agnostiques en termes de plateforme, ce qui nous permet de travailler facilement avec d&#8217;autres DSE utilis\u00e9s par nos clients. <\/p>\n<\/div>\n<\/div>\n\n\n\n<div data-wp-class--is-open=\"state.isOpen\" data-wp-context=\"{ &quot;id&quot;: &quot;accordion-item-4&quot;, &quot;openByDefault&quot;: false }\" data-wp-init=\"callbacks.initAccordionItems\" data-wp-on-window--hashchange=\"callbacks.hashChange\" class=\"wp-block-accordion-item is-layout-flow wp-block-accordion-item-is-layout-flow\">\n<h3 class=\"wp-block-accordion-heading\"><button aria-expanded=\"false\" aria-controls=\"accordion-item-4-panel\" data-wp-bind--aria-expanded=\"state.isOpen\" data-wp-on--click=\"actions.toggle\" id=\"accordion-item-4\" class=\"wp-block-accordion-heading__toggle\"><span class=\"wp-block-accordion-heading__toggle-title\">Dans quelles r\u00e9gions op\u00e9rez-vous ?<\/span><span class=\"wp-block-accordion-heading__toggle-icon\" aria-hidden=\"true\">+<\/span><\/button><\/h3>\n\n\n\n<div inert aria-labelledby=\"accordion-item-4\" data-wp-bind--inert=\"!state.isOpen\" id=\"accordion-item-4-panel\" role=\"region\" class=\"wp-block-accordion-panel is-layout-flow wp-block-accordion-panel-is-layout-flow\">\n<p class=\"wp-block-paragraph\">En tant qu&#8217;\u00e9quipe internationale, nous pouvons travailler avec des organisations du monde entier. \u00c0 ce jour, nous avons travaill\u00e9 avec des clients aux \u00c9tats-Unis, au Canada, au Royaume-Uni, aux \u00c9mirats arabes unis, en Norv\u00e8ge et en Australie. <\/p>\n<\/div>\n<\/div>\n\n\n\n<div data-wp-class--is-open=\"state.isOpen\" data-wp-context=\"{ &quot;id&quot;: &quot;accordion-item-5&quot;, &quot;openByDefault&quot;: false }\" data-wp-init=\"callbacks.initAccordionItems\" data-wp-on-window--hashchange=\"callbacks.hashChange\" class=\"wp-block-accordion-item is-layout-flow wp-block-accordion-item-is-layout-flow\">\n<h3 class=\"wp-block-accordion-heading\"><button aria-expanded=\"false\" aria-controls=\"accordion-item-5-panel\" data-wp-bind--aria-expanded=\"state.isOpen\" data-wp-on--click=\"actions.toggle\" id=\"accordion-item-5\" class=\"wp-block-accordion-heading__toggle\"><span class=\"wp-block-accordion-heading__toggle-title\">Pourquoi devrais-je faire confiance \u00e0 Quoris pour s&#8217;associer \u00e0 notre organisation et r\u00e9pondre \u00e0 nos besoins ?<\/span><span class=\"wp-block-accordion-heading__toggle-icon\" aria-hidden=\"true\">+<\/span><\/button><\/h3>\n\n\n\n<div inert aria-labelledby=\"accordion-item-5\" data-wp-bind--inert=\"!state.isOpen\" id=\"accordion-item-5-panel\" role=\"region\" class=\"wp-block-accordion-panel is-layout-flow wp-block-accordion-panel-is-layout-flow\">\n<p class=\"wp-block-paragraph\">Nous comprenons, gr\u00e2ce \u00e0 notre exp\u00e9rience concr\u00e8te, les probl\u00e8mes auxquels sont confront\u00e9s les organismes de sant\u00e9 et nous mettons \u00e0 profit les enseignements tir\u00e9s de nos missions pr\u00e9c\u00e9dentes pour proposer des solutions fond\u00e9es sur les meilleures pratiques du secteur.<\/p>\n<\/div>\n<\/div>\n\n\n\n<div data-wp-class--is-open=\"state.isOpen\" data-wp-context=\"{ &quot;id&quot;: &quot;accordion-item-6&quot;, &quot;openByDefault&quot;: false }\" data-wp-init=\"callbacks.initAccordionItems\" data-wp-on-window--hashchange=\"callbacks.hashChange\" class=\"wp-block-accordion-item is-layout-flow wp-block-accordion-item-is-layout-flow\">\n<h3 class=\"wp-block-accordion-heading\"><button aria-expanded=\"false\" aria-controls=\"accordion-item-6-panel\" data-wp-bind--aria-expanded=\"state.isOpen\" data-wp-on--click=\"actions.toggle\" id=\"accordion-item-6\" class=\"wp-block-accordion-heading__toggle\"><span class=\"wp-block-accordion-heading__toggle-title\">En quoi Quoris est-il diff\u00e9rent des autres entreprises ?<\/span><span class=\"wp-block-accordion-heading__toggle-icon\" aria-hidden=\"true\">+<\/span><\/button><\/h3>\n\n\n\n<div inert aria-labelledby=\"accordion-item-6\" data-wp-bind--inert=\"!state.isOpen\" id=\"accordion-item-6-panel\" role=\"region\" class=\"wp-block-accordion-panel is-layout-flow wp-block-accordion-panel-is-layout-flow\">\n<p class=\"wp-block-paragraph\">Quoris suit nos m\u00e9thodologies \u00e9prouv\u00e9es tout en adaptant notre approche aux besoins sp\u00e9cifiques de votre organisation. Nos \u00e9quipes sont compos\u00e9es d&#8217;anciens DSI d&#8217;h\u00f4pitaux, de cliniciens, de sp\u00e9cialistes du cycle de revenu hospitalier ainsi que d&#8217;analystes, avec une moyenne de 15 ans d&#8217;exp\u00e9rience. <\/p>\n\n\n\n<p class=\"wp-block-paragraph\">Nos clients appr\u00e9cient notre approche transparente et ax\u00e9e sur le client. Nous offrons \u00e0 chaque client une exp\u00e9rience personnalis\u00e9e, en favorisant des relations profondes et \u00e0 long terme, en r\u00e9solvant des probl\u00e8mes sp\u00e9cifiques et en atteignant des objectifs individuels. <\/p>\n<\/div>\n<\/div>\n\n\n\n<div data-wp-class--is-open=\"state.isOpen\" data-wp-context=\"{ &quot;id&quot;: &quot;accordion-item-7&quot;, &quot;openByDefault&quot;: false }\" data-wp-init=\"callbacks.initAccordionItems\" data-wp-on-window--hashchange=\"callbacks.hashChange\" class=\"wp-block-accordion-item is-layout-flow wp-block-accordion-item-is-layout-flow\">\n<h3 class=\"wp-block-accordion-heading\"><button aria-expanded=\"false\" aria-controls=\"accordion-item-7-panel\" data-wp-bind--aria-expanded=\"state.isOpen\" data-wp-on--click=\"actions.toggle\" id=\"accordion-item-7\" class=\"wp-block-accordion-heading__toggle\"><span class=\"wp-block-accordion-heading__toggle-title\">Depuis combien de temps Quoris est-il au service des organismes de sant\u00e9 ?<\/span><span class=\"wp-block-accordion-heading__toggle-icon\" aria-hidden=\"true\">+<\/span><\/button><\/h3>\n\n\n\n<div inert aria-labelledby=\"accordion-item-7\" data-wp-bind--inert=\"!state.isOpen\" id=\"accordion-item-7-panel\" role=\"region\" class=\"wp-block-accordion-panel is-layout-flow wp-block-accordion-panel-is-layout-flow\">\n<p class=\"wp-block-paragraph\">Quoris, anciennement ROI International, fournit des services informatiques aux organismes de sant\u00e9 du monde entier depuis pr\u00e8s de 30 ans.<\/p>\n<\/div>\n<\/div>\n<\/div>\n\n<\/div>\n    <\/div>\n\n<div class=\"wp-block-group prefooter prefooter-contact fade-in-up has-dark-blue-color has-aqua-background-color has-text-color has-background has-link-color wp-elements-14a2d1cc5853fa163573475f95b31236 is-layout-constrained wp-block-group-is-layout-constrained\" style=\"padding-top:var(--wp--preset--spacing--60);padding-bottom:var(--wp--preset--spacing--60)\">\n<h3 class=\"wp-block-heading has-text-align-center\">Pr\u00eat \u00e0 maximiser la valeur de vos investissements technologiques ?<\/h3>\n\n\n\n<p class=\"has-text-align-center wp-block-paragraph\">Contactez l&#8217;\u00e9quipe Quoris d\u00e8s aujourd&#8217;hui.<\/p>\n\n\n\n  <div\n    class=\"aligncenter wp-block-acf-form-pre-contact\">\n  \n\n  <div class=\"form-precontact-block-wrapper\">\n\n    <form class=\"form-precontact-block-form\" action=\"https:\/\/quoris.com\/fr\/contact\/\" method=\"get\">\n      <label for=\"precontact-email\" class=\"form-precontact-block-label sr-only\">Courriel professionnel<\/label>\n      <input type=\"email\" id=\"precontact-email\" name=\"email\" class=\"form-precontact-block-input\" placeholder=\"Adresse \u00e9lectronique professionnelle\" required>\n      <button type=\"submit\" class=\"button arrow-button\">Contactez nous<\/button>\n    <\/form>\n\n  <\/div>\n    <\/div>\n<\/div>\n","protected":false},"excerpt":{"rendered":"","protected":false},"author":7,"featured_media":0,"parent":4934,"menu_order":0,"comment_status":"closed","ping_status":"closed","template":"","meta":{"_acf_changed":false,"_crdt_document":"","content-type":"","footnotes":""},"class_list":["post-4969","page","type-page","status-publish","hentry"],"acf":[],"yoast_head":"<!-- This site is optimized with the Yoast SEO plugin v27.4 - https:\/\/yoast.com\/product\/yoast-seo-wordpress\/ -->\n<title>Insights Foire aux questions - FAQ&#039;s - Quoris Healthcare IT<\/title>\n<meta name=\"description\" content=\"Questions fr\u00e9quemment pos\u00e9es sur Quoris. Insights FAQ&#039;s for Quoris Healthcare IT EHR, EMR and workforce solutions.\" \/>\n<meta name=\"robots\" content=\"noindex, follow, max-snippet:-1, max-image-preview:large, max-video-preview:-1\" \/>\n<meta property=\"og:locale\" content=\"fr_FR\" \/>\n<meta property=\"og:type\" content=\"article\" \/>\n<meta property=\"og:title\" content=\"Insights Foire aux questions - FAQ&#039;s - Quoris Healthcare IT\" \/>\n<meta property=\"og:description\" content=\"Questions fr\u00e9quemment pos\u00e9es sur Quoris. Insights FAQ&#039;s for Quoris Healthcare IT EHR, EMR and workforce solutions.\" \/>\n<meta property=\"og:url\" content=\"https:\/\/quoris.com\/fr\/perspectives\/faq\/\" \/>\n<meta property=\"og:site_name\" content=\"Quoris\" \/>\n<meta property=\"article:modified_time\" content=\"2026-02-24T15:07:49+00:00\" \/>\n<meta property=\"og:image\" content=\"https:\/\/quoris.com\/wp-content\/uploads\/2026\/02\/Partners-2.png\" \/>\n\t<meta property=\"og:image:width\" content=\"1200\" \/>\n\t<meta property=\"og:image:height\" content=\"900\" \/>\n\t<meta property=\"og:image:type\" content=\"image\/png\" \/>\n<meta name=\"twitter:card\" content=\"summary_large_image\" \/>\n<meta name=\"twitter:label1\" content=\"Est. reading time\" \/>\n\t<meta name=\"twitter:data1\" content=\"2 minutes\" \/>\n<script type=\"application\/ld+json\" class=\"yoast-schema-graph\">{\"@context\":\"https:\\\/\\\/schema.org\",\"@graph\":[{\"@type\":\"WebPage\",\"@id\":\"https:\\\/\\\/quoris.com\\\/fr\\\/perspectives\\\/faq\\\/\",\"url\":\"https:\\\/\\\/quoris.com\\\/fr\\\/perspectives\\\/faq\\\/\",\"name\":\"Insights Foire aux questions - FAQ's - Quoris Healthcare IT\",\"isPartOf\":{\"@id\":\"https:\\\/\\\/quoris.com\\\/fr\\\/#website\"},\"datePublished\":\"2025-10-05T23:47:23+00:00\",\"dateModified\":\"2026-02-24T15:07:49+00:00\",\"description\":\"Questions fr\u00e9quemment pos\u00e9es sur Quoris. Insights FAQ's for Quoris Healthcare IT EHR, EMR and workforce solutions.\",\"breadcrumb\":{\"@id\":\"https:\\\/\\\/quoris.com\\\/fr\\\/perspectives\\\/faq\\\/#breadcrumb\"},\"inLanguage\":\"fr-FR\",\"potentialAction\":[{\"@type\":\"ReadAction\",\"target\":[\"https:\\\/\\\/quoris.com\\\/fr\\\/perspectives\\\/faq\\\/\"]}]},{\"@type\":\"BreadcrumbList\",\"@id\":\"https:\\\/\\\/quoris.com\\\/fr\\\/perspectives\\\/faq\\\/#breadcrumb\",\"itemListElement\":[{\"@type\":\"ListItem\",\"position\":1,\"name\":\"Accueil\",\"item\":\"https:\\\/\\\/quoris.com\\\/fr\\\/\"},{\"@type\":\"ListItem\",\"position\":2,\"name\":\"Perspectives\",\"item\":\"https:\\\/\\\/quoris.com\\\/fr\\\/perspectives\\\/\"},{\"@type\":\"ListItem\",\"position\":3,\"name\":\"FAQ\"}]},{\"@type\":\"WebSite\",\"@id\":\"https:\\\/\\\/quoris.com\\\/fr\\\/#website\",\"url\":\"https:\\\/\\\/quoris.com\\\/fr\\\/\",\"name\":\"Quoris Healthcare IT\",\"description\":\"\",\"publisher\":{\"@id\":\"https:\\\/\\\/quoris.com\\\/fr\\\/#organization\"},\"potentialAction\":[{\"@type\":\"SearchAction\",\"target\":{\"@type\":\"EntryPoint\",\"urlTemplate\":\"https:\\\/\\\/quoris.com\\\/fr\\\/?s={search_term_string}\"},\"query-input\":{\"@type\":\"PropertyValueSpecification\",\"valueRequired\":true,\"valueName\":\"search_term_string\"}}],\"inLanguage\":\"fr-FR\"},{\"@type\":\"Organization\",\"@id\":\"https:\\\/\\\/quoris.com\\\/fr\\\/#organization\",\"name\":\"Quoris Healthcare IT\",\"url\":\"https:\\\/\\\/quoris.com\\\/fr\\\/\",\"logo\":{\"@type\":\"ImageObject\",\"inLanguage\":\"fr-FR\",\"@id\":\"https:\\\/\\\/quoris.com\\\/fr\\\/#\\\/schema\\\/logo\\\/image\\\/\",\"url\":\"https:\\\/\\\/quoris.com\\\/wp-content\\\/uploads\\\/2025\\\/12\\\/pressrelease_575703_1763329356.jpg\",\"contentUrl\":\"https:\\\/\\\/quoris.com\\\/wp-content\\\/uploads\\\/2025\\\/12\\\/pressrelease_575703_1763329356.jpg\",\"width\":667,\"height\":350,\"caption\":\"Quoris Healthcare IT\"},\"image\":{\"@id\":\"https:\\\/\\\/quoris.com\\\/fr\\\/#\\\/schema\\\/logo\\\/image\\\/\"},\"sameAs\":[\"https:\\\/\\\/www.linkedin.com\\\/company\\\/quoris\\\/\"]}]}<\/script>\n<!-- \/ Yoast SEO plugin. -->","yoast_head_json":{"title":"Insights Foire aux questions - FAQ's - Quoris Healthcare IT","description":"Questions fr\u00e9quemment pos\u00e9es sur Quoris. Insights FAQ's for Quoris Healthcare IT EHR, EMR and workforce solutions.","robots":{"index":"noindex","follow":"follow","max-snippet":"max-snippet:-1","max-image-preview":"max-image-preview:large","max-video-preview":"max-video-preview:-1"},"og_locale":"fr_FR","og_type":"article","og_title":"Insights Foire aux questions - FAQ's - Quoris Healthcare IT","og_description":"Questions fr\u00e9quemment pos\u00e9es sur Quoris. Insights FAQ's for Quoris Healthcare IT EHR, EMR and workforce solutions.","og_url":"https:\/\/quoris.com\/fr\/perspectives\/faq\/","og_site_name":"Quoris","article_modified_time":"2026-02-24T15:07:49+00:00","og_image":[{"width":1200,"height":900,"url":"https:\/\/quoris.com\/wp-content\/uploads\/2026\/02\/Partners-2.png","type":"image\/png"}],"twitter_card":"summary_large_image","twitter_misc":{"Est. reading time":"2 minutes"},"schema":{"@context":"https:\/\/schema.org","@graph":[{"@type":"WebPage","@id":"https:\/\/quoris.com\/fr\/perspectives\/faq\/","url":"https:\/\/quoris.com\/fr\/perspectives\/faq\/","name":"Insights Foire aux questions - FAQ's - Quoris Healthcare IT","isPartOf":{"@id":"https:\/\/quoris.com\/fr\/#website"},"datePublished":"2025-10-05T23:47:23+00:00","dateModified":"2026-02-24T15:07:49+00:00","description":"Questions fr\u00e9quemment pos\u00e9es sur Quoris. Insights FAQ's for Quoris Healthcare IT EHR, EMR and workforce solutions.","breadcrumb":{"@id":"https:\/\/quoris.com\/fr\/perspectives\/faq\/#breadcrumb"},"inLanguage":"fr-FR","potentialAction":[{"@type":"ReadAction","target":["https:\/\/quoris.com\/fr\/perspectives\/faq\/"]}]},{"@type":"BreadcrumbList","@id":"https:\/\/quoris.com\/fr\/perspectives\/faq\/#breadcrumb","itemListElement":[{"@type":"ListItem","position":1,"name":"Accueil","item":"https:\/\/quoris.com\/fr\/"},{"@type":"ListItem","position":2,"name":"Perspectives","item":"https:\/\/quoris.com\/fr\/perspectives\/"},{"@type":"ListItem","position":3,"name":"FAQ"}]},{"@type":"WebSite","@id":"https:\/\/quoris.com\/fr\/#website","url":"https:\/\/quoris.com\/fr\/","name":"Quoris Healthcare IT","description":"","publisher":{"@id":"https:\/\/quoris.com\/fr\/#organization"},"potentialAction":[{"@type":"SearchAction","target":{"@type":"EntryPoint","urlTemplate":"https:\/\/quoris.com\/fr\/?s={search_term_string}"},"query-input":{"@type":"PropertyValueSpecification","valueRequired":true,"valueName":"search_term_string"}}],"inLanguage":"fr-FR"},{"@type":"Organization","@id":"https:\/\/quoris.com\/fr\/#organization","name":"Quoris Healthcare IT","url":"https:\/\/quoris.com\/fr\/","logo":{"@type":"ImageObject","inLanguage":"fr-FR","@id":"https:\/\/quoris.com\/fr\/#\/schema\/logo\/image\/","url":"https:\/\/quoris.com\/wp-content\/uploads\/2025\/12\/pressrelease_575703_1763329356.jpg","contentUrl":"https:\/\/quoris.com\/wp-content\/uploads\/2025\/12\/pressrelease_575703_1763329356.jpg","width":667,"height":350,"caption":"Quoris Healthcare IT"},"image":{"@id":"https:\/\/quoris.com\/fr\/#\/schema\/logo\/image\/"},"sameAs":["https:\/\/www.linkedin.com\/company\/quoris\/"]}]}},"_links":{"self":[{"href":"https:\/\/quoris.com\/fr\/wp-json\/wp\/v2\/pages\/4969","targetHints":{"allow":["GET"]}}],"collection":[{"href":"https:\/\/quoris.com\/fr\/wp-json\/wp\/v2\/pages"}],"about":[{"href":"https:\/\/quoris.com\/fr\/wp-json\/wp\/v2\/types\/page"}],"author":[{"embeddable":true,"href":"https:\/\/quoris.com\/fr\/wp-json\/wp\/v2\/users\/7"}],"replies":[{"embeddable":true,"href":"https:\/\/quoris.com\/fr\/wp-json\/wp\/v2\/comments?post=4969"}],"version-history":[{"count":0,"href":"https:\/\/quoris.com\/fr\/wp-json\/wp\/v2\/pages\/4969\/revisions"}],"up":[{"embeddable":true,"href":"https:\/\/quoris.com\/fr\/wp-json\/wp\/v2\/pages\/4934"}],"wp:attachment":[{"href":"https:\/\/quoris.com\/fr\/wp-json\/wp\/v2\/media?parent=4969"}],"curies":[{"name":"wp","href":"https:\/\/api.w.org\/{rel}","templated":true}]}}