{"id":4867,"date":"2025-01-29T23:36:57","date_gmt":"2025-01-30T07:36:57","guid":{"rendered":"https:\/\/quoris.wpenginepowered.com\/politique-de-confidentialite\/"},"modified":"2026-02-24T08:07:50","modified_gmt":"2026-02-24T16:07:50","slug":"politique-de-confidentialite","status":"publish","type":"page","link":"https:\/\/quoris.com\/fr\/politique-de-confidentialite\/","title":{"rendered":"Politique de confidentialit\u00e9"},"content":{"rendered":"\n\n  <div\n    class=\"page-heading-block wp-block-group is-layout-constrained wp-block-group-is-layout-constrained wp-elements-1a58984182cafd88137a834984aea22e alignfull wp-block-acf-page-heading-block has-text-color has-white-color has-background has-dark-blue-background-color is-layout-flow wp-block-acf-page-heading-block-is-layout-flow\">\n  \n  <div class=\"page-heading-block-wrapper\">\n    <div class=\"acf-innerblocks-container\">\n  <div class=\" alignnone alignnone wp-block-acf-breadcrumbs\">\n            <div class=\"breadcrumbs\">\n        <a href=\"https:\/\/quoris.com\/fr\/\" class=\"breadcrumb\">Home<\/a><span class=\"breadcrumb-separator\"><\/span>        <span class=\"breadcrumb\">Politique de confidentialit\u00e9<\/span>\n      <\/div>\n        <\/div>\n\n\n<h1 class=\"wp-block-heading page-title\">Politique de confidentialit\u00e9<\/h1>\n\n<\/div>\n  <\/div>\n    <\/div>\n\n<div class=\"wp-block-group is-layout-constrained wp-block-group-is-layout-constrained\" style=\"padding-top:var(--wp--preset--spacing--20);padding-bottom:var(--wp--preset--spacing--20)\">\n<p class=\"wp-block-paragraph\">Le pr\u00e9sent avis d\u00e9crit les pratiques en mati\u00e8re de protection de la vie priv\u00e9e sur le site quoris.com. Cet avis s&#8217;applique uniquement aux informations collect\u00e9es par ce site web. Il vous informe des \u00e9l\u00e9ments suivants :  <\/p>\n\n\n\n<ol class=\"wp-block-list\">\n<li>Quelles informations personnelles identifiables sont collect\u00e9es aupr\u00e8s de vous par le biais du site web, comment elles sont utilis\u00e9es et avec qui elles peuvent \u00eatre partag\u00e9es.<\/li>\n\n\n\n<li>les choix qui s&#8217;offrent \u00e0 vous concernant l&#8217;utilisation de vos donn\u00e9es.<\/li>\n\n\n\n<li>Les proc\u00e9dures de s\u00e9curit\u00e9 mises en place pour prot\u00e9ger l&#8217;utilisation abusive de vos informations.<\/li>\n\n\n\n<li>la mani\u00e8re dont vous pouvez corriger toute inexactitude dans les informations.<\/li>\n<\/ol>\n<\/div>\n\n<div class=\"wp-block-group is-layout-constrained wp-block-group-is-layout-constrained\" style=\"padding-top:var(--wp--preset--spacing--20);padding-bottom:var(--wp--preset--spacing--20)\">\n<h4 class=\"wp-block-heading has-h-3-font-size animation-none\">Collecte, utilisation et partage d&#8217;informations<\/h4>\n\n\n\n<p class=\"wp-block-paragraph\">Nous sommes les seuls propri\u00e9taires des informations collect\u00e9es sur ce site. Nous n&#8217;avons acc\u00e8s et ne recueillons que les informations que vous nous communiquez volontairement par courrier \u00e9lectronique ou par un autre moyen de contact direct. Nous ne vendrons, ne louerons ni ne partagerons ces informations avec qui que ce soit, y compris avec des tiers \u00e0 des fins de marketing.  <\/p>\n\n\n\n<p class=\"wp-block-paragraph\">Nous utiliserons vos informations pour vous r\u00e9pondre, en fonction de la raison pour laquelle vous nous avez contact\u00e9s. Nous ne partagerons pas vos informations avec des tiers ext\u00e9rieurs \u00e0 notre organisation, sauf si cela est n\u00e9cessaire pour r\u00e9pondre \u00e0 votre demande, par exemple pour exp\u00e9dier une commande. \u00c0 moins que vous ne nous demandiez de ne pas le faire, nous pourrons vous contacter par courrier \u00e9lectronique et\/ou par SMS \u00e0 l&#8217;avenir pour vous informer sur des offres sp\u00e9ciales, de nouveaux produits ou services, ou des modifications apport\u00e9es \u00e0 la pr\u00e9sente politique de confidentialit\u00e9.  <\/p>\n\n\n\n<p class=\"wp-block-paragraph\">LES TARIFS DES MESSAGES SMS ET DES DONN\u00c9ES PEUVENT S&#8217;APPLIQUER. Votre op\u00e9rateur de t\u00e9l\u00e9phonie mobile peut facturer des frais pour l&#8217;envoi ou la r\u00e9ception de messages textuels. <\/p>\n\n\n\n<p class=\"wp-block-paragraph\">La fr\u00e9quence des messages SMS varie avec une moyenne de 1 \u00e0 2 par mois.<\/p>\n\n\n\n<p class=\"wp-block-paragraph\">En vous inscrivant, vous acceptez de recevoir des messages conversationnels de Quoris, LLC. Notre formulaire d&#8217;acceptation des SMS sera disponible en ligne \u00e0 l&#8217;adresse https:\/\/quoris.com\/contact\/. Une fois la page mise en ligne, vous pourrez remplir le formulaire et cocher &#8221;Oui&#8221; en r\u00e9ponse \u00e0 la question &#8221;Souhaitez-vous recevoir des messages textuels de Quoris, LLC ?&#8221; pour confirmer votre consentement.<\/p>\n\n\n\n<p class=\"wp-block-paragraph\">R\u00e9pondez HELP \u00e0 un SMS. Cette r\u00e9ponse vous enverra notre num\u00e9ro de t\u00e9l\u00e9phone et l&#8217;adresse de notre site web. <\/p>\n<\/div>\n\n<div class=\"wp-block-group is-layout-constrained wp-block-group-is-layout-constrained\" style=\"padding-top:var(--wp--preset--spacing--20);padding-bottom:var(--wp--preset--spacing--20)\">\n<h4 class=\"wp-block-heading has-h-3-font-size animation-none\">Cookies<\/h4>\n\n\n\n<p class=\"wp-block-paragraph\">Nous utilisons des &#8221;cookies&#8221; sur ce site. Un cookie est un \u00e9l\u00e9ment de donn\u00e9es stock\u00e9 sur le disque dur d&#8217;un visiteur du site pour nous aider \u00e0 am\u00e9liorer votre acc\u00e8s \u00e0 notre site et \u00e0 identifier les visiteurs r\u00e9guliers de notre site. Par exemple, lorsque nous utilisons un cookie pour vous identifier, vous n&#8217;avez pas \u00e0 saisir votre mot de passe plus d&#8217;une fois, ce qui vous permet de gagner du temps lorsque vous \u00eates sur notre site. Les cookies peuvent \u00e9galement nous permettre de suivre et de cibler les int\u00e9r\u00eats de nos utilisateurs afin d&#8217;am\u00e9liorer leur exp\u00e9rience sur notre site. L&#8217;utilisation d&#8217;un cookie n&#8217;est en aucun cas li\u00e9e \u00e0 des informations personnellement identifiables sur notre site.    <\/p>\n<\/div>\n\n<div class=\"wp-block-group is-layout-constrained wp-block-group-is-layout-constrained\" style=\"padding-top:var(--wp--preset--spacing--20);padding-bottom:var(--wp--preset--spacing--20)\">\n<h4 class=\"wp-block-heading has-h-3-font-size animation-none\">Liens<\/h4>\n\n\n\n<p class=\"wp-block-paragraph\">Ce site web contient des liens vers d&#8217;autres sites. Veuillez noter que nous ne sommes pas responsables du contenu ou des pratiques en mati\u00e8re de protection de la vie priv\u00e9e de ces autres sites. Nous encourageons nos utilisateurs \u00e0 \u00eatre attentifs lorsqu&#8217;ils quittent notre site et \u00e0 lire les d\u00e9clarations de confidentialit\u00e9 de tout autre site qui recueille des informations personnellement identifiables.  <\/p>\n<\/div>\n\n<div class=\"wp-block-group is-layout-constrained wp-block-group-is-layout-constrained\" style=\"padding-top:var(--wp--preset--spacing--20);padding-bottom:var(--wp--preset--spacing--20)\">\n<h4 class=\"wp-block-heading has-h-3-font-size animation-none\">Votre acc\u00e8s et votre contr\u00f4le sur les informations<\/h4>\n\n\n\n<p class=\"wp-block-paragraph\">Vous pouvez \u00e0 tout moment vous opposer \u00e0 tout contact ult\u00e9rieur de notre part. Vous pouvez le faire \u00e0 tout moment en nous contactant par l&#8217;interm\u00e9diaire de l&#8217;adresse \u00e9lectronique ou du num\u00e9ro de t\u00e9l\u00e9phone indiqu\u00e9 sur notre site web, ou en r\u00e9pondant \u00e0 un message SMS : <\/p>\n\n\n\n<ul class=\"wp-block-list\">\n<li>Voir quelles sont les donn\u00e9es dont nous disposons \u00e0 votre sujet, le cas \u00e9ch\u00e9ant.<\/li>\n\n\n\n<li>Voir quelles sont les donn\u00e9es dont nous disposons \u00e0 votre sujet, le cas \u00e9ch\u00e9ant.<\/li>\n\n\n\n<li>Modifier\/corriger les donn\u00e9es que nous d\u00e9tenons \u00e0 votre sujet.<\/li>\n\n\n\n<li>Nous demander de supprimer toutes les donn\u00e9es que nous poss\u00e9dons \u00e0 votre sujet.<\/li>\n\n\n\n<li>Exprimer toute pr\u00e9occupation concernant l&#8217;utilisation que nous faisons de vos donn\u00e9es.<\/li>\n\n\n\n<li>R\u00e9pondez STOP \u00e0 un SMS. Apr\u00e8s vous \u00eatre d\u00e9sinscrit, vous recevrez un dernier SMS pour confirmer votre d\u00e9sinscription et nous supprimerons votre num\u00e9ro de notre liste dans les 24 heures. <\/li>\n<\/ul>\n<\/div>\n\n<div class=\"wp-block-group is-layout-constrained wp-block-group-is-layout-constrained\" style=\"padding-top:var(--wp--preset--spacing--20);padding-bottom:var(--wp--preset--spacing--20)\">\n<h4 class=\"wp-block-heading has-h-3-font-size animation-none\">S\u00e9curit\u00e9<\/h4>\n\n\n\n<p class=\"wp-block-paragraph\">Nous prenons des pr\u00e9cautions pour prot\u00e9ger vos informations. Lorsque vous soumettez des informations sensibles via le site web, celles-ci sont prot\u00e9g\u00e9es \u00e0 la fois en ligne et hors ligne. <\/p>\n\n\n\n<p class=\"wp-block-paragraph\">Chaque fois que nous recueillons des informations sensibles (telles que des donn\u00e9es de carte de cr\u00e9dit), ces informations sont crypt\u00e9es et nous sont transmises de mani\u00e8re s\u00e9curis\u00e9e. Vous pouvez le v\u00e9rifier en recherchant l&#8217;ic\u00f4ne d&#8217;un cadenas dans la barre d&#8217;adresse et en recherchant &#8221;https&#8221; au d\u00e9but de l&#8217;adresse de la page web. <\/p>\n\n\n\n<p class=\"wp-block-paragraph\">Bien que nous utilisions le cryptage pour prot\u00e9ger les informations sensibles transmises en ligne, nous prot\u00e9geons \u00e9galement vos informations hors ligne. Seuls les employ\u00e9s qui ont besoin de ces informations pour effectuer un travail sp\u00e9cifique (par exemple, la facturation ou le service client\u00e8le) ont acc\u00e8s aux informations personnelles identifiables. Les ordinateurs\/serveurs dans lesquels nous stockons les informations personnellement identifiables sont conserv\u00e9s dans un environnement s\u00e9curis\u00e9.  <\/p>\n\n\n\n<p class=\"has-dark-blue-color has-text-color has-link-color wp-elements-423aa450cd617e627f675969c4727515 wp-block-paragraph\"><strong>Si vous estimez que nous ne respectons pas cette politique de confidentialit\u00e9, vous devez nous contacter imm\u00e9diatement par t\u00e9l\u00e9phone au 302-603-1021 ou par courrier \u00e9lectronique \u00e0 l&#8217;adresse suivante <a href=\"mailto:info@quoris.com\"><mark style=\"background-color:rgba(0, 0, 0, 0)\" class=\"has-inline-color has-dark-blue-color\">info@quoris.com<\/mark><\/a>.<\/strong><\/p>\n<\/div>\n","protected":false},"excerpt":{"rendered":"","protected":false},"author":7,"featured_media":5964,"parent":0,"menu_order":0,"comment_status":"closed","ping_status":"closed","template":"","meta":{"_acf_changed":false,"_crdt_document":"","content-type":"","footnotes":""},"class_list":["post-4867","page","type-page","status-publish","has-post-thumbnail","hentry"],"acf":[],"yoast_head":"<!-- This site is optimized with the Yoast SEO plugin v27.4 - https:\/\/yoast.com\/product\/yoast-seo-wordpress\/ -->\n<title>Politique de confidentialit\u00e9 &#8212; Quoris<\/title>\n<meta name=\"description\" content=\"Politique de confidentialit\u00e9 Le pr\u00e9sent avis d\u00e9crit les pratiques en mati\u00e8re de protection de la vie priv\u00e9e sur le site quoris.com. Cet avis s&#039;applique\" \/>\n<meta name=\"robots\" content=\"noindex, follow, max-snippet:-1, max-image-preview:large, max-video-preview:-1\" \/>\n<meta property=\"og:locale\" content=\"fr_FR\" \/>\n<meta property=\"og:type\" content=\"article\" \/>\n<meta property=\"og:title\" content=\"Politique de confidentialit\u00e9 &#8212; Quoris\" \/>\n<meta property=\"og:description\" content=\"Politique de confidentialit\u00e9 Le pr\u00e9sent avis d\u00e9crit les pratiques en mati\u00e8re de protection de la vie priv\u00e9e sur le site quoris.com. Cet avis s&#039;applique\" \/>\n<meta property=\"og:url\" content=\"https:\/\/quoris.com\/fr\/politique-de-confidentialite\/\" \/>\n<meta property=\"og:site_name\" content=\"Quoris\" \/>\n<meta property=\"article:modified_time\" content=\"2026-02-24T16:07:50+00:00\" \/>\n<meta property=\"og:image\" content=\"https:\/\/quoris.com\/wp-content\/uploads\/2026\/02\/17.jpg\" \/>\n\t<meta property=\"og:image:width\" content=\"1200\" \/>\n\t<meta property=\"og:image:height\" content=\"900\" \/>\n\t<meta property=\"og:image:type\" content=\"image\/jpeg\" \/>\n<meta name=\"twitter:card\" content=\"summary_large_image\" \/>\n<meta name=\"twitter:label1\" content=\"Est. reading time\" \/>\n\t<meta name=\"twitter:data1\" content=\"5 minutes\" \/>\n<script type=\"application\/ld+json\" class=\"yoast-schema-graph\">{\"@context\":\"https:\\\/\\\/schema.org\",\"@graph\":[{\"@type\":\"WebPage\",\"@id\":\"https:\\\/\\\/quoris.com\\\/fr\\\/politique-de-confidentialite\\\/\",\"url\":\"https:\\\/\\\/quoris.com\\\/fr\\\/politique-de-confidentialite\\\/\",\"name\":\"Politique de confidentialit\u00e9 &#8212; Quoris\",\"isPartOf\":{\"@id\":\"https:\\\/\\\/quoris.com\\\/fr\\\/#website\"},\"primaryImageOfPage\":{\"@id\":\"https:\\\/\\\/quoris.com\\\/fr\\\/politique-de-confidentialite\\\/#primaryimage\"},\"image\":{\"@id\":\"https:\\\/\\\/quoris.com\\\/fr\\\/politique-de-confidentialite\\\/#primaryimage\"},\"thumbnailUrl\":\"https:\\\/\\\/quoris.com\\\/wp-content\\\/uploads\\\/2026\\\/02\\\/17.jpg\",\"datePublished\":\"2025-01-30T07:36:57+00:00\",\"dateModified\":\"2026-02-24T16:07:50+00:00\",\"description\":\"Politique de confidentialit\u00e9 Le pr\u00e9sent avis d\u00e9crit les pratiques en mati\u00e8re de protection de la vie priv\u00e9e sur le site quoris.com. Cet avis s'applique\",\"breadcrumb\":{\"@id\":\"https:\\\/\\\/quoris.com\\\/fr\\\/politique-de-confidentialite\\\/#breadcrumb\"},\"inLanguage\":\"fr-FR\",\"potentialAction\":[{\"@type\":\"ReadAction\",\"target\":[\"https:\\\/\\\/quoris.com\\\/fr\\\/politique-de-confidentialite\\\/\"]}]},{\"@type\":\"ImageObject\",\"inLanguage\":\"fr-FR\",\"@id\":\"https:\\\/\\\/quoris.com\\\/fr\\\/politique-de-confidentialite\\\/#primaryimage\",\"url\":\"https:\\\/\\\/quoris.com\\\/wp-content\\\/uploads\\\/2026\\\/02\\\/17.jpg\",\"contentUrl\":\"https:\\\/\\\/quoris.com\\\/wp-content\\\/uploads\\\/2026\\\/02\\\/17.jpg\",\"width\":1200,\"height\":900},{\"@type\":\"BreadcrumbList\",\"@id\":\"https:\\\/\\\/quoris.com\\\/fr\\\/politique-de-confidentialite\\\/#breadcrumb\",\"itemListElement\":[{\"@type\":\"ListItem\",\"position\":1,\"name\":\"Accueil\",\"item\":\"https:\\\/\\\/quoris.com\\\/fr\\\/\"},{\"@type\":\"ListItem\",\"position\":2,\"name\":\"Politique de confidentialit\u00e9\"}]},{\"@type\":\"WebSite\",\"@id\":\"https:\\\/\\\/quoris.com\\\/fr\\\/#website\",\"url\":\"https:\\\/\\\/quoris.com\\\/fr\\\/\",\"name\":\"Quoris Healthcare IT\",\"description\":\"\",\"publisher\":{\"@id\":\"https:\\\/\\\/quoris.com\\\/fr\\\/#organization\"},\"potentialAction\":[{\"@type\":\"SearchAction\",\"target\":{\"@type\":\"EntryPoint\",\"urlTemplate\":\"https:\\\/\\\/quoris.com\\\/fr\\\/?s={search_term_string}\"},\"query-input\":{\"@type\":\"PropertyValueSpecification\",\"valueRequired\":true,\"valueName\":\"search_term_string\"}}],\"inLanguage\":\"fr-FR\"},{\"@type\":\"Organization\",\"@id\":\"https:\\\/\\\/quoris.com\\\/fr\\\/#organization\",\"name\":\"Quoris Healthcare IT\",\"url\":\"https:\\\/\\\/quoris.com\\\/fr\\\/\",\"logo\":{\"@type\":\"ImageObject\",\"inLanguage\":\"fr-FR\",\"@id\":\"https:\\\/\\\/quoris.com\\\/fr\\\/#\\\/schema\\\/logo\\\/image\\\/\",\"url\":\"https:\\\/\\\/quoris.com\\\/wp-content\\\/uploads\\\/2025\\\/12\\\/pressrelease_575703_1763329356.jpg\",\"contentUrl\":\"https:\\\/\\\/quoris.com\\\/wp-content\\\/uploads\\\/2025\\\/12\\\/pressrelease_575703_1763329356.jpg\",\"width\":667,\"height\":350,\"caption\":\"Quoris Healthcare IT\"},\"image\":{\"@id\":\"https:\\\/\\\/quoris.com\\\/fr\\\/#\\\/schema\\\/logo\\\/image\\\/\"},\"sameAs\":[\"https:\\\/\\\/www.linkedin.com\\\/company\\\/quoris\\\/\"]}]}<\/script>\n<!-- \/ Yoast SEO plugin. -->","yoast_head_json":{"title":"Politique de confidentialit\u00e9 &#8212; Quoris","description":"Politique de confidentialit\u00e9 Le pr\u00e9sent avis d\u00e9crit les pratiques en mati\u00e8re de protection de la vie priv\u00e9e sur le site quoris.com. Cet avis s'applique","robots":{"index":"noindex","follow":"follow","max-snippet":"max-snippet:-1","max-image-preview":"max-image-preview:large","max-video-preview":"max-video-preview:-1"},"og_locale":"fr_FR","og_type":"article","og_title":"Politique de confidentialit\u00e9 &#8212; Quoris","og_description":"Politique de confidentialit\u00e9 Le pr\u00e9sent avis d\u00e9crit les pratiques en mati\u00e8re de protection de la vie priv\u00e9e sur le site quoris.com. Cet avis s'applique","og_url":"https:\/\/quoris.com\/fr\/politique-de-confidentialite\/","og_site_name":"Quoris","article_modified_time":"2026-02-24T16:07:50+00:00","og_image":[{"width":1200,"height":900,"url":"https:\/\/quoris.com\/wp-content\/uploads\/2026\/02\/17.jpg","type":"image\/jpeg"}],"twitter_card":"summary_large_image","twitter_misc":{"Est. reading time":"5 minutes"},"schema":{"@context":"https:\/\/schema.org","@graph":[{"@type":"WebPage","@id":"https:\/\/quoris.com\/fr\/politique-de-confidentialite\/","url":"https:\/\/quoris.com\/fr\/politique-de-confidentialite\/","name":"Politique de confidentialit\u00e9 &#8212; Quoris","isPartOf":{"@id":"https:\/\/quoris.com\/fr\/#website"},"primaryImageOfPage":{"@id":"https:\/\/quoris.com\/fr\/politique-de-confidentialite\/#primaryimage"},"image":{"@id":"https:\/\/quoris.com\/fr\/politique-de-confidentialite\/#primaryimage"},"thumbnailUrl":"https:\/\/quoris.com\/wp-content\/uploads\/2026\/02\/17.jpg","datePublished":"2025-01-30T07:36:57+00:00","dateModified":"2026-02-24T16:07:50+00:00","description":"Politique de confidentialit\u00e9 Le pr\u00e9sent avis d\u00e9crit les pratiques en mati\u00e8re de protection de la vie priv\u00e9e sur le site quoris.com. Cet avis s'applique","breadcrumb":{"@id":"https:\/\/quoris.com\/fr\/politique-de-confidentialite\/#breadcrumb"},"inLanguage":"fr-FR","potentialAction":[{"@type":"ReadAction","target":["https:\/\/quoris.com\/fr\/politique-de-confidentialite\/"]}]},{"@type":"ImageObject","inLanguage":"fr-FR","@id":"https:\/\/quoris.com\/fr\/politique-de-confidentialite\/#primaryimage","url":"https:\/\/quoris.com\/wp-content\/uploads\/2026\/02\/17.jpg","contentUrl":"https:\/\/quoris.com\/wp-content\/uploads\/2026\/02\/17.jpg","width":1200,"height":900},{"@type":"BreadcrumbList","@id":"https:\/\/quoris.com\/fr\/politique-de-confidentialite\/#breadcrumb","itemListElement":[{"@type":"ListItem","position":1,"name":"Accueil","item":"https:\/\/quoris.com\/fr\/"},{"@type":"ListItem","position":2,"name":"Politique de confidentialit\u00e9"}]},{"@type":"WebSite","@id":"https:\/\/quoris.com\/fr\/#website","url":"https:\/\/quoris.com\/fr\/","name":"Quoris Healthcare IT","description":"","publisher":{"@id":"https:\/\/quoris.com\/fr\/#organization"},"potentialAction":[{"@type":"SearchAction","target":{"@type":"EntryPoint","urlTemplate":"https:\/\/quoris.com\/fr\/?s={search_term_string}"},"query-input":{"@type":"PropertyValueSpecification","valueRequired":true,"valueName":"search_term_string"}}],"inLanguage":"fr-FR"},{"@type":"Organization","@id":"https:\/\/quoris.com\/fr\/#organization","name":"Quoris Healthcare IT","url":"https:\/\/quoris.com\/fr\/","logo":{"@type":"ImageObject","inLanguage":"fr-FR","@id":"https:\/\/quoris.com\/fr\/#\/schema\/logo\/image\/","url":"https:\/\/quoris.com\/wp-content\/uploads\/2025\/12\/pressrelease_575703_1763329356.jpg","contentUrl":"https:\/\/quoris.com\/wp-content\/uploads\/2025\/12\/pressrelease_575703_1763329356.jpg","width":667,"height":350,"caption":"Quoris Healthcare IT"},"image":{"@id":"https:\/\/quoris.com\/fr\/#\/schema\/logo\/image\/"},"sameAs":["https:\/\/www.linkedin.com\/company\/quoris\/"]}]}},"_links":{"self":[{"href":"https:\/\/quoris.com\/fr\/wp-json\/wp\/v2\/pages\/4867","targetHints":{"allow":["GET"]}}],"collection":[{"href":"https:\/\/quoris.com\/fr\/wp-json\/wp\/v2\/pages"}],"about":[{"href":"https:\/\/quoris.com\/fr\/wp-json\/wp\/v2\/types\/page"}],"author":[{"embeddable":true,"href":"https:\/\/quoris.com\/fr\/wp-json\/wp\/v2\/users\/7"}],"replies":[{"embeddable":true,"href":"https:\/\/quoris.com\/fr\/wp-json\/wp\/v2\/comments?post=4867"}],"version-history":[{"count":0,"href":"https:\/\/quoris.com\/fr\/wp-json\/wp\/v2\/pages\/4867\/revisions"}],"wp:featuredmedia":[{"embeddable":true,"href":"https:\/\/quoris.com\/fr\/wp-json\/wp\/v2\/media\/5964"}],"wp:attachment":[{"href":"https:\/\/quoris.com\/fr\/wp-json\/wp\/v2\/media?parent=4867"}],"curies":[{"name":"wp","href":"https:\/\/api.w.org\/{rel}","templated":true}]}}