{"id":6214,"date":"2026-04-09T11:13:04","date_gmt":"2026-04-09T18:13:04","guid":{"rendered":"https:\/\/quoris.com\/?page_id=6214"},"modified":"2026-04-09T11:17:00","modified_gmt":"2026-04-09T18:17:00","slug":"personal-epico","status":"publish","type":"page","link":"https:\/\/quoris.com\/es\/servicios\/historia-clinica-electronica\/personal-epico\/","title":{"rendered":"Excelencia \u00e9pica"},"content":{"rendered":"\n\n  <div\n    class=\"page-heading-block wp-block-group is-layout-constrained wp-block-group-is-layout-constrained is-style-background-horizontal-gradient-bars wp-elements-7631276771932a21786b398963b89eda alignfull wp-block-acf-page-heading-block has-text-color has-white-color has-background has-purple-background-color is-layout-flow wp-block-acf-page-heading-block-is-layout-flow\">\n  \n  <div class=\"page-heading-block-wrapper\">\n    <div class=\"acf-innerblocks-container\">\n  <div class=\" alignnone alignnone wp-block-acf-breadcrumbs\">\n            <div class=\"breadcrumbs\">\n        <a href=\"https:\/\/quoris.com\/es\/\" class=\"breadcrumb\">Home<\/a><span class=\"breadcrumb-separator\"><\/span><a href=\"https:\/\/quoris.com\/es\/servicios\/\" class=\"breadcrumb\">Servicios<\/a><span class=\"breadcrumb-separator\"><\/span><a href=\"https:\/\/quoris.com\/es\/servicios\/historia-clinica-electronica\/\" class=\"breadcrumb\">Historia Cl\u00ednica Electr\u00f3nica<\/a><span class=\"breadcrumb-separator\"><\/span>        <span class=\"breadcrumb\">Excelencia \u00e9pica<\/span>\n      <\/div>\n        <\/div>\n\n\n<h1 class=\"wp-block-heading page-title\">Excelencia \u00e9pica<\/h1>\n\n\n\n<div class=\"wp-block-group is-content-justification-left is-layout-constrained wp-container-core-group-is-layout-517f87fe wp-block-group-is-layout-constrained\">\n<p class=\"page-heading-intro-p wp-block-paragraph\">Tu camino hacia la Lista de Honor \u00c9pica comienza aqu\u00ed.<\/p>\n<\/div>\n\n<\/div>\n  <\/div>\n    <\/div>\n\n<div class=\"wp-block-group has-text-wrap-pretty is-layout-constrained wp-container-core-group-is-layout-9d5631e4 wp-block-group-is-layout-constrained\" style=\"margin-top:var(--wp--preset--spacing--80)\">\n<h2 class=\"wp-block-heading has-text-align-center\" style=\"margin-bottom:var(--wp--preset--spacing--20)\">Acerca de Epic Excellence<\/h2>\n\n\n\n<div class=\"wp-block-group is-layout-constrained wp-container-core-group-is-layout-15e220c5 wp-block-group-is-layout-constrained\" style=\"margin-top:0;margin-bottom:0;padding-top:0;padding-right:0;padding-bottom:0;padding-left:0\">\n<p class=\"has-text-align-center wp-block-paragraph\">La Subvenci\u00f3n al Buen Mantenimiento de Epic est\u00e1 ah\u00ed para los sistemas sanitarios que mantienen la excelencia. La mayor\u00eda cumple los requisitos sobre el papel. Su obtenci\u00f3n depende del ancho de banda, y ah\u00ed es donde la mayor\u00eda de los equipos se atascan.  <\/p>\n\n\n\n<p class=\"has-text-align-center wp-block-paragraph\">El Programa de Excelencia \u00c9pica de Quoris se ocupa de todo el camino hasta la Lista de Honor, para que tu equipo siga centrado en las operaciones. Trabajamos bajo tu gobierno y dentro de tu control de cambios existente, cubriendo todo, desde la auditor\u00eda inicial de deficiencias hasta la presentaci\u00f3n de la subvenci\u00f3n y la excelencia gestionada durante todo el a\u00f1o. Un compromiso. Cero tickets a\u00f1adidos a tu cola.   <\/p>\n\n\n\n<div class=\"wp-block-buttons is-content-justification-center is-layout-flex wp-container-core-buttons-is-layout-3e41869c wp-block-buttons-is-layout-flex\">\n<div class=\"wp-block-button is-style-arrow\"><a class=\"wp-block-button__link wp-element-button\" href=\"#Contact\">Empieza<\/a><\/div>\n<\/div>\n<\/div>\n<\/div>\n\n<div class=\"wp-block-columns is-layout-flex wp-container-core-columns-is-layout-7387b849 wp-block-columns-is-layout-flex\">\n<div class=\"wp-block-column is-layout-flow wp-block-column-is-layout-flow\">\n  <div\n    style=\"padding-top:var(--wp--preset--spacing--40);padding-bottom:var(--wp--preset--spacing--40);\" class=\"align wp-block-acf-card-grid\">\n  \n\n  <div class=\"row row-cols-1 fade-in-stagger row-cols-lg-3  row-cols-md-3 \">\n\n  <div\n    class=\"rollover-card align wp-block-acf-company-rollover-card\">\n        \n\n    <div class=\"acf-innerblocks-container\">\n\n<div class=\"wp-block-group rollover_card_block is-layout-constrained wp-block-group-is-layout-constrained\">\n<div class=\"wp-block-columns is-layout-flex wp-container-core-columns-is-layout-7387b849 wp-block-columns-is-layout-flex\">\n<div class=\"wp-block-column is-layout-flow wp-block-column-is-layout-flow\" style=\"flex-basis:100%\">\n<div class=\"wp-block-group rollover-card__card_front has-aqua-background-color has-background is-vertical is-layout-flex wp-container-core-group-is-layout-2c90304e wp-block-group-is-layout-flex\">\n<h2 class=\"wp-block-heading\">83%<\/h2>\n\n\n\n<h5 class=\"wp-block-heading has-text-align-center\">de centros Epic pierden anualmente la beca del Cuadro de Honor<\/h5>\n<\/div>\n<\/div>\n<\/div>\n<\/div>\n\n<\/div>\n\n            <\/div>\n\n\n\n  <div\n    class=\"rollover-card align wp-block-acf-company-rollover-card\">\n        \n\n    <div class=\"acf-innerblocks-container\">\n\n<div class=\"wp-block-group rollover_card_block is-layout-constrained wp-block-group-is-layout-constrained\">\n<div class=\"wp-block-group rollover-card__card_front has-aqua-background-color has-background is-vertical is-layout-flex wp-container-core-group-is-layout-2c90304e wp-block-group-is-layout-flex\">\n<h2 class=\"wp-block-heading\">$750K+<\/h2>\n\n\n\n<h5 class=\"wp-block-heading has-text-align-center\">subvenci\u00f3n m\u00e1xima anual no reclamada por sistema sanitario<\/h5>\n<\/div>\n<\/div>\n\n<\/div>\n\n            <\/div>\n\n\n\n  <div\n    class=\"rollover-card align wp-block-acf-company-rollover-card\">\n        \n\n    <div class=\"acf-innerblocks-container\">\n\n<div class=\"wp-block-group rollover_card_block is-layout-constrained wp-block-group-is-layout-constrained\">\n<div class=\"wp-block-group rollover-card__card_front has-aqua-background-color has-background is-vertical is-layout-flex wp-container-core-group-is-layout-2c90304e wp-block-group-is-layout-flex\">\n<h2 class=\"wp-block-heading\">#Raz\u00f3n n\u00ba 1<\/h2>\n\n\n\n<h5 class=\"wp-block-heading has-text-align-center\">Ancho de banda<strong>,<\/strong> no habilidad, no elegibilidad<\/h5>\n<\/div>\n<\/div>\n\n<\/div>\n\n            <\/div>\n\n<\/div>\n\n    <\/div>\n<\/div>\n<\/div>\n\n<div class=\"wp-block-group has-beige-background-color has-background has-text-wrap-pretty is-layout-constrained wp-container-core-group-is-layout-7b896703 wp-block-group-is-layout-constrained\" style=\"margin-top:var(--wp--preset--spacing--80);margin-bottom:var(--wp--preset--spacing--40);padding-top:var(--wp--preset--spacing--20);padding-bottom:var(--wp--preset--spacing--20)\">\n<h2 class=\"wp-block-heading has-text-align-center\" style=\"margin-top:var(--wp--preset--spacing--30);margin-bottom:var(--wp--preset--spacing--20)\">Se\u00f1ales de que est\u00e1s preparado<\/h2>\n\n\n\n<div class=\"wp-block-group is-layout-constrained wp-container-core-group-is-layout-15e220c5 wp-block-group-is-layout-constrained\" style=\"margin-top:0;margin-bottom:0;padding-top:0;padding-right:0;padding-bottom:0;padding-left:0\">\n<div class=\"wp-block-columns is-layout-flex wp-container-core-columns-is-layout-4eca9317 wp-block-columns-is-layout-flex\" style=\"margin-top:var(--wp--preset--spacing--40);margin-bottom:var(--wp--preset--spacing--40)\">\n<div class=\"wp-block-column is-layout-flow wp-block-column-is-layout-flow\">\n<ul class=\"wp-block-list\">\n<li>No ha pasado el Cuadro de Honor en el \u00faltimo ciclo de becas  <\/li>\n\n\n\n<li>Estrellas de Oro bajas o lagunas en la evaluaci\u00f3n  <\/li>\n\n\n\n<li>Equipo inform\u00e1tico consumido por las operaciones diarias  <\/li>\n<\/ul>\n<\/div>\n\n\n\n<div class=\"wp-block-column is-layout-flow wp-block-column-is-layout-flow\">\n<ul class=\"wp-block-list\">\n<li>5 o m\u00e1s a\u00f1os de vida en Epic<\/li>\n\n\n\n<li>El nuevo CIO busca un impacto mensurable<\/li>\n\n\n\n<li>En marcha la consolidaci\u00f3n tras la fusi\u00f3n<\/li>\n<\/ul>\n<\/div>\n<\/div>\n<\/div>\n<\/div>\n\n<div style=\"height:34px\" aria-hidden=\"true\" class=\"wp-block-spacer\"><\/div>\n\n<div class=\"wp-block-media-text is-stacked-on-mobile is-style-compact-layout\" style=\"margin-top:0;margin-bottom:0;padding-top:var(--wp--preset--spacing--20);padding-bottom:var(--wp--preset--spacing--20);grid-template-columns:47% auto\"><figure class=\"wp-block-media-text__media\"><img decoding=\"async\" width=\"1024\" height=\"768\" src=\"https:\/\/quoris.com\/wp-content\/uploads\/2026\/02\/19-1024x768.jpg\" alt=\"\" class=\"wp-image-5925 size-full\" srcset=\"https:\/\/quoris.com\/wp-content\/uploads\/2026\/02\/19-1024x768.jpg 1024w, https:\/\/quoris.com\/wp-content\/uploads\/2026\/02\/19-300x225.jpg 300w, https:\/\/quoris.com\/wp-content\/uploads\/2026\/02\/19-768x576.jpg 768w, https:\/\/quoris.com\/wp-content\/uploads\/2026\/02\/19.jpg 1200w\" sizes=\"(max-width: 1024px) 100vw, 1024px\" \/><\/figure><div class=\"wp-block-media-text__content\">\n<h2 class=\"wp-block-heading\">Tres Pilares. Un Socio. <\/h2>\n\n\n\n<p class=\"wp-block-paragraph\"><strong>Lista de Honor<\/strong>: Completamos la lista de comprobaci\u00f3n de reparaci\u00f3n para que consigas una subvenci\u00f3n anual de entre 200.000 y 750.000 $ o m\u00e1s.<\/p>\n\n\n\n<p class=\"wp-block-paragraph\"><strong>Estrellas de Oro<\/strong>: Optimizamos los m\u00f3dulos y flujos de trabajo infrautilizados de Epic para obtener puntuaciones m\u00e1s altas y un mayor ROI de tu inversi\u00f3n en Epic.<\/p>\n\n\n\n<p class=\"wp-block-paragraph\"><strong>Moneda de versi\u00f3n<\/strong>: Liquidamos las actualizaciones retrasadas para que mantengas la plena elegibilidad para las subvenciones y las nuevas funciones de Epic con cero deuda t\u00e9cnica.<\/p>\n\n\n\n<p class=\"wp-block-paragraph\">Estos tres pilares son interdependientes.  <\/p>\n\n\n\n<p class=\"wp-block-paragraph\">Quoris gestiona los tres para que tu equipo no tenga que elegir.<\/p>\n<\/div><\/div>\n\n<div style=\"height:40px\" aria-hidden=\"true\" class=\"wp-block-spacer\"><\/div>\n\n  <div\n    style=\"margin-top:var(--wp--preset--spacing--80);margin-bottom:var(--wp--preset--spacing--40);\" class=\"align wp-block-acf-timeline-carousel\">\n    <div class=\"timeline-carousel__inner block__inner \">\n    <div class=\"timeline-carousel__header\">\n      <div class=\"timeline-carousel__header__inner\">\n        <h2 class=\"wp-block-heading\" data-acf-inline-contenteditable=\"1\" data-acf-inline-contenteditable-field-slug=\"timeline_header\" data-acf-placeholder=\"Type to edit...\" >\n          Un camino previsible hacia el Cuadro de Honor        <\/h2>\n        <p data-acf-inline-contenteditable=\"1\" data-acf-inline-contenteditable-field-slug=\"timeline_intro\" data-acf-placeholder=\"Type to edit...\" >\n          Deja que te ayudemos a llegar a donde necesitas.        <\/p>\n      <\/div>\n      <div class=\"timeline-carousel__arrows\">\n        <button type=\"button\" class=\"slick-prev slick-arrow \"><span class=\"sr-only\">Previous<\/span><\/button>\n        <button type=\"button\" class=\"slick-next slick-arrow\"><span class=\"sr-only\">Next<\/span><\/button>\n      <\/div>\n    <\/div>\n    <div class=\"timeline-carousel__slides\">\n      <div class=\"carousel-list\">\n        <div class=\"carousel-track \">\n\n  <div\n    class=\"align wp-block-acf-timeline-card\">\n  \n\n  <div class=\"acf-innerblocks-container\">\n\n<p class=\"text-statistic has-large-font-size wp-block-paragraph\"><strong>Fase 1<\/strong><\/p>\n\n\n\n<p class=\"wp-block-paragraph\">Eval\u00faa el estado, entrega una hoja de ruta priorizada.<\/p>\n\n<\/div>\n\n    <\/div>\n\n\n\n  <div\n    class=\"align wp-block-acf-timeline-card\">\n  \n\n  <div class=\"acf-innerblocks-container\">\n\n<p class=\"text-statistic has-large-font-size wp-block-paragraph\"><strong>Fase 2<\/strong><\/p>\n\n\n\n<p class=\"wp-block-paragraph\">Construcci\u00f3n y configuraci\u00f3n pr\u00e1cticas para cerrar todas las brechas con un impacto cero en tu equipo.<\/p>\n\n<\/div>\n\n    <\/div>\n\n\n\n  <div\n    class=\"align wp-block-acf-timeline-card\">\n  \n\n  <div class=\"acf-innerblocks-container\">\n\n<p class=\"text-statistic has-large-font-size wp-block-paragraph\"><strong>Fase 3<\/strong><\/p>\n\n\n\n<p class=\"wp-block-paragraph\">Punt\u00faa el entorno seg\u00fan la r\u00fabrica de Epic. Confirma que est\u00e1 listo antes de enviarlo. Sin sorpresas.  <\/p>\n\n<\/div>\n\n    <\/div>\n\n\n\n  <div\n    class=\"align wp-block-acf-timeline-card\">\n  \n\n  <div class=\"acf-innerblocks-container\">\n\n<p class=\"text-statistic has-large-font-size wp-block-paragraph\"><strong>Fase 4<\/strong><\/p>\n\n\n\n<p class=\"wp-block-paragraph\">Presentar una solicitud de subvenci\u00f3n certificada. Entregar hoja de ruta de mantenimiento de 12 meses. <\/p>\n\n<\/div>\n\n    <\/div>\n\n\n\n  <div\n    class=\"align wp-block-acf-timeline-card\">\n  \n\n  <div class=\"acf-innerblocks-container\">\n\n<p class=\"text-statistic has-large-font-size wp-block-paragraph\"><strong>En curso  <\/strong><\/p>\n\n\n\n<p class=\"wp-block-paragraph\">Mantenimiento durante todo el a\u00f1o, garantizando que la subvenci\u00f3n se capte de nuevo el pr\u00f3ximo ciclo, con un cuadro de mando ejecutivo mensual y revisiones trimestrales del negocio.<\/p>\n\n<\/div>\n\n    <\/div>\n\n<\/div>\n      <\/div>\n    <\/div>\n  <\/div>\n    <\/div>\n\n<div class=\"wp-block-group has-text-wrap-pretty is-layout-constrained wp-container-core-group-is-layout-9d5631e4 wp-block-group-is-layout-constrained\" style=\"margin-top:var(--wp--preset--spacing--80)\">\n<h2 class=\"wp-block-heading has-text-align-center\" id=\"Contact\" style=\"margin-bottom:var(--wp--preset--spacing--20)\">\u00bfListo para empezar? Env\u00edanos una solicitud. <\/h2>\n<\/div>\n\n<script src=\"https:\/\/js.hsforms.net\/forms\/embed\/50252001.js\" defer=\"defer\"><\/script>\n<div class=\"hs-form-frame\" data-region=\"na1\" data-form-id=\"33754f14-a1bd-4a97-b23e-a38dd4a0ee67\" data-portal-id=\"50252001\"><\/div>\n\n<p class=\"wp-block-paragraph\"><\/p>\n","protected":false},"excerpt":{"rendered":"<p>Tres Pilares. Un Socio. Lista de Honor: Completamos la lista de comprobaci\u00f3n de reparaci\u00f3n para que consigas una subvenci\u00f3n anual de entre 200.000 y 750.000 $ o m\u00e1s. Estrellas de Oro: Optimizamos los m\u00f3dulos y flujos de trabajo infrautilizados de Epic para obtener puntuaciones m\u00e1s altas y un mayor ROI de tu inversi\u00f3n en Epic. [&hellip;]<\/p>\n","protected":false},"author":7,"featured_media":5945,"parent":4925,"menu_order":0,"comment_status":"closed","ping_status":"closed","template":"","meta":{"_acf_changed":false,"_crdt_document":"","content-type":"","footnotes":""},"class_list":["post-6214","page","type-page","status-publish","has-post-thumbnail","hentry"],"acf":[],"yoast_head":"<!-- This site is optimized with the Yoast SEO plugin v27.4 - https:\/\/yoast.com\/product\/yoast-seo-wordpress\/ -->\n<title>Excelencia \u00c9pica | Optimizaci\u00f3n \u00c9pica y Subvenci\u00f3n de la Lista de Honor<\/title>\n<meta name=\"description\" content=\"El Programa de Excelencia \u00c9pica de Quoris absorbe toda la carga de trabajo. Gestionamos todo el ciclo de vida del Cuadro de Honor bajo tu gobierno y dentro de tu control de cambios existente.\" \/>\n<meta name=\"robots\" content=\"noindex, follow, max-snippet:-1, max-image-preview:large, max-video-preview:-1\" \/>\n<meta property=\"og:locale\" content=\"es_ES\" \/>\n<meta property=\"og:type\" content=\"article\" \/>\n<meta property=\"og:title\" content=\"Excelencia \u00c9pica | Optimizaci\u00f3n \u00c9pica y Subvenci\u00f3n de la Lista de Honor\" \/>\n<meta property=\"og:description\" content=\"El Programa de Excelencia \u00c9pica de Quoris absorbe toda la carga de trabajo. Gestionamos todo el ciclo de vida del Cuadro de Honor bajo tu gobierno y dentro de tu control de cambios existente.\" \/>\n<meta property=\"og:url\" content=\"https:\/\/quoris.com\/es\/servicios\/historia-clinica-electronica\/personal-epico\/\" \/>\n<meta property=\"og:site_name\" content=\"Quoris\" \/>\n<meta property=\"article:modified_time\" content=\"2026-04-09T18:17:00+00:00\" \/>\n<meta property=\"og:image\" content=\"https:\/\/quoris.com\/wp-content\/uploads\/2026\/02\/13.jpg\" \/>\n\t<meta property=\"og:image:width\" content=\"1200\" \/>\n\t<meta property=\"og:image:height\" content=\"900\" \/>\n\t<meta property=\"og:image:type\" content=\"image\/jpeg\" \/>\n<meta name=\"twitter:card\" content=\"summary_large_image\" \/>\n<meta name=\"twitter:label1\" content=\"Est. reading time\" \/>\n\t<meta name=\"twitter:data1\" content=\"2 minutes\" \/>\n<script type=\"application\/ld+json\" class=\"yoast-schema-graph\">{\"@context\":\"https:\\\/\\\/schema.org\",\"@graph\":[{\"@type\":\"WebPage\",\"@id\":\"https:\\\/\\\/quoris.com\\\/es\\\/servicios\\\/historia-clinica-electronica\\\/personal-epico\\\/\",\"url\":\"https:\\\/\\\/quoris.com\\\/es\\\/servicios\\\/historia-clinica-electronica\\\/personal-epico\\\/\",\"name\":\"Excelencia \u00c9pica | Optimizaci\u00f3n \u00c9pica y Subvenci\u00f3n de la Lista de Honor\",\"isPartOf\":{\"@id\":\"https:\\\/\\\/quoris.com\\\/es\\\/#website\"},\"primaryImageOfPage\":{\"@id\":\"https:\\\/\\\/quoris.com\\\/es\\\/servicios\\\/historia-clinica-electronica\\\/personal-epico\\\/#primaryimage\"},\"image\":{\"@id\":\"https:\\\/\\\/quoris.com\\\/es\\\/servicios\\\/historia-clinica-electronica\\\/personal-epico\\\/#primaryimage\"},\"thumbnailUrl\":\"https:\\\/\\\/quoris.com\\\/wp-content\\\/uploads\\\/2026\\\/02\\\/13.jpg\",\"datePublished\":\"2026-04-09T18:13:04+00:00\",\"dateModified\":\"2026-04-09T18:17:00+00:00\",\"description\":\"El Programa de Excelencia \u00c9pica de Quoris absorbe toda la carga de trabajo. Gestionamos todo el ciclo de vida del Cuadro de Honor bajo tu gobierno y dentro de tu control de cambios existente.\",\"breadcrumb\":{\"@id\":\"https:\\\/\\\/quoris.com\\\/es\\\/servicios\\\/historia-clinica-electronica\\\/personal-epico\\\/#breadcrumb\"},\"inLanguage\":\"es-ES\",\"potentialAction\":[{\"@type\":\"ReadAction\",\"target\":[\"https:\\\/\\\/quoris.com\\\/es\\\/servicios\\\/historia-clinica-electronica\\\/personal-epico\\\/\"]}]},{\"@type\":\"ImageObject\",\"inLanguage\":\"es-ES\",\"@id\":\"https:\\\/\\\/quoris.com\\\/es\\\/servicios\\\/historia-clinica-electronica\\\/personal-epico\\\/#primaryimage\",\"url\":\"https:\\\/\\\/quoris.com\\\/wp-content\\\/uploads\\\/2026\\\/02\\\/13.jpg\",\"contentUrl\":\"https:\\\/\\\/quoris.com\\\/wp-content\\\/uploads\\\/2026\\\/02\\\/13.jpg\",\"width\":1200,\"height\":900},{\"@type\":\"BreadcrumbList\",\"@id\":\"https:\\\/\\\/quoris.com\\\/es\\\/servicios\\\/historia-clinica-electronica\\\/personal-epico\\\/#breadcrumb\",\"itemListElement\":[{\"@type\":\"ListItem\",\"position\":1,\"name\":\"Inicio\",\"item\":\"https:\\\/\\\/quoris.com\\\/es\\\/\"},{\"@type\":\"ListItem\",\"position\":2,\"name\":\"Servicios\",\"item\":\"https:\\\/\\\/quoris.com\\\/es\\\/servicios\\\/\"},{\"@type\":\"ListItem\",\"position\":3,\"name\":\"Historia Cl\u00ednica Electr\u00f3nica\",\"item\":\"https:\\\/\\\/quoris.com\\\/es\\\/servicios\\\/historia-clinica-electronica\\\/\"},{\"@type\":\"ListItem\",\"position\":4,\"name\":\"Excelencia \u00e9pica\"}]},{\"@type\":\"WebSite\",\"@id\":\"https:\\\/\\\/quoris.com\\\/es\\\/#website\",\"url\":\"https:\\\/\\\/quoris.com\\\/es\\\/\",\"name\":\"Quoris Healthcare IT\",\"description\":\"\",\"publisher\":{\"@id\":\"https:\\\/\\\/quoris.com\\\/es\\\/#organization\"},\"potentialAction\":[{\"@type\":\"SearchAction\",\"target\":{\"@type\":\"EntryPoint\",\"urlTemplate\":\"https:\\\/\\\/quoris.com\\\/es\\\/?s={search_term_string}\"},\"query-input\":{\"@type\":\"PropertyValueSpecification\",\"valueRequired\":true,\"valueName\":\"search_term_string\"}}],\"inLanguage\":\"es-ES\"},{\"@type\":\"Organization\",\"@id\":\"https:\\\/\\\/quoris.com\\\/es\\\/#organization\",\"name\":\"Quoris Healthcare IT\",\"url\":\"https:\\\/\\\/quoris.com\\\/es\\\/\",\"logo\":{\"@type\":\"ImageObject\",\"inLanguage\":\"es-ES\",\"@id\":\"https:\\\/\\\/quoris.com\\\/es\\\/#\\\/schema\\\/logo\\\/image\\\/\",\"url\":\"https:\\\/\\\/quoris.com\\\/wp-content\\\/uploads\\\/2025\\\/12\\\/pressrelease_575703_1763329356.jpg\",\"contentUrl\":\"https:\\\/\\\/quoris.com\\\/wp-content\\\/uploads\\\/2025\\\/12\\\/pressrelease_575703_1763329356.jpg\",\"width\":667,\"height\":350,\"caption\":\"Quoris Healthcare IT\"},\"image\":{\"@id\":\"https:\\\/\\\/quoris.com\\\/es\\\/#\\\/schema\\\/logo\\\/image\\\/\"},\"sameAs\":[\"https:\\\/\\\/www.linkedin.com\\\/company\\\/quoris\\\/\"]}]}<\/script>\n<!-- \/ Yoast SEO plugin. -->","yoast_head_json":{"title":"Excelencia \u00c9pica | Optimizaci\u00f3n \u00c9pica y Subvenci\u00f3n de la Lista de Honor","description":"El Programa de Excelencia \u00c9pica de Quoris absorbe toda la carga de trabajo. Gestionamos todo el ciclo de vida del Cuadro de Honor bajo tu gobierno y dentro de tu control de cambios existente.","robots":{"index":"noindex","follow":"follow","max-snippet":"max-snippet:-1","max-image-preview":"max-image-preview:large","max-video-preview":"max-video-preview:-1"},"og_locale":"es_ES","og_type":"article","og_title":"Excelencia \u00c9pica | Optimizaci\u00f3n \u00c9pica y Subvenci\u00f3n de la Lista de Honor","og_description":"El Programa de Excelencia \u00c9pica de Quoris absorbe toda la carga de trabajo. Gestionamos todo el ciclo de vida del Cuadro de Honor bajo tu gobierno y dentro de tu control de cambios existente.","og_url":"https:\/\/quoris.com\/es\/servicios\/historia-clinica-electronica\/personal-epico\/","og_site_name":"Quoris","article_modified_time":"2026-04-09T18:17:00+00:00","og_image":[{"width":1200,"height":900,"url":"https:\/\/quoris.com\/wp-content\/uploads\/2026\/02\/13.jpg","type":"image\/jpeg"}],"twitter_card":"summary_large_image","twitter_misc":{"Est. reading time":"2 minutes"},"schema":{"@context":"https:\/\/schema.org","@graph":[{"@type":"WebPage","@id":"https:\/\/quoris.com\/es\/servicios\/historia-clinica-electronica\/personal-epico\/","url":"https:\/\/quoris.com\/es\/servicios\/historia-clinica-electronica\/personal-epico\/","name":"Excelencia \u00c9pica | Optimizaci\u00f3n \u00c9pica y Subvenci\u00f3n de la Lista de Honor","isPartOf":{"@id":"https:\/\/quoris.com\/es\/#website"},"primaryImageOfPage":{"@id":"https:\/\/quoris.com\/es\/servicios\/historia-clinica-electronica\/personal-epico\/#primaryimage"},"image":{"@id":"https:\/\/quoris.com\/es\/servicios\/historia-clinica-electronica\/personal-epico\/#primaryimage"},"thumbnailUrl":"https:\/\/quoris.com\/wp-content\/uploads\/2026\/02\/13.jpg","datePublished":"2026-04-09T18:13:04+00:00","dateModified":"2026-04-09T18:17:00+00:00","description":"El Programa de Excelencia \u00c9pica de Quoris absorbe toda la carga de trabajo. Gestionamos todo el ciclo de vida del Cuadro de Honor bajo tu gobierno y dentro de tu control de cambios existente.","breadcrumb":{"@id":"https:\/\/quoris.com\/es\/servicios\/historia-clinica-electronica\/personal-epico\/#breadcrumb"},"inLanguage":"es-ES","potentialAction":[{"@type":"ReadAction","target":["https:\/\/quoris.com\/es\/servicios\/historia-clinica-electronica\/personal-epico\/"]}]},{"@type":"ImageObject","inLanguage":"es-ES","@id":"https:\/\/quoris.com\/es\/servicios\/historia-clinica-electronica\/personal-epico\/#primaryimage","url":"https:\/\/quoris.com\/wp-content\/uploads\/2026\/02\/13.jpg","contentUrl":"https:\/\/quoris.com\/wp-content\/uploads\/2026\/02\/13.jpg","width":1200,"height":900},{"@type":"BreadcrumbList","@id":"https:\/\/quoris.com\/es\/servicios\/historia-clinica-electronica\/personal-epico\/#breadcrumb","itemListElement":[{"@type":"ListItem","position":1,"name":"Inicio","item":"https:\/\/quoris.com\/es\/"},{"@type":"ListItem","position":2,"name":"Servicios","item":"https:\/\/quoris.com\/es\/servicios\/"},{"@type":"ListItem","position":3,"name":"Historia Cl\u00ednica Electr\u00f3nica","item":"https:\/\/quoris.com\/es\/servicios\/historia-clinica-electronica\/"},{"@type":"ListItem","position":4,"name":"Excelencia \u00e9pica"}]},{"@type":"WebSite","@id":"https:\/\/quoris.com\/es\/#website","url":"https:\/\/quoris.com\/es\/","name":"Quoris Healthcare IT","description":"","publisher":{"@id":"https:\/\/quoris.com\/es\/#organization"},"potentialAction":[{"@type":"SearchAction","target":{"@type":"EntryPoint","urlTemplate":"https:\/\/quoris.com\/es\/?s={search_term_string}"},"query-input":{"@type":"PropertyValueSpecification","valueRequired":true,"valueName":"search_term_string"}}],"inLanguage":"es-ES"},{"@type":"Organization","@id":"https:\/\/quoris.com\/es\/#organization","name":"Quoris Healthcare IT","url":"https:\/\/quoris.com\/es\/","logo":{"@type":"ImageObject","inLanguage":"es-ES","@id":"https:\/\/quoris.com\/es\/#\/schema\/logo\/image\/","url":"https:\/\/quoris.com\/wp-content\/uploads\/2025\/12\/pressrelease_575703_1763329356.jpg","contentUrl":"https:\/\/quoris.com\/wp-content\/uploads\/2025\/12\/pressrelease_575703_1763329356.jpg","width":667,"height":350,"caption":"Quoris Healthcare IT"},"image":{"@id":"https:\/\/quoris.com\/es\/#\/schema\/logo\/image\/"},"sameAs":["https:\/\/www.linkedin.com\/company\/quoris\/"]}]}},"_links":{"self":[{"href":"https:\/\/quoris.com\/es\/wp-json\/wp\/v2\/pages\/6214","targetHints":{"allow":["GET"]}}],"collection":[{"href":"https:\/\/quoris.com\/es\/wp-json\/wp\/v2\/pages"}],"about":[{"href":"https:\/\/quoris.com\/es\/wp-json\/wp\/v2\/types\/page"}],"author":[{"embeddable":true,"href":"https:\/\/quoris.com\/es\/wp-json\/wp\/v2\/users\/7"}],"replies":[{"embeddable":true,"href":"https:\/\/quoris.com\/es\/wp-json\/wp\/v2\/comments?post=6214"}],"version-history":[{"count":0,"href":"https:\/\/quoris.com\/es\/wp-json\/wp\/v2\/pages\/6214\/revisions"}],"up":[{"embeddable":true,"href":"https:\/\/quoris.com\/es\/wp-json\/wp\/v2\/pages\/4925"}],"wp:featuredmedia":[{"embeddable":true,"href":"https:\/\/quoris.com\/es\/wp-json\/wp\/v2\/media\/5945"}],"wp:attachment":[{"href":"https:\/\/quoris.com\/es\/wp-json\/wp\/v2\/media?parent=6214"}],"curies":[{"name":"wp","href":"https:\/\/api.w.org\/{rel}","templated":true}]}}