{"id":6081,"date":"2026-03-13T12:35:28","date_gmt":"2026-03-13T19:35:28","guid":{"rendered":"https:\/\/quoris.com\/?page_id=6081"},"modified":"2026-03-16T11:56:02","modified_gmt":"2026-03-16T18:56:02","slug":"recarga-epica","status":"publish","type":"page","link":"https:\/\/quoris.com\/es\/servicios\/soluciones-de-personal-informatico-sanitario\/recarga-epica\/","title":{"rendered":"Personal \u00c9pico"},"content":{"rendered":"\n\n  <div\n    class=\"page-heading-block wp-block-group is-layout-constrained wp-block-group-is-layout-constrained is-style-background-horizontal-gradient-bars wp-elements-134c60b98ffc52b3f1f248057e649e9c alignfull wp-block-acf-page-heading-block has-text-color has-white-color has-background has-purple-background-color is-layout-flow wp-block-acf-page-heading-block-is-layout-flow\">\n  \n  <div class=\"page-heading-block-wrapper\">\n    <div class=\"acf-innerblocks-container\">\n  <div class=\" alignnone alignnone wp-block-acf-breadcrumbs\">\n            <div class=\"breadcrumbs\">\n        <a href=\"https:\/\/quoris.com\/es\/\" class=\"breadcrumb\">Home<\/a><span class=\"breadcrumb-separator\"><\/span><a href=\"https:\/\/quoris.com\/es\/servicios\/\" class=\"breadcrumb\">Servicios<\/a><span class=\"breadcrumb-separator\"><\/span><a href=\"https:\/\/quoris.com\/es\/servicios\/soluciones-de-personal-informatico-sanitario\/\" class=\"breadcrumb\">Soluciones de personal inform\u00e1tico sanitario<\/a><span class=\"breadcrumb-separator\"><\/span>        <span class=\"breadcrumb\">Personal \u00c9pico<\/span>\n      <\/div>\n        <\/div>\n\n\n<h1 class=\"wp-block-heading page-title\">Personal \u00c9pico<\/h1>\n\n\n\n<div class=\"wp-block-group is-content-justification-left is-layout-constrained wp-container-core-group-is-layout-517f87fe wp-block-group-is-layout-constrained\">\n<p class=\"page-heading-intro-p wp-block-paragraph\">Expertos \u00e9picos colocados por impacto, no s\u00f3lo por disponibilidad<\/p>\n<\/div>\n\n<\/div>\n  <\/div>\n    <\/div>\n\n<div class=\"wp-block-group has-text-wrap-pretty is-layout-constrained wp-container-core-group-is-layout-9d5631e4 wp-block-group-is-layout-constrained\" style=\"margin-top:var(--wp--preset--spacing--80)\">\n<h2 class=\"wp-block-heading has-text-align-center\" style=\"margin-bottom:var(--wp--preset--spacing--20)\">Acerca de Epic Staffing<\/h2>\n\n\n\n<div class=\"wp-block-group is-layout-constrained wp-container-core-group-is-layout-15e220c5 wp-block-group-is-layout-constrained\" style=\"margin-top:0;margin-bottom:0;padding-top:0;padding-right:0;padding-bottom:0;padding-left:0\">\n<p class=\"has-text-align-center wp-block-paragraph\">Quoris ofrece soluciones integrales de dotaci\u00f3n de personal para Epic que ayudan a las organizaciones sanitarias a implantar, estabilizar, optimizar y ampliar sus entornos Epic. Desde expertos individuales certificados hasta equipos Epic totalmente gestionados, proporcionamos el talento adecuado en el momento adecuado, sin sacrificar la calidad, la continuidad ni los resultados. <\/p>\n\n\n\n<div class=\"wp-block-buttons is-content-justification-center is-layout-flex wp-container-core-buttons-is-layout-3e41869c wp-block-buttons-is-layout-flex\">\n<div class=\"wp-block-button is-style-arrow\"><a class=\"wp-block-button__link wp-element-button\" href=\"#Contact\">Empieza<\/a><\/div>\n<\/div>\n<\/div>\n<\/div>\n\n<div class=\"wp-block-group has-beige-background-color has-background has-text-wrap-pretty is-layout-constrained wp-container-core-group-is-layout-7b896703 wp-block-group-is-layout-constrained\" style=\"margin-top:var(--wp--preset--spacing--80);margin-bottom:var(--wp--preset--spacing--40);padding-top:var(--wp--preset--spacing--20);padding-bottom:var(--wp--preset--spacing--20)\">\n<h2 class=\"wp-block-heading has-text-align-center\" style=\"margin-top:var(--wp--preset--spacing--30);margin-bottom:var(--wp--preset--spacing--20)\">Nuestro personal<\/h2>\n\n\n\n<div class=\"wp-block-group is-layout-constrained wp-container-core-group-is-layout-15e220c5 wp-block-group-is-layout-constrained\" style=\"margin-top:0;margin-bottom:0;padding-top:0;padding-right:0;padding-bottom:0;padding-left:0\">\n<div class=\"wp-block-columns is-layout-flex wp-container-core-columns-is-layout-4eca9317 wp-block-columns-is-layout-flex\" style=\"margin-top:var(--wp--preset--spacing--40);margin-bottom:var(--wp--preset--spacing--40)\">\n<div class=\"wp-block-column is-layout-flow wp-block-column-is-layout-flow\">\n<ul class=\"wp-block-list\">\n<li>Constructores y analistas certificados por Epic<\/li>\n\n\n\n<li>Formadores acreditados Epic, Formadores Principales y Dise\u00f1adores de Instrucci\u00f3n<\/li>\n\n\n\n<li>Gestores de proyectos y directores de programas<\/li>\n\n\n\n<li>Coordinadores de aplicaciones<\/li>\n\n\n\n<li>Especialistas en integraci\u00f3n e interfaces<\/li>\n<\/ul>\n<\/div>\n\n\n\n<div class=\"wp-block-column is-layout-flow wp-block-column-is-layout-flow\">\n<ul class=\"wp-block-list\">\n<li>Ciclo de ingresos Epic PYME<\/li>\n\n\n\n<li>Especialistas en dise\u00f1o y (re)dise\u00f1o de flujos de trabajo<\/li>\n\n\n\n<li>Analistas remotos de soporte de aplicaciones Epic<\/li>\n\n\n\n<li>Especialistas en migraci\u00f3n de datos<\/li>\n\n\n\n<li>Arquitectos t\u00e9cnicos<\/li>\n<\/ul>\n<\/div>\n<\/div>\n<\/div>\n<\/div>\n\n<div style=\"height:34px\" aria-hidden=\"true\" class=\"wp-block-spacer\"><\/div>\n\n<div class=\"wp-block-media-text is-stacked-on-mobile is-style-compact-layout\" style=\"margin-top:0;margin-bottom:0;padding-top:var(--wp--preset--spacing--20);padding-bottom:var(--wp--preset--spacing--20);grid-template-columns:47% auto\"><figure class=\"wp-block-media-text__media\"><img decoding=\"async\" width=\"1024\" height=\"768\" src=\"https:\/\/quoris.com\/wp-content\/uploads\/2026\/02\/19-1024x768.jpg\" alt=\"\" class=\"wp-image-5925 size-full\" srcset=\"https:\/\/quoris.com\/wp-content\/uploads\/2026\/02\/19-1024x768.jpg 1024w, https:\/\/quoris.com\/wp-content\/uploads\/2026\/02\/19-300x225.jpg 300w, https:\/\/quoris.com\/wp-content\/uploads\/2026\/02\/19-768x576.jpg 768w, https:\/\/quoris.com\/wp-content\/uploads\/2026\/02\/19.jpg 1200w\" sizes=\"(max-width: 1024px) 100vw, 1024px\" \/><\/figure><div class=\"wp-block-media-text__content\">\n<h2 class=\"wp-block-heading\">Soporte integral de Epic<\/h2>\n\n\n\n<p class=\"wp-block-paragraph\">Desde la estabilizaci\u00f3n del sistema heredado hasta la puesta en marcha, la optimizaci\u00f3n posterior y la migraci\u00f3n de datos, Quoris cubre todas las fases de tu viaje hacia Epic. Las implantaciones de Epic son complejas, y el margen de interrupci\u00f3n es escaso. Nuestros especialistas certificados intervienen donde m\u00e1s los necesitas, protegiendo la capacidad de tu equipo mientras mantienen las operaciones en marcha y los resultados en el buen camino para que tu organizaci\u00f3n cruce la l\u00ednea de meta con confianza.  <\/p>\n\n\n\n<p class=\"wp-block-paragraph\"><strong>\u00bfPor qu\u00e9 Quoris?<\/strong><\/p>\n\n\n\n<ul class=\"wp-block-list\">\n<li>2xBestin KLAS Externalizaci\u00f3n Parcial de TI<\/li>\n\n\n\n<li>Modelo de compromiso de alto contacto<\/li>\n\n\n\n<li>Riguroso proceso de selecci\u00f3n de talentos en 6 pasos<\/li>\n\n\n\n<li>Marco probado de garant\u00eda de calidad y gobernanza<\/li>\n\n\n\n<li>Soporte para <span style=\"text-decoration: underline;\">todos los<\/span>m\u00f3dulos de Epic  <\/li>\n\n\n\n<li>70% de colocaci\u00f3n de referencia<\/li>\n\n\n\n<li>Alcance mundial<\/li>\n<\/ul>\n<\/div><\/div>\n\n<div style=\"height:40px\" aria-hidden=\"true\" class=\"wp-block-spacer\"><\/div>\n\n<h2 class=\"wp-block-heading has-text-align-center\">Nuestros modelos ganadores<\/h2>\n\n<div class=\"wp-block-columns is-layout-flex wp-container-core-columns-is-layout-7387b849 wp-block-columns-is-layout-flex\">\n<div class=\"wp-block-column has-beige-background-color has-background is-layout-flow wp-block-column-is-layout-flow\">\n<div style=\"height:20px\" aria-hidden=\"true\" class=\"wp-block-spacer\"><\/div>\n\n\n\n<p class=\"has-orange-color has-text-color has-link-color wp-elements-5c27e8fd39780dbf6cce54b653b59ef3 wp-block-paragraph\"><strong>Aumento de personal experto<\/strong><\/p>\n\n\n\n<p class=\"wp-block-paragraph\">Recursos \u00c9picos a corto o largo plazo que complementan a los equipos internos, reducen el agotamiento y soportan los picos de trabajo.<\/p>\n\n\n\n<div style=\"height:20px\" aria-hidden=\"true\" class=\"wp-block-spacer\"><\/div>\n<\/div>\n\n\n\n<div class=\"wp-block-column has-beige-background-color has-background is-layout-flow wp-block-column-is-layout-flow\">\n<div style=\"height:20px\" aria-hidden=\"true\" class=\"wp-block-spacer\"><\/div>\n\n\n\n<p class=\"has-orange-color has-text-color has-link-color wp-elements-bc96ec0adc2e9bedb512731b83161e8a wp-block-paragraph\"><strong>Contrato de trabajo y contrataci\u00f3n directa<\/strong><\/p>\n\n\n\n<p class=\"wp-block-paragraph\">V\u00edas de contrataci\u00f3n flexibles para organizaciones que buscan talento \u00c9pico a largo plazo con impacto inmediato.<\/p>\n<\/div>\n\n\n\n<div class=\"wp-block-column has-beige-background-color has-background is-layout-flow wp-block-column-is-layout-flow\">\n<div style=\"height:20px\" aria-hidden=\"true\" class=\"wp-block-spacer\"><\/div>\n\n\n\n<p class=\"has-orange-color has-text-color has-link-color wp-elements-7993d5f0ef3b95502cf7c4a1acfcabbf wp-block-paragraph\"><strong>Equipos \u00e9picos basados en proyectos<\/strong><\/p>\n\n\n\n<p class=\"wp-block-paragraph\">Equipos dedicados a implantaciones, actualizaciones, iniciativas de optimizaci\u00f3n y lanzamientos de m\u00f3dulos.<\/p>\n<\/div>\n<\/div>\n\n<div class=\"wp-block-columns is-layout-flex wp-container-core-columns-is-layout-7387b849 wp-block-columns-is-layout-flex\">\n<div class=\"wp-block-column has-beige-background-color has-background is-layout-flow wp-block-column-is-layout-flow\">\n<div style=\"height:20px\" aria-hidden=\"true\" class=\"wp-block-spacer\"><\/div>\n\n\n\n<p class=\"has-orange-color has-text-color has-link-color wp-elements-79c823153306ab9e5392c6a9f1c7e291 wp-block-paragraph\"><strong>Soporte remoto de aplicaciones Epic (AMS)<\/strong><\/p>\n\n\n\n<p class=\"wp-block-paragraph\">Un modelo de asistencia gestionada con informes de KPI, supervisi\u00f3n de QA, seguimiento de la productividad y cobertura de zonas horarias de EE.UU. o internacionales.<\/p>\n\n\n\n<div style=\"height:20px\" aria-hidden=\"true\" class=\"wp-block-spacer\"><\/div>\n<\/div>\n\n\n\n<div class=\"wp-block-column has-beige-background-color has-background is-layout-flow wp-block-column-is-layout-flow\">\n<div style=\"height:20px\" aria-hidden=\"true\" class=\"wp-block-spacer\"><\/div>\n\n\n\n<p class=\"has-orange-color has-text-color has-link-color wp-elements-08907fc206a157f72d2be9681783a4cf wp-block-paragraph\"><strong>Liderazgo fraccional en TI<\/strong><\/p>\n\n\n\n<p class=\"wp-block-paragraph\">Quoris se integra profundamente en los equipos de los clientes, actuando como una extensi\u00f3n de su departamento de TI.<\/p>\n<\/div>\n\n\n\n<div class=\"wp-block-column has-beige-background-color has-background is-layout-flow wp-block-column-is-layout-flow\">\n<div style=\"height:20px\" aria-hidden=\"true\" class=\"wp-block-spacer\"><\/div>\n\n\n\n<p class=\"has-orange-color has-text-color has-link-color wp-elements-7a33461d4e17aeda8ef8fe13e41ce5e4 wp-block-paragraph\"><strong>Maestro (Programaci\u00f3n flexible de recursos)<\/strong><\/p>\n\n\n\n<p class=\"wp-block-paragraph\">Expertos certificados a la carta, las horas pueden ampliarse o reducirse sin contrato. Portal de autoservicio para gestionar, seguir y controlar la asistencia. <\/p>\n<\/div>\n<\/div>\n\n<div style=\"height:34px\" aria-hidden=\"true\" class=\"wp-block-spacer\"><\/div>\n\n<div class=\"wp-block-group has-text-wrap-pretty is-layout-constrained wp-container-core-group-is-layout-9d5631e4 wp-block-group-is-layout-constrained\" style=\"margin-top:var(--wp--preset--spacing--80)\">\n<h2 class=\"wp-block-heading has-text-align-center\" id=\"Contact\" style=\"margin-bottom:var(--wp--preset--spacing--20)\">\u00bfEst\u00e1s listo para contratar a un experto en Epic? Env\u00edanos una solicitud. <\/h2>\n<\/div>\n\n<script src=\"https:\/\/js.hsforms.net\/forms\/embed\/50252001.js\" defer=\"defer\"><\/script>\n<div class=\"hs-form-frame\" data-region=\"na1\" data-form-id=\"33754f14-a1bd-4a97-b23e-a38dd4a0ee67\" data-portal-id=\"50252001\"><\/div>\n\n<p class=\"wp-block-paragraph\"><\/p>\n","protected":false},"excerpt":{"rendered":"<p>Nuestros modelos ganadores Aumento de personal experto Recursos \u00c9picos a corto o largo plazo que complementan a los equipos internos, reducen el agotamiento y soportan los picos de trabajo. Contrato de trabajo y contrataci\u00f3n directa V\u00edas de contrataci\u00f3n flexibles para organizaciones que buscan talento \u00c9pico a largo plazo con impacto inmediato. Equipos \u00e9picos basados en [&hellip;]<\/p>\n","protected":false},"author":7,"featured_media":5945,"parent":4881,"menu_order":0,"comment_status":"closed","ping_status":"closed","template":"","meta":{"_acf_changed":false,"_crdt_document":"","content-type":"","footnotes":""},"class_list":["post-6081","page","type-page","status-publish","has-post-thumbnail","hentry"],"acf":[],"yoast_head":"<!-- This site is optimized with the Yoast SEO plugin v27.4 - https:\/\/yoast.com\/product\/yoast-seo-wordpress\/ -->\n<title>Epic Staffing | Expertos en Epic colocados paraimpacto, no s\u00f3lo disponibilidad<\/title>\n<meta name=\"description\" content=\"Quoris coloca especialistas certificados en Epic, ofrece modelos de compromiso flexibles y un enfoque de alto contacto que reduce el riesgo e impulsa los resultados.\" \/>\n<meta name=\"robots\" content=\"noindex, follow, max-snippet:-1, max-image-preview:large, max-video-preview:-1\" \/>\n<meta property=\"og:locale\" content=\"es_ES\" \/>\n<meta property=\"og:type\" content=\"article\" \/>\n<meta property=\"og:title\" content=\"Epic Staffing | Expertos en Epic colocados paraimpacto, no s\u00f3lo disponibilidad\" \/>\n<meta property=\"og:description\" content=\"Quoris coloca especialistas certificados en Epic, ofrece modelos de compromiso flexibles y un enfoque de alto contacto que reduce el riesgo e impulsa los resultados.\" \/>\n<meta property=\"og:url\" content=\"https:\/\/quoris.com\/es\/servicios\/soluciones-de-personal-informatico-sanitario\/recarga-epica\/\" \/>\n<meta property=\"og:site_name\" content=\"Quoris\" \/>\n<meta property=\"article:modified_time\" content=\"2026-03-16T18:56:02+00:00\" \/>\n<meta property=\"og:image\" content=\"https:\/\/quoris.com\/wp-content\/uploads\/2026\/02\/13.jpg\" \/>\n\t<meta property=\"og:image:width\" content=\"1200\" \/>\n\t<meta property=\"og:image:height\" content=\"900\" \/>\n\t<meta property=\"og:image:type\" content=\"image\/jpeg\" \/>\n<meta name=\"twitter:card\" content=\"summary_large_image\" \/>\n<meta name=\"twitter:label1\" content=\"Est. reading time\" \/>\n\t<meta name=\"twitter:data1\" content=\"2 minutes\" \/>\n<script type=\"application\/ld+json\" class=\"yoast-schema-graph\">{\"@context\":\"https:\\\/\\\/schema.org\",\"@graph\":[{\"@type\":\"WebPage\",\"@id\":\"https:\\\/\\\/quoris.com\\\/es\\\/servicios\\\/soluciones-de-personal-informatico-sanitario\\\/recarga-epica\\\/\",\"url\":\"https:\\\/\\\/quoris.com\\\/es\\\/servicios\\\/soluciones-de-personal-informatico-sanitario\\\/recarga-epica\\\/\",\"name\":\"Epic Staffing | Expertos en Epic colocados paraimpacto, no s\u00f3lo disponibilidad\",\"isPartOf\":{\"@id\":\"https:\\\/\\\/quoris.com\\\/es\\\/#website\"},\"primaryImageOfPage\":{\"@id\":\"https:\\\/\\\/quoris.com\\\/es\\\/servicios\\\/soluciones-de-personal-informatico-sanitario\\\/recarga-epica\\\/#primaryimage\"},\"image\":{\"@id\":\"https:\\\/\\\/quoris.com\\\/es\\\/servicios\\\/soluciones-de-personal-informatico-sanitario\\\/recarga-epica\\\/#primaryimage\"},\"thumbnailUrl\":\"https:\\\/\\\/quoris.com\\\/wp-content\\\/uploads\\\/2026\\\/02\\\/13.jpg\",\"datePublished\":\"2026-03-13T19:35:28+00:00\",\"dateModified\":\"2026-03-16T18:56:02+00:00\",\"description\":\"Quoris coloca especialistas certificados en Epic, ofrece modelos de compromiso flexibles y un enfoque de alto contacto que reduce el riesgo e impulsa los resultados.\",\"breadcrumb\":{\"@id\":\"https:\\\/\\\/quoris.com\\\/es\\\/servicios\\\/soluciones-de-personal-informatico-sanitario\\\/recarga-epica\\\/#breadcrumb\"},\"inLanguage\":\"es-ES\",\"potentialAction\":[{\"@type\":\"ReadAction\",\"target\":[\"https:\\\/\\\/quoris.com\\\/es\\\/servicios\\\/soluciones-de-personal-informatico-sanitario\\\/recarga-epica\\\/\"]}]},{\"@type\":\"ImageObject\",\"inLanguage\":\"es-ES\",\"@id\":\"https:\\\/\\\/quoris.com\\\/es\\\/servicios\\\/soluciones-de-personal-informatico-sanitario\\\/recarga-epica\\\/#primaryimage\",\"url\":\"https:\\\/\\\/quoris.com\\\/wp-content\\\/uploads\\\/2026\\\/02\\\/13.jpg\",\"contentUrl\":\"https:\\\/\\\/quoris.com\\\/wp-content\\\/uploads\\\/2026\\\/02\\\/13.jpg\",\"width\":1200,\"height\":900},{\"@type\":\"BreadcrumbList\",\"@id\":\"https:\\\/\\\/quoris.com\\\/es\\\/servicios\\\/soluciones-de-personal-informatico-sanitario\\\/recarga-epica\\\/#breadcrumb\",\"itemListElement\":[{\"@type\":\"ListItem\",\"position\":1,\"name\":\"Inicio\",\"item\":\"https:\\\/\\\/quoris.com\\\/es\\\/\"},{\"@type\":\"ListItem\",\"position\":2,\"name\":\"Servicios\",\"item\":\"https:\\\/\\\/quoris.com\\\/es\\\/servicios\\\/\"},{\"@type\":\"ListItem\",\"position\":3,\"name\":\"Soluciones de personal inform\u00e1tico sanitario\",\"item\":\"https:\\\/\\\/quoris.com\\\/es\\\/servicios\\\/soluciones-de-personal-informatico-sanitario\\\/\"},{\"@type\":\"ListItem\",\"position\":4,\"name\":\"Personal \u00c9pico\"}]},{\"@type\":\"WebSite\",\"@id\":\"https:\\\/\\\/quoris.com\\\/es\\\/#website\",\"url\":\"https:\\\/\\\/quoris.com\\\/es\\\/\",\"name\":\"Quoris Healthcare IT\",\"description\":\"\",\"publisher\":{\"@id\":\"https:\\\/\\\/quoris.com\\\/es\\\/#organization\"},\"potentialAction\":[{\"@type\":\"SearchAction\",\"target\":{\"@type\":\"EntryPoint\",\"urlTemplate\":\"https:\\\/\\\/quoris.com\\\/es\\\/?s={search_term_string}\"},\"query-input\":{\"@type\":\"PropertyValueSpecification\",\"valueRequired\":true,\"valueName\":\"search_term_string\"}}],\"inLanguage\":\"es-ES\"},{\"@type\":\"Organization\",\"@id\":\"https:\\\/\\\/quoris.com\\\/es\\\/#organization\",\"name\":\"Quoris Healthcare IT\",\"url\":\"https:\\\/\\\/quoris.com\\\/es\\\/\",\"logo\":{\"@type\":\"ImageObject\",\"inLanguage\":\"es-ES\",\"@id\":\"https:\\\/\\\/quoris.com\\\/es\\\/#\\\/schema\\\/logo\\\/image\\\/\",\"url\":\"https:\\\/\\\/quoris.com\\\/wp-content\\\/uploads\\\/2025\\\/12\\\/pressrelease_575703_1763329356.jpg\",\"contentUrl\":\"https:\\\/\\\/quoris.com\\\/wp-content\\\/uploads\\\/2025\\\/12\\\/pressrelease_575703_1763329356.jpg\",\"width\":667,\"height\":350,\"caption\":\"Quoris Healthcare IT\"},\"image\":{\"@id\":\"https:\\\/\\\/quoris.com\\\/es\\\/#\\\/schema\\\/logo\\\/image\\\/\"},\"sameAs\":[\"https:\\\/\\\/www.linkedin.com\\\/company\\\/quoris\\\/\"]}]}<\/script>\n<!-- \/ Yoast SEO plugin. -->","yoast_head_json":{"title":"Epic Staffing | Expertos en Epic colocados paraimpacto, no s\u00f3lo disponibilidad","description":"Quoris coloca especialistas certificados en Epic, ofrece modelos de compromiso flexibles y un enfoque de alto contacto que reduce el riesgo e impulsa los resultados.","robots":{"index":"noindex","follow":"follow","max-snippet":"max-snippet:-1","max-image-preview":"max-image-preview:large","max-video-preview":"max-video-preview:-1"},"og_locale":"es_ES","og_type":"article","og_title":"Epic Staffing | Expertos en Epic colocados paraimpacto, no s\u00f3lo disponibilidad","og_description":"Quoris coloca especialistas certificados en Epic, ofrece modelos de compromiso flexibles y un enfoque de alto contacto que reduce el riesgo e impulsa los resultados.","og_url":"https:\/\/quoris.com\/es\/servicios\/soluciones-de-personal-informatico-sanitario\/recarga-epica\/","og_site_name":"Quoris","article_modified_time":"2026-03-16T18:56:02+00:00","og_image":[{"width":1200,"height":900,"url":"https:\/\/quoris.com\/wp-content\/uploads\/2026\/02\/13.jpg","type":"image\/jpeg"}],"twitter_card":"summary_large_image","twitter_misc":{"Est. reading time":"2 minutes"},"schema":{"@context":"https:\/\/schema.org","@graph":[{"@type":"WebPage","@id":"https:\/\/quoris.com\/es\/servicios\/soluciones-de-personal-informatico-sanitario\/recarga-epica\/","url":"https:\/\/quoris.com\/es\/servicios\/soluciones-de-personal-informatico-sanitario\/recarga-epica\/","name":"Epic Staffing | Expertos en Epic colocados paraimpacto, no s\u00f3lo disponibilidad","isPartOf":{"@id":"https:\/\/quoris.com\/es\/#website"},"primaryImageOfPage":{"@id":"https:\/\/quoris.com\/es\/servicios\/soluciones-de-personal-informatico-sanitario\/recarga-epica\/#primaryimage"},"image":{"@id":"https:\/\/quoris.com\/es\/servicios\/soluciones-de-personal-informatico-sanitario\/recarga-epica\/#primaryimage"},"thumbnailUrl":"https:\/\/quoris.com\/wp-content\/uploads\/2026\/02\/13.jpg","datePublished":"2026-03-13T19:35:28+00:00","dateModified":"2026-03-16T18:56:02+00:00","description":"Quoris coloca especialistas certificados en Epic, ofrece modelos de compromiso flexibles y un enfoque de alto contacto que reduce el riesgo e impulsa los resultados.","breadcrumb":{"@id":"https:\/\/quoris.com\/es\/servicios\/soluciones-de-personal-informatico-sanitario\/recarga-epica\/#breadcrumb"},"inLanguage":"es-ES","potentialAction":[{"@type":"ReadAction","target":["https:\/\/quoris.com\/es\/servicios\/soluciones-de-personal-informatico-sanitario\/recarga-epica\/"]}]},{"@type":"ImageObject","inLanguage":"es-ES","@id":"https:\/\/quoris.com\/es\/servicios\/soluciones-de-personal-informatico-sanitario\/recarga-epica\/#primaryimage","url":"https:\/\/quoris.com\/wp-content\/uploads\/2026\/02\/13.jpg","contentUrl":"https:\/\/quoris.com\/wp-content\/uploads\/2026\/02\/13.jpg","width":1200,"height":900},{"@type":"BreadcrumbList","@id":"https:\/\/quoris.com\/es\/servicios\/soluciones-de-personal-informatico-sanitario\/recarga-epica\/#breadcrumb","itemListElement":[{"@type":"ListItem","position":1,"name":"Inicio","item":"https:\/\/quoris.com\/es\/"},{"@type":"ListItem","position":2,"name":"Servicios","item":"https:\/\/quoris.com\/es\/servicios\/"},{"@type":"ListItem","position":3,"name":"Soluciones de personal inform\u00e1tico sanitario","item":"https:\/\/quoris.com\/es\/servicios\/soluciones-de-personal-informatico-sanitario\/"},{"@type":"ListItem","position":4,"name":"Personal \u00c9pico"}]},{"@type":"WebSite","@id":"https:\/\/quoris.com\/es\/#website","url":"https:\/\/quoris.com\/es\/","name":"Quoris Healthcare IT","description":"","publisher":{"@id":"https:\/\/quoris.com\/es\/#organization"},"potentialAction":[{"@type":"SearchAction","target":{"@type":"EntryPoint","urlTemplate":"https:\/\/quoris.com\/es\/?s={search_term_string}"},"query-input":{"@type":"PropertyValueSpecification","valueRequired":true,"valueName":"search_term_string"}}],"inLanguage":"es-ES"},{"@type":"Organization","@id":"https:\/\/quoris.com\/es\/#organization","name":"Quoris Healthcare IT","url":"https:\/\/quoris.com\/es\/","logo":{"@type":"ImageObject","inLanguage":"es-ES","@id":"https:\/\/quoris.com\/es\/#\/schema\/logo\/image\/","url":"https:\/\/quoris.com\/wp-content\/uploads\/2025\/12\/pressrelease_575703_1763329356.jpg","contentUrl":"https:\/\/quoris.com\/wp-content\/uploads\/2025\/12\/pressrelease_575703_1763329356.jpg","width":667,"height":350,"caption":"Quoris Healthcare IT"},"image":{"@id":"https:\/\/quoris.com\/es\/#\/schema\/logo\/image\/"},"sameAs":["https:\/\/www.linkedin.com\/company\/quoris\/"]}]}},"_links":{"self":[{"href":"https:\/\/quoris.com\/es\/wp-json\/wp\/v2\/pages\/6081","targetHints":{"allow":["GET"]}}],"collection":[{"href":"https:\/\/quoris.com\/es\/wp-json\/wp\/v2\/pages"}],"about":[{"href":"https:\/\/quoris.com\/es\/wp-json\/wp\/v2\/types\/page"}],"author":[{"embeddable":true,"href":"https:\/\/quoris.com\/es\/wp-json\/wp\/v2\/users\/7"}],"replies":[{"embeddable":true,"href":"https:\/\/quoris.com\/es\/wp-json\/wp\/v2\/comments?post=6081"}],"version-history":[{"count":0,"href":"https:\/\/quoris.com\/es\/wp-json\/wp\/v2\/pages\/6081\/revisions"}],"up":[{"embeddable":true,"href":"https:\/\/quoris.com\/es\/wp-json\/wp\/v2\/pages\/4881"}],"wp:featuredmedia":[{"embeddable":true,"href":"https:\/\/quoris.com\/es\/wp-json\/wp\/v2\/media\/5945"}],"wp:attachment":[{"href":"https:\/\/quoris.com\/es\/wp-json\/wp\/v2\/media?parent=6081"}],"curies":[{"name":"wp","href":"https:\/\/api.w.org\/{rel}","templated":true}]}}