{"id":6014,"date":"2026-02-24T11:39:47","date_gmt":"2026-02-24T19:39:47","guid":{"rendered":"https:\/\/quoris.com\/?page_id=6014"},"modified":"2026-03-10T12:23:14","modified_gmt":"2026-03-10T19:23:14","slug":"quoris-fastlane-2","status":"publish","type":"page","link":"https:\/\/quoris.com\/es\/servicios\/historia-clinica-electronica\/quoris-fastlane-2\/","title":{"rendered":"Recarga \u00e9pica"},"content":{"rendered":"\n\n  <div\n    class=\"page-heading-block wp-block-group is-layout-constrained wp-block-group-is-layout-constrained is-style-background-horizontal-gradient-bars wp-elements-ae61e3daa63fd79393d1c6fed5af3060 alignfull wp-block-acf-page-heading-block has-text-color has-white-color has-background has-purple-background-color is-layout-flow wp-block-acf-page-heading-block-is-layout-flow\">\n  \n  <div class=\"page-heading-block-wrapper\">\n    <div class=\"acf-innerblocks-container\">\n  <div class=\" alignnone alignnone wp-block-acf-breadcrumbs\">\n            <div class=\"breadcrumbs\">\n        <a href=\"https:\/\/quoris.com\/es\/\" class=\"breadcrumb\">Home<\/a><span class=\"breadcrumb-separator\"><\/span><a href=\"https:\/\/quoris.com\/es\/servicios\/\" class=\"breadcrumb\">Servicios<\/a><span class=\"breadcrumb-separator\"><\/span><a href=\"https:\/\/quoris.com\/es\/servicios\/historia-clinica-electronica\/\" class=\"breadcrumb\">Historia Cl\u00ednica Electr\u00f3nica<\/a><span class=\"breadcrumb-separator\"><\/span>        <span class=\"breadcrumb\">Recarga \u00e9pica<\/span>\n      <\/div>\n        <\/div>\n\n\n<h1 class=\"wp-block-heading page-title\">Recarga \u00e9pica<\/h1>\n\n\n\n<div class=\"wp-block-group is-content-justification-left is-layout-constrained wp-container-core-group-is-layout-517f87fe wp-block-group-is-layout-constrained\">\n<p class=\"page-heading-intro-p wp-block-paragraph\">Un programa formal de realineaci\u00f3n definido por Epic para organizaciones con m\u00e1s de 5 a\u00f1os de vida en Epic.<\/p>\n<\/div>\n\n<\/div>\n  <\/div>\n    <\/div>\n\n<div class=\"wp-block-group has-text-wrap-pretty is-layout-constrained wp-container-core-group-is-layout-9d5631e4 wp-block-group-is-layout-constrained\" style=\"margin-top:var(--wp--preset--spacing--80)\">\n<h2 class=\"wp-block-heading has-text-align-center\" style=\"margin-bottom:var(--wp--preset--spacing--20)\">\u00bfQu\u00e9 es el repostaje \u00e9pico?<\/h2>\n\n\n\n<div class=\"wp-block-group is-layout-constrained wp-container-core-group-is-layout-15e220c5 wp-block-group-is-layout-constrained\" style=\"margin-top:0;margin-bottom:0;padding-top:0;padding-right:0;padding-bottom:0;padding-left:0\">\n<p class=\"has-text-align-center wp-block-paragraph\">Epic Refuel es un programa formal, definido por Epic, para clientes establecidos de Epic que se centra en activar la funcionalidad infrautilizada de Epic y realinear el dise\u00f1o del sistema con el Modelo Fundacional de Epic para impulsar un valor cl\u00ednico, operativo y financiero medible.<\/p>\n\n\n\n<div class=\"wp-block-buttons is-content-justification-center is-layout-flex wp-container-core-buttons-is-layout-3e41869c wp-block-buttons-is-layout-flex\">\n<div class=\"wp-block-button is-style-arrow\"><a class=\"wp-block-button__link wp-element-button\" href=\"#Contact\">Empieza<\/a><\/div>\n<\/div>\n<\/div>\n<\/div>\n\n<div class=\"wp-block-group has-beige-background-color has-background has-text-wrap-pretty is-layout-constrained wp-container-core-group-is-layout-7b896703 wp-block-group-is-layout-constrained\" style=\"margin-top:var(--wp--preset--spacing--80);margin-bottom:var(--wp--preset--spacing--40);padding-top:var(--wp--preset--spacing--20);padding-bottom:var(--wp--preset--spacing--20)\">\n<h2 class=\"wp-block-heading has-text-align-center\" style=\"margin-top:var(--wp--preset--spacing--30);margin-bottom:var(--wp--preset--spacing--20)\">\u00bfPor qu\u00e9 repostar?<\/h2>\n\n\n\n<div class=\"wp-block-group is-layout-constrained wp-container-core-group-is-layout-15e220c5 wp-block-group-is-layout-constrained\" style=\"margin-top:0;margin-bottom:0;padding-top:0;padding-right:0;padding-bottom:0;padding-left:0\">\n<div class=\"wp-block-columns is-layout-flex wp-container-core-columns-is-layout-4eca9317 wp-block-columns-is-layout-flex\" style=\"margin-top:var(--wp--preset--spacing--40);margin-bottom:var(--wp--preset--spacing--40)\">\n<div class=\"wp-block-column is-layout-flow wp-block-column-is-layout-flow\">\n<ul class=\"wp-block-list\">\n<li>Reajustar las operaciones actuales<\/li>\n\n\n\n<li>Activar funciones no utilizadas<\/li>\n\n\n\n<li>Satisfacer los cambiantes requisitos de gobernanza y cumplimiento<\/li>\n<\/ul>\n<\/div>\n\n\n\n<div class=\"wp-block-column is-layout-flow wp-block-column-is-layout-flow\">\n<ul class=\"wp-block-list\">\n<li>Apoyar las iniciativas de transformaci\u00f3n<\/li>\n\n\n\n<li>Mejorar la escalabilidad y la preparaci\u00f3n<\/li>\n\n\n\n<li>Reduce las fricciones en los flujos de trabajo que afectan a los cl\u00ednicos y a las operaciones<\/li>\n<\/ul>\n<\/div>\n<\/div>\n<\/div>\n<\/div>\n\n<div class=\"wp-block-media-text is-stacked-on-mobile is-style-compact-layout\" style=\"margin-top:0;margin-bottom:0;padding-top:var(--wp--preset--spacing--20);padding-bottom:var(--wp--preset--spacing--20);grid-template-columns:46% auto\"><figure class=\"wp-block-media-text__media\"><img loading=\"lazy\" decoding=\"async\" width=\"1024\" height=\"768\" src=\"https:\/\/quoris.com\/wp-content\/uploads\/2026\/02\/10-1024x768.jpg\" alt=\"\" class=\"wp-image-5934 size-full\" srcset=\"https:\/\/quoris.com\/wp-content\/uploads\/2026\/02\/10-1024x768.jpg 1024w, https:\/\/quoris.com\/wp-content\/uploads\/2026\/02\/10-300x225.jpg 300w, https:\/\/quoris.com\/wp-content\/uploads\/2026\/02\/10-768x576.jpg 768w, https:\/\/quoris.com\/wp-content\/uploads\/2026\/02\/10.jpg 1200w\" sizes=\"auto, (max-width: 1024px) 100vw, 1024px\" \/><\/figure><div class=\"wp-block-media-text__content\">\n<h2 class=\"wp-block-heading\">Quoris impulsa la ejecuci\u00f3n<\/h2>\n\n\n\n<p class=\"wp-block-paragraph\">Epic define el marco. Quoris ejecuta la construcci\u00f3n, la formaci\u00f3n y la estabilizaci\u00f3n, protegiendo la capacidad de tu equipo interno al tiempo que impulsa la adopci\u00f3n y la gobernanza. Cuando tu implantaci\u00f3n de Epic necesita impulso, Quoris se lo proporciona, con analistas y formadores certificados que repostan liderazgo en la ejecuci\u00f3n y escalan la entrega en todas las \u00e1reas de servicio. Desde la adopci\u00f3n y la gesti\u00f3n del cambio hasta la estabilizaci\u00f3n a largo plazo, nos aseguramos de que tu sistema funcione como debe.   <\/p>\n\n\n\n<p class=\"wp-block-paragraph\"><strong>Te ayudamos a conseguirlo:  <\/strong><\/p>\n\n\n\n<ul class=\"wp-block-list\">\n<li>Tiempo del cl\u00ednico devuelto gracias a la automatizaci\u00f3n<\/li>\n\n\n\n<li>Mejoras en el ciclo de ingresos y una realizaci\u00f3n m\u00e1s r\u00e1pida del efectivo<\/li>\n\n\n\n<li>Retirada de sistemas redundantes de terceros<\/li>\n\n\n\n<li>Reducci\u00f3n de la fricci\u00f3n operativa<\/li>\n\n\n\n<li>Mejoras m\u00e1s r\u00e1pidas y alineaci\u00f3n \u00c9pica m\u00e1s fuerte<\/li>\n<\/ul>\n<\/div><\/div>\n\n  <div\n    style=\"margin-top:var(--wp--preset--spacing--80);margin-bottom:var(--wp--preset--spacing--40);\" class=\"align wp-block-acf-timeline-carousel\">\n    <div class=\"timeline-carousel__inner block__inner \">\n    <div class=\"timeline-carousel__header\">\n      <div class=\"timeline-carousel__header__inner\">\n        <h2 class=\"wp-block-heading\" data-acf-inline-contenteditable=\"1\" data-acf-inline-contenteditable-field-slug=\"timeline_header\" data-acf-placeholder=\"Type to edit...\" >\n          Nuestro modelo de entrega        <\/h2>\n        <p data-acf-inline-contenteditable=\"1\" data-acf-inline-contenteditable-field-slug=\"timeline_intro\" data-acf-placeholder=\"Type to edit...\" >\n          Epic Refuel sigue un modelo de entrega estructurado y sujeto a plazos, basado en la metodolog\u00eda definida por Epic, con la gobernanza y la adopci\u00f3n entretejidas en cada fase.        <\/p>\n      <\/div>\n      <div class=\"timeline-carousel__arrows\">\n        <button type=\"button\" class=\"slick-prev slick-arrow \"><span class=\"sr-only\">Previous<\/span><\/button>\n        <button type=\"button\" class=\"slick-next slick-arrow\"><span class=\"sr-only\">Next<\/span><\/button>\n      <\/div>\n    <\/div>\n    <div class=\"timeline-carousel__slides\">\n      <div class=\"carousel-list\">\n        <div class=\"carousel-track \">\n\n  <div\n    class=\"align wp-block-acf-timeline-card\">\n  \n\n  <div class=\"acf-innerblocks-container\">\n\n<p class=\"text-statistic has-large-font-size wp-block-paragraph\"><strong>Prepara<\/strong><\/p>\n\n\n\n<p class=\"wp-block-paragraph\">Alinear Epic, liderazgo y gobernanza<\/p>\n\n<\/div>\n\n    <\/div>\n\n\n\n  <div\n    class=\"align wp-block-acf-timeline-card\">\n  \n\n  <div class=\"acf-innerblocks-container\">\n\n<p class=\"text-statistic has-large-font-size wp-block-paragraph\"><strong>Plan<\/strong><\/p>\n\n\n\n<p class=\"wp-block-paragraph\">Definir la hoja de ruta, el alcance y las m\u00e9tricas de \u00e9xito<\/p>\n\n<\/div>\n\n    <\/div>\n\n\n\n  <div\n    class=\"align wp-block-acf-timeline-card\">\n  \n\n  <div class=\"acf-innerblocks-container\">\n\n<p class=\"text-statistic has-large-font-size wp-block-paragraph\"><strong>Dise\u00f1o<\/strong><\/p>\n\n\n\n<p class=\"wp-block-paragraph\">Configura, prueba e integra los flujos de trabajo de Epic<\/p>\n\n<\/div>\n\n    <\/div>\n\n\n\n  <div\n    class=\"align wp-block-acf-timeline-card\">\n  \n\n  <div class=\"acf-innerblocks-container\">\n\n<p class=\"text-statistic has-large-font-size wp-block-paragraph\"><strong>Valida<\/strong><\/p>\n\n\n\n<p class=\"wp-block-paragraph\">Formar a los usuarios y confirmar que est\u00e1n preparados<\/p>\n\n<\/div>\n\n    <\/div>\n\n\n\n  <div\n    class=\"align wp-block-acf-timeline-card\">\n  \n\n  <div class=\"acf-innerblocks-container\">\n\n<p class=\"text-statistic has-large-font-size wp-block-paragraph\"><strong>Activar y estabilizar<\/strong><\/p>\n\n\n\n<p class=\"wp-block-paragraph\">Resoluci\u00f3n r\u00e1pida de problemas y transici\u00f3n al estado estacionario<\/p>\n\n<\/div>\n\n    <\/div>\n\n<\/div>\n      <\/div>\n    <\/div>\n  <\/div>\n    <\/div>\n\n<div class=\"wp-block-group has-beige-background-color has-background has-text-wrap-pretty is-layout-constrained wp-container-core-group-is-layout-7b896703 wp-block-group-is-layout-constrained\" style=\"margin-top:var(--wp--preset--spacing--80);margin-bottom:var(--wp--preset--spacing--40);padding-top:var(--wp--preset--spacing--20);padding-bottom:var(--wp--preset--spacing--20)\">\n<h2 class=\"wp-block-heading has-text-align-center\" style=\"margin-top:var(--wp--preset--spacing--30);margin-bottom:var(--wp--preset--spacing--20)\">Se\u00f1ales de que est\u00e1s listo para repostar<\/h2>\n\n\n\n<div class=\"wp-block-group is-layout-constrained wp-container-core-group-is-layout-15e220c5 wp-block-group-is-layout-constrained\" style=\"margin-top:0;margin-bottom:0;padding-top:0;padding-right:0;padding-bottom:0;padding-left:0\">\n<div class=\"wp-block-columns is-layout-flex wp-container-core-columns-is-layout-4eca9317 wp-block-columns-is-layout-flex\" style=\"margin-top:var(--wp--preset--spacing--40);margin-bottom:var(--wp--preset--spacing--40)\">\n<div class=\"wp-block-column is-layout-flow wp-block-column-is-layout-flow\">\n<ul class=\"wp-block-list\">\n<li>M\u00e1s de 5 a\u00f1os en directo en Epic<\/li>\n\n\n\n<li>Estrellas de Oro bajas o lagunas en la evaluaci\u00f3n<\/li>\n\n\n\n<li>Alto volumen del servicio de asistencia<\/li>\n<\/ul>\n<\/div>\n\n\n\n<div class=\"wp-block-column is-layout-flow wp-block-column-is-layout-flow\">\n<ul class=\"wp-block-list\">\n<li>Personalizaci\u00f3n creciente \/ soluciones<\/li>\n\n\n\n<li>Consolidaci\u00f3n posterior a la fusi\u00f3n<\/li>\n\n\n\n<li>El nuevo CIO busca un impacto mensurable<\/li>\n<\/ul>\n<\/div>\n<\/div>\n<\/div>\n<\/div>\n\n<div class=\"wp-block-group has-text-wrap-pretty is-layout-constrained wp-container-core-group-is-layout-9d5631e4 wp-block-group-is-layout-constrained\" style=\"margin-top:var(--wp--preset--spacing--80)\">\n<h2 class=\"wp-block-heading has-text-align-center\" id=\"Contact\" style=\"margin-bottom:var(--wp--preset--spacing--20)\">Solicita m\u00e1s informaci\u00f3n<\/h2>\n<\/div>\n\n<script src=\"https:\/\/js.hsforms.net\/forms\/embed\/50252001.js\" defer=\"defer\"><\/script>\n<div class=\"hs-form-frame\" data-region=\"na1\" data-form-id=\"33754f14-a1bd-4a97-b23e-a38dd4a0ee67\" data-portal-id=\"50252001\"><\/div>\n\n<p class=\"wp-block-paragraph\"><\/p>\n","protected":false},"excerpt":{"rendered":"","protected":false},"author":7,"featured_media":5955,"parent":4925,"menu_order":0,"comment_status":"closed","ping_status":"closed","template":"","meta":{"_acf_changed":false,"_crdt_document":"","content-type":"","footnotes":""},"class_list":["post-6014","page","type-page","status-publish","has-post-thumbnail","hentry"],"acf":[],"yoast_head":"<!-- This site is optimized with the Yoast SEO plugin v27.4 - https:\/\/yoast.com\/product\/yoast-seo-wordpress\/ -->\n<title>Epic Refuel | Reaviva tu rendimiento \u00e9pico<\/title>\n<meta name=\"description\" content=\"Cuando tu implantaci\u00f3n de Epic necesita impulso, Quoris te ofrece analistas y formadores certificados para ampliar la entrega y la estabilizaci\u00f3n a largo plazo.\" \/>\n<meta name=\"robots\" content=\"noindex, follow, max-snippet:-1, max-image-preview:large, max-video-preview:-1\" \/>\n<meta property=\"og:locale\" content=\"es_ES\" \/>\n<meta property=\"og:type\" content=\"article\" \/>\n<meta property=\"og:title\" content=\"Epic Refuel | Reaviva tu rendimiento \u00e9pico\" \/>\n<meta property=\"og:description\" content=\"Cuando tu implantaci\u00f3n de Epic necesita impulso, Quoris te ofrece analistas y formadores certificados para ampliar la entrega y la estabilizaci\u00f3n a largo plazo.\" \/>\n<meta property=\"og:url\" content=\"https:\/\/quoris.com\/es\/servicios\/historia-clinica-electronica\/quoris-fastlane-2\/\" \/>\n<meta property=\"og:site_name\" content=\"Quoris\" \/>\n<meta property=\"article:modified_time\" content=\"2026-03-10T19:23:14+00:00\" \/>\n<meta property=\"og:image\" content=\"https:\/\/quoris.com\/wp-content\/uploads\/2026\/02\/22.jpg\" \/>\n\t<meta property=\"og:image:width\" content=\"1200\" \/>\n\t<meta property=\"og:image:height\" content=\"900\" \/>\n\t<meta property=\"og:image:type\" content=\"image\/jpeg\" \/>\n<meta name=\"twitter:card\" content=\"summary_large_image\" \/>\n<meta name=\"twitter:label1\" content=\"Est. reading time\" \/>\n\t<meta name=\"twitter:data1\" content=\"2 minutes\" \/>\n<script type=\"application\/ld+json\" class=\"yoast-schema-graph\">{\"@context\":\"https:\\\/\\\/schema.org\",\"@graph\":[{\"@type\":\"WebPage\",\"@id\":\"https:\\\/\\\/quoris.com\\\/es\\\/servicios\\\/historia-clinica-electronica\\\/quoris-fastlane-2\\\/\",\"url\":\"https:\\\/\\\/quoris.com\\\/es\\\/servicios\\\/historia-clinica-electronica\\\/quoris-fastlane-2\\\/\",\"name\":\"Epic Refuel | Reaviva tu rendimiento \u00e9pico\",\"isPartOf\":{\"@id\":\"https:\\\/\\\/quoris.com\\\/es\\\/#website\"},\"primaryImageOfPage\":{\"@id\":\"https:\\\/\\\/quoris.com\\\/es\\\/servicios\\\/historia-clinica-electronica\\\/quoris-fastlane-2\\\/#primaryimage\"},\"image\":{\"@id\":\"https:\\\/\\\/quoris.com\\\/es\\\/servicios\\\/historia-clinica-electronica\\\/quoris-fastlane-2\\\/#primaryimage\"},\"thumbnailUrl\":\"https:\\\/\\\/quoris.com\\\/wp-content\\\/uploads\\\/2026\\\/02\\\/22.jpg\",\"datePublished\":\"2026-02-24T19:39:47+00:00\",\"dateModified\":\"2026-03-10T19:23:14+00:00\",\"description\":\"Cuando tu implantaci\u00f3n de Epic necesita impulso, Quoris te ofrece analistas y formadores certificados para ampliar la entrega y la estabilizaci\u00f3n a largo plazo.\",\"breadcrumb\":{\"@id\":\"https:\\\/\\\/quoris.com\\\/es\\\/servicios\\\/historia-clinica-electronica\\\/quoris-fastlane-2\\\/#breadcrumb\"},\"inLanguage\":\"es-ES\",\"potentialAction\":[{\"@type\":\"ReadAction\",\"target\":[\"https:\\\/\\\/quoris.com\\\/es\\\/servicios\\\/historia-clinica-electronica\\\/quoris-fastlane-2\\\/\"]}]},{\"@type\":\"ImageObject\",\"inLanguage\":\"es-ES\",\"@id\":\"https:\\\/\\\/quoris.com\\\/es\\\/servicios\\\/historia-clinica-electronica\\\/quoris-fastlane-2\\\/#primaryimage\",\"url\":\"https:\\\/\\\/quoris.com\\\/wp-content\\\/uploads\\\/2026\\\/02\\\/22.jpg\",\"contentUrl\":\"https:\\\/\\\/quoris.com\\\/wp-content\\\/uploads\\\/2026\\\/02\\\/22.jpg\",\"width\":1200,\"height\":900},{\"@type\":\"BreadcrumbList\",\"@id\":\"https:\\\/\\\/quoris.com\\\/es\\\/servicios\\\/historia-clinica-electronica\\\/quoris-fastlane-2\\\/#breadcrumb\",\"itemListElement\":[{\"@type\":\"ListItem\",\"position\":1,\"name\":\"Inicio\",\"item\":\"https:\\\/\\\/quoris.com\\\/es\\\/\"},{\"@type\":\"ListItem\",\"position\":2,\"name\":\"Servicios\",\"item\":\"https:\\\/\\\/quoris.com\\\/es\\\/servicios\\\/\"},{\"@type\":\"ListItem\",\"position\":3,\"name\":\"Historia Cl\u00ednica Electr\u00f3nica\",\"item\":\"https:\\\/\\\/quoris.com\\\/es\\\/servicios\\\/historia-clinica-electronica\\\/\"},{\"@type\":\"ListItem\",\"position\":4,\"name\":\"Recarga \u00e9pica\"}]},{\"@type\":\"WebSite\",\"@id\":\"https:\\\/\\\/quoris.com\\\/es\\\/#website\",\"url\":\"https:\\\/\\\/quoris.com\\\/es\\\/\",\"name\":\"Quoris Healthcare IT\",\"description\":\"\",\"publisher\":{\"@id\":\"https:\\\/\\\/quoris.com\\\/es\\\/#organization\"},\"potentialAction\":[{\"@type\":\"SearchAction\",\"target\":{\"@type\":\"EntryPoint\",\"urlTemplate\":\"https:\\\/\\\/quoris.com\\\/es\\\/?s={search_term_string}\"},\"query-input\":{\"@type\":\"PropertyValueSpecification\",\"valueRequired\":true,\"valueName\":\"search_term_string\"}}],\"inLanguage\":\"es-ES\"},{\"@type\":\"Organization\",\"@id\":\"https:\\\/\\\/quoris.com\\\/es\\\/#organization\",\"name\":\"Quoris Healthcare IT\",\"url\":\"https:\\\/\\\/quoris.com\\\/es\\\/\",\"logo\":{\"@type\":\"ImageObject\",\"inLanguage\":\"es-ES\",\"@id\":\"https:\\\/\\\/quoris.com\\\/es\\\/#\\\/schema\\\/logo\\\/image\\\/\",\"url\":\"https:\\\/\\\/quoris.com\\\/wp-content\\\/uploads\\\/2025\\\/12\\\/pressrelease_575703_1763329356.jpg\",\"contentUrl\":\"https:\\\/\\\/quoris.com\\\/wp-content\\\/uploads\\\/2025\\\/12\\\/pressrelease_575703_1763329356.jpg\",\"width\":667,\"height\":350,\"caption\":\"Quoris Healthcare IT\"},\"image\":{\"@id\":\"https:\\\/\\\/quoris.com\\\/es\\\/#\\\/schema\\\/logo\\\/image\\\/\"},\"sameAs\":[\"https:\\\/\\\/www.linkedin.com\\\/company\\\/quoris\\\/\"]}]}<\/script>\n<!-- \/ Yoast SEO plugin. -->","yoast_head_json":{"title":"Epic Refuel | Reaviva tu rendimiento \u00e9pico","description":"Cuando tu implantaci\u00f3n de Epic necesita impulso, Quoris te ofrece analistas y formadores certificados para ampliar la entrega y la estabilizaci\u00f3n a largo plazo.","robots":{"index":"noindex","follow":"follow","max-snippet":"max-snippet:-1","max-image-preview":"max-image-preview:large","max-video-preview":"max-video-preview:-1"},"og_locale":"es_ES","og_type":"article","og_title":"Epic Refuel | Reaviva tu rendimiento \u00e9pico","og_description":"Cuando tu implantaci\u00f3n de Epic necesita impulso, Quoris te ofrece analistas y formadores certificados para ampliar la entrega y la estabilizaci\u00f3n a largo plazo.","og_url":"https:\/\/quoris.com\/es\/servicios\/historia-clinica-electronica\/quoris-fastlane-2\/","og_site_name":"Quoris","article_modified_time":"2026-03-10T19:23:14+00:00","og_image":[{"width":1200,"height":900,"url":"https:\/\/quoris.com\/wp-content\/uploads\/2026\/02\/22.jpg","type":"image\/jpeg"}],"twitter_card":"summary_large_image","twitter_misc":{"Est. reading time":"2 minutes"},"schema":{"@context":"https:\/\/schema.org","@graph":[{"@type":"WebPage","@id":"https:\/\/quoris.com\/es\/servicios\/historia-clinica-electronica\/quoris-fastlane-2\/","url":"https:\/\/quoris.com\/es\/servicios\/historia-clinica-electronica\/quoris-fastlane-2\/","name":"Epic Refuel | Reaviva tu rendimiento \u00e9pico","isPartOf":{"@id":"https:\/\/quoris.com\/es\/#website"},"primaryImageOfPage":{"@id":"https:\/\/quoris.com\/es\/servicios\/historia-clinica-electronica\/quoris-fastlane-2\/#primaryimage"},"image":{"@id":"https:\/\/quoris.com\/es\/servicios\/historia-clinica-electronica\/quoris-fastlane-2\/#primaryimage"},"thumbnailUrl":"https:\/\/quoris.com\/wp-content\/uploads\/2026\/02\/22.jpg","datePublished":"2026-02-24T19:39:47+00:00","dateModified":"2026-03-10T19:23:14+00:00","description":"Cuando tu implantaci\u00f3n de Epic necesita impulso, Quoris te ofrece analistas y formadores certificados para ampliar la entrega y la estabilizaci\u00f3n a largo plazo.","breadcrumb":{"@id":"https:\/\/quoris.com\/es\/servicios\/historia-clinica-electronica\/quoris-fastlane-2\/#breadcrumb"},"inLanguage":"es-ES","potentialAction":[{"@type":"ReadAction","target":["https:\/\/quoris.com\/es\/servicios\/historia-clinica-electronica\/quoris-fastlane-2\/"]}]},{"@type":"ImageObject","inLanguage":"es-ES","@id":"https:\/\/quoris.com\/es\/servicios\/historia-clinica-electronica\/quoris-fastlane-2\/#primaryimage","url":"https:\/\/quoris.com\/wp-content\/uploads\/2026\/02\/22.jpg","contentUrl":"https:\/\/quoris.com\/wp-content\/uploads\/2026\/02\/22.jpg","width":1200,"height":900},{"@type":"BreadcrumbList","@id":"https:\/\/quoris.com\/es\/servicios\/historia-clinica-electronica\/quoris-fastlane-2\/#breadcrumb","itemListElement":[{"@type":"ListItem","position":1,"name":"Inicio","item":"https:\/\/quoris.com\/es\/"},{"@type":"ListItem","position":2,"name":"Servicios","item":"https:\/\/quoris.com\/es\/servicios\/"},{"@type":"ListItem","position":3,"name":"Historia Cl\u00ednica Electr\u00f3nica","item":"https:\/\/quoris.com\/es\/servicios\/historia-clinica-electronica\/"},{"@type":"ListItem","position":4,"name":"Recarga \u00e9pica"}]},{"@type":"WebSite","@id":"https:\/\/quoris.com\/es\/#website","url":"https:\/\/quoris.com\/es\/","name":"Quoris Healthcare IT","description":"","publisher":{"@id":"https:\/\/quoris.com\/es\/#organization"},"potentialAction":[{"@type":"SearchAction","target":{"@type":"EntryPoint","urlTemplate":"https:\/\/quoris.com\/es\/?s={search_term_string}"},"query-input":{"@type":"PropertyValueSpecification","valueRequired":true,"valueName":"search_term_string"}}],"inLanguage":"es-ES"},{"@type":"Organization","@id":"https:\/\/quoris.com\/es\/#organization","name":"Quoris Healthcare IT","url":"https:\/\/quoris.com\/es\/","logo":{"@type":"ImageObject","inLanguage":"es-ES","@id":"https:\/\/quoris.com\/es\/#\/schema\/logo\/image\/","url":"https:\/\/quoris.com\/wp-content\/uploads\/2025\/12\/pressrelease_575703_1763329356.jpg","contentUrl":"https:\/\/quoris.com\/wp-content\/uploads\/2025\/12\/pressrelease_575703_1763329356.jpg","width":667,"height":350,"caption":"Quoris Healthcare IT"},"image":{"@id":"https:\/\/quoris.com\/es\/#\/schema\/logo\/image\/"},"sameAs":["https:\/\/www.linkedin.com\/company\/quoris\/"]}]}},"_links":{"self":[{"href":"https:\/\/quoris.com\/es\/wp-json\/wp\/v2\/pages\/6014","targetHints":{"allow":["GET"]}}],"collection":[{"href":"https:\/\/quoris.com\/es\/wp-json\/wp\/v2\/pages"}],"about":[{"href":"https:\/\/quoris.com\/es\/wp-json\/wp\/v2\/types\/page"}],"author":[{"embeddable":true,"href":"https:\/\/quoris.com\/es\/wp-json\/wp\/v2\/users\/7"}],"replies":[{"embeddable":true,"href":"https:\/\/quoris.com\/es\/wp-json\/wp\/v2\/comments?post=6014"}],"version-history":[{"count":0,"href":"https:\/\/quoris.com\/es\/wp-json\/wp\/v2\/pages\/6014\/revisions"}],"up":[{"embeddable":true,"href":"https:\/\/quoris.com\/es\/wp-json\/wp\/v2\/pages\/4925"}],"wp:featuredmedia":[{"embeddable":true,"href":"https:\/\/quoris.com\/es\/wp-json\/wp\/v2\/media\/5955"}],"wp:attachment":[{"href":"https:\/\/quoris.com\/es\/wp-json\/wp\/v2\/media?parent=6014"}],"curies":[{"name":"wp","href":"https:\/\/api.w.org\/{rel}","templated":true}]}}