{"id":5546,"date":"2025-11-11T12:54:52","date_gmt":"2025-11-11T20:54:52","guid":{"rendered":"https:\/\/quoris.com\/demostracion-del-sitio-web-tipos-de-entrada\/"},"modified":"2026-01-16T08:22:02","modified_gmt":"2026-01-16T16:22:02","slug":"demostracion-del-sitio-web-tipos-de-entrada","status":"publish","type":"page","link":"https:\/\/quoris.com\/es\/demostracion-del-sitio-web-tipos-de-entrada\/","title":{"rendered":"Demostraci\u00f3n del sitio web &#8211; Tipos de entrada"},"content":{"rendered":"<p>You don&#8217;t have access to this content.<\/p>\n","protected":false},"excerpt":{"rendered":"<p>You don&#8217;t have access to this content.<\/p>\n","protected":false},"author":7,"featured_media":0,"parent":0,"menu_order":0,"comment_status":"closed","ping_status":"closed","template":"","meta":{"_acf_changed":false,"_crdt_document":"","content-type":"","footnotes":""},"class_list":["post-5546","page","type-page","status-publish","hentry"],"acf":[],"yoast_head":"<!-- This site is optimized with the Yoast SEO plugin v27.4 - https:\/\/yoast.com\/product\/yoast-seo-wordpress\/ -->\n<title>Demostraci\u00f3n del sitio web - Tipos de entrada &#8212; Quoris<\/title>\n<meta name=\"description\" content=\"Entradas (Blog) Al crear una entrada de blog, la tabla de contenidos se generar\u00e1 autom\u00e1ticamente bas\u00e1ndose en los encabezados de la entrada. Entrada\" \/>\n<meta name=\"robots\" content=\"noindex, follow, max-snippet:-1, max-image-preview:large, max-video-preview:-1\" \/>\n<meta property=\"og:locale\" content=\"es_ES\" \/>\n<meta property=\"og:type\" content=\"article\" \/>\n<meta property=\"og:title\" content=\"Demostraci\u00f3n del sitio web - Tipos de entrada &#8212; Quoris\" \/>\n<meta property=\"og:description\" content=\"Entradas (Blog) Al crear una entrada de blog, la tabla de contenidos se generar\u00e1 autom\u00e1ticamente bas\u00e1ndose en los encabezados de la entrada. Entrada\" \/>\n<meta property=\"og:url\" content=\"https:\/\/quoris.com\/es\/demostracion-del-sitio-web-tipos-de-entrada\/\" \/>\n<meta property=\"og:site_name\" content=\"Quoris\" \/>\n<meta property=\"article:modified_time\" content=\"2026-01-16T16:22:02+00:00\" \/>\n<meta property=\"og:image\" content=\"https:\/\/quoris.com\/wp-content\/uploads\/2026\/01\/Screenshot-2026-01-15-at-4.46.08-PM-scaled.png\" \/>\n\t<meta property=\"og:image:width\" content=\"1579\" \/>\n\t<meta property=\"og:image:height\" content=\"2560\" \/>\n\t<meta property=\"og:image:type\" content=\"image\/png\" \/>\n<meta name=\"twitter:card\" content=\"summary_large_image\" \/>\n<meta name=\"twitter:label1\" content=\"Est. reading time\" \/>\n\t<meta name=\"twitter:data1\" content=\"1 minute\" \/>\n<script type=\"application\/ld+json\" class=\"yoast-schema-graph\">{\"@context\":\"https:\\\/\\\/schema.org\",\"@graph\":[{\"@type\":\"WebPage\",\"@id\":\"https:\\\/\\\/quoris.com\\\/es\\\/demostracion-del-sitio-web-tipos-de-entrada\\\/\",\"url\":\"https:\\\/\\\/quoris.com\\\/es\\\/demostracion-del-sitio-web-tipos-de-entrada\\\/\",\"name\":\"Demostraci\u00f3n del sitio web - Tipos de entrada &#8212; Quoris\",\"isPartOf\":{\"@id\":\"https:\\\/\\\/quoris.com\\\/es\\\/#website\"},\"primaryImageOfPage\":{\"@id\":\"https:\\\/\\\/quoris.com\\\/es\\\/demostracion-del-sitio-web-tipos-de-entrada\\\/#primaryimage\"},\"image\":{\"@id\":\"https:\\\/\\\/quoris.com\\\/es\\\/demostracion-del-sitio-web-tipos-de-entrada\\\/#primaryimage\"},\"thumbnailUrl\":\"https:\\\/\\\/quoris.com\\\/wp-content\\\/uploads\\\/2026\\\/01\\\/Screenshot-2026-01-15-at-4.46.08-PM-632x1024.png\",\"datePublished\":\"2025-11-11T20:54:52+00:00\",\"dateModified\":\"2026-01-16T16:22:02+00:00\",\"description\":\"Entradas (Blog) Al crear una entrada de blog, la tabla de contenidos se generar\u00e1 autom\u00e1ticamente bas\u00e1ndose en los encabezados de la entrada. Entrada\",\"breadcrumb\":{\"@id\":\"https:\\\/\\\/quoris.com\\\/es\\\/demostracion-del-sitio-web-tipos-de-entrada\\\/#breadcrumb\"},\"inLanguage\":\"es-ES\",\"potentialAction\":[{\"@type\":\"ReadAction\",\"target\":[\"https:\\\/\\\/quoris.com\\\/es\\\/demostracion-del-sitio-web-tipos-de-entrada\\\/\"]}]},{\"@type\":\"ImageObject\",\"inLanguage\":\"es-ES\",\"@id\":\"https:\\\/\\\/quoris.com\\\/es\\\/demostracion-del-sitio-web-tipos-de-entrada\\\/#primaryimage\",\"url\":\"https:\\\/\\\/quoris.com\\\/wp-content\\\/uploads\\\/2026\\\/01\\\/Screenshot-2026-01-15-at-4.46.08-PM-632x1024.png\",\"contentUrl\":\"https:\\\/\\\/quoris.com\\\/wp-content\\\/uploads\\\/2026\\\/01\\\/Screenshot-2026-01-15-at-4.46.08-PM-632x1024.png\"},{\"@type\":\"BreadcrumbList\",\"@id\":\"https:\\\/\\\/quoris.com\\\/es\\\/demostracion-del-sitio-web-tipos-de-entrada\\\/#breadcrumb\",\"itemListElement\":[{\"@type\":\"ListItem\",\"position\":1,\"name\":\"Inicio\",\"item\":\"https:\\\/\\\/quoris.com\\\/es\\\/\"},{\"@type\":\"ListItem\",\"position\":2,\"name\":\"Demostraci\u00f3n del sitio web &#8211; Tipos de entrada\"}]},{\"@type\":\"WebSite\",\"@id\":\"https:\\\/\\\/quoris.com\\\/es\\\/#website\",\"url\":\"https:\\\/\\\/quoris.com\\\/es\\\/\",\"name\":\"Quoris Healthcare IT\",\"description\":\"\",\"publisher\":{\"@id\":\"https:\\\/\\\/quoris.com\\\/es\\\/#organization\"},\"potentialAction\":[{\"@type\":\"SearchAction\",\"target\":{\"@type\":\"EntryPoint\",\"urlTemplate\":\"https:\\\/\\\/quoris.com\\\/es\\\/?s={search_term_string}\"},\"query-input\":{\"@type\":\"PropertyValueSpecification\",\"valueRequired\":true,\"valueName\":\"search_term_string\"}}],\"inLanguage\":\"es-ES\"},{\"@type\":\"Organization\",\"@id\":\"https:\\\/\\\/quoris.com\\\/es\\\/#organization\",\"name\":\"Quoris Healthcare IT\",\"url\":\"https:\\\/\\\/quoris.com\\\/es\\\/\",\"logo\":{\"@type\":\"ImageObject\",\"inLanguage\":\"es-ES\",\"@id\":\"https:\\\/\\\/quoris.com\\\/es\\\/#\\\/schema\\\/logo\\\/image\\\/\",\"url\":\"https:\\\/\\\/quoris.com\\\/wp-content\\\/uploads\\\/2025\\\/12\\\/pressrelease_575703_1763329356.jpg\",\"contentUrl\":\"https:\\\/\\\/quoris.com\\\/wp-content\\\/uploads\\\/2025\\\/12\\\/pressrelease_575703_1763329356.jpg\",\"width\":667,\"height\":350,\"caption\":\"Quoris Healthcare IT\"},\"image\":{\"@id\":\"https:\\\/\\\/quoris.com\\\/es\\\/#\\\/schema\\\/logo\\\/image\\\/\"},\"sameAs\":[\"https:\\\/\\\/www.linkedin.com\\\/company\\\/quoris\\\/\"]}]}<\/script>\n<!-- \/ Yoast SEO plugin. -->","yoast_head_json":{"title":"Demostraci\u00f3n del sitio web - Tipos de entrada &#8212; Quoris","description":"Entradas (Blog) Al crear una entrada de blog, la tabla de contenidos se generar\u00e1 autom\u00e1ticamente bas\u00e1ndose en los encabezados de la entrada. Entrada","robots":{"index":"noindex","follow":"follow","max-snippet":"max-snippet:-1","max-image-preview":"max-image-preview:large","max-video-preview":"max-video-preview:-1"},"og_locale":"es_ES","og_type":"article","og_title":"Demostraci\u00f3n del sitio web - Tipos de entrada &#8212; Quoris","og_description":"Entradas (Blog) Al crear una entrada de blog, la tabla de contenidos se generar\u00e1 autom\u00e1ticamente bas\u00e1ndose en los encabezados de la entrada. Entrada","og_url":"https:\/\/quoris.com\/es\/demostracion-del-sitio-web-tipos-de-entrada\/","og_site_name":"Quoris","article_modified_time":"2026-01-16T16:22:02+00:00","og_image":[{"width":1579,"height":2560,"url":"https:\/\/quoris.com\/wp-content\/uploads\/2026\/01\/Screenshot-2026-01-15-at-4.46.08-PM-scaled.png","type":"image\/png"}],"twitter_card":"summary_large_image","twitter_misc":{"Est. reading time":"1 minute"},"schema":{"@context":"https:\/\/schema.org","@graph":[{"@type":"WebPage","@id":"https:\/\/quoris.com\/es\/demostracion-del-sitio-web-tipos-de-entrada\/","url":"https:\/\/quoris.com\/es\/demostracion-del-sitio-web-tipos-de-entrada\/","name":"Demostraci\u00f3n del sitio web - Tipos de entrada &#8212; Quoris","isPartOf":{"@id":"https:\/\/quoris.com\/es\/#website"},"primaryImageOfPage":{"@id":"https:\/\/quoris.com\/es\/demostracion-del-sitio-web-tipos-de-entrada\/#primaryimage"},"image":{"@id":"https:\/\/quoris.com\/es\/demostracion-del-sitio-web-tipos-de-entrada\/#primaryimage"},"thumbnailUrl":"https:\/\/quoris.com\/wp-content\/uploads\/2026\/01\/Screenshot-2026-01-15-at-4.46.08-PM-632x1024.png","datePublished":"2025-11-11T20:54:52+00:00","dateModified":"2026-01-16T16:22:02+00:00","description":"Entradas (Blog) Al crear una entrada de blog, la tabla de contenidos se generar\u00e1 autom\u00e1ticamente bas\u00e1ndose en los encabezados de la entrada. Entrada","breadcrumb":{"@id":"https:\/\/quoris.com\/es\/demostracion-del-sitio-web-tipos-de-entrada\/#breadcrumb"},"inLanguage":"es-ES","potentialAction":[{"@type":"ReadAction","target":["https:\/\/quoris.com\/es\/demostracion-del-sitio-web-tipos-de-entrada\/"]}]},{"@type":"ImageObject","inLanguage":"es-ES","@id":"https:\/\/quoris.com\/es\/demostracion-del-sitio-web-tipos-de-entrada\/#primaryimage","url":"https:\/\/quoris.com\/wp-content\/uploads\/2026\/01\/Screenshot-2026-01-15-at-4.46.08-PM-632x1024.png","contentUrl":"https:\/\/quoris.com\/wp-content\/uploads\/2026\/01\/Screenshot-2026-01-15-at-4.46.08-PM-632x1024.png"},{"@type":"BreadcrumbList","@id":"https:\/\/quoris.com\/es\/demostracion-del-sitio-web-tipos-de-entrada\/#breadcrumb","itemListElement":[{"@type":"ListItem","position":1,"name":"Inicio","item":"https:\/\/quoris.com\/es\/"},{"@type":"ListItem","position":2,"name":"Demostraci\u00f3n del sitio web &#8211; Tipos de entrada"}]},{"@type":"WebSite","@id":"https:\/\/quoris.com\/es\/#website","url":"https:\/\/quoris.com\/es\/","name":"Quoris Healthcare IT","description":"","publisher":{"@id":"https:\/\/quoris.com\/es\/#organization"},"potentialAction":[{"@type":"SearchAction","target":{"@type":"EntryPoint","urlTemplate":"https:\/\/quoris.com\/es\/?s={search_term_string}"},"query-input":{"@type":"PropertyValueSpecification","valueRequired":true,"valueName":"search_term_string"}}],"inLanguage":"es-ES"},{"@type":"Organization","@id":"https:\/\/quoris.com\/es\/#organization","name":"Quoris Healthcare IT","url":"https:\/\/quoris.com\/es\/","logo":{"@type":"ImageObject","inLanguage":"es-ES","@id":"https:\/\/quoris.com\/es\/#\/schema\/logo\/image\/","url":"https:\/\/quoris.com\/wp-content\/uploads\/2025\/12\/pressrelease_575703_1763329356.jpg","contentUrl":"https:\/\/quoris.com\/wp-content\/uploads\/2025\/12\/pressrelease_575703_1763329356.jpg","width":667,"height":350,"caption":"Quoris Healthcare IT"},"image":{"@id":"https:\/\/quoris.com\/es\/#\/schema\/logo\/image\/"},"sameAs":["https:\/\/www.linkedin.com\/company\/quoris\/"]}]}},"_links":{"self":[{"href":"https:\/\/quoris.com\/es\/wp-json\/wp\/v2\/pages\/5546","targetHints":{"allow":["GET"]}}],"collection":[{"href":"https:\/\/quoris.com\/es\/wp-json\/wp\/v2\/pages"}],"about":[{"href":"https:\/\/quoris.com\/es\/wp-json\/wp\/v2\/types\/page"}],"author":[{"embeddable":true,"href":"https:\/\/quoris.com\/es\/wp-json\/wp\/v2\/users\/7"}],"replies":[{"embeddable":true,"href":"https:\/\/quoris.com\/es\/wp-json\/wp\/v2\/comments?post=5546"}],"version-history":[{"count":0,"href":"https:\/\/quoris.com\/es\/wp-json\/wp\/v2\/pages\/5546\/revisions"}],"wp:attachment":[{"href":"https:\/\/quoris.com\/es\/wp-json\/wp\/v2\/media?parent=5546"}],"curies":[{"name":"wp","href":"https:\/\/api.w.org\/{rel}","templated":true}]}}