{"id":5089,"date":"2025-10-01T15:09:21","date_gmt":"2025-10-01T19:09:21","guid":{"rendered":"https:\/\/quoris.wpenginepowered.com\/politicas-y-declaraciones\/"},"modified":"2026-04-21T12:02:43","modified_gmt":"2026-04-21T16:02:43","slug":"politicas-y-declaraciones","status":"publish","type":"page","link":"https:\/\/quoris.com\/es\/politicas-y-declaraciones\/","title":{"rendered":"Pol\u00edticas y declaraciones"},"content":{"rendered":"\n\n  <div\n    class=\"page-heading-block wp-block-group is-layout-constrained wp-block-group-is-layout-constrained wp-elements-ddabfffa2f51631b82a1f591d4fce07a alignfull wp-block-acf-page-heading-block has-text-color has-white-color has-background has-dark-blue-background-color is-layout-flow wp-block-acf-page-heading-block-is-layout-flow\">\n  \n  <div class=\"page-heading-block-wrapper\">\n    <div class=\"acf-innerblocks-container\">\n  <div class=\" alignnone alignnone wp-block-acf-breadcrumbs\">\n            <div class=\"breadcrumbs\">\n        <a href=\"https:\/\/quoris.com\/es\/\" class=\"breadcrumb\">Home<\/a><span class=\"breadcrumb-separator\"><\/span>        <span class=\"breadcrumb\">Pol\u00edticas y declaraciones<\/span>\n      <\/div>\n        <\/div>\n\n\n<h1 class=\"wp-block-heading page-title\">Pol\u00edticas y declaraciones<\/h1>\n\n<\/div>\n  <\/div>\n    <\/div>\n\n<div class=\"wp-block-group is-layout-constrained wp-block-group-is-layout-constrained\" style=\"margin-top:var(--wp--preset--spacing--20);margin-bottom:var(--wp--preset--spacing--20);padding-top:var(--wp--preset--spacing--30)\">\n<h4 class=\"wp-block-heading\">Empresa que ofrece igualdad de oportunidades \/ Declaraci\u00f3n contra la discriminaci\u00f3n<\/h4>\n\n\n\n<p class=\"wp-block-paragraph\">Quoris se enorgullece de ser una empresa que ofrece igualdad de oportunidades. Nos comprometemos a crear un lugar de trabajo inclusivo, equitativo y respetuoso en el que todos tengan la oportunidad de prosperar. <\/p>\n\n\n\n<p class=\"wp-block-paragraph\">Las decisiones de empleo en Quoris se toman sin tener en cuenta la raza, el color, la religi\u00f3n, el credo, el sexo (incluidos el embarazo, la orientaci\u00f3n sexual o la identidad de g\u00e9nero), el origen nacional, la edad, la discapacidad, la informaci\u00f3n gen\u00e9tica, la condici\u00f3n de veterano o cualquier otra condici\u00f3n protegida por la legislaci\u00f3n aplicable.<\/p>\n\n\n\n<p class=\"wp-block-paragraph\">Valoramos la diversidad en nuestros equipos y creemos que un amplio abanico de perspectivas impulsa la innovaci\u00f3n y el \u00e9xito.<\/p>\n<\/div>\n\n<div class=\"wp-block-group is-layout-constrained wp-block-group-is-layout-constrained\" style=\"margin-top:var(--wp--preset--spacing--20);margin-bottom:var(--wp--preset--spacing--20);padding-top:var(--wp--preset--spacing--30)\">\n<h4 class=\"wp-block-heading\">C\u00f3digo de Conducta \/ Pol\u00edtica \u00c9tica<\/h4>\n\n\n\n<p class=\"wp-block-paragraph\">En Quoris, nos atenemos a las normas m\u00e1s estrictas de integridad, profesionalidad y comportamiento \u00e9tico. Nuestro C\u00f3digo de Conducta y Pol\u00edtica \u00c9tica gu\u00eda nuestra forma de trabajar, con honestidad, responsabilidad y respeto a los dem\u00e1s. <\/p>\n<\/div>\n\n<div class=\"wp-block-group is-layout-constrained wp-block-group-is-layout-constrained\" style=\"margin-top:var(--wp--preset--spacing--20);margin-bottom:var(--wp--preset--spacing--20);padding-top:var(--wp--preset--spacing--30)\">\n<h4 class=\"wp-block-heading\">Se espera que todos los miembros del equipo Quoris:<\/h4>\n\n\n\n<ul class=\"wp-block-list\">\n<li>Act\u00faa con integridad y transparencia en todos los tratos comerciales.<\/li>\n\n\n\n<li>Cumplir todas las leyes, reglamentos y pol\u00edticas de la empresa aplicables.<\/li>\n\n\n\n<li>Evita los conflictos de intereses e informa de los posibles problemas.<\/li>\n\n\n\n<li>Trata a compa\u00f1eros, clientes, socios y proveedores con equidad y respeto.<\/li>\n<\/ul>\n\n\n\n<p class=\"wp-block-paragraph\">Animamos a los empleados y socios a denunciar si observan una conducta incompatible con nuestros valores. Las denuncias pueden hacerse de forma confidencial y sin temor a represalias. <\/p>\n<\/div>\n\n<div class=\"wp-block-group is-layout-constrained wp-block-group-is-layout-constrained\" style=\"margin-top:var(--wp--preset--spacing--20);margin-bottom:var(--wp--preset--spacing--20);padding-top:var(--wp--preset--spacing--30)\">\n<h4 class=\"wp-block-heading\">C\u00f3digo de conducta del vendedor<\/h4>\n\n\n\n<p class=\"wp-block-paragraph\">Quoris espera que todos los proveedores, contratistas y socios comerciales mantengan las mismas normas \u00e9ticas que gu\u00edan nuestras propias operaciones.<\/p>\n<\/div>\n\n<div class=\"wp-block-group is-layout-constrained wp-block-group-is-layout-constrained\" style=\"margin-top:var(--wp--preset--spacing--20);margin-bottom:var(--wp--preset--spacing--20);padding-top:var(--wp--preset--spacing--30)\">\n<h4 class=\"wp-block-heading\">Nuestro C\u00f3digo de Conducta para Proveedores exige que todos los terceros que trabajen con Quoris:<\/h4>\n\n\n\n<ul class=\"wp-block-list\">\n<li>Llevar a cabo los negocios de forma \u00e9tica, honesta y de conformidad con las leyes aplicables.<\/li>\n\n\n\n<li>Prohibir la discriminaci\u00f3n, el acoso o el abuso en cualquiera de sus formas.<\/li>\n\n\n\n<li>Proporcionar condiciones de trabajo seguras y saludables.<\/li>\n\n\n\n<li>Prohibir el trabajo forzado, el trabajo infantil y la trata de seres humanos.<\/li>\n\n\n\n<li>Respeta la sostenibilidad medioambiental y el abastecimiento responsable.<\/li>\n<\/ul>\n\n\n\n<p class=\"wp-block-paragraph\">Los vendedores deben informar inmediatamente de cualquier infracci\u00f3n conocida o sospechada de esta pol\u00edtica a su representante de Quoris o a trav\u00e9s de los canales de informaci\u00f3n aprobados.<\/p>\n\n\n\n<p class=\"wp-block-paragraph\"><\/p>\n<\/div>\n\n<div style=\"height:20px\" aria-hidden=\"true\" class=\"wp-block-spacer\"><\/div>\n\n<hr class=\"wp-block-separator has-alpha-channel-opacity\" style=\"margin-top:var(--wp--preset--spacing--20);margin-bottom:var(--wp--preset--spacing--20)\"\/>\n\n<h4 class=\"wp-block-heading\" style=\"margin-top:var(--wp--preset--spacing--20);margin-bottom:var(--wp--preset--spacing--20);padding-top:var(--wp--preset--spacing--30)\">Iniciativas en curso para reducir las emisiones de carbono<\/h4>\n\n<p class=\"wp-block-paragraph\" style=\"margin-top:var(--wp--preset--spacing--20);margin-bottom:var(--wp--preset--spacing--20);padding-top:var(--wp--preset--spacing--30)\"><strong>Introducci\u00f3n<\/strong><\/p>\n\n<p class=\"wp-block-paragraph\">Quoris participa activamente en una estrategia integral para reducir su impacto medioambiental y lograr reducciones significativas de sus emisiones de carbono. Este documento resume nuestras iniciativas en curso y nuestro compromiso con la sostenibilidad medioambiental. <\/p>\n\n<p class=\"wp-block-paragraph\" style=\"margin-top:var(--wp--preset--spacing--20);margin-bottom:var(--wp--preset--spacing--20);padding-top:var(--wp--preset--spacing--30)\"><strong>Compromiso Net Zero<\/strong><\/p>\n\n<p class=\"wp-block-paragraph\">Quoris se ha comprometido a conseguir emisiones Neto Cero en nuestras operaciones en el Reino Unido (con el objetivo de extenderlo a todo el mundo) para 2050 o antes. Evaluamos y perfeccionamos peri\u00f3dicamente nuestras estrategias para acelerar el avance hacia este objetivo. <\/p>\n\n<p class=\"wp-block-paragraph\" style=\"margin-top:var(--wp--preset--spacing--20);margin-bottom:var(--wp--preset--spacing--20);padding-top:var(--wp--preset--spacing--30)\"><strong>Trabajo en curso para reducir las emisiones de carbono<\/strong><\/p>\n\n<p class=\"wp-block-paragraph\">Nuestros esfuerzos en curso para reducir las emisiones de carbono incluyen<\/p>\n\n<ul class=\"wp-block-list\">\n<li>Eficiencia energ\u00e9tica: Mejorar continuamente la eficiencia energ\u00e9tica de nuestras instalaciones mediante actualizaciones, auditor\u00edas y sistemas de gesti\u00f3n inteligentes.<\/li>\n\n\n\n<li>Energ\u00eda renovable: Obtenci\u00f3n activa de electricidad renovable y exploraci\u00f3n de oportunidades de generaci\u00f3n in situ.<\/li>\n\n\n\n<li>Transporte sostenible: Transici\u00f3n a veh\u00edculos el\u00e9ctricos, promoci\u00f3n de viajes sostenibles para los empleados y optimizaci\u00f3n de la log\u00edstica.<\/li>\n\n\n\n<li>Reducci\u00f3n de residuos: Poner en marcha programas para minimizar los residuos, aumentar el reciclaje y adoptar los principios de la econom\u00eda circular.<\/li>\n\n\n\n<li>Compromiso con la cadena de suministro: Colaborar con los proveedores para comprender y reducir sus emisiones.<\/li>\n\n\n\n<li>Compromiso de los empleados: Fomentar una cultura de concienciaci\u00f3n medioambiental y promover pr\u00e1cticas sostenibles entre los empleados.<\/li>\n<\/ul>\n\n<p class=\"wp-block-paragraph\" style=\"margin-top:var(--wp--preset--spacing--20);margin-bottom:var(--wp--preset--spacing--20);padding-top:var(--wp--preset--spacing--30)\"><strong>Gesti\u00f3n medioambiental<\/strong><\/p>\n\n<p class=\"wp-block-paragraph\">Estamos desarrollando y aplicando un enfoque estructurado para gestionar nuestro rendimiento medioambiental. Esto incluye establecer procesos para controlar nuestras emisiones, realizar revisiones internas e impartir formaci\u00f3n a los empleados para apoyar nuestros objetivos medioambientales. <\/p>\n\n<p class=\"has-small-font-size wp-block-paragraph\">Aprobado por:<\/p>\n\n<p class=\"has-small-font-size wp-block-paragraph\">Melissa Ursi, Directora General<\/p>\n\n<p class=\"has-small-font-size wp-block-paragraph\">Quoris, LLC<\/p>\n\n<p class=\"has-small-font-size wp-block-paragraph\">Fecha: 31\/3\/2025<\/p>\n\n<p class=\"wp-block-paragraph\"><\/p>\n\n<p class=\"wp-block-paragraph\"><\/p>\n\n<hr class=\"wp-block-separator has-alpha-channel-opacity\" style=\"margin-top:var(--wp--preset--spacing--20);margin-bottom:var(--wp--preset--spacing--20)\"\/>\n\n<h4 class=\"wp-block-heading\"><strong>Declaraci\u00f3n sobre la esclavitud moderna y la trata de seres humanos<\/strong><\/h4>\n\n<p class=\"wp-block-paragraph\" style=\"margin-top:var(--wp--preset--spacing--20);margin-bottom:var(--wp--preset--spacing--20);padding-top:var(--wp--preset--spacing--30)\"><strong>Nuestro compromiso<\/strong><\/p>\n\n<p class=\"wp-block-paragraph\">Quoris se compromete a hacer negocios de forma \u00e9tica e \u00edntegra. Tenemos tolerancia cero con la esclavitud moderna y la trata de seres humanos en cualquier parte de nuestro negocio o cadena de suministro. Como organizaci\u00f3n global de servicios inform\u00e1ticos sanitarios que opera desde 1999, reconocemos nuestra responsabilidad de respetar los derechos humanos y garantizar pr\u00e1cticas \u00e9ticas en todas nuestras operaciones.  <\/p>\n\n<p class=\"wp-block-paragraph\" style=\"margin-top:var(--wp--preset--spacing--20);margin-bottom:var(--wp--preset--spacing--20);padding-top:var(--wp--preset--spacing--30)\"><strong>Nuestro negocio<\/strong><\/p>\n\n<p class=\"wp-block-paragraph\">Quoris presta servicios inform\u00e1ticos sanitarios que incluyen implantaciones, optimizaciones y modernizaciones de HCE en m\u00faltiples plataformas. Operamos principalmente en Norteam\u00e9rica, con asociaciones internacionales, empleando a profesionales especializados en TI sanitaria y manteniendo relaciones con proveedores que respaldan nuestra prestaci\u00f3n de servicios. <\/p>\n\n<p class=\"wp-block-paragraph\" style=\"margin-top:var(--wp--preset--spacing--20);margin-bottom:var(--wp--preset--spacing--20);padding-top:var(--wp--preset--spacing--30)\"><strong>Nuestras pol\u00edticas<\/strong><\/p>\n\n<p class=\"wp-block-paragraph\">Mantenemos pol\u00edticas y pr\u00e1cticas s\u00f3lidas para prevenir la esclavitud moderna y la trata de seres humanos:<\/p>\n\n<ul class=\"wp-block-list\">\n<li>Contrataci\u00f3n \u00e9tica: Garantizamos que todo empleo sea libremente elegido, con condiciones transparentes<\/li>\n\n\n\n<li>Remuneraci\u00f3n justa: Todos los miembros del equipo reciben salarios justos que cumplen o superan los requisitos legales aplicables<\/li>\n\n\n\n<li>Normas de la cadena de suministro: Contratamos a proveedores y subcontratistas que comparten nuestro compromiso con las pr\u00e1cticas empresariales \u00e9ticas<\/li>\n\n\n\n<li>Diligencia debida: Investigamos adecuadamente a nuestros socios comerciales y supervisamos nuestra cadena de suministro.<\/li>\n<\/ul>\n\n<p class=\"wp-block-paragraph\" style=\"margin-top:var(--wp--preset--spacing--20);margin-bottom:var(--wp--preset--spacing--20);padding-top:var(--wp--preset--spacing--30)\"><strong>Evaluaci\u00f3n y gesti\u00f3n de riesgos<\/strong><\/p>\n\n<p class=\"wp-block-paragraph\">Dada la naturaleza de nuestro negocio como organizaci\u00f3n de servicios profesionales centrada en la TI sanitaria, evaluamos nuestra exposici\u00f3n al riesgo de esclavitud moderna como baja. Sin embargo, permanecemos vigilantes a trav\u00e9s de: <\/p>\n\n<ul class=\"wp-block-list\">\n<li>Revisi\u00f3n peri\u00f3dica de nuestras pr\u00e1cticas de contrataci\u00f3n y subcontrataci\u00f3n de personal<\/li>\n\n\n\n<li>Comprobaci\u00f3n de que todos los trabajadores tienen derecho legal a trabajar en sus respectivas localidades<\/li>\n\n\n\n<li>Control de las condiciones de trabajo y de las pr\u00e1cticas de remuneraci\u00f3n<\/li>\n\n\n\n<li>Canales abiertos para informar de preocupaciones sin miedo a represalias<\/li>\n<\/ul>\n\n<p class=\"wp-block-paragraph\" style=\"margin-top:var(--wp--preset--spacing--20);margin-bottom:var(--wp--preset--spacing--20);padding-top:var(--wp--preset--spacing--30)\"><strong>Formaci\u00f3n y sensibilizaci\u00f3n<\/strong><\/p>\n\n<p class=\"wp-block-paragraph\">Nos aseguramos de que nuestros dirigentes y los miembros pertinentes del equipo comprenden los riesgos de la esclavitud moderna y la trata de seres humanos, y nos mantenemos al tanto de los indicadores que podr\u00edan se\u00f1alar tales pr\u00e1cticas en nuestras relaciones comerciales.<\/p>\n\n<p class=\"wp-block-paragraph\" style=\"margin-top:var(--wp--preset--spacing--20);margin-bottom:var(--wp--preset--spacing--20);padding-top:var(--wp--preset--spacing--30)\"><strong>Responsabilidad<\/strong><\/p>\n\n<p class=\"wp-block-paragraph\">Esta declaraci\u00f3n ha sido aprobada por el Consejo de Quoris y refleja nuestro compromiso permanente con las pr\u00e1cticas empresariales \u00e9ticas. Revisamos y actualizamos nuestro enfoque anualmente para garantizar el cumplimiento y la mejora continuos. <\/p>\n\n<p class=\"has-small-font-size wp-block-paragraph\">Aprobado por:<\/p>\n\n<p class=\"has-small-font-size wp-block-paragraph\">Christian Quimby, Presidente Ejecutivo<\/p>\n\n<p class=\"has-small-font-size wp-block-paragraph\">Quoris, LLC<\/p>\n\n<p class=\"has-small-font-size wp-block-paragraph\">Fecha: 5\/1\/2025<\/p>\n\n<p class=\"has-small-font-size wp-block-paragraph\">Esta declaraci\u00f3n se realiza de conformidad con el art\u00edculo 54 de la Ley sobre Esclavitud Moderna de 2015 y constituye nuestra declaraci\u00f3n sobre esclavitud y trata de seres humanos para el ejercicio fiscal en curso. Quoris, LLC | Quoris International UK Ltd <\/p>\n","protected":false},"excerpt":{"rendered":"<p>Iniciativas en curso para reducir las emisiones de carbono Introducci\u00f3n Quoris participa activamente en una estrategia integral para reducir su impacto medioambiental y lograr reducciones significativas de sus emisiones de carbono. Este documento resume nuestras iniciativas en curso y nuestro compromiso con la sostenibilidad medioambiental. Compromiso Net Zero Quoris se ha comprometido a conseguir emisiones [&hellip;]<\/p>\n","protected":false},"author":7,"featured_media":5965,"parent":0,"menu_order":0,"comment_status":"closed","ping_status":"closed","template":"","meta":{"_acf_changed":false,"_crdt_document":"","content-type":"","footnotes":""},"class_list":["post-5089","page","type-page","status-publish","has-post-thumbnail","hentry"],"acf":[],"yoast_head":"<!-- This site is optimized with the Yoast SEO plugin v27.4 - https:\/\/yoast.com\/product\/yoast-seo-wordpress\/ -->\n<title>Pol\u00edticas y declaraciones &#8212; Quoris<\/title>\n<meta name=\"description\" content=\"Pol\u00edticas y declaraciones Empresa que ofrece igualdad de oportunidades \/ Declaraci\u00f3n contra la discriminaci\u00f3n Quoris se enorgullece de ser una empresa que\" \/>\n<meta name=\"robots\" content=\"noindex, follow, max-snippet:-1, max-image-preview:large, max-video-preview:-1\" \/>\n<meta property=\"og:locale\" content=\"es_ES\" \/>\n<meta property=\"og:type\" content=\"article\" \/>\n<meta property=\"og:title\" content=\"Pol\u00edticas y declaraciones &#8212; Quoris\" \/>\n<meta property=\"og:description\" content=\"Pol\u00edticas y declaraciones Empresa que ofrece igualdad de oportunidades \/ Declaraci\u00f3n contra la discriminaci\u00f3n Quoris se enorgullece de ser una empresa que\" \/>\n<meta property=\"og:url\" content=\"https:\/\/quoris.com\/es\/politicas-y-declaraciones\/\" \/>\n<meta property=\"og:site_name\" content=\"Quoris\" \/>\n<meta property=\"article:modified_time\" content=\"2026-04-21T16:02:43+00:00\" \/>\n<meta property=\"og:image\" content=\"https:\/\/quoris.com\/wp-content\/uploads\/2026\/02\/17.jpg\" \/>\n\t<meta property=\"og:image:width\" content=\"1200\" \/>\n\t<meta property=\"og:image:height\" content=\"900\" \/>\n\t<meta property=\"og:image:type\" content=\"image\/jpeg\" \/>\n<meta name=\"twitter:card\" content=\"summary_large_image\" \/>\n<meta name=\"twitter:label1\" content=\"Est. reading time\" \/>\n\t<meta name=\"twitter:data1\" content=\"6 minutes\" \/>\n<script type=\"application\/ld+json\" class=\"yoast-schema-graph\">{\"@context\":\"https:\\\/\\\/schema.org\",\"@graph\":[{\"@type\":\"WebPage\",\"@id\":\"https:\\\/\\\/quoris.com\\\/es\\\/politicas-y-declaraciones\\\/\",\"url\":\"https:\\\/\\\/quoris.com\\\/es\\\/politicas-y-declaraciones\\\/\",\"name\":\"Pol\u00edticas y declaraciones &#8212; Quoris\",\"isPartOf\":{\"@id\":\"https:\\\/\\\/quoris.com\\\/es\\\/#website\"},\"primaryImageOfPage\":{\"@id\":\"https:\\\/\\\/quoris.com\\\/es\\\/politicas-y-declaraciones\\\/#primaryimage\"},\"image\":{\"@id\":\"https:\\\/\\\/quoris.com\\\/es\\\/politicas-y-declaraciones\\\/#primaryimage\"},\"thumbnailUrl\":\"https:\\\/\\\/quoris.com\\\/wp-content\\\/uploads\\\/2026\\\/02\\\/17.jpg\",\"datePublished\":\"2025-10-01T19:09:21+00:00\",\"dateModified\":\"2026-04-21T16:02:43+00:00\",\"description\":\"Pol\u00edticas y declaraciones Empresa que ofrece igualdad de oportunidades \\\/ Declaraci\u00f3n contra la discriminaci\u00f3n Quoris se enorgullece de ser una empresa que\",\"breadcrumb\":{\"@id\":\"https:\\\/\\\/quoris.com\\\/es\\\/politicas-y-declaraciones\\\/#breadcrumb\"},\"inLanguage\":\"es-ES\",\"potentialAction\":[{\"@type\":\"ReadAction\",\"target\":[\"https:\\\/\\\/quoris.com\\\/es\\\/politicas-y-declaraciones\\\/\"]}]},{\"@type\":\"ImageObject\",\"inLanguage\":\"es-ES\",\"@id\":\"https:\\\/\\\/quoris.com\\\/es\\\/politicas-y-declaraciones\\\/#primaryimage\",\"url\":\"https:\\\/\\\/quoris.com\\\/wp-content\\\/uploads\\\/2026\\\/02\\\/17.jpg\",\"contentUrl\":\"https:\\\/\\\/quoris.com\\\/wp-content\\\/uploads\\\/2026\\\/02\\\/17.jpg\",\"width\":1200,\"height\":900},{\"@type\":\"BreadcrumbList\",\"@id\":\"https:\\\/\\\/quoris.com\\\/es\\\/politicas-y-declaraciones\\\/#breadcrumb\",\"itemListElement\":[{\"@type\":\"ListItem\",\"position\":1,\"name\":\"Inicio\",\"item\":\"https:\\\/\\\/quoris.com\\\/es\\\/\"},{\"@type\":\"ListItem\",\"position\":2,\"name\":\"Pol\u00edticas y declaraciones\"}]},{\"@type\":\"WebSite\",\"@id\":\"https:\\\/\\\/quoris.com\\\/es\\\/#website\",\"url\":\"https:\\\/\\\/quoris.com\\\/es\\\/\",\"name\":\"Quoris Healthcare IT\",\"description\":\"\",\"publisher\":{\"@id\":\"https:\\\/\\\/quoris.com\\\/es\\\/#organization\"},\"potentialAction\":[{\"@type\":\"SearchAction\",\"target\":{\"@type\":\"EntryPoint\",\"urlTemplate\":\"https:\\\/\\\/quoris.com\\\/es\\\/?s={search_term_string}\"},\"query-input\":{\"@type\":\"PropertyValueSpecification\",\"valueRequired\":true,\"valueName\":\"search_term_string\"}}],\"inLanguage\":\"es-ES\"},{\"@type\":\"Organization\",\"@id\":\"https:\\\/\\\/quoris.com\\\/es\\\/#organization\",\"name\":\"Quoris Healthcare IT\",\"url\":\"https:\\\/\\\/quoris.com\\\/es\\\/\",\"logo\":{\"@type\":\"ImageObject\",\"inLanguage\":\"es-ES\",\"@id\":\"https:\\\/\\\/quoris.com\\\/es\\\/#\\\/schema\\\/logo\\\/image\\\/\",\"url\":\"https:\\\/\\\/quoris.com\\\/wp-content\\\/uploads\\\/2025\\\/12\\\/pressrelease_575703_1763329356.jpg\",\"contentUrl\":\"https:\\\/\\\/quoris.com\\\/wp-content\\\/uploads\\\/2025\\\/12\\\/pressrelease_575703_1763329356.jpg\",\"width\":667,\"height\":350,\"caption\":\"Quoris Healthcare IT\"},\"image\":{\"@id\":\"https:\\\/\\\/quoris.com\\\/es\\\/#\\\/schema\\\/logo\\\/image\\\/\"},\"sameAs\":[\"https:\\\/\\\/www.linkedin.com\\\/company\\\/quoris\\\/\"]}]}<\/script>\n<!-- \/ Yoast SEO plugin. -->","yoast_head_json":{"title":"Pol\u00edticas y declaraciones &#8212; Quoris","description":"Pol\u00edticas y declaraciones Empresa que ofrece igualdad de oportunidades \/ Declaraci\u00f3n contra la discriminaci\u00f3n Quoris se enorgullece de ser una empresa que","robots":{"index":"noindex","follow":"follow","max-snippet":"max-snippet:-1","max-image-preview":"max-image-preview:large","max-video-preview":"max-video-preview:-1"},"og_locale":"es_ES","og_type":"article","og_title":"Pol\u00edticas y declaraciones &#8212; Quoris","og_description":"Pol\u00edticas y declaraciones Empresa que ofrece igualdad de oportunidades \/ Declaraci\u00f3n contra la discriminaci\u00f3n Quoris se enorgullece de ser una empresa que","og_url":"https:\/\/quoris.com\/es\/politicas-y-declaraciones\/","og_site_name":"Quoris","article_modified_time":"2026-04-21T16:02:43+00:00","og_image":[{"width":1200,"height":900,"url":"https:\/\/quoris.com\/wp-content\/uploads\/2026\/02\/17.jpg","type":"image\/jpeg"}],"twitter_card":"summary_large_image","twitter_misc":{"Est. reading time":"6 minutes"},"schema":{"@context":"https:\/\/schema.org","@graph":[{"@type":"WebPage","@id":"https:\/\/quoris.com\/es\/politicas-y-declaraciones\/","url":"https:\/\/quoris.com\/es\/politicas-y-declaraciones\/","name":"Pol\u00edticas y declaraciones &#8212; Quoris","isPartOf":{"@id":"https:\/\/quoris.com\/es\/#website"},"primaryImageOfPage":{"@id":"https:\/\/quoris.com\/es\/politicas-y-declaraciones\/#primaryimage"},"image":{"@id":"https:\/\/quoris.com\/es\/politicas-y-declaraciones\/#primaryimage"},"thumbnailUrl":"https:\/\/quoris.com\/wp-content\/uploads\/2026\/02\/17.jpg","datePublished":"2025-10-01T19:09:21+00:00","dateModified":"2026-04-21T16:02:43+00:00","description":"Pol\u00edticas y declaraciones Empresa que ofrece igualdad de oportunidades \/ Declaraci\u00f3n contra la discriminaci\u00f3n Quoris se enorgullece de ser una empresa que","breadcrumb":{"@id":"https:\/\/quoris.com\/es\/politicas-y-declaraciones\/#breadcrumb"},"inLanguage":"es-ES","potentialAction":[{"@type":"ReadAction","target":["https:\/\/quoris.com\/es\/politicas-y-declaraciones\/"]}]},{"@type":"ImageObject","inLanguage":"es-ES","@id":"https:\/\/quoris.com\/es\/politicas-y-declaraciones\/#primaryimage","url":"https:\/\/quoris.com\/wp-content\/uploads\/2026\/02\/17.jpg","contentUrl":"https:\/\/quoris.com\/wp-content\/uploads\/2026\/02\/17.jpg","width":1200,"height":900},{"@type":"BreadcrumbList","@id":"https:\/\/quoris.com\/es\/politicas-y-declaraciones\/#breadcrumb","itemListElement":[{"@type":"ListItem","position":1,"name":"Inicio","item":"https:\/\/quoris.com\/es\/"},{"@type":"ListItem","position":2,"name":"Pol\u00edticas y declaraciones"}]},{"@type":"WebSite","@id":"https:\/\/quoris.com\/es\/#website","url":"https:\/\/quoris.com\/es\/","name":"Quoris Healthcare IT","description":"","publisher":{"@id":"https:\/\/quoris.com\/es\/#organization"},"potentialAction":[{"@type":"SearchAction","target":{"@type":"EntryPoint","urlTemplate":"https:\/\/quoris.com\/es\/?s={search_term_string}"},"query-input":{"@type":"PropertyValueSpecification","valueRequired":true,"valueName":"search_term_string"}}],"inLanguage":"es-ES"},{"@type":"Organization","@id":"https:\/\/quoris.com\/es\/#organization","name":"Quoris Healthcare IT","url":"https:\/\/quoris.com\/es\/","logo":{"@type":"ImageObject","inLanguage":"es-ES","@id":"https:\/\/quoris.com\/es\/#\/schema\/logo\/image\/","url":"https:\/\/quoris.com\/wp-content\/uploads\/2025\/12\/pressrelease_575703_1763329356.jpg","contentUrl":"https:\/\/quoris.com\/wp-content\/uploads\/2025\/12\/pressrelease_575703_1763329356.jpg","width":667,"height":350,"caption":"Quoris Healthcare IT"},"image":{"@id":"https:\/\/quoris.com\/es\/#\/schema\/logo\/image\/"},"sameAs":["https:\/\/www.linkedin.com\/company\/quoris\/"]}]}},"_links":{"self":[{"href":"https:\/\/quoris.com\/es\/wp-json\/wp\/v2\/pages\/5089","targetHints":{"allow":["GET"]}}],"collection":[{"href":"https:\/\/quoris.com\/es\/wp-json\/wp\/v2\/pages"}],"about":[{"href":"https:\/\/quoris.com\/es\/wp-json\/wp\/v2\/types\/page"}],"author":[{"embeddable":true,"href":"https:\/\/quoris.com\/es\/wp-json\/wp\/v2\/users\/7"}],"replies":[{"embeddable":true,"href":"https:\/\/quoris.com\/es\/wp-json\/wp\/v2\/comments?post=5089"}],"version-history":[{"count":0,"href":"https:\/\/quoris.com\/es\/wp-json\/wp\/v2\/pages\/5089\/revisions"}],"wp:featuredmedia":[{"embeddable":true,"href":"https:\/\/quoris.com\/es\/wp-json\/wp\/v2\/media\/5965"}],"wp:attachment":[{"href":"https:\/\/quoris.com\/es\/wp-json\/wp\/v2\/media?parent=5089"}],"curies":[{"name":"wp","href":"https:\/\/api.w.org\/{rel}","templated":true}]}}