{"id":5084,"date":"2025-10-05T15:08:45","date_gmt":"2025-10-05T22:08:45","guid":{"rendered":"https:\/\/quoris.wpenginepowered.com\/condiciones-de-uso\/"},"modified":"2026-02-24T08:08:44","modified_gmt":"2026-02-24T16:08:44","slug":"condiciones-de-uso","status":"publish","type":"page","link":"https:\/\/quoris.com\/es\/condiciones-de-uso\/","title":{"rendered":"Condiciones de uso"},"content":{"rendered":"\n\n  <div\n    class=\"page-heading-block wp-block-group is-layout-constrained wp-block-group-is-layout-constrained wp-elements-623c42836e5959804e851b5a81a72fd1 alignfull wp-block-acf-page-heading-block has-text-color has-white-color has-background has-dark-blue-background-color is-layout-flow wp-block-acf-page-heading-block-is-layout-flow\">\n  \n  <div class=\"page-heading-block-wrapper\">\n    <div class=\"acf-innerblocks-container\">\n  <div class=\" alignnone alignnone wp-block-acf-breadcrumbs\">\n            <div class=\"breadcrumbs\">\n        <a href=\"https:\/\/quoris.com\/es\/\" class=\"breadcrumb\">Home<\/a><span class=\"breadcrumb-separator\"><\/span>        <span class=\"breadcrumb\">Condiciones de uso<\/span>\n      <\/div>\n        <\/div>\n\n\n<h1 class=\"wp-block-heading page-title\">Condiciones de uso<\/h1>\n\n<\/div>\n  <\/div>\n    <\/div>\n\n<p class=\"wp-block-paragraph\">Quoris, LLC enviar\u00e1 mensajes de texto SMS cuando decidas aceptarlos.<\/p>\n\n<p class=\"wp-block-paragraph\">La frecuencia de los mensajes var\u00eda de 1 a 2 mensajes al mes en respuesta a las consultas de los clientes.<\/p>\n\n<p class=\"wp-block-paragraph\">Pueden aplicarse tarifas de mensajes y datos.<\/p>\n\n<p class=\"wp-block-paragraph\">Al darte de alta, aceptas recibir mensajes conversacionales de Quoris, LLC.<\/p>\n\n<p class=\"wp-block-paragraph\">Podr\u00e1s optar por recibir estos mensajes una vez que nuestro formulario online est\u00e9 disponible en https:\/\/quoris.com\/contact\/. Cuando la p\u00e1gina est\u00e9 disponible, s\u00f3lo tienes que rellenar el formulario y marcar &#8221;S\u00ed&#8221; en la pregunta &#8221;\u00bfDeseas recibir mensajes de texto de Quoris, LLC?&#8221; para confirmar tu consentimiento.<\/p>\n\n<p class=\"wp-block-paragraph\">Responde STOP al n\u00famero que env\u00eda los mensajes de texto en cualquier momento para finalizar o darte de baja.<\/p>\n\n<p class=\"wp-block-paragraph\"><strong>Para obtener ayuda, responde a AYUDA en el n\u00famero de env\u00edo de mensajes o ponte en contacto con el servicio de asistencia en <a href=\"mailto:itsupport@quoris.com\">itsupport@quoris.com.<\/a> Puedes visitar nuestra Pol\u00edtica de privacidad aqu\u00ed <a href=\"https:\/\/quoris.com\/privacypolicy\">quoris.com\/privacypolicy<\/a> <\/strong><\/p>\n\n<p class=\"wp-block-paragraph\"><\/p>\n","protected":false},"excerpt":{"rendered":"<p>Quoris, LLC enviar\u00e1 mensajes de texto SMS cuando decidas aceptarlos. La frecuencia de los mensajes var\u00eda de 1 a 2 mensajes al mes en respuesta a las consultas de los clientes. Pueden aplicarse tarifas de mensajes y datos. Al darte de alta, aceptas recibir mensajes conversacionales de Quoris, LLC. Podr\u00e1s optar por recibir estos mensajes [&hellip;]<\/p>\n","protected":false},"author":7,"featured_media":5965,"parent":0,"menu_order":0,"comment_status":"closed","ping_status":"closed","template":"","meta":{"_acf_changed":false,"_crdt_document":"","content-type":"","footnotes":""},"class_list":["post-5084","page","type-page","status-publish","has-post-thumbnail","hentry"],"acf":[],"yoast_head":"<!-- This site is optimized with the Yoast SEO plugin v27.4 - https:\/\/yoast.com\/product\/yoast-seo-wordpress\/ -->\n<title>Condiciones de uso &#8212; Quoris<\/title>\n<meta name=\"description\" content=\"Condiciones de uso Quoris, LLC enviar\u00e1 mensajes de texto SMS cuando decidas aceptarlos. La frecuencia de los mensajes var\u00eda de 1 a 2 mensajes al mes en\" \/>\n<meta name=\"robots\" content=\"noindex, follow, max-snippet:-1, max-image-preview:large, max-video-preview:-1\" \/>\n<meta property=\"og:locale\" content=\"es_ES\" \/>\n<meta property=\"og:type\" content=\"article\" \/>\n<meta property=\"og:title\" content=\"Condiciones de uso &#8212; Quoris\" \/>\n<meta property=\"og:description\" content=\"Condiciones de uso Quoris, LLC enviar\u00e1 mensajes de texto SMS cuando decidas aceptarlos. La frecuencia de los mensajes var\u00eda de 1 a 2 mensajes al mes en\" \/>\n<meta property=\"og:url\" content=\"https:\/\/quoris.com\/es\/condiciones-de-uso\/\" \/>\n<meta property=\"og:site_name\" content=\"Quoris\" \/>\n<meta property=\"article:modified_time\" content=\"2026-02-24T16:08:44+00:00\" \/>\n<meta property=\"og:image\" content=\"https:\/\/quoris.com\/wp-content\/uploads\/2026\/02\/17.jpg\" \/>\n\t<meta property=\"og:image:width\" content=\"1200\" \/>\n\t<meta property=\"og:image:height\" content=\"900\" \/>\n\t<meta property=\"og:image:type\" content=\"image\/jpeg\" \/>\n<meta name=\"twitter:card\" content=\"summary_large_image\" \/>\n<meta name=\"twitter:label1\" content=\"Est. reading time\" \/>\n\t<meta name=\"twitter:data1\" content=\"1 minute\" \/>\n<script type=\"application\/ld+json\" class=\"yoast-schema-graph\">{\"@context\":\"https:\\\/\\\/schema.org\",\"@graph\":[{\"@type\":\"WebPage\",\"@id\":\"https:\\\/\\\/quoris.com\\\/es\\\/condiciones-de-uso\\\/\",\"url\":\"https:\\\/\\\/quoris.com\\\/es\\\/condiciones-de-uso\\\/\",\"name\":\"Condiciones de uso &#8212; Quoris\",\"isPartOf\":{\"@id\":\"https:\\\/\\\/quoris.com\\\/es\\\/#website\"},\"primaryImageOfPage\":{\"@id\":\"https:\\\/\\\/quoris.com\\\/es\\\/condiciones-de-uso\\\/#primaryimage\"},\"image\":{\"@id\":\"https:\\\/\\\/quoris.com\\\/es\\\/condiciones-de-uso\\\/#primaryimage\"},\"thumbnailUrl\":\"https:\\\/\\\/quoris.com\\\/wp-content\\\/uploads\\\/2026\\\/02\\\/17.jpg\",\"datePublished\":\"2025-10-05T22:08:45+00:00\",\"dateModified\":\"2026-02-24T16:08:44+00:00\",\"description\":\"Condiciones de uso Quoris, LLC enviar\u00e1 mensajes de texto SMS cuando decidas aceptarlos. La frecuencia de los mensajes var\u00eda de 1 a 2 mensajes al mes en\",\"breadcrumb\":{\"@id\":\"https:\\\/\\\/quoris.com\\\/es\\\/condiciones-de-uso\\\/#breadcrumb\"},\"inLanguage\":\"es-ES\",\"potentialAction\":[{\"@type\":\"ReadAction\",\"target\":[\"https:\\\/\\\/quoris.com\\\/es\\\/condiciones-de-uso\\\/\"]}]},{\"@type\":\"ImageObject\",\"inLanguage\":\"es-ES\",\"@id\":\"https:\\\/\\\/quoris.com\\\/es\\\/condiciones-de-uso\\\/#primaryimage\",\"url\":\"https:\\\/\\\/quoris.com\\\/wp-content\\\/uploads\\\/2026\\\/02\\\/17.jpg\",\"contentUrl\":\"https:\\\/\\\/quoris.com\\\/wp-content\\\/uploads\\\/2026\\\/02\\\/17.jpg\",\"width\":1200,\"height\":900},{\"@type\":\"BreadcrumbList\",\"@id\":\"https:\\\/\\\/quoris.com\\\/es\\\/condiciones-de-uso\\\/#breadcrumb\",\"itemListElement\":[{\"@type\":\"ListItem\",\"position\":1,\"name\":\"Inicio\",\"item\":\"https:\\\/\\\/quoris.com\\\/es\\\/\"},{\"@type\":\"ListItem\",\"position\":2,\"name\":\"Condiciones de uso\"}]},{\"@type\":\"WebSite\",\"@id\":\"https:\\\/\\\/quoris.com\\\/es\\\/#website\",\"url\":\"https:\\\/\\\/quoris.com\\\/es\\\/\",\"name\":\"Quoris Healthcare IT\",\"description\":\"\",\"publisher\":{\"@id\":\"https:\\\/\\\/quoris.com\\\/es\\\/#organization\"},\"potentialAction\":[{\"@type\":\"SearchAction\",\"target\":{\"@type\":\"EntryPoint\",\"urlTemplate\":\"https:\\\/\\\/quoris.com\\\/es\\\/?s={search_term_string}\"},\"query-input\":{\"@type\":\"PropertyValueSpecification\",\"valueRequired\":true,\"valueName\":\"search_term_string\"}}],\"inLanguage\":\"es-ES\"},{\"@type\":\"Organization\",\"@id\":\"https:\\\/\\\/quoris.com\\\/es\\\/#organization\",\"name\":\"Quoris Healthcare IT\",\"url\":\"https:\\\/\\\/quoris.com\\\/es\\\/\",\"logo\":{\"@type\":\"ImageObject\",\"inLanguage\":\"es-ES\",\"@id\":\"https:\\\/\\\/quoris.com\\\/es\\\/#\\\/schema\\\/logo\\\/image\\\/\",\"url\":\"https:\\\/\\\/quoris.com\\\/wp-content\\\/uploads\\\/2025\\\/12\\\/pressrelease_575703_1763329356.jpg\",\"contentUrl\":\"https:\\\/\\\/quoris.com\\\/wp-content\\\/uploads\\\/2025\\\/12\\\/pressrelease_575703_1763329356.jpg\",\"width\":667,\"height\":350,\"caption\":\"Quoris Healthcare IT\"},\"image\":{\"@id\":\"https:\\\/\\\/quoris.com\\\/es\\\/#\\\/schema\\\/logo\\\/image\\\/\"},\"sameAs\":[\"https:\\\/\\\/www.linkedin.com\\\/company\\\/quoris\\\/\"]}]}<\/script>\n<!-- \/ Yoast SEO plugin. -->","yoast_head_json":{"title":"Condiciones de uso &#8212; Quoris","description":"Condiciones de uso Quoris, LLC enviar\u00e1 mensajes de texto SMS cuando decidas aceptarlos. La frecuencia de los mensajes var\u00eda de 1 a 2 mensajes al mes en","robots":{"index":"noindex","follow":"follow","max-snippet":"max-snippet:-1","max-image-preview":"max-image-preview:large","max-video-preview":"max-video-preview:-1"},"og_locale":"es_ES","og_type":"article","og_title":"Condiciones de uso &#8212; Quoris","og_description":"Condiciones de uso Quoris, LLC enviar\u00e1 mensajes de texto SMS cuando decidas aceptarlos. La frecuencia de los mensajes var\u00eda de 1 a 2 mensajes al mes en","og_url":"https:\/\/quoris.com\/es\/condiciones-de-uso\/","og_site_name":"Quoris","article_modified_time":"2026-02-24T16:08:44+00:00","og_image":[{"width":1200,"height":900,"url":"https:\/\/quoris.com\/wp-content\/uploads\/2026\/02\/17.jpg","type":"image\/jpeg"}],"twitter_card":"summary_large_image","twitter_misc":{"Est. reading time":"1 minute"},"schema":{"@context":"https:\/\/schema.org","@graph":[{"@type":"WebPage","@id":"https:\/\/quoris.com\/es\/condiciones-de-uso\/","url":"https:\/\/quoris.com\/es\/condiciones-de-uso\/","name":"Condiciones de uso &#8212; Quoris","isPartOf":{"@id":"https:\/\/quoris.com\/es\/#website"},"primaryImageOfPage":{"@id":"https:\/\/quoris.com\/es\/condiciones-de-uso\/#primaryimage"},"image":{"@id":"https:\/\/quoris.com\/es\/condiciones-de-uso\/#primaryimage"},"thumbnailUrl":"https:\/\/quoris.com\/wp-content\/uploads\/2026\/02\/17.jpg","datePublished":"2025-10-05T22:08:45+00:00","dateModified":"2026-02-24T16:08:44+00:00","description":"Condiciones de uso Quoris, LLC enviar\u00e1 mensajes de texto SMS cuando decidas aceptarlos. La frecuencia de los mensajes var\u00eda de 1 a 2 mensajes al mes en","breadcrumb":{"@id":"https:\/\/quoris.com\/es\/condiciones-de-uso\/#breadcrumb"},"inLanguage":"es-ES","potentialAction":[{"@type":"ReadAction","target":["https:\/\/quoris.com\/es\/condiciones-de-uso\/"]}]},{"@type":"ImageObject","inLanguage":"es-ES","@id":"https:\/\/quoris.com\/es\/condiciones-de-uso\/#primaryimage","url":"https:\/\/quoris.com\/wp-content\/uploads\/2026\/02\/17.jpg","contentUrl":"https:\/\/quoris.com\/wp-content\/uploads\/2026\/02\/17.jpg","width":1200,"height":900},{"@type":"BreadcrumbList","@id":"https:\/\/quoris.com\/es\/condiciones-de-uso\/#breadcrumb","itemListElement":[{"@type":"ListItem","position":1,"name":"Inicio","item":"https:\/\/quoris.com\/es\/"},{"@type":"ListItem","position":2,"name":"Condiciones de uso"}]},{"@type":"WebSite","@id":"https:\/\/quoris.com\/es\/#website","url":"https:\/\/quoris.com\/es\/","name":"Quoris Healthcare IT","description":"","publisher":{"@id":"https:\/\/quoris.com\/es\/#organization"},"potentialAction":[{"@type":"SearchAction","target":{"@type":"EntryPoint","urlTemplate":"https:\/\/quoris.com\/es\/?s={search_term_string}"},"query-input":{"@type":"PropertyValueSpecification","valueRequired":true,"valueName":"search_term_string"}}],"inLanguage":"es-ES"},{"@type":"Organization","@id":"https:\/\/quoris.com\/es\/#organization","name":"Quoris Healthcare IT","url":"https:\/\/quoris.com\/es\/","logo":{"@type":"ImageObject","inLanguage":"es-ES","@id":"https:\/\/quoris.com\/es\/#\/schema\/logo\/image\/","url":"https:\/\/quoris.com\/wp-content\/uploads\/2025\/12\/pressrelease_575703_1763329356.jpg","contentUrl":"https:\/\/quoris.com\/wp-content\/uploads\/2025\/12\/pressrelease_575703_1763329356.jpg","width":667,"height":350,"caption":"Quoris Healthcare IT"},"image":{"@id":"https:\/\/quoris.com\/es\/#\/schema\/logo\/image\/"},"sameAs":["https:\/\/www.linkedin.com\/company\/quoris\/"]}]}},"_links":{"self":[{"href":"https:\/\/quoris.com\/es\/wp-json\/wp\/v2\/pages\/5084","targetHints":{"allow":["GET"]}}],"collection":[{"href":"https:\/\/quoris.com\/es\/wp-json\/wp\/v2\/pages"}],"about":[{"href":"https:\/\/quoris.com\/es\/wp-json\/wp\/v2\/types\/page"}],"author":[{"embeddable":true,"href":"https:\/\/quoris.com\/es\/wp-json\/wp\/v2\/users\/7"}],"replies":[{"embeddable":true,"href":"https:\/\/quoris.com\/es\/wp-json\/wp\/v2\/comments?post=5084"}],"version-history":[{"count":0,"href":"https:\/\/quoris.com\/es\/wp-json\/wp\/v2\/pages\/5084\/revisions"}],"wp:featuredmedia":[{"embeddable":true,"href":"https:\/\/quoris.com\/es\/wp-json\/wp\/v2\/media\/5965"}],"wp:attachment":[{"href":"https:\/\/quoris.com\/es\/wp-json\/wp\/v2\/media?parent=5084"}],"curies":[{"name":"wp","href":"https:\/\/api.w.org\/{rel}","templated":true}]}}