{"id":5035,"date":"2025-11-10T16:48:24","date_gmt":"2025-11-11T00:48:24","guid":{"rendered":"https:\/\/quoris.wpenginepowered.com\/quienes-somos\/liderazgo\/"},"modified":"2026-02-24T08:05:45","modified_gmt":"2026-02-24T16:05:45","slug":"liderazgo","status":"publish","type":"page","link":"https:\/\/quoris.com\/es\/quienes-somos\/liderazgo\/","title":{"rendered":"Liderazgo Quoris"},"content":{"rendered":"\n\n  <div\n    class=\"page-heading-block wp-block-group is-layout-constrained wp-block-group-is-layout-constrained is-style-background-wave wp-elements-6cf9debc71b15a5aa283b193b3fe2047 alignfull wp-block-acf-page-heading-block has-text-color has-dark-blue-color has-background has-beige-background-color is-layout-flow wp-block-acf-page-heading-block-is-layout-flow\">\n  \n  <div class=\"page-heading-block-wrapper\">\n    <div class=\"acf-innerblocks-container\">\n  <div class=\" alignnone alignnone wp-block-acf-breadcrumbs\">\n            <div class=\"breadcrumbs\">\n        <a href=\"https:\/\/quoris.com\/es\/\" class=\"breadcrumb\">Home<\/a><span class=\"breadcrumb-separator\"><\/span><a href=\"https:\/\/quoris.com\/es\/quienes-somos\/\" class=\"breadcrumb\">Qui\u00e9nes somos<\/a><span class=\"breadcrumb-separator\"><\/span>        <span class=\"breadcrumb\">Liderazgo Quoris<\/span>\n      <\/div>\n        <\/div>\n\n\n<h1 class=\"wp-block-heading page-title\">Conoce a nuestro equipo directivo<\/h1>\n\n\n\n<p class=\"page-heading-intro-p wp-block-paragraph\">Conoce a los l\u00edderes del sector al frente de Quoris<\/p>\n\n<\/div>\n  <\/div>\n    <\/div>\n\n  <div\n    class=\"wp-block-group group-page-section is-layout-constrained wp-block-group-is-layout-constrained alignfull align-text-left align-content-top wp-block-acf-page-section is-layout-flow wp-block-acf-page-section-is-layout-flow\">\n  \n\n  <div class=\"acf-innerblocks-container\">\n\n<div class=\"wp-block-group has-text-wrap-pretty is-layout-constrained wp-container-core-group-is-layout-891b1e3f wp-block-group-is-layout-constrained\">\n<h2 class=\"wp-block-heading has-text-align-center\" style=\"margin-bottom:var(--wp--preset--spacing--20)\">Una TI sanitaria m\u00e1s inteligente y estrat\u00e9gica<\/h2>\n\n\n\n<div class=\"wp-block-group is-layout-constrained wp-container-core-group-is-layout-15e220c5 wp-block-group-is-layout-constrained\" style=\"margin-top:0;margin-bottom:0;padding-top:0;padding-right:0;padding-bottom:0;padding-left:0\">\n<p class=\"has-text-align-center wp-block-paragraph\">Nuestro equipo directivo re\u00fane una profunda experiencia en sanidad, un pensamiento innovador y un compromiso compartido para ayudar a cada cliente a sacar el m\u00e1ximo partido de sus inversiones en TI.<\/p>\n<\/div>\n<\/div>\n\n\n\n\n  <div class=\"post-teasers-block  team-leadership align team-leadership wp-block-acf-faceted-teasers-block\">\n  \n\n        <div class=\"facetwp-template\">\n\n\n      \n                  <div class=\"grid\">\n          \n                        <div class=\"g-col-12 g-col-md-3\">\n              \n              \n<a href=\"https:\/\/quoris.com\/es\/team\/melissa-ursi\/\" class=\"teaser teaser--team teaser-grid\" id=\"post-5171\">\n  <div class=\"teaser--featured_image\">\n\n          <img decoding=\"async\" src=\"https:\/\/quoris.com\/wp-content\/themes\/ems-base\/assets\/images\/FPO.jpg\">\n      <\/div>\n\n  <div class=\"post_content\">\n    <h4 class=\"teaser--title\">Melissa Ursi<\/h4>\n          <p class=\"job-title overline\">CEO<\/p>\n      <\/div>\n<\/a>                            <\/div>\n                                    <div class=\"g-col-12 g-col-md-3\">\n              \n              \n<a href=\"https:\/\/quoris.com\/es\/team\/laura-arboleda\/\" class=\"teaser teaser--team teaser-grid\" id=\"post-5180\">\n  <div class=\"teaser--featured_image\">\n\n    <img loading=\"lazy\" decoding=\"async\" width=\"528\" height=\"625\" src=\"https:\/\/quoris.com\/wp-content\/uploads\/2025\/12\/Laura-Arboleda.png\" class=\"attachment-large size-large wp-post-image\" alt=\"Laura Arboleda\" srcset=\"https:\/\/quoris.com\/wp-content\/uploads\/2025\/12\/Laura-Arboleda.png 528w, https:\/\/quoris.com\/wp-content\/uploads\/2025\/12\/Laura-Arboleda-253x300.png 253w\" sizes=\"auto, (max-width: 528px) 100vw, 528px\" \/>  <\/div>\n\n  <div class=\"post_content\">\n    <h4 class=\"teaser--title\">Laura Arboleda<\/h4>\n          <p class=\"job-title overline\">CRO<\/p>\n      <\/div>\n<\/a>                            <\/div>\n                                    <div class=\"g-col-12 g-col-md-3\">\n              \n              \n<a href=\"https:\/\/quoris.com\/es\/team\/chris-quimby\/\" class=\"teaser teaser--team teaser-grid\" id=\"post-5186\">\n  <div class=\"teaser--featured_image\">\n\n    <img loading=\"lazy\" decoding=\"async\" width=\"267\" height=\"313\" src=\"https:\/\/quoris.com\/wp-content\/uploads\/2025\/12\/Chris-Quimby.png\" class=\"attachment-large size-large wp-post-image\" alt=\"Chris Quimby\" srcset=\"https:\/\/quoris.com\/wp-content\/uploads\/2025\/12\/Chris-Quimby.png 267w, https:\/\/quoris.com\/wp-content\/uploads\/2025\/12\/Chris-Quimby-256x300.png 256w\" sizes=\"auto, (max-width: 267px) 100vw, 267px\" \/>  <\/div>\n\n  <div class=\"post_content\">\n    <h4 class=\"teaser--title\">Chris Quimby<\/h4>\n          <p class=\"job-title overline\">Presidente Ejecutivo<\/p>\n      <\/div>\n<\/a>                            <\/div>\n                                    <div class=\"g-col-12 g-col-md-3\">\n              \n              \n<a href=\"https:\/\/quoris.com\/es\/team\/jeff-tennant\/\" class=\"teaser teaser--team teaser-grid\" id=\"post-5192\">\n  <div class=\"teaser--featured_image\">\n\n    <img loading=\"lazy\" decoding=\"async\" width=\"264\" height=\"313\" src=\"https:\/\/quoris.com\/wp-content\/uploads\/2025\/12\/Jeff-Tennant.png\" class=\"attachment-large size-large wp-post-image\" alt=\"Jeff Tennant\" srcset=\"https:\/\/quoris.com\/wp-content\/uploads\/2025\/12\/Jeff-Tennant.png 264w, https:\/\/quoris.com\/wp-content\/uploads\/2025\/12\/Jeff-Tennant-253x300.png 253w\" sizes=\"auto, (max-width: 264px) 100vw, 264px\" \/>  <\/div>\n\n  <div class=\"post_content\">\n    <h4 class=\"teaser--title\">Jeff Tennant<\/h4>\n          <p class=\"job-title overline\">EVP de Entrega<\/p>\n      <\/div>\n<\/a>                            <\/div>\n                                <\/div>\n      \n    <\/div>\n            <\/div>\n\n    \n\n\n  <div\n    class=\"employee-spotlight wp-block-acf-employee-spotlight\">\n  \n\n  <div class=\"employee-spotlight-wrapper\">\n\n    <div class=\"employee-spotlight-employee\">\n\n      <div class=\"employee-spotlight-photo\">\n                  <img decoding=\"async\" src=\"https:\/\/quoris.com\/wp-content\/uploads\/2025\/12\/Maxwel-Lyons-Account-Executive-Quoris-Healthcare-IT.jpeg\" alt=\"Max Lyons account executive\">\n\n              <\/div>\n\n      <div class=\"employee-spotlight-info\">\n        <p class=\"badge overline\">Empleado destacado<\/p>\n        <blockquote class=\"employee-spotlight-quote\">\n          <p class=\"employee-spotlight-quote__text\"><span class=\"quote-open\">&ldquo;<\/span>Todas las voces se oyen, todas las contribuciones importan y existe un compromiso compartido con la excelencia que nos empuja a todos. Lo que m\u00e1s valoro es nuestra aut\u00e9ntica mentalidad de &quot;el cliente primero&quot;. No s\u00f3lo apoyamos a nuestros clientes y a los miembros de nuestro equipo; nos mantenemos unidos. Quoris es el tipo de empresa donde las personas crecen, los clientes prosperan y el prop\u00f3sito impulsa todo lo que hacemos.   &rdquo;<\/p>\n        <\/blockquote>\n        <div class=\"employee-spotlight-names\">\n          <p class=\"attribution-name\">Max Lyons<\/p>\n                      <p class=\"attribution-secondary\">Ejecutivo de cuentas<\/p>\n                  <\/div>\n        <a href=\"https:\/\/quoris.com\/es\/leadership\/\" class=\"arrow-link\">Conoce a nuestro equipo<\/a>\n      <\/div>\n\n    <\/div>\n  <\/div>\n\n    <\/div>\n\n<\/div>\n    <\/div>\n\n<div class=\"wp-block-group prefooter prefooter-careers fade-in-up has-dark-blue-color has-aqua-background-color has-text-color has-background has-link-color wp-elements-ddfad93597681fceb326ae06a9d97cda is-layout-constrained wp-block-group-is-layout-constrained\" style=\"padding-top:var(--wp--preset--spacing--60);padding-bottom:var(--wp--preset--spacing--60)\">\n<h3 class=\"wp-block-heading has-text-align-center\">\u00danete al equipo Quoris<\/h3>\n\n\n\n<p class=\"has-text-align-center wp-block-paragraph\">Ponte en contacto hoy mismo y obt\u00e9n m\u00e1s informaci\u00f3n sobre c\u00f3mo formar parte de Quoris.<\/p>\n\n\n\n<div class=\"wp-block-buttons is-content-justification-center is-layout-flex wp-container-core-buttons-is-layout-3e41869c wp-block-buttons-is-layout-flex\">\n<div class=\"wp-block-button is-style-arrow\"><a class=\"wp-block-button__link wp-element-button\" href=\"https:\/\/careers.quoris.com\/jobs\/Careers\" target=\"_blank\" rel=\"noreferrer noopener\">Ver oportunidades de empleo<\/a><\/div>\n<\/div>\n<\/div>\n","protected":false},"excerpt":{"rendered":"","protected":false},"author":7,"featured_media":5965,"parent":4952,"menu_order":0,"comment_status":"closed","ping_status":"closed","template":"","meta":{"_acf_changed":false,"_crdt_document":"","content-type":"","footnotes":""},"class_list":["post-5035","page","type-page","status-publish","has-post-thumbnail","hentry"],"acf":[],"yoast_head":"<!-- This site is optimized with the Yoast SEO plugin v27.3 - https:\/\/yoast.com\/product\/yoast-seo-wordpress\/ -->\n<title>Equipo directivo de Quoris | Consultor\u00eda inform\u00e1tica sanitaria | Quoris<\/title>\n<meta name=\"description\" content=\"Conoce al equipo directivo de Quoris que dirige la consultor\u00eda de TI sanitaria, la dotaci\u00f3n de personal y los servicios gestionados para organizaciones sanitarias.\" \/>\n<meta name=\"robots\" content=\"noindex, follow, max-snippet:-1, max-image-preview:large, max-video-preview:-1\" \/>\n<meta property=\"og:locale\" content=\"es_ES\" \/>\n<meta property=\"og:type\" content=\"article\" \/>\n<meta property=\"og:title\" content=\"Equipo directivo de Quoris | Consultor\u00eda inform\u00e1tica sanitaria | Quoris\" \/>\n<meta property=\"og:description\" content=\"Conoce al equipo directivo de Quoris que dirige la consultor\u00eda de TI sanitaria, la dotaci\u00f3n de personal y los servicios gestionados para organizaciones sanitarias.\" \/>\n<meta property=\"og:url\" content=\"https:\/\/quoris.com\/es\/quienes-somos\/liderazgo\/\" \/>\n<meta property=\"og:site_name\" content=\"Quoris\" \/>\n<meta property=\"article:modified_time\" content=\"2026-02-24T16:05:45+00:00\" \/>\n<meta property=\"og:image\" content=\"https:\/\/quoris.com\/wp-content\/uploads\/2026\/02\/17.jpg\" \/>\n\t<meta property=\"og:image:width\" content=\"1200\" \/>\n\t<meta property=\"og:image:height\" content=\"900\" \/>\n\t<meta property=\"og:image:type\" content=\"image\/jpeg\" \/>\n<meta name=\"twitter:card\" content=\"summary_large_image\" \/>\n<script type=\"application\/ld+json\" class=\"yoast-schema-graph\">{\"@context\":\"https:\\\/\\\/schema.org\",\"@graph\":[{\"@type\":\"WebPage\",\"@id\":\"https:\\\/\\\/quoris.com\\\/es\\\/quienes-somos\\\/liderazgo\\\/\",\"url\":\"https:\\\/\\\/quoris.com\\\/es\\\/quienes-somos\\\/liderazgo\\\/\",\"name\":\"Equipo directivo de Quoris | Consultor\u00eda inform\u00e1tica sanitaria | Quoris\",\"isPartOf\":{\"@id\":\"https:\\\/\\\/quoris.com\\\/es\\\/#website\"},\"primaryImageOfPage\":{\"@id\":\"https:\\\/\\\/quoris.com\\\/es\\\/quienes-somos\\\/liderazgo\\\/#primaryimage\"},\"image\":{\"@id\":\"https:\\\/\\\/quoris.com\\\/es\\\/quienes-somos\\\/liderazgo\\\/#primaryimage\"},\"thumbnailUrl\":\"https:\\\/\\\/quoris.com\\\/wp-content\\\/uploads\\\/2026\\\/02\\\/17.jpg\",\"datePublished\":\"2025-11-11T00:48:24+00:00\",\"dateModified\":\"2026-02-24T16:05:45+00:00\",\"description\":\"Conoce al equipo directivo de Quoris que dirige la consultor\u00eda de TI sanitaria, la dotaci\u00f3n de personal y los servicios gestionados para organizaciones sanitarias.\",\"breadcrumb\":{\"@id\":\"https:\\\/\\\/quoris.com\\\/es\\\/quienes-somos\\\/liderazgo\\\/#breadcrumb\"},\"inLanguage\":\"es-ES\",\"potentialAction\":[{\"@type\":\"ReadAction\",\"target\":[\"https:\\\/\\\/quoris.com\\\/es\\\/quienes-somos\\\/liderazgo\\\/\"]}]},{\"@type\":\"ImageObject\",\"inLanguage\":\"es-ES\",\"@id\":\"https:\\\/\\\/quoris.com\\\/es\\\/quienes-somos\\\/liderazgo\\\/#primaryimage\",\"url\":\"https:\\\/\\\/quoris.com\\\/wp-content\\\/uploads\\\/2026\\\/02\\\/17.jpg\",\"contentUrl\":\"https:\\\/\\\/quoris.com\\\/wp-content\\\/uploads\\\/2026\\\/02\\\/17.jpg\",\"width\":1200,\"height\":900},{\"@type\":\"BreadcrumbList\",\"@id\":\"https:\\\/\\\/quoris.com\\\/es\\\/quienes-somos\\\/liderazgo\\\/#breadcrumb\",\"itemListElement\":[{\"@type\":\"ListItem\",\"position\":1,\"name\":\"Inicio\",\"item\":\"https:\\\/\\\/quoris.com\\\/es\\\/\"},{\"@type\":\"ListItem\",\"position\":2,\"name\":\"Qui\u00e9nes somos\",\"item\":\"https:\\\/\\\/quoris.com\\\/es\\\/quienes-somos\\\/\"},{\"@type\":\"ListItem\",\"position\":3,\"name\":\"Liderazgo Quoris\"}]},{\"@type\":\"WebSite\",\"@id\":\"https:\\\/\\\/quoris.com\\\/es\\\/#website\",\"url\":\"https:\\\/\\\/quoris.com\\\/es\\\/\",\"name\":\"Quoris Healthcare IT\",\"description\":\"\",\"publisher\":{\"@id\":\"https:\\\/\\\/quoris.com\\\/es\\\/#organization\"},\"potentialAction\":[{\"@type\":\"SearchAction\",\"target\":{\"@type\":\"EntryPoint\",\"urlTemplate\":\"https:\\\/\\\/quoris.com\\\/es\\\/?s={search_term_string}\"},\"query-input\":{\"@type\":\"PropertyValueSpecification\",\"valueRequired\":true,\"valueName\":\"search_term_string\"}}],\"inLanguage\":\"es-ES\"},{\"@type\":\"Organization\",\"@id\":\"https:\\\/\\\/quoris.com\\\/es\\\/#organization\",\"name\":\"Quoris Healthcare IT\",\"url\":\"https:\\\/\\\/quoris.com\\\/es\\\/\",\"logo\":{\"@type\":\"ImageObject\",\"inLanguage\":\"es-ES\",\"@id\":\"https:\\\/\\\/quoris.com\\\/es\\\/#\\\/schema\\\/logo\\\/image\\\/\",\"url\":\"https:\\\/\\\/quoris.com\\\/wp-content\\\/uploads\\\/2025\\\/12\\\/pressrelease_575703_1763329356.jpg\",\"contentUrl\":\"https:\\\/\\\/quoris.com\\\/wp-content\\\/uploads\\\/2025\\\/12\\\/pressrelease_575703_1763329356.jpg\",\"width\":667,\"height\":350,\"caption\":\"Quoris Healthcare IT\"},\"image\":{\"@id\":\"https:\\\/\\\/quoris.com\\\/es\\\/#\\\/schema\\\/logo\\\/image\\\/\"},\"sameAs\":[\"https:\\\/\\\/www.linkedin.com\\\/company\\\/quoris\\\/\"]},{\"@type\":\"Organization\",\"@id\":\"https:\\\/\\\/quoris.com\\\/#organization\",\"name\":\"Quoris\",\"url\":\"https:\\\/\\\/quoris.com\\\/\",\"email\":\"support@quoris.com\",\"telephone\":\"+12082638873\",\"sameAs\":[\"https:\\\/\\\/www.linkedin.com\\\/company\\\/quoris\\\/\"],\"contactPoint\":[{\"@type\":\"ContactPoint\",\"contactType\":\"customer support\",\"email\":\"support@quoris.com\",\"telephone\":\"+12082638873\"}]},{\"@type\":\"WebSite\",\"@id\":\"https:\\\/\\\/quoris.com\\\/#website\",\"url\":\"https:\\\/\\\/quoris.com\\\/\",\"name\":\"Quoris\",\"publisher\":{\"@id\":\"https:\\\/\\\/quoris.com\\\/#organization\"}},{\"@type\":[\"WebPage\",\"CollectionPage\"],\"@id\":\"https:\\\/\\\/quoris.com\\\/about-us\\\/leadership\\\/#webpage\",\"url\":\"https:\\\/\\\/quoris.com\\\/about-us\\\/leadership\\\/\",\"name\":\"Meet our leadership team\",\"isPartOf\":{\"@id\":\"https:\\\/\\\/quoris.com\\\/#website\"},\"about\":{\"@id\":\"https:\\\/\\\/quoris.com\\\/#organization\"},\"breadcrumb\":{\"@id\":\"https:\\\/\\\/quoris.com\\\/about-us\\\/leadership\\\/#breadcrumb\"},\"mainEntity\":{\"@id\":\"https:\\\/\\\/quoris.com\\\/about-us\\\/leadership\\\/#leadership-list\"},\"potentialAction\":[{\"@type\":\"ReadAction\",\"target\":[\"https:\\\/\\\/quoris.com\\\/about-us\\\/leadership\\\/\"]}]},{\"@type\":\"BreadcrumbList\",\"@id\":\"https:\\\/\\\/quoris.com\\\/about-us\\\/leadership\\\/#breadcrumb\",\"itemListElement\":[{\"@type\":\"ListItem\",\"position\":1,\"name\":\"Home\",\"item\":\"https:\\\/\\\/quoris.com\\\/\"},{\"@type\":\"ListItem\",\"position\":2,\"name\":\"About us\",\"item\":\"https:\\\/\\\/quoris.com\\\/about-us\\\/our-story\\\/\"},{\"@type\":\"ListItem\",\"position\":3,\"name\":\"Leadership\",\"item\":\"https:\\\/\\\/quoris.com\\\/about-us\\\/leadership\\\/\"}]},{\"@type\":\"ItemList\",\"@id\":\"https:\\\/\\\/quoris.com\\\/about-us\\\/leadership\\\/#leadership-list\",\"name\":\"Quoris leadership team\",\"itemListOrder\":\"https:\\\/\\\/schema.org\\\/ItemListOrderAscending\",\"numberOfItems\":4,\"itemListElement\":[{\"@type\":\"ListItem\",\"position\":1,\"item\":{\"@type\":\"Person\",\"@id\":\"https:\\\/\\\/quoris.com\\\/team\\\/melissa-ursi\\\/#person\",\"name\":\"Melissa Ursi\",\"jobTitle\":\"CEO\",\"worksFor\":{\"@id\":\"https:\\\/\\\/quoris.com\\\/#organization\"},\"url\":\"https:\\\/\\\/quoris.com\\\/team\\\/melissa-ursi\\\/\"}},{\"@type\":\"ListItem\",\"position\":2,\"item\":{\"@type\":\"Person\",\"@id\":\"https:\\\/\\\/quoris.com\\\/team\\\/laura-arboleda\\\/#person\",\"name\":\"Laura Arboleda\",\"jobTitle\":\"CRO\",\"worksFor\":{\"@id\":\"https:\\\/\\\/quoris.com\\\/#organization\"},\"url\":\"https:\\\/\\\/quoris.com\\\/team\\\/laura-arboleda\\\/\"}},{\"@type\":\"ListItem\",\"position\":3,\"item\":{\"@type\":\"Person\",\"@id\":\"https:\\\/\\\/quoris.com\\\/team\\\/jeff-tennant\\\/#person\",\"name\":\"Jeff Tennant\",\"jobTitle\":\"EVP of Delivery\",\"worksFor\":{\"@id\":\"https:\\\/\\\/quoris.com\\\/#organization\"},\"url\":\"https:\\\/\\\/quoris.com\\\/team\\\/jeff-tennant\\\/\"}},{\"@type\":\"ListItem\",\"position\":4,\"item\":{\"@type\":\"Person\",\"@id\":\"https:\\\/\\\/quoris.com\\\/team\\\/chris-quimby\\\/#person\",\"name\":\"Chris Quimby\",\"jobTitle\":\"Chairman of the Board\",\"worksFor\":{\"@id\":\"https:\\\/\\\/quoris.com\\\/#organization\"},\"url\":\"https:\\\/\\\/quoris.com\\\/team\\\/chris-quimby\\\/\"}}]}]}<\/script>\n<!-- \/ Yoast SEO plugin. -->","yoast_head_json":{"title":"Equipo directivo de Quoris | Consultor\u00eda inform\u00e1tica sanitaria | Quoris","description":"Conoce al equipo directivo de Quoris que dirige la consultor\u00eda de TI sanitaria, la dotaci\u00f3n de personal y los servicios gestionados para organizaciones sanitarias.","robots":{"index":"noindex","follow":"follow","max-snippet":"max-snippet:-1","max-image-preview":"max-image-preview:large","max-video-preview":"max-video-preview:-1"},"og_locale":"es_ES","og_type":"article","og_title":"Equipo directivo de Quoris | Consultor\u00eda inform\u00e1tica sanitaria | Quoris","og_description":"Conoce al equipo directivo de Quoris que dirige la consultor\u00eda de TI sanitaria, la dotaci\u00f3n de personal y los servicios gestionados para organizaciones sanitarias.","og_url":"https:\/\/quoris.com\/es\/quienes-somos\/liderazgo\/","og_site_name":"Quoris","article_modified_time":"2026-02-24T16:05:45+00:00","og_image":[{"width":1200,"height":900,"url":"https:\/\/quoris.com\/wp-content\/uploads\/2026\/02\/17.jpg","type":"image\/jpeg"}],"twitter_card":"summary_large_image","schema":{"@context":"https:\/\/schema.org","@graph":[{"@type":"WebPage","@id":"https:\/\/quoris.com\/es\/quienes-somos\/liderazgo\/","url":"https:\/\/quoris.com\/es\/quienes-somos\/liderazgo\/","name":"Equipo directivo de Quoris | Consultor\u00eda inform\u00e1tica sanitaria | Quoris","isPartOf":{"@id":"https:\/\/quoris.com\/es\/#website"},"primaryImageOfPage":{"@id":"https:\/\/quoris.com\/es\/quienes-somos\/liderazgo\/#primaryimage"},"image":{"@id":"https:\/\/quoris.com\/es\/quienes-somos\/liderazgo\/#primaryimage"},"thumbnailUrl":"https:\/\/quoris.com\/wp-content\/uploads\/2026\/02\/17.jpg","datePublished":"2025-11-11T00:48:24+00:00","dateModified":"2026-02-24T16:05:45+00:00","description":"Conoce al equipo directivo de Quoris que dirige la consultor\u00eda de TI sanitaria, la dotaci\u00f3n de personal y los servicios gestionados para organizaciones sanitarias.","breadcrumb":{"@id":"https:\/\/quoris.com\/es\/quienes-somos\/liderazgo\/#breadcrumb"},"inLanguage":"es-ES","potentialAction":[{"@type":"ReadAction","target":["https:\/\/quoris.com\/es\/quienes-somos\/liderazgo\/"]}]},{"@type":"ImageObject","inLanguage":"es-ES","@id":"https:\/\/quoris.com\/es\/quienes-somos\/liderazgo\/#primaryimage","url":"https:\/\/quoris.com\/wp-content\/uploads\/2026\/02\/17.jpg","contentUrl":"https:\/\/quoris.com\/wp-content\/uploads\/2026\/02\/17.jpg","width":1200,"height":900},{"@type":"BreadcrumbList","@id":"https:\/\/quoris.com\/es\/quienes-somos\/liderazgo\/#breadcrumb","itemListElement":[{"@type":"ListItem","position":1,"name":"Inicio","item":"https:\/\/quoris.com\/es\/"},{"@type":"ListItem","position":2,"name":"Qui\u00e9nes somos","item":"https:\/\/quoris.com\/es\/quienes-somos\/"},{"@type":"ListItem","position":3,"name":"Liderazgo Quoris"}]},{"@type":"WebSite","@id":"https:\/\/quoris.com\/es\/#website","url":"https:\/\/quoris.com\/es\/","name":"Quoris Healthcare IT","description":"","publisher":{"@id":"https:\/\/quoris.com\/es\/#organization"},"potentialAction":[{"@type":"SearchAction","target":{"@type":"EntryPoint","urlTemplate":"https:\/\/quoris.com\/es\/?s={search_term_string}"},"query-input":{"@type":"PropertyValueSpecification","valueRequired":true,"valueName":"search_term_string"}}],"inLanguage":"es-ES"},{"@type":"Organization","@id":"https:\/\/quoris.com\/es\/#organization","name":"Quoris Healthcare IT","url":"https:\/\/quoris.com\/es\/","logo":{"@type":"ImageObject","inLanguage":"es-ES","@id":"https:\/\/quoris.com\/es\/#\/schema\/logo\/image\/","url":"https:\/\/quoris.com\/wp-content\/uploads\/2025\/12\/pressrelease_575703_1763329356.jpg","contentUrl":"https:\/\/quoris.com\/wp-content\/uploads\/2025\/12\/pressrelease_575703_1763329356.jpg","width":667,"height":350,"caption":"Quoris Healthcare IT"},"image":{"@id":"https:\/\/quoris.com\/es\/#\/schema\/logo\/image\/"},"sameAs":["https:\/\/www.linkedin.com\/company\/quoris\/"]},{"@type":"Organization","@id":"https:\/\/quoris.com\/#organization","name":"Quoris","url":"https:\/\/quoris.com\/","email":"support@quoris.com","telephone":"+12082638873","sameAs":["https:\/\/www.linkedin.com\/company\/quoris\/"],"contactPoint":[{"@type":"ContactPoint","contactType":"customer support","email":"support@quoris.com","telephone":"+12082638873"}]},{"@type":"WebSite","@id":"https:\/\/quoris.com\/#website","url":"https:\/\/quoris.com\/","name":"Quoris","publisher":{"@id":"https:\/\/quoris.com\/#organization"}},{"@type":["WebPage","CollectionPage"],"@id":"https:\/\/quoris.com\/about-us\/leadership\/#webpage","url":"https:\/\/quoris.com\/about-us\/leadership\/","name":"Meet our leadership team","isPartOf":{"@id":"https:\/\/quoris.com\/#website"},"about":{"@id":"https:\/\/quoris.com\/#organization"},"breadcrumb":{"@id":"https:\/\/quoris.com\/about-us\/leadership\/#breadcrumb"},"mainEntity":{"@id":"https:\/\/quoris.com\/about-us\/leadership\/#leadership-list"},"potentialAction":[{"@type":"ReadAction","target":["https:\/\/quoris.com\/about-us\/leadership\/"]}]},{"@type":"BreadcrumbList","@id":"https:\/\/quoris.com\/about-us\/leadership\/#breadcrumb","itemListElement":[{"@type":"ListItem","position":1,"name":"Home","item":"https:\/\/quoris.com\/"},{"@type":"ListItem","position":2,"name":"About us","item":"https:\/\/quoris.com\/about-us\/our-story\/"},{"@type":"ListItem","position":3,"name":"Leadership","item":"https:\/\/quoris.com\/about-us\/leadership\/"}]},{"@type":"ItemList","@id":"https:\/\/quoris.com\/about-us\/leadership\/#leadership-list","name":"Quoris leadership team","itemListOrder":"https:\/\/schema.org\/ItemListOrderAscending","numberOfItems":4,"itemListElement":[{"@type":"ListItem","position":1,"item":{"@type":"Person","@id":"https:\/\/quoris.com\/team\/melissa-ursi\/#person","name":"Melissa Ursi","jobTitle":"CEO","worksFor":{"@id":"https:\/\/quoris.com\/#organization"},"url":"https:\/\/quoris.com\/team\/melissa-ursi\/"}},{"@type":"ListItem","position":2,"item":{"@type":"Person","@id":"https:\/\/quoris.com\/team\/laura-arboleda\/#person","name":"Laura Arboleda","jobTitle":"CRO","worksFor":{"@id":"https:\/\/quoris.com\/#organization"},"url":"https:\/\/quoris.com\/team\/laura-arboleda\/"}},{"@type":"ListItem","position":3,"item":{"@type":"Person","@id":"https:\/\/quoris.com\/team\/jeff-tennant\/#person","name":"Jeff Tennant","jobTitle":"EVP of Delivery","worksFor":{"@id":"https:\/\/quoris.com\/#organization"},"url":"https:\/\/quoris.com\/team\/jeff-tennant\/"}},{"@type":"ListItem","position":4,"item":{"@type":"Person","@id":"https:\/\/quoris.com\/team\/chris-quimby\/#person","name":"Chris Quimby","jobTitle":"Chairman of the Board","worksFor":{"@id":"https:\/\/quoris.com\/#organization"},"url":"https:\/\/quoris.com\/team\/chris-quimby\/"}}]}]}},"_links":{"self":[{"href":"https:\/\/quoris.com\/es\/wp-json\/wp\/v2\/pages\/5035","targetHints":{"allow":["GET"]}}],"collection":[{"href":"https:\/\/quoris.com\/es\/wp-json\/wp\/v2\/pages"}],"about":[{"href":"https:\/\/quoris.com\/es\/wp-json\/wp\/v2\/types\/page"}],"author":[{"embeddable":true,"href":"https:\/\/quoris.com\/es\/wp-json\/wp\/v2\/users\/7"}],"replies":[{"embeddable":true,"href":"https:\/\/quoris.com\/es\/wp-json\/wp\/v2\/comments?post=5035"}],"version-history":[{"count":0,"href":"https:\/\/quoris.com\/es\/wp-json\/wp\/v2\/pages\/5035\/revisions"}],"up":[{"embeddable":true,"href":"https:\/\/quoris.com\/es\/wp-json\/wp\/v2\/pages\/4952"}],"wp:featuredmedia":[{"embeddable":true,"href":"https:\/\/quoris.com\/es\/wp-json\/wp\/v2\/media\/5965"}],"wp:attachment":[{"href":"https:\/\/quoris.com\/es\/wp-json\/wp\/v2\/media?parent=5035"}],"curies":[{"name":"wp","href":"https:\/\/api.w.org\/{rel}","templated":true}]}}