{"id":4968,"date":"2025-10-05T16:47:23","date_gmt":"2025-10-05T23:47:23","guid":{"rendered":"https:\/\/quoris.wpenginepowered.com\/perspectivas\/preguntas-frecuentes\/"},"modified":"2026-02-24T07:07:49","modified_gmt":"2026-02-24T15:07:49","slug":"preguntas-frecuentes","status":"publish","type":"page","link":"https:\/\/quoris.com\/es\/perspectivas\/preguntas-frecuentes\/","title":{"rendered":"Preguntas frecuentes"},"content":{"rendered":"\n\n  <div\n    style=\"padding-bottom:var(--wp--preset--spacing--10);\" class=\"page-heading-block wp-block-group is-layout-constrained wp-block-group-is-layout-constrained is-style-background-wave wp-elements-6652248b783f4f5503c3ac34103fd321 alignfull wp-block-acf-page-heading-block has-text-color has-white-color has-background has-dark-blue-background-color is-layout-flow wp-block-acf-page-heading-block-is-layout-flow\">\n  \n  <div class=\"page-heading-block-wrapper\">\n    <div class=\"acf-innerblocks-container\">\n  <div class=\" alignnone alignnone wp-block-acf-breadcrumbs\">\n            <div class=\"breadcrumbs\">\n        <a href=\"https:\/\/quoris.com\/es\/\" class=\"breadcrumb\">Home<\/a><span class=\"breadcrumb-separator\"><\/span><a href=\"https:\/\/quoris.com\/es\/perspectivas\/\" class=\"breadcrumb\">Perspectivas<\/a><span class=\"breadcrumb-separator\"><\/span>        <span class=\"breadcrumb\">Preguntas frecuentes<\/span>\n      <\/div>\n        <\/div>\n\n\n<h1 class=\"wp-block-heading page-title\">Preguntas m\u00e1s frecuentes<\/h1>\n\n<\/div>\n  <\/div>\n    <\/div>\n\n  <div\n    style=\"padding-top:var(--wp--preset--spacing--80);padding-bottom:var(--wp--preset--spacing--80);\" class=\"wp-block-group group-page-section is-layout-constrained wp-block-group-is-layout-constrained alignfull align-text-left align-content-top wp-block-acf-page-section has-background has-white-background-color is-layout-flow wp-block-acf-page-section-is-layout-flow\">\n  \n\n  <div class=\"acf-innerblocks-container\">\n\n<div data-wp-context=\"{ &quot;autoclose&quot;: true, &quot;accordionItems&quot;: [] }\" data-wp-interactive=\"core\/accordion\" role=\"group\" class=\"wp-block-accordion is-layout-flow wp-block-accordion-is-layout-flow\">\n<div data-wp-class--is-open=\"state.isOpen\" data-wp-context=\"{ &quot;id&quot;: &quot;accordion-item-1&quot;, &quot;openByDefault&quot;: false }\" data-wp-init=\"callbacks.initAccordionItems\" data-wp-on-window--hashchange=\"callbacks.hashChange\" class=\"wp-block-accordion-item is-layout-flow wp-block-accordion-item-is-layout-flow\">\n<h3 class=\"wp-block-accordion-heading\"><button aria-expanded=\"false\" aria-controls=\"accordion-item-1-panel\" data-wp-bind--aria-expanded=\"state.isOpen\" data-wp-on--click=\"actions.toggle\" id=\"accordion-item-1\" class=\"wp-block-accordion-heading__toggle\"><span class=\"wp-block-accordion-heading__toggle-title\">\u00bfCu\u00e1l es la diferencia entre ROI Healthcare Solutions y Quoris (antes ROI International)?<\/span><span class=\"wp-block-accordion-heading__toggle-icon\" aria-hidden=\"true\">+<\/span><\/button><\/h3>\n\n\n\n<div inert aria-labelledby=\"accordion-item-1\" data-wp-bind--inert=\"!state.isOpen\" id=\"accordion-item-1-panel\" role=\"region\" class=\"wp-block-accordion-panel is-layout-flow wp-block-accordion-panel-is-layout-flow\">\n<p class=\"wp-block-paragraph\">Q. \u00bfCu\u00e1l es la diferencia entre ROI Healthcare Solutions y Quoris (antes ROI International)?  <\/p>\n\n\n\n<p class=\"wp-block-paragraph\">Operando bajo el paraguas heredado de ROI, ROIHS proporciona servicios de Planificaci\u00f3n de Recursos Empresariales (ERP), y fue adquirida recientemente por Acuvance. ROI International y la divisi\u00f3n HIT se fusionaron para convertirse en una empresa independiente a mediados de 2025 y proporciona servicios de HCE y de dotaci\u00f3n de personal. Anunciamos nuestro nuevo nombre, Quoris, en noviembre de 2025 y seguimos siendo una empresa privada propiedad de Melissa Ursi, Directora General, y Chris Quimby, Presidente Ejecutivo.    <\/p>\n<\/div>\n<\/div>\n\n\n\n<div data-wp-class--is-open=\"state.isOpen\" data-wp-context=\"{ &quot;id&quot;: &quot;accordion-item-2&quot;, &quot;openByDefault&quot;: false }\" data-wp-init=\"callbacks.initAccordionItems\" data-wp-on-window--hashchange=\"callbacks.hashChange\" class=\"wp-block-accordion-item is-layout-flow wp-block-accordion-item-is-layout-flow\">\n<h3 class=\"wp-block-accordion-heading\"><button aria-expanded=\"false\" aria-controls=\"accordion-item-2-panel\" data-wp-bind--aria-expanded=\"state.isOpen\" data-wp-on--click=\"actions.toggle\" id=\"accordion-item-2\" class=\"wp-block-accordion-heading__toggle\"><span class=\"wp-block-accordion-heading__toggle-title\">\u00bfQu\u00e9 servicios presta Quoris?<\/span><span class=\"wp-block-accordion-heading__toggle-icon\" aria-hidden=\"true\">+<\/span><\/button><\/h3>\n\n\n\n<div inert aria-labelledby=\"accordion-item-2\" data-wp-bind--inert=\"!state.isOpen\" id=\"accordion-item-2-panel\" role=\"region\" class=\"wp-block-accordion-panel is-layout-flow wp-block-accordion-panel-is-layout-flow\">\n<p class=\"wp-block-paragraph\">Quoris es una empresa de TI sanitaria centrada en ayudar a las organizaciones sanitarias a maximizar el valor de sus inversiones tecnol\u00f3gicas relacionadas con la HCE. Con m\u00e1s de 25 a\u00f1os en el sector, utilizamos un enfoque propio y personalizado que incluye consultor\u00eda, planificaci\u00f3n estrat\u00e9gica y aumento de personal, ayudando a los l\u00edderes sanitarios a conseguir mejoras operativas significativas. <\/p>\n<\/div>\n<\/div>\n\n\n\n<div data-wp-class--is-open=\"state.isOpen\" data-wp-context=\"{ &quot;id&quot;: &quot;accordion-item-3&quot;, &quot;openByDefault&quot;: false }\" data-wp-init=\"callbacks.initAccordionItems\" data-wp-on-window--hashchange=\"callbacks.hashChange\" class=\"wp-block-accordion-item is-layout-flow wp-block-accordion-item-is-layout-flow\">\n<h3 class=\"wp-block-accordion-heading\"><button aria-expanded=\"false\" aria-controls=\"accordion-item-3-panel\" data-wp-bind--aria-expanded=\"state.isOpen\" data-wp-on--click=\"actions.toggle\" id=\"accordion-item-3\" class=\"wp-block-accordion-heading__toggle\"><span class=\"wp-block-accordion-heading__toggle-title\">\u00bfCon qu\u00e9 proveedores de HCE trabajas?<\/span><span class=\"wp-block-accordion-heading__toggle-icon\" aria-hidden=\"true\">+<\/span><\/button><\/h3>\n\n\n\n<div inert aria-labelledby=\"accordion-item-3\" data-wp-bind--inert=\"!state.isOpen\" id=\"accordion-item-3-panel\" role=\"region\" class=\"wp-block-accordion-panel is-layout-flow wp-block-accordion-panel-is-layout-flow\">\n<p class=\"wp-block-paragraph\">Estamos orgullosos de trabajar con Epic, Oracle Health (Cerner), MEDITECH y athenahealth. Adem\u00e1s de estas HCE l\u00edderes, somos agn\u00f3sticos en cuanto a plataformas, por lo que podemos trabajar f\u00e1cilmente con otras HCE utilizadas por nuestros clientes. <\/p>\n<\/div>\n<\/div>\n\n\n\n<div data-wp-class--is-open=\"state.isOpen\" data-wp-context=\"{ &quot;id&quot;: &quot;accordion-item-4&quot;, &quot;openByDefault&quot;: false }\" data-wp-init=\"callbacks.initAccordionItems\" data-wp-on-window--hashchange=\"callbacks.hashChange\" class=\"wp-block-accordion-item is-layout-flow wp-block-accordion-item-is-layout-flow\">\n<h3 class=\"wp-block-accordion-heading\"><button aria-expanded=\"false\" aria-controls=\"accordion-item-4-panel\" data-wp-bind--aria-expanded=\"state.isOpen\" data-wp-on--click=\"actions.toggle\" id=\"accordion-item-4\" class=\"wp-block-accordion-heading__toggle\"><span class=\"wp-block-accordion-heading__toggle-title\">\u00bfEn qu\u00e9 regiones operas?<\/span><span class=\"wp-block-accordion-heading__toggle-icon\" aria-hidden=\"true\">+<\/span><\/button><\/h3>\n\n\n\n<div inert aria-labelledby=\"accordion-item-4\" data-wp-bind--inert=\"!state.isOpen\" id=\"accordion-item-4-panel\" role=\"region\" class=\"wp-block-accordion-panel is-layout-flow wp-block-accordion-panel-is-layout-flow\">\n<p class=\"wp-block-paragraph\">Como equipo con vocaci\u00f3n global, podemos trabajar con organizaciones de todo el mundo. Hasta la fecha, hemos trabajado con clientes de Estados Unidos, Canad\u00e1, Reino Unido, Emiratos \u00c1rabes Unidos, Noruega y Australia. <\/p>\n<\/div>\n<\/div>\n\n\n\n<div data-wp-class--is-open=\"state.isOpen\" data-wp-context=\"{ &quot;id&quot;: &quot;accordion-item-5&quot;, &quot;openByDefault&quot;: false }\" data-wp-init=\"callbacks.initAccordionItems\" data-wp-on-window--hashchange=\"callbacks.hashChange\" class=\"wp-block-accordion-item is-layout-flow wp-block-accordion-item-is-layout-flow\">\n<h3 class=\"wp-block-accordion-heading\"><button aria-expanded=\"false\" aria-controls=\"accordion-item-5-panel\" data-wp-bind--aria-expanded=\"state.isOpen\" data-wp-on--click=\"actions.toggle\" id=\"accordion-item-5\" class=\"wp-block-accordion-heading__toggle\"><span class=\"wp-block-accordion-heading__toggle-title\">\u00bfPor qu\u00e9 debo confiar en Quoris para que se asocie con nuestra organizaci\u00f3n para dar servicio a nuestras necesidades?<\/span><span class=\"wp-block-accordion-heading__toggle-icon\" aria-hidden=\"true\">+<\/span><\/button><\/h3>\n\n\n\n<div inert aria-labelledby=\"accordion-item-5\" data-wp-bind--inert=\"!state.isOpen\" id=\"accordion-item-5-panel\" role=\"region\" class=\"wp-block-accordion-panel is-layout-flow wp-block-accordion-panel-is-layout-flow\">\n<p class=\"wp-block-paragraph\">Entendemos por experiencia real los problemas a los que se enfrentan las organizaciones sanitarias y aportamos las lecciones aprendidas en compromisos anteriores para ofrecer soluciones basadas en las mejores pr\u00e1cticas del sector.<\/p>\n<\/div>\n<\/div>\n\n\n\n<div data-wp-class--is-open=\"state.isOpen\" data-wp-context=\"{ &quot;id&quot;: &quot;accordion-item-6&quot;, &quot;openByDefault&quot;: false }\" data-wp-init=\"callbacks.initAccordionItems\" data-wp-on-window--hashchange=\"callbacks.hashChange\" class=\"wp-block-accordion-item is-layout-flow wp-block-accordion-item-is-layout-flow\">\n<h3 class=\"wp-block-accordion-heading\"><button aria-expanded=\"false\" aria-controls=\"accordion-item-6-panel\" data-wp-bind--aria-expanded=\"state.isOpen\" data-wp-on--click=\"actions.toggle\" id=\"accordion-item-6\" class=\"wp-block-accordion-heading__toggle\"><span class=\"wp-block-accordion-heading__toggle-title\">\u00bfEn qu\u00e9 se diferencia Quoris de otras empresas?<\/span><span class=\"wp-block-accordion-heading__toggle-icon\" aria-hidden=\"true\">+<\/span><\/button><\/h3>\n\n\n\n<div inert aria-labelledby=\"accordion-item-6\" data-wp-bind--inert=\"!state.isOpen\" id=\"accordion-item-6-panel\" role=\"region\" class=\"wp-block-accordion-panel is-layout-flow wp-block-accordion-panel-is-layout-flow\">\n<p class=\"wp-block-paragraph\">Quoris sigue nuestras metodolog\u00edas probadas, al tiempo que personaliza nuestro enfoque a las necesidades espec\u00edficas de tu organizaci\u00f3n. Nuestros equipos incluyen antiguos directores de sistemas de informaci\u00f3n de hospitales, m\u00e9dicos y PYMES del ciclo de ingresos hospitalarios, as\u00ed como analistas, con una media de 15 a\u00f1os de experiencia. <\/p>\n\n\n\n<p class=\"wp-block-paragraph\">Nuestros clientes aprecian nuestro enfoque transparente y centrado en el cliente. Ofrecemos a cada cliente una experiencia personalizada, fomentando relaciones profundas a largo plazo y resolviendo retos espec\u00edficos y cumpliendo objetivos individualizados. <\/p>\n<\/div>\n<\/div>\n\n\n\n<div data-wp-class--is-open=\"state.isOpen\" data-wp-context=\"{ &quot;id&quot;: &quot;accordion-item-7&quot;, &quot;openByDefault&quot;: false }\" data-wp-init=\"callbacks.initAccordionItems\" data-wp-on-window--hashchange=\"callbacks.hashChange\" class=\"wp-block-accordion-item is-layout-flow wp-block-accordion-item-is-layout-flow\">\n<h3 class=\"wp-block-accordion-heading\"><button aria-expanded=\"false\" aria-controls=\"accordion-item-7-panel\" data-wp-bind--aria-expanded=\"state.isOpen\" data-wp-on--click=\"actions.toggle\" id=\"accordion-item-7\" class=\"wp-block-accordion-heading__toggle\"><span class=\"wp-block-accordion-heading__toggle-title\">\u00bfCu\u00e1nto tiempo lleva Quoris prestando servicios a organizaciones sanitarias?<\/span><span class=\"wp-block-accordion-heading__toggle-icon\" aria-hidden=\"true\">+<\/span><\/button><\/h3>\n\n\n\n<div inert aria-labelledby=\"accordion-item-7\" data-wp-bind--inert=\"!state.isOpen\" id=\"accordion-item-7-panel\" role=\"region\" class=\"wp-block-accordion-panel is-layout-flow wp-block-accordion-panel-is-layout-flow\">\n<p class=\"wp-block-paragraph\">Quoris, anteriormente ROI International, lleva casi 30 a\u00f1os prestando servicios inform\u00e1ticos a organizaciones sanitarias de todo el mundo.<\/p>\n<\/div>\n<\/div>\n<\/div>\n\n<\/div>\n    <\/div>\n\n<div class=\"wp-block-group prefooter prefooter-contact fade-in-up has-dark-blue-color has-aqua-background-color has-text-color has-background has-link-color wp-elements-3d9b013534a518a60f94ed73df0a275a is-layout-constrained wp-block-group-is-layout-constrained\" style=\"padding-top:var(--wp--preset--spacing--60);padding-bottom:var(--wp--preset--spacing--60)\">\n<h3 class=\"wp-block-heading has-text-align-center\">\u00bfPreparado para maximizar el valor de tus inversiones en tecnolog\u00eda?<\/h3>\n\n\n\n<p class=\"has-text-align-center wp-block-paragraph\">Ponte en contacto con el equipo de Quoris hoy mismo.<\/p>\n\n\n\n  <div\n    class=\"aligncenter wp-block-acf-form-pre-contact\">\n  \n\n  <div class=\"form-precontact-block-wrapper\">\n\n    <form class=\"form-precontact-block-form\" action=\"https:\/\/quoris.com\/es\/contact\/\" method=\"get\">\n      <label for=\"precontact-email\" class=\"form-precontact-block-label sr-only\">Correo electr\u00f3nico de empresa<\/label>\n      <input type=\"email\" id=\"precontact-email\" name=\"email\" class=\"form-precontact-block-input\" placeholder=\"Direcci\u00f3n de correo electr\u00f3nico profesional\" required>\n      <button type=\"submit\" class=\"button arrow-button\">Contacta con nosotros<\/button>\n    <\/form>\n\n  <\/div>\n    <\/div>\n<\/div>\n","protected":false},"excerpt":{"rendered":"","protected":false},"author":7,"featured_media":0,"parent":4949,"menu_order":0,"comment_status":"closed","ping_status":"closed","template":"","meta":{"_acf_changed":false,"_crdt_document":"","content-type":"","footnotes":""},"class_list":["post-4968","page","type-page","status-publish","hentry"],"acf":[],"yoast_head":"<!-- This site is optimized with the Yoast SEO plugin v27.4 - https:\/\/yoast.com\/product\/yoast-seo-wordpress\/ -->\n<title>Insights Preguntas frecuentes - FAQ - Quoris Healthcare IT<\/title>\n<meta name=\"description\" content=\"Preguntas frecuentes sobre Quoris. Preguntas frecuentes sobre Quoris Healthcare IT EHR, EMR y soluciones de personal.\" \/>\n<meta name=\"robots\" content=\"noindex, follow, max-snippet:-1, max-image-preview:large, max-video-preview:-1\" \/>\n<meta property=\"og:locale\" content=\"es_ES\" \/>\n<meta property=\"og:type\" content=\"article\" \/>\n<meta property=\"og:title\" content=\"Insights Preguntas frecuentes - FAQ - Quoris Healthcare IT\" \/>\n<meta property=\"og:description\" content=\"Preguntas frecuentes sobre Quoris. Preguntas frecuentes sobre Quoris Healthcare IT EHR, EMR y soluciones de personal.\" \/>\n<meta property=\"og:url\" content=\"https:\/\/quoris.com\/es\/perspectivas\/preguntas-frecuentes\/\" \/>\n<meta property=\"og:site_name\" content=\"Quoris\" \/>\n<meta property=\"article:modified_time\" content=\"2026-02-24T15:07:49+00:00\" \/>\n<meta property=\"og:image\" content=\"https:\/\/quoris.com\/wp-content\/uploads\/2026\/02\/Partners-2.png\" \/>\n\t<meta property=\"og:image:width\" content=\"1200\" \/>\n\t<meta property=\"og:image:height\" content=\"900\" \/>\n\t<meta property=\"og:image:type\" content=\"image\/png\" \/>\n<meta name=\"twitter:card\" content=\"summary_large_image\" \/>\n<meta name=\"twitter:label1\" content=\"Est. reading time\" \/>\n\t<meta name=\"twitter:data1\" content=\"2 minutes\" \/>\n<script type=\"application\/ld+json\" class=\"yoast-schema-graph\">{\"@context\":\"https:\\\/\\\/schema.org\",\"@graph\":[{\"@type\":\"WebPage\",\"@id\":\"https:\\\/\\\/quoris.com\\\/es\\\/perspectivas\\\/preguntas-frecuentes\\\/\",\"url\":\"https:\\\/\\\/quoris.com\\\/es\\\/perspectivas\\\/preguntas-frecuentes\\\/\",\"name\":\"Insights Preguntas frecuentes - FAQ - Quoris Healthcare IT\",\"isPartOf\":{\"@id\":\"https:\\\/\\\/quoris.com\\\/es\\\/#website\"},\"datePublished\":\"2025-10-05T23:47:23+00:00\",\"dateModified\":\"2026-02-24T15:07:49+00:00\",\"description\":\"Preguntas frecuentes sobre Quoris. Preguntas frecuentes sobre Quoris Healthcare IT EHR, EMR y soluciones de personal.\",\"breadcrumb\":{\"@id\":\"https:\\\/\\\/quoris.com\\\/es\\\/perspectivas\\\/preguntas-frecuentes\\\/#breadcrumb\"},\"inLanguage\":\"es-ES\",\"potentialAction\":[{\"@type\":\"ReadAction\",\"target\":[\"https:\\\/\\\/quoris.com\\\/es\\\/perspectivas\\\/preguntas-frecuentes\\\/\"]}]},{\"@type\":\"BreadcrumbList\",\"@id\":\"https:\\\/\\\/quoris.com\\\/es\\\/perspectivas\\\/preguntas-frecuentes\\\/#breadcrumb\",\"itemListElement\":[{\"@type\":\"ListItem\",\"position\":1,\"name\":\"Inicio\",\"item\":\"https:\\\/\\\/quoris.com\\\/es\\\/\"},{\"@type\":\"ListItem\",\"position\":2,\"name\":\"Perspectivas\",\"item\":\"https:\\\/\\\/quoris.com\\\/es\\\/perspectivas\\\/\"},{\"@type\":\"ListItem\",\"position\":3,\"name\":\"Preguntas frecuentes\"}]},{\"@type\":\"WebSite\",\"@id\":\"https:\\\/\\\/quoris.com\\\/es\\\/#website\",\"url\":\"https:\\\/\\\/quoris.com\\\/es\\\/\",\"name\":\"Quoris Healthcare IT\",\"description\":\"\",\"publisher\":{\"@id\":\"https:\\\/\\\/quoris.com\\\/es\\\/#organization\"},\"potentialAction\":[{\"@type\":\"SearchAction\",\"target\":{\"@type\":\"EntryPoint\",\"urlTemplate\":\"https:\\\/\\\/quoris.com\\\/es\\\/?s={search_term_string}\"},\"query-input\":{\"@type\":\"PropertyValueSpecification\",\"valueRequired\":true,\"valueName\":\"search_term_string\"}}],\"inLanguage\":\"es-ES\"},{\"@type\":\"Organization\",\"@id\":\"https:\\\/\\\/quoris.com\\\/es\\\/#organization\",\"name\":\"Quoris Healthcare IT\",\"url\":\"https:\\\/\\\/quoris.com\\\/es\\\/\",\"logo\":{\"@type\":\"ImageObject\",\"inLanguage\":\"es-ES\",\"@id\":\"https:\\\/\\\/quoris.com\\\/es\\\/#\\\/schema\\\/logo\\\/image\\\/\",\"url\":\"https:\\\/\\\/quoris.com\\\/wp-content\\\/uploads\\\/2025\\\/12\\\/pressrelease_575703_1763329356.jpg\",\"contentUrl\":\"https:\\\/\\\/quoris.com\\\/wp-content\\\/uploads\\\/2025\\\/12\\\/pressrelease_575703_1763329356.jpg\",\"width\":667,\"height\":350,\"caption\":\"Quoris Healthcare IT\"},\"image\":{\"@id\":\"https:\\\/\\\/quoris.com\\\/es\\\/#\\\/schema\\\/logo\\\/image\\\/\"},\"sameAs\":[\"https:\\\/\\\/www.linkedin.com\\\/company\\\/quoris\\\/\"]}]}<\/script>\n<!-- \/ Yoast SEO plugin. -->","yoast_head_json":{"title":"Insights Preguntas frecuentes - FAQ - Quoris Healthcare IT","description":"Preguntas frecuentes sobre Quoris. Preguntas frecuentes sobre Quoris Healthcare IT EHR, EMR y soluciones de personal.","robots":{"index":"noindex","follow":"follow","max-snippet":"max-snippet:-1","max-image-preview":"max-image-preview:large","max-video-preview":"max-video-preview:-1"},"og_locale":"es_ES","og_type":"article","og_title":"Insights Preguntas frecuentes - FAQ - Quoris Healthcare IT","og_description":"Preguntas frecuentes sobre Quoris. Preguntas frecuentes sobre Quoris Healthcare IT EHR, EMR y soluciones de personal.","og_url":"https:\/\/quoris.com\/es\/perspectivas\/preguntas-frecuentes\/","og_site_name":"Quoris","article_modified_time":"2026-02-24T15:07:49+00:00","og_image":[{"width":1200,"height":900,"url":"https:\/\/quoris.com\/wp-content\/uploads\/2026\/02\/Partners-2.png","type":"image\/png"}],"twitter_card":"summary_large_image","twitter_misc":{"Est. reading time":"2 minutes"},"schema":{"@context":"https:\/\/schema.org","@graph":[{"@type":"WebPage","@id":"https:\/\/quoris.com\/es\/perspectivas\/preguntas-frecuentes\/","url":"https:\/\/quoris.com\/es\/perspectivas\/preguntas-frecuentes\/","name":"Insights Preguntas frecuentes - FAQ - Quoris Healthcare IT","isPartOf":{"@id":"https:\/\/quoris.com\/es\/#website"},"datePublished":"2025-10-05T23:47:23+00:00","dateModified":"2026-02-24T15:07:49+00:00","description":"Preguntas frecuentes sobre Quoris. Preguntas frecuentes sobre Quoris Healthcare IT EHR, EMR y soluciones de personal.","breadcrumb":{"@id":"https:\/\/quoris.com\/es\/perspectivas\/preguntas-frecuentes\/#breadcrumb"},"inLanguage":"es-ES","potentialAction":[{"@type":"ReadAction","target":["https:\/\/quoris.com\/es\/perspectivas\/preguntas-frecuentes\/"]}]},{"@type":"BreadcrumbList","@id":"https:\/\/quoris.com\/es\/perspectivas\/preguntas-frecuentes\/#breadcrumb","itemListElement":[{"@type":"ListItem","position":1,"name":"Inicio","item":"https:\/\/quoris.com\/es\/"},{"@type":"ListItem","position":2,"name":"Perspectivas","item":"https:\/\/quoris.com\/es\/perspectivas\/"},{"@type":"ListItem","position":3,"name":"Preguntas frecuentes"}]},{"@type":"WebSite","@id":"https:\/\/quoris.com\/es\/#website","url":"https:\/\/quoris.com\/es\/","name":"Quoris Healthcare IT","description":"","publisher":{"@id":"https:\/\/quoris.com\/es\/#organization"},"potentialAction":[{"@type":"SearchAction","target":{"@type":"EntryPoint","urlTemplate":"https:\/\/quoris.com\/es\/?s={search_term_string}"},"query-input":{"@type":"PropertyValueSpecification","valueRequired":true,"valueName":"search_term_string"}}],"inLanguage":"es-ES"},{"@type":"Organization","@id":"https:\/\/quoris.com\/es\/#organization","name":"Quoris Healthcare IT","url":"https:\/\/quoris.com\/es\/","logo":{"@type":"ImageObject","inLanguage":"es-ES","@id":"https:\/\/quoris.com\/es\/#\/schema\/logo\/image\/","url":"https:\/\/quoris.com\/wp-content\/uploads\/2025\/12\/pressrelease_575703_1763329356.jpg","contentUrl":"https:\/\/quoris.com\/wp-content\/uploads\/2025\/12\/pressrelease_575703_1763329356.jpg","width":667,"height":350,"caption":"Quoris Healthcare IT"},"image":{"@id":"https:\/\/quoris.com\/es\/#\/schema\/logo\/image\/"},"sameAs":["https:\/\/www.linkedin.com\/company\/quoris\/"]}]}},"_links":{"self":[{"href":"https:\/\/quoris.com\/es\/wp-json\/wp\/v2\/pages\/4968","targetHints":{"allow":["GET"]}}],"collection":[{"href":"https:\/\/quoris.com\/es\/wp-json\/wp\/v2\/pages"}],"about":[{"href":"https:\/\/quoris.com\/es\/wp-json\/wp\/v2\/types\/page"}],"author":[{"embeddable":true,"href":"https:\/\/quoris.com\/es\/wp-json\/wp\/v2\/users\/7"}],"replies":[{"embeddable":true,"href":"https:\/\/quoris.com\/es\/wp-json\/wp\/v2\/comments?post=4968"}],"version-history":[{"count":0,"href":"https:\/\/quoris.com\/es\/wp-json\/wp\/v2\/pages\/4968\/revisions"}],"up":[{"embeddable":true,"href":"https:\/\/quoris.com\/es\/wp-json\/wp\/v2\/pages\/4949"}],"wp:attachment":[{"href":"https:\/\/quoris.com\/es\/wp-json\/wp\/v2\/media?parent=4968"}],"curies":[{"name":"wp","href":"https:\/\/api.w.org\/{rel}","templated":true}]}}