{"id":4939,"date":"2025-11-01T16:46:17","date_gmt":"2025-11-01T23:46:17","guid":{"rendered":"https:\/\/quoris.wpenginepowered.com\/blog\/"},"modified":"2026-03-16T09:12:53","modified_gmt":"2026-03-16T16:12:53","slug":"blog","status":"publish","type":"page","link":"https:\/\/quoris.com\/es\/perspectivas\/blog\/","title":{"rendered":"Blog"},"content":{"rendered":"\n\n  <div\n    style=\"padding-bottom:var(--wp--preset--spacing--10);\" class=\"page-heading-block wp-block-group is-layout-constrained wp-block-group-is-layout-constrained is-style-background-wave wp-elements-5dd45019b7a6e1ad7bfa7734f299c243 alignfull wp-block-acf-page-heading-block has-text-color has-white-color has-background has-dark-blue-background-color is-layout-flow wp-block-acf-page-heading-block-is-layout-flow\">\n  \n  <div class=\"page-heading-block-wrapper\">\n    <div class=\"acf-innerblocks-container\">\n  <div class=\" alignnone alignnone wp-block-acf-breadcrumbs\">\n            <div class=\"breadcrumbs\">\n        <a href=\"https:\/\/quoris.com\/es\/\" class=\"breadcrumb\">Home<\/a><span class=\"breadcrumb-separator\"><\/span><a href=\"https:\/\/quoris.com\/es\/perspectivas\/\" class=\"breadcrumb\">Perspectivas<\/a><span class=\"breadcrumb-separator\"><\/span>        <span class=\"breadcrumb\">Blog<\/span>\n      <\/div>\n        <\/div>\n\n\n<h1 class=\"wp-block-heading page-title\">El ambiente<\/h1>\n\n\n\n<p class=\"page-heading-intro-p wp-block-paragraph\">Blog de inform\u00e1tica sanitaria<\/p>\n\n<\/div>\n  <\/div>\n    <\/div>\n\n  <div\n    class=\"align wp-block-acf-featured-post\">\n  \n\n  \n<div class=\"teaser teaser--post teaser-featured\" id=\"post-6113\">\n\n\n  <div class=\"post_content\">\n    <h3 class=\"teaser--title\"><a href=\"https:\/\/quoris.com\/es\/las-migraciones-a-la-galeria-no-se-retrasan-por-culpa-de-la-galeria-este-es-el-verdadero-culpable\/\">Por qu\u00e9 se financian algunas iniciativas de RHT (y otras no)<\/a>\n    <\/h3>\n    <p class=\"teaser--excerpt\">Miles de millones de d\u00f3lares fluyen hacia la sanidad rural a trav\u00e9s del programa de Transformaci\u00f3n Sanitaria Rural (RHT), pero no todas las iniciativas pasan el corte. Esto se debe a que el RHT no financia compras de tecnolog\u00eda o mejoras operativas de forma aislada. Financia la transformaci\u00f3n con resultados mensurables.\nLos hospitales rurales de todo el pa\u00eds se enfrentan a las mismas presiones: escasez de personal, agotamiento de los m\u00e9dicos, envejecimiento de las infraestructuras, acceso limitado a especialidades, tecnolog\u00eda anticuada. Muchos proponen soluciones similares. Sin embargo, algunas iniciativas avanzan mientras que otras se estancan.\nEntender por qu\u00e9 puede significar la diferencia entre que tu propuesta consiga financiaci\u00f3n&#8230; o acabe en la basura.    <\/p>\n    <a href=\"https:\/\/quoris.com\/es\/las-migraciones-a-la-galeria-no-se-retrasan-por-culpa-de-la-galeria-este-es-el-verdadero-culpable\/\" class=\"teaser--read-more arrow-button\">Read More<\/a>\n  <\/div>\n  <div class=\"teaser--featured_image\">\n    <a href=\"https:\/\/quoris.com\/es\/las-migraciones-a-la-galeria-no-se-retrasan-por-culpa-de-la-galeria-este-es-el-verdadero-culpable\/\">\n      <img loading=\"lazy\" decoding=\"async\" width=\"1024\" height=\"576\" src=\"https:\/\/quoris.com\/wp-content\/uploads\/2026\/03\/HIT-Rhythm-Cover-Graphics-1-1024x576.jpg\" class=\"attachment-large size-large wp-post-image\" alt=\"\" srcset=\"https:\/\/quoris.com\/wp-content\/uploads\/2026\/03\/HIT-Rhythm-Cover-Graphics-1-1024x576.jpg 1024w, https:\/\/quoris.com\/wp-content\/uploads\/2026\/03\/HIT-Rhythm-Cover-Graphics-1-300x169.jpg 300w, https:\/\/quoris.com\/wp-content\/uploads\/2026\/03\/HIT-Rhythm-Cover-Graphics-1-768x432.jpg 768w, https:\/\/quoris.com\/wp-content\/uploads\/2026\/03\/HIT-Rhythm-Cover-Graphics-1-1536x864.jpg 1536w, https:\/\/quoris.com\/wp-content\/uploads\/2026\/03\/HIT-Rhythm-Cover-Graphics-1.jpg 1920w\" sizes=\"auto, (max-width: 1024px) 100vw, 1024px\" \/>      <span class=\"sr-only\">Por qu\u00e9 se financian algunas iniciativas de RHT (y otras no)<\/span>\n    <\/a>\n  <\/div>\n<\/div>\n    <\/div>\n\n  <div\n    class=\"wp-block-group group-page-section is-layout-constrained wp-block-group-is-layout-constrained alignfull align-text-left align-content-top wp-block-acf-page-section has-background has-beige-background-color is-layout-flow wp-block-acf-page-section-is-layout-flow\">\n  \n\n  <div class=\"acf-innerblocks-container\">\n\n\n  <div class=\"post-teasers-block  align wp-block-acf-faceted-teasers-block\">\n  \n\n        <div class=\"facetwp-template\">\n\n\n      \n                  <div class=\"grid\">\n          \n                        <div class=\"g-col-12 g-col-md-4\">\n              \n              \n<a href=\"https:\/\/quoris.com\/es\/un-plan-de-90-dias-para-los-directores-de-sistemas-de-informacion-de-hospitales-que-inician-una-nueva-funcion\/\"  class=\"teaser teaser--post teaser-grid\" id=\"post-5801\">\n  <div class=\"teaser--featured_image\">\n\n    <img loading=\"lazy\" decoding=\"async\" width=\"1024\" height=\"576\" src=\"https:\/\/quoris.com\/wp-content\/uploads\/2026\/02\/Misc-Social-Posts-1-1024x576.jpg\" class=\"attachment-large size-large wp-post-image\" alt=\"waiting in line\" srcset=\"https:\/\/quoris.com\/wp-content\/uploads\/2026\/02\/Misc-Social-Posts-1-1024x576.jpg 1024w, https:\/\/quoris.com\/wp-content\/uploads\/2026\/02\/Misc-Social-Posts-1-300x169.jpg 300w, https:\/\/quoris.com\/wp-content\/uploads\/2026\/02\/Misc-Social-Posts-1-768x432.jpg 768w, https:\/\/quoris.com\/wp-content\/uploads\/2026\/02\/Misc-Social-Posts-1-1536x864.jpg 1536w, https:\/\/quoris.com\/wp-content\/uploads\/2026\/02\/Misc-Social-Posts-1.jpg 1600w\" sizes=\"auto, (max-width: 1024px) 100vw, 1024px\" \/>  <\/div>\n\n  <div class=\"post_content\">\n    <p class=\"badge overline\">Blog<\/p>\n    <h4 class=\"teaser--title\">Las migraciones a la Galer\u00eda no se retrasan por culpa de la Galer\u00eda: Este es el verdadero culpable<\/h4>\n    <div class=\"teaser--post-meta post-meta\">\n      <p class=\"post-date\">February 19, 2026<\/p>\n    <\/div>\n          <\/div>\n<\/a>\n                            <\/div>\n                                    <div class=\"g-col-12 g-col-md-4\">\n              \n              \n<a href=\"https:\/\/quoris.com\/es\/estrategia-de-modernizacion-de-la-hce-para-2026-lecciones-de-2025-y-lo-que-los-cio-deben-hacer-ahora-2\/\"  class=\"teaser teaser--post teaser-grid\" id=\"post-5624\">\n  <div class=\"teaser--featured_image\">\n\n    <img loading=\"lazy\" decoding=\"async\" width=\"1024\" height=\"576\" src=\"https:\/\/quoris.com\/wp-content\/uploads\/2026\/01\/Heroes-for-Portal-1920-x-1080-px-1024x576.jpg\" class=\"attachment-large size-large wp-post-image\" alt=\"90 d\u00edas CIO\" srcset=\"https:\/\/quoris.com\/wp-content\/uploads\/2026\/01\/Heroes-for-Portal-1920-x-1080-px-1024x576.jpg 1024w, https:\/\/quoris.com\/wp-content\/uploads\/2026\/01\/Heroes-for-Portal-1920-x-1080-px-300x169.jpg 300w, https:\/\/quoris.com\/wp-content\/uploads\/2026\/01\/Heroes-for-Portal-1920-x-1080-px-768x432.jpg 768w, https:\/\/quoris.com\/wp-content\/uploads\/2026\/01\/Heroes-for-Portal-1920-x-1080-px-1536x864.jpg 1536w, https:\/\/quoris.com\/wp-content\/uploads\/2026\/01\/Heroes-for-Portal-1920-x-1080-px.jpg 1920w\" sizes=\"auto, (max-width: 1024px) 100vw, 1024px\" \/>  <\/div>\n\n  <div class=\"post_content\">\n    <p class=\"badge overline\">Blog<\/p>\n    <h4 class=\"teaser--title\">Un plan de 90 d\u00edas para los directores de sistemas de informaci\u00f3n de hospitales que inician una nueva funci\u00f3n<\/h4>\n    <div class=\"teaser--post-meta post-meta\">\n      <p class=\"post-date\">January 20, 2026<\/p>\n    <\/div>\n          <\/div>\n<\/a>\n                            <\/div>\n                                    <div class=\"g-col-12 g-col-md-4\">\n              \n              \n<a href=\"https:\/\/quoris.com\/es\/estrategia-de-modernizacion-de-la-hce-para-2026-lecciones-de-2025-y-lo-que-los-cio-deben-hacer-ahora\/\"  class=\"teaser teaser--post teaser-grid\" id=\"post-5095\">\n  <div class=\"teaser--featured_image\">\n\n    <img loading=\"lazy\" decoding=\"async\" width=\"782\" height=\"480\" src=\"https:\/\/quoris.com\/wp-content\/uploads\/2025\/12\/iStock-1347197740-10.png\" class=\"attachment-large size-large wp-post-image\" alt=\"\" srcset=\"https:\/\/quoris.com\/wp-content\/uploads\/2025\/12\/iStock-1347197740-10.png 782w, https:\/\/quoris.com\/wp-content\/uploads\/2025\/12\/iStock-1347197740-10-300x184.png 300w, https:\/\/quoris.com\/wp-content\/uploads\/2025\/12\/iStock-1347197740-10-768x471.png 768w\" sizes=\"auto, (max-width: 782px) 100vw, 782px\" \/>  <\/div>\n\n  <div class=\"post_content\">\n    <p class=\"badge overline\">Blog<\/p>\n    <h4 class=\"teaser--title\">Estrategia de modernizaci\u00f3n de la HCE para 2026: lecciones de 2025 y lo que los CIO deben hacer ahora<\/h4>\n    <div class=\"teaser--post-meta post-meta\">\n      <p class=\"post-date\">December 26, 2025<\/p>\n    <\/div>\n          <\/div>\n<\/a>\n                            <\/div>\n                                    <div class=\"g-col-12 g-col-md-4\">\n              \n              \n<a href=\"https:\/\/quoris.com\/es\/el-rincon-del-ceo-con-melissa-ursi\/\"  class=\"teaser teaser--post teaser-grid\" id=\"post-5090\">\n  <div class=\"teaser--featured_image\">\n\n    <img loading=\"lazy\" decoding=\"async\" width=\"724\" height=\"442\" src=\"https:\/\/quoris.com\/wp-content\/uploads\/2025\/12\/melissa-ursi-1.png\" class=\"attachment-large size-large wp-post-image\" alt=\"Melissa Ursi\" srcset=\"https:\/\/quoris.com\/wp-content\/uploads\/2025\/12\/melissa-ursi-1.png 724w, https:\/\/quoris.com\/wp-content\/uploads\/2025\/12\/melissa-ursi-1-300x183.png 300w\" sizes=\"auto, (max-width: 724px) 100vw, 724px\" \/>  <\/div>\n\n  <div class=\"post_content\">\n    <p class=\"badge overline\">Blog<\/p>\n    <h4 class=\"teaser--title\">El Rinc\u00f3n del CEO con Melissa Ursi<\/h4>\n    <div class=\"teaser--post-meta post-meta\">\n      <p class=\"post-date\">December 26, 2025<\/p>\n    <\/div>\n          <\/div>\n<\/a>\n                            <\/div>\n                                <\/div>\n      \n    <\/div>\n          <div class=\"facetwp-facet facetwp-facet-pager_ facetwp-type-pager\" data-name=\"pager_\" data-type=\"pager\"><\/div>            <\/div>\n\n    \n<\/div>\n    <\/div>\n\n<div class=\"wp-block-group prefooter prefooter-contact fade-in-up has-dark-blue-color has-aqua-background-color has-text-color has-background has-link-color wp-elements-3d9b013534a518a60f94ed73df0a275a is-layout-constrained wp-block-group-is-layout-constrained\" style=\"padding-top:var(--wp--preset--spacing--60);padding-bottom:var(--wp--preset--spacing--60)\">\n<h3 class=\"wp-block-heading has-text-align-center\">\u00bfPreparado para maximizar el valor de tus inversiones en tecnolog\u00eda?<\/h3>\n\n\n\n<p class=\"has-text-align-center wp-block-paragraph\">Ponte en contacto con el equipo de Quoris hoy mismo.<\/p>\n\n\n\n  <div\n    class=\"aligncenter wp-block-acf-form-pre-contact\">\n  \n\n  <div class=\"form-precontact-block-wrapper\">\n\n    <form class=\"form-precontact-block-form\" action=\"https:\/\/quoris.com\/es\/contact\/\" method=\"get\">\n      <label for=\"precontact-email\" class=\"form-precontact-block-label sr-only\">Correo electr\u00f3nico de empresa<\/label>\n      <input type=\"email\" id=\"precontact-email\" name=\"email\" class=\"form-precontact-block-input\" placeholder=\"Direcci\u00f3n de correo electr\u00f3nico profesional\" required>\n      <button type=\"submit\" class=\"button arrow-button\">Contacta con nosotros<\/button>\n    <\/form>\n\n  <\/div>\n    <\/div>\n<\/div>\n","protected":false},"excerpt":{"rendered":"","protected":false},"author":7,"featured_media":5986,"parent":4949,"menu_order":0,"comment_status":"closed","ping_status":"closed","template":"","meta":{"_acf_changed":false,"_crdt_document":"","content-type":"","footnotes":""},"class_list":["post-4939","page","type-page","status-publish","has-post-thumbnail","hentry"],"acf":[],"yoast_head":"<!-- This site is optimized with the Yoast SEO plugin v27.4 - https:\/\/yoast.com\/product\/yoast-seo-wordpress\/ -->\n<title>Blog &#8212; Quoris<\/title>\n<meta name=\"description\" content=\"El ambiente  Blog de inform\u00e1tica sanitaria\" \/>\n<meta name=\"robots\" content=\"noindex, follow, max-snippet:-1, max-image-preview:large, max-video-preview:-1\" \/>\n<meta property=\"og:locale\" content=\"es_ES\" \/>\n<meta property=\"og:type\" content=\"article\" \/>\n<meta property=\"og:title\" content=\"Blog &#8212; Quoris\" \/>\n<meta property=\"og:description\" content=\"El ambiente  Blog de inform\u00e1tica sanitaria\" \/>\n<meta property=\"og:url\" content=\"https:\/\/quoris.com\/es\/perspectivas\/blog\/\" \/>\n<meta property=\"og:site_name\" content=\"Quoris\" \/>\n<meta property=\"article:modified_time\" content=\"2026-03-16T16:12:53+00:00\" \/>\n<meta property=\"og:image\" content=\"https:\/\/quoris.com\/wp-content\/uploads\/2026\/02\/Blog.jpg\" \/>\n\t<meta property=\"og:image:width\" content=\"1200\" \/>\n\t<meta property=\"og:image:height\" content=\"900\" \/>\n\t<meta property=\"og:image:type\" content=\"image\/jpeg\" \/>\n<meta name=\"twitter:card\" content=\"summary_large_image\" \/>\n<script type=\"application\/ld+json\" class=\"yoast-schema-graph\">{\"@context\":\"https:\\\/\\\/schema.org\",\"@graph\":[{\"@type\":\"WebPage\",\"@id\":\"https:\\\/\\\/quoris.com\\\/es\\\/perspectivas\\\/blog\\\/\",\"url\":\"https:\\\/\\\/quoris.com\\\/es\\\/perspectivas\\\/blog\\\/\",\"name\":\"Blog &#8212; Quoris\",\"isPartOf\":{\"@id\":\"https:\\\/\\\/quoris.com\\\/es\\\/#website\"},\"primaryImageOfPage\":{\"@id\":\"https:\\\/\\\/quoris.com\\\/es\\\/perspectivas\\\/blog\\\/#primaryimage\"},\"image\":{\"@id\":\"https:\\\/\\\/quoris.com\\\/es\\\/perspectivas\\\/blog\\\/#primaryimage\"},\"thumbnailUrl\":\"https:\\\/\\\/quoris.com\\\/wp-content\\\/uploads\\\/2026\\\/02\\\/Blog.jpg\",\"datePublished\":\"2025-11-01T23:46:17+00:00\",\"dateModified\":\"2026-03-16T16:12:53+00:00\",\"description\":\"El ambiente Blog de inform\u00e1tica sanitaria\",\"breadcrumb\":{\"@id\":\"https:\\\/\\\/quoris.com\\\/es\\\/perspectivas\\\/blog\\\/#breadcrumb\"},\"inLanguage\":\"es-ES\",\"potentialAction\":[{\"@type\":\"ReadAction\",\"target\":[\"https:\\\/\\\/quoris.com\\\/es\\\/perspectivas\\\/blog\\\/\"]}]},{\"@type\":\"ImageObject\",\"inLanguage\":\"es-ES\",\"@id\":\"https:\\\/\\\/quoris.com\\\/es\\\/perspectivas\\\/blog\\\/#primaryimage\",\"url\":\"https:\\\/\\\/quoris.com\\\/wp-content\\\/uploads\\\/2026\\\/02\\\/Blog.jpg\",\"contentUrl\":\"https:\\\/\\\/quoris.com\\\/wp-content\\\/uploads\\\/2026\\\/02\\\/Blog.jpg\",\"width\":1200,\"height\":900},{\"@type\":\"BreadcrumbList\",\"@id\":\"https:\\\/\\\/quoris.com\\\/es\\\/perspectivas\\\/blog\\\/#breadcrumb\",\"itemListElement\":[{\"@type\":\"ListItem\",\"position\":1,\"name\":\"Inicio\",\"item\":\"https:\\\/\\\/quoris.com\\\/es\\\/\"},{\"@type\":\"ListItem\",\"position\":2,\"name\":\"Perspectivas\",\"item\":\"https:\\\/\\\/quoris.com\\\/es\\\/perspectivas\\\/\"},{\"@type\":\"ListItem\",\"position\":3,\"name\":\"Blog\"}]},{\"@type\":\"WebSite\",\"@id\":\"https:\\\/\\\/quoris.com\\\/es\\\/#website\",\"url\":\"https:\\\/\\\/quoris.com\\\/es\\\/\",\"name\":\"Quoris Healthcare IT\",\"description\":\"\",\"publisher\":{\"@id\":\"https:\\\/\\\/quoris.com\\\/es\\\/#organization\"},\"potentialAction\":[{\"@type\":\"SearchAction\",\"target\":{\"@type\":\"EntryPoint\",\"urlTemplate\":\"https:\\\/\\\/quoris.com\\\/es\\\/?s={search_term_string}\"},\"query-input\":{\"@type\":\"PropertyValueSpecification\",\"valueRequired\":true,\"valueName\":\"search_term_string\"}}],\"inLanguage\":\"es-ES\"},{\"@type\":\"Organization\",\"@id\":\"https:\\\/\\\/quoris.com\\\/es\\\/#organization\",\"name\":\"Quoris Healthcare IT\",\"url\":\"https:\\\/\\\/quoris.com\\\/es\\\/\",\"logo\":{\"@type\":\"ImageObject\",\"inLanguage\":\"es-ES\",\"@id\":\"https:\\\/\\\/quoris.com\\\/es\\\/#\\\/schema\\\/logo\\\/image\\\/\",\"url\":\"https:\\\/\\\/quoris.com\\\/wp-content\\\/uploads\\\/2025\\\/12\\\/pressrelease_575703_1763329356.jpg\",\"contentUrl\":\"https:\\\/\\\/quoris.com\\\/wp-content\\\/uploads\\\/2025\\\/12\\\/pressrelease_575703_1763329356.jpg\",\"width\":667,\"height\":350,\"caption\":\"Quoris Healthcare IT\"},\"image\":{\"@id\":\"https:\\\/\\\/quoris.com\\\/es\\\/#\\\/schema\\\/logo\\\/image\\\/\"},\"sameAs\":[\"https:\\\/\\\/www.linkedin.com\\\/company\\\/quoris\\\/\"]}]}<\/script>\n<!-- \/ Yoast SEO plugin. -->","yoast_head_json":{"title":"Blog &#8212; Quoris","description":"El ambiente  Blog de inform\u00e1tica sanitaria","robots":{"index":"noindex","follow":"follow","max-snippet":"max-snippet:-1","max-image-preview":"max-image-preview:large","max-video-preview":"max-video-preview:-1"},"og_locale":"es_ES","og_type":"article","og_title":"Blog &#8212; Quoris","og_description":"El ambiente  Blog de inform\u00e1tica sanitaria","og_url":"https:\/\/quoris.com\/es\/perspectivas\/blog\/","og_site_name":"Quoris","article_modified_time":"2026-03-16T16:12:53+00:00","og_image":[{"width":1200,"height":900,"url":"https:\/\/quoris.com\/wp-content\/uploads\/2026\/02\/Blog.jpg","type":"image\/jpeg"}],"twitter_card":"summary_large_image","schema":{"@context":"https:\/\/schema.org","@graph":[{"@type":"WebPage","@id":"https:\/\/quoris.com\/es\/perspectivas\/blog\/","url":"https:\/\/quoris.com\/es\/perspectivas\/blog\/","name":"Blog &#8212; Quoris","isPartOf":{"@id":"https:\/\/quoris.com\/es\/#website"},"primaryImageOfPage":{"@id":"https:\/\/quoris.com\/es\/perspectivas\/blog\/#primaryimage"},"image":{"@id":"https:\/\/quoris.com\/es\/perspectivas\/blog\/#primaryimage"},"thumbnailUrl":"https:\/\/quoris.com\/wp-content\/uploads\/2026\/02\/Blog.jpg","datePublished":"2025-11-01T23:46:17+00:00","dateModified":"2026-03-16T16:12:53+00:00","description":"El ambiente Blog de inform\u00e1tica sanitaria","breadcrumb":{"@id":"https:\/\/quoris.com\/es\/perspectivas\/blog\/#breadcrumb"},"inLanguage":"es-ES","potentialAction":[{"@type":"ReadAction","target":["https:\/\/quoris.com\/es\/perspectivas\/blog\/"]}]},{"@type":"ImageObject","inLanguage":"es-ES","@id":"https:\/\/quoris.com\/es\/perspectivas\/blog\/#primaryimage","url":"https:\/\/quoris.com\/wp-content\/uploads\/2026\/02\/Blog.jpg","contentUrl":"https:\/\/quoris.com\/wp-content\/uploads\/2026\/02\/Blog.jpg","width":1200,"height":900},{"@type":"BreadcrumbList","@id":"https:\/\/quoris.com\/es\/perspectivas\/blog\/#breadcrumb","itemListElement":[{"@type":"ListItem","position":1,"name":"Inicio","item":"https:\/\/quoris.com\/es\/"},{"@type":"ListItem","position":2,"name":"Perspectivas","item":"https:\/\/quoris.com\/es\/perspectivas\/"},{"@type":"ListItem","position":3,"name":"Blog"}]},{"@type":"WebSite","@id":"https:\/\/quoris.com\/es\/#website","url":"https:\/\/quoris.com\/es\/","name":"Quoris Healthcare IT","description":"","publisher":{"@id":"https:\/\/quoris.com\/es\/#organization"},"potentialAction":[{"@type":"SearchAction","target":{"@type":"EntryPoint","urlTemplate":"https:\/\/quoris.com\/es\/?s={search_term_string}"},"query-input":{"@type":"PropertyValueSpecification","valueRequired":true,"valueName":"search_term_string"}}],"inLanguage":"es-ES"},{"@type":"Organization","@id":"https:\/\/quoris.com\/es\/#organization","name":"Quoris Healthcare IT","url":"https:\/\/quoris.com\/es\/","logo":{"@type":"ImageObject","inLanguage":"es-ES","@id":"https:\/\/quoris.com\/es\/#\/schema\/logo\/image\/","url":"https:\/\/quoris.com\/wp-content\/uploads\/2025\/12\/pressrelease_575703_1763329356.jpg","contentUrl":"https:\/\/quoris.com\/wp-content\/uploads\/2025\/12\/pressrelease_575703_1763329356.jpg","width":667,"height":350,"caption":"Quoris Healthcare IT"},"image":{"@id":"https:\/\/quoris.com\/es\/#\/schema\/logo\/image\/"},"sameAs":["https:\/\/www.linkedin.com\/company\/quoris\/"]}]}},"_links":{"self":[{"href":"https:\/\/quoris.com\/es\/wp-json\/wp\/v2\/pages\/4939","targetHints":{"allow":["GET"]}}],"collection":[{"href":"https:\/\/quoris.com\/es\/wp-json\/wp\/v2\/pages"}],"about":[{"href":"https:\/\/quoris.com\/es\/wp-json\/wp\/v2\/types\/page"}],"author":[{"embeddable":true,"href":"https:\/\/quoris.com\/es\/wp-json\/wp\/v2\/users\/7"}],"replies":[{"embeddable":true,"href":"https:\/\/quoris.com\/es\/wp-json\/wp\/v2\/comments?post=4939"}],"version-history":[{"count":0,"href":"https:\/\/quoris.com\/es\/wp-json\/wp\/v2\/pages\/4939\/revisions"}],"up":[{"embeddable":true,"href":"https:\/\/quoris.com\/es\/wp-json\/wp\/v2\/pages\/4949"}],"wp:featuredmedia":[{"embeddable":true,"href":"https:\/\/quoris.com\/es\/wp-json\/wp\/v2\/media\/5986"}],"wp:attachment":[{"href":"https:\/\/quoris.com\/es\/wp-json\/wp\/v2\/media?parent=4939"}],"curies":[{"name":"wp","href":"https:\/\/api.w.org\/{rel}","templated":true}]}}