{"id":4861,"date":"2025-01-29T23:36:57","date_gmt":"2025-01-30T07:36:57","guid":{"rendered":"https:\/\/quoris.wpenginepowered.com\/politica-de-privacidad\/"},"modified":"2026-02-24T08:07:50","modified_gmt":"2026-02-24T16:07:50","slug":"politica-de-privacidad","status":"publish","type":"page","link":"https:\/\/quoris.com\/es\/politica-de-privacidad\/","title":{"rendered":"Pol\u00edtica de privacidad"},"content":{"rendered":"\n\n  <div\n    class=\"page-heading-block wp-block-group is-layout-constrained wp-block-group-is-layout-constrained wp-elements-83d9729160990baa6e71dfd2cbb06cc8 alignfull wp-block-acf-page-heading-block has-text-color has-white-color has-background has-dark-blue-background-color is-layout-flow wp-block-acf-page-heading-block-is-layout-flow\">\n  \n  <div class=\"page-heading-block-wrapper\">\n    <div class=\"acf-innerblocks-container\">\n  <div class=\" alignnone alignnone wp-block-acf-breadcrumbs\">\n            <div class=\"breadcrumbs\">\n        <a href=\"https:\/\/quoris.com\/es\/\" class=\"breadcrumb\">Home<\/a><span class=\"breadcrumb-separator\"><\/span>        <span class=\"breadcrumb\">Pol\u00edtica de privacidad<\/span>\n      <\/div>\n        <\/div>\n\n\n<h1 class=\"wp-block-heading page-title\">Pol\u00edtica de privacidad<\/h1>\n\n<\/div>\n  <\/div>\n    <\/div>\n\n<div class=\"wp-block-group is-layout-constrained wp-block-group-is-layout-constrained\" style=\"padding-top:var(--wp--preset--spacing--20);padding-bottom:var(--wp--preset--spacing--20)\">\n<p class=\"wp-block-paragraph\">Este aviso revela las pr\u00e1cticas de privacidad de quoris.com. Este aviso se aplica \u00fanicamente a la informaci\u00f3n recogida por este sitio web. Te notificar\u00e1 lo siguiente:  <\/p>\n\n\n\n<ol class=\"wp-block-list\">\n<li>Qu\u00e9 informaci\u00f3n personal identificable se recopila de ti a trav\u00e9s del sitio web, c\u00f3mo se utiliza y con qui\u00e9n puede compartirse.<\/li>\n\n\n\n<li>Qu\u00e9 opciones tienes respecto al uso de tus datos.<\/li>\n\n\n\n<li>Los procedimientos de seguridad establecidos para proteger el uso indebido de tu informaci\u00f3n.<\/li>\n\n\n\n<li>C\u00f3mo puedes corregir cualquier inexactitud en la informaci\u00f3n.<\/li>\n<\/ol>\n<\/div>\n\n<div class=\"wp-block-group is-layout-constrained wp-block-group-is-layout-constrained\" style=\"padding-top:var(--wp--preset--spacing--20);padding-bottom:var(--wp--preset--spacing--20)\">\n<h4 class=\"wp-block-heading has-h-3-font-size animation-none\">Recogida, uso e intercambio de informaci\u00f3n<\/h4>\n\n\n\n<p class=\"wp-block-paragraph\">Somos los \u00fanicos propietarios de la informaci\u00f3n recogida en este sitio. S\u00f3lo tenemos acceso a\/recopilamos la informaci\u00f3n que nos proporcionas voluntariamente por correo electr\u00f3nico u otro contacto directo tuyo. No venderemos, alquilaremos ni compartiremos esta informaci\u00f3n con nadie, incluidos terceros con fines de marketing.  <\/p>\n\n\n\n<p class=\"wp-block-paragraph\">Utilizaremos tu informaci\u00f3n para responderte, en relaci\u00f3n con el motivo por el que te pusiste en contacto con nosotros. No compartiremos tu informaci\u00f3n con ning\u00fan tercero ajeno a nuestra organizaci\u00f3n, salvo cuando sea necesario para satisfacer tu solicitud, por ejemplo, para enviar un pedido. A menos que nos pidas que no lo hagamos, podemos ponernos en contacto contigo por correo electr\u00f3nico y\/o SMS en el futuro para informarte sobre ofertas especiales, nuevos productos o servicios, o cambios en esta pol\u00edtica de privacidad.  <\/p>\n\n\n\n<p class=\"wp-block-paragraph\">PUEDEN APLICARSE TARIFAS POR MENSAJES SMS Y DATOS. Tu operador de telefon\u00eda m\u00f3vil puede cobrar tarifas por enviar o recibir mensajes de texto. <\/p>\n\n\n\n<p class=\"wp-block-paragraph\">La frecuencia de los mensajes SMS var\u00eda con una media de 1 a 2 al mes.<\/p>\n\n\n\n<p class=\"wp-block-paragraph\">Al darte de alta, aceptas recibir mensajes conversacionales de Quoris, LLC. Nuestro formulario de consentimiento por SMS estar\u00e1 disponible en l\u00ednea en https:\/\/quoris.com\/contact\/. Una vez que la p\u00e1gina est\u00e9 activa, podr\u00e1s rellenar el formulario y marcar &#8221;S\u00ed&#8221; en la respuesta a la pregunta &#8221;\u00bfDeseas recibir mensajes de texto de Quoris, LLC?&#8221; para confirmar tu consentimiento.<\/p>\n\n\n\n<p class=\"wp-block-paragraph\">Responde AYUDA a un mensaje de texto SMS. Esta respuesta te enviar\u00e1 nuestro n\u00famero de tel\u00e9fono y la direcci\u00f3n de nuestro sitio web. <\/p>\n<\/div>\n\n<div class=\"wp-block-group is-layout-constrained wp-block-group-is-layout-constrained\" style=\"padding-top:var(--wp--preset--spacing--20);padding-bottom:var(--wp--preset--spacing--20)\">\n<h4 class=\"wp-block-heading has-h-3-font-size animation-none\">Cookies<\/h4>\n\n\n\n<p class=\"wp-block-paragraph\">En este sitio utilizamos &#8221;cookies&#8221;. Una cookie es un dato que se almacena en el disco duro de un visitante del sitio para ayudarnos a mejorar tu acceso a nuestro sitio e identificar a los visitantes recurrentes del mismo. Por ejemplo, cuando utilizamos una cookie para identificarte, no tendr\u00edas que introducir una contrase\u00f1a m\u00e1s de una vez, ahorrando as\u00ed tiempo mientras est\u00e1s en nuestro sitio. Las cookies tambi\u00e9n pueden permitirnos rastrear y orientar los intereses de nuestros usuarios para mejorar la experiencia en nuestro sitio. El uso de una cookie no est\u00e1 vinculado en modo alguno a ninguna informaci\u00f3n personal identificable en nuestro sitio.    <\/p>\n<\/div>\n\n<div class=\"wp-block-group is-layout-constrained wp-block-group-is-layout-constrained\" style=\"padding-top:var(--wp--preset--spacing--20);padding-bottom:var(--wp--preset--spacing--20)\">\n<h4 class=\"wp-block-heading has-h-3-font-size animation-none\">Enlaces<\/h4>\n\n\n\n<p class=\"wp-block-paragraph\">Este sitio web contiene enlaces a otros sitios. Ten en cuenta que no somos responsables del contenido ni de las pr\u00e1cticas de privacidad de esos otros sitios. Animamos a nuestros usuarios a que sean conscientes cuando salgan de nuestro sitio y a que lean las declaraciones de privacidad de cualquier otro sitio que recopile informaci\u00f3n personal identificable.  <\/p>\n<\/div>\n\n<div class=\"wp-block-group is-layout-constrained wp-block-group-is-layout-constrained\" style=\"padding-top:var(--wp--preset--spacing--20);padding-bottom:var(--wp--preset--spacing--20)\">\n<h4 class=\"wp-block-heading has-h-3-font-size animation-none\">Tu acceso y control de la informaci\u00f3n<\/h4>\n\n\n\n<p class=\"wp-block-paragraph\">Puedes darte de baja de nuestros futuros contactos en cualquier momento. Puedes hacer lo siguiente en cualquier momento poni\u00e9ndote en contacto con nosotros a trav\u00e9s de la direcci\u00f3n de correo electr\u00f3nico, el n\u00famero de tel\u00e9fono que aparece en nuestro sitio web o respondiendo a un mensaje de texto SMS: <\/p>\n\n\n\n<ul class=\"wp-block-list\">\n<li>Ver qu\u00e9 datos tenemos sobre ti, si los hay.<\/li>\n\n\n\n<li>Ver qu\u00e9 datos tenemos sobre ti, si los hay.<\/li>\n\n\n\n<li>Cambiar\/corregir cualquier dato que tengamos sobre ti.<\/li>\n\n\n\n<li>Hacer que eliminemos los datos que tenemos sobre ti.<\/li>\n\n\n\n<li>Expresar cualquier preocupaci\u00f3n que tengas sobre el uso que hacemos de tus datos.<\/li>\n\n\n\n<li>Responde STOP a un mensaje de texto SMS. Despu\u00e9s de darte de baja, recibir\u00e1s un \u00faltimo SMS para confirmar que te has dado de baja y eliminaremos tu n\u00famero de nuestra lista en un plazo de 24 horas. <\/li>\n<\/ul>\n<\/div>\n\n<div class=\"wp-block-group is-layout-constrained wp-block-group-is-layout-constrained\" style=\"padding-top:var(--wp--preset--spacing--20);padding-bottom:var(--wp--preset--spacing--20)\">\n<h4 class=\"wp-block-heading has-h-3-font-size animation-none\">Seguridad<\/h4>\n\n\n\n<p class=\"wp-block-paragraph\">Tomamos precauciones para proteger tu informaci\u00f3n. Cuando env\u00edas informaci\u00f3n sensible a trav\u00e9s del sitio web, tu informaci\u00f3n est\u00e1 protegida tanto en l\u00ednea como fuera de l\u00ednea. <\/p>\n\n\n\n<p class=\"wp-block-paragraph\">Siempre que recopilamos informaci\u00f3n sensible (como datos de tarjetas de cr\u00e9dito), esa informaci\u00f3n se encripta y se nos transmite de forma segura. Puedes comprobarlo buscando el icono de un candado en la barra de direcciones y buscando &#8221;https&#8221; al principio de la direcci\u00f3n de la p\u00e1gina Web. <\/p>\n\n\n\n<p class=\"wp-block-paragraph\">Aunque utilizamos la encriptaci\u00f3n para proteger la informaci\u00f3n confidencial transmitida en l\u00ednea, tambi\u00e9n protegemos tu informaci\u00f3n fuera de l\u00ednea. S\u00f3lo los empleados que necesitan la informaci\u00f3n para realizar un trabajo espec\u00edfico (por ejemplo, facturaci\u00f3n o atenci\u00f3n al cliente) tienen acceso a la informaci\u00f3n personal identificable. Los ordenadores\/servidores en los que almacenamos informaci\u00f3n personal identificable se mantienen en un entorno seguro.  <\/p>\n\n\n\n<p class=\"has-dark-blue-color has-text-color has-link-color wp-elements-f941bf126cc257e216ba4a03db5cf274 wp-block-paragraph\"><strong>Si crees que no estamos cumpliendo esta pol\u00edtica de privacidad, ponte en contacto con nosotros inmediatamente por tel\u00e9fono en el 302-603-1021 o por correo electr\u00f3nico en <a href=\"mailto:info@quoris.com\"><mark style=\"background-color:rgba(0, 0, 0, 0)\" class=\"has-inline-color has-dark-blue-color\">info@quoris.com<\/mark><\/a>.<\/strong><\/p>\n<\/div>\n","protected":false},"excerpt":{"rendered":"","protected":false},"author":7,"featured_media":5965,"parent":0,"menu_order":0,"comment_status":"closed","ping_status":"closed","template":"","meta":{"_acf_changed":false,"_crdt_document":"","content-type":"","footnotes":""},"class_list":["post-4861","page","type-page","status-publish","has-post-thumbnail","hentry"],"acf":[],"yoast_head":"<!-- This site is optimized with the Yoast SEO plugin v27.3 - https:\/\/yoast.com\/product\/yoast-seo-wordpress\/ -->\n<title>Pol\u00edtica de privacidad &#8212; Quoris<\/title>\n<meta name=\"description\" content=\"Pol\u00edtica de privacidad Este aviso revela las pr\u00e1cticas de privacidad de quoris.com. Este aviso se aplica \u00fanicamente a la informaci\u00f3n recogida por este\" \/>\n<meta name=\"robots\" content=\"noindex, follow, max-snippet:-1, max-image-preview:large, max-video-preview:-1\" \/>\n<meta property=\"og:locale\" content=\"es_ES\" \/>\n<meta property=\"og:type\" content=\"article\" \/>\n<meta property=\"og:title\" content=\"Pol\u00edtica de privacidad &#8212; Quoris\" \/>\n<meta property=\"og:description\" content=\"Pol\u00edtica de privacidad Este aviso revela las pr\u00e1cticas de privacidad de quoris.com. Este aviso se aplica \u00fanicamente a la informaci\u00f3n recogida por este\" \/>\n<meta property=\"og:url\" content=\"https:\/\/quoris.com\/es\/politica-de-privacidad\/\" \/>\n<meta property=\"og:site_name\" content=\"Quoris\" \/>\n<meta property=\"article:modified_time\" content=\"2026-02-24T16:07:50+00:00\" \/>\n<meta property=\"og:image\" content=\"https:\/\/quoris.com\/wp-content\/uploads\/2026\/02\/17.jpg\" \/>\n\t<meta property=\"og:image:width\" content=\"1200\" \/>\n\t<meta property=\"og:image:height\" content=\"900\" \/>\n\t<meta property=\"og:image:type\" content=\"image\/jpeg\" \/>\n<meta name=\"twitter:card\" content=\"summary_large_image\" \/>\n<meta name=\"twitter:label1\" content=\"Est. reading time\" \/>\n\t<meta name=\"twitter:data1\" content=\"4 minutes\" \/>\n<script type=\"application\/ld+json\" class=\"yoast-schema-graph\">{\"@context\":\"https:\\\/\\\/schema.org\",\"@graph\":[{\"@type\":\"WebPage\",\"@id\":\"https:\\\/\\\/quoris.com\\\/es\\\/politica-de-privacidad\\\/\",\"url\":\"https:\\\/\\\/quoris.com\\\/es\\\/politica-de-privacidad\\\/\",\"name\":\"Pol\u00edtica de privacidad &#8212; Quoris\",\"isPartOf\":{\"@id\":\"https:\\\/\\\/quoris.com\\\/es\\\/#website\"},\"primaryImageOfPage\":{\"@id\":\"https:\\\/\\\/quoris.com\\\/es\\\/politica-de-privacidad\\\/#primaryimage\"},\"image\":{\"@id\":\"https:\\\/\\\/quoris.com\\\/es\\\/politica-de-privacidad\\\/#primaryimage\"},\"thumbnailUrl\":\"https:\\\/\\\/quoris.com\\\/wp-content\\\/uploads\\\/2026\\\/02\\\/17.jpg\",\"datePublished\":\"2025-01-30T07:36:57+00:00\",\"dateModified\":\"2026-02-24T16:07:50+00:00\",\"description\":\"Pol\u00edtica de privacidad Este aviso revela las pr\u00e1cticas de privacidad de quoris.com. Este aviso se aplica \u00fanicamente a la informaci\u00f3n recogida por este\",\"breadcrumb\":{\"@id\":\"https:\\\/\\\/quoris.com\\\/es\\\/politica-de-privacidad\\\/#breadcrumb\"},\"inLanguage\":\"es-ES\",\"potentialAction\":[{\"@type\":\"ReadAction\",\"target\":[\"https:\\\/\\\/quoris.com\\\/es\\\/politica-de-privacidad\\\/\"]}]},{\"@type\":\"ImageObject\",\"inLanguage\":\"es-ES\",\"@id\":\"https:\\\/\\\/quoris.com\\\/es\\\/politica-de-privacidad\\\/#primaryimage\",\"url\":\"https:\\\/\\\/quoris.com\\\/wp-content\\\/uploads\\\/2026\\\/02\\\/17.jpg\",\"contentUrl\":\"https:\\\/\\\/quoris.com\\\/wp-content\\\/uploads\\\/2026\\\/02\\\/17.jpg\",\"width\":1200,\"height\":900},{\"@type\":\"BreadcrumbList\",\"@id\":\"https:\\\/\\\/quoris.com\\\/es\\\/politica-de-privacidad\\\/#breadcrumb\",\"itemListElement\":[{\"@type\":\"ListItem\",\"position\":1,\"name\":\"Inicio\",\"item\":\"https:\\\/\\\/quoris.com\\\/es\\\/\"},{\"@type\":\"ListItem\",\"position\":2,\"name\":\"Pol\u00edtica de privacidad\"}]},{\"@type\":\"WebSite\",\"@id\":\"https:\\\/\\\/quoris.com\\\/es\\\/#website\",\"url\":\"https:\\\/\\\/quoris.com\\\/es\\\/\",\"name\":\"Quoris Healthcare IT\",\"description\":\"\",\"publisher\":{\"@id\":\"https:\\\/\\\/quoris.com\\\/es\\\/#organization\"},\"potentialAction\":[{\"@type\":\"SearchAction\",\"target\":{\"@type\":\"EntryPoint\",\"urlTemplate\":\"https:\\\/\\\/quoris.com\\\/es\\\/?s={search_term_string}\"},\"query-input\":{\"@type\":\"PropertyValueSpecification\",\"valueRequired\":true,\"valueName\":\"search_term_string\"}}],\"inLanguage\":\"es-ES\"},{\"@type\":\"Organization\",\"@id\":\"https:\\\/\\\/quoris.com\\\/es\\\/#organization\",\"name\":\"Quoris Healthcare IT\",\"url\":\"https:\\\/\\\/quoris.com\\\/es\\\/\",\"logo\":{\"@type\":\"ImageObject\",\"inLanguage\":\"es-ES\",\"@id\":\"https:\\\/\\\/quoris.com\\\/es\\\/#\\\/schema\\\/logo\\\/image\\\/\",\"url\":\"https:\\\/\\\/quoris.com\\\/wp-content\\\/uploads\\\/2025\\\/12\\\/pressrelease_575703_1763329356.jpg\",\"contentUrl\":\"https:\\\/\\\/quoris.com\\\/wp-content\\\/uploads\\\/2025\\\/12\\\/pressrelease_575703_1763329356.jpg\",\"width\":667,\"height\":350,\"caption\":\"Quoris Healthcare IT\"},\"image\":{\"@id\":\"https:\\\/\\\/quoris.com\\\/es\\\/#\\\/schema\\\/logo\\\/image\\\/\"},\"sameAs\":[\"https:\\\/\\\/www.linkedin.com\\\/company\\\/quoris\\\/\"]}]}<\/script>\n<!-- \/ Yoast SEO plugin. -->","yoast_head_json":{"title":"Pol\u00edtica de privacidad &#8212; Quoris","description":"Pol\u00edtica de privacidad Este aviso revela las pr\u00e1cticas de privacidad de quoris.com. Este aviso se aplica \u00fanicamente a la informaci\u00f3n recogida por este","robots":{"index":"noindex","follow":"follow","max-snippet":"max-snippet:-1","max-image-preview":"max-image-preview:large","max-video-preview":"max-video-preview:-1"},"og_locale":"es_ES","og_type":"article","og_title":"Pol\u00edtica de privacidad &#8212; Quoris","og_description":"Pol\u00edtica de privacidad Este aviso revela las pr\u00e1cticas de privacidad de quoris.com. Este aviso se aplica \u00fanicamente a la informaci\u00f3n recogida por este","og_url":"https:\/\/quoris.com\/es\/politica-de-privacidad\/","og_site_name":"Quoris","article_modified_time":"2026-02-24T16:07:50+00:00","og_image":[{"width":1200,"height":900,"url":"https:\/\/quoris.com\/wp-content\/uploads\/2026\/02\/17.jpg","type":"image\/jpeg"}],"twitter_card":"summary_large_image","twitter_misc":{"Est. reading time":"4 minutes"},"schema":{"@context":"https:\/\/schema.org","@graph":[{"@type":"WebPage","@id":"https:\/\/quoris.com\/es\/politica-de-privacidad\/","url":"https:\/\/quoris.com\/es\/politica-de-privacidad\/","name":"Pol\u00edtica de privacidad &#8212; Quoris","isPartOf":{"@id":"https:\/\/quoris.com\/es\/#website"},"primaryImageOfPage":{"@id":"https:\/\/quoris.com\/es\/politica-de-privacidad\/#primaryimage"},"image":{"@id":"https:\/\/quoris.com\/es\/politica-de-privacidad\/#primaryimage"},"thumbnailUrl":"https:\/\/quoris.com\/wp-content\/uploads\/2026\/02\/17.jpg","datePublished":"2025-01-30T07:36:57+00:00","dateModified":"2026-02-24T16:07:50+00:00","description":"Pol\u00edtica de privacidad Este aviso revela las pr\u00e1cticas de privacidad de quoris.com. Este aviso se aplica \u00fanicamente a la informaci\u00f3n recogida por este","breadcrumb":{"@id":"https:\/\/quoris.com\/es\/politica-de-privacidad\/#breadcrumb"},"inLanguage":"es-ES","potentialAction":[{"@type":"ReadAction","target":["https:\/\/quoris.com\/es\/politica-de-privacidad\/"]}]},{"@type":"ImageObject","inLanguage":"es-ES","@id":"https:\/\/quoris.com\/es\/politica-de-privacidad\/#primaryimage","url":"https:\/\/quoris.com\/wp-content\/uploads\/2026\/02\/17.jpg","contentUrl":"https:\/\/quoris.com\/wp-content\/uploads\/2026\/02\/17.jpg","width":1200,"height":900},{"@type":"BreadcrumbList","@id":"https:\/\/quoris.com\/es\/politica-de-privacidad\/#breadcrumb","itemListElement":[{"@type":"ListItem","position":1,"name":"Inicio","item":"https:\/\/quoris.com\/es\/"},{"@type":"ListItem","position":2,"name":"Pol\u00edtica de privacidad"}]},{"@type":"WebSite","@id":"https:\/\/quoris.com\/es\/#website","url":"https:\/\/quoris.com\/es\/","name":"Quoris Healthcare IT","description":"","publisher":{"@id":"https:\/\/quoris.com\/es\/#organization"},"potentialAction":[{"@type":"SearchAction","target":{"@type":"EntryPoint","urlTemplate":"https:\/\/quoris.com\/es\/?s={search_term_string}"},"query-input":{"@type":"PropertyValueSpecification","valueRequired":true,"valueName":"search_term_string"}}],"inLanguage":"es-ES"},{"@type":"Organization","@id":"https:\/\/quoris.com\/es\/#organization","name":"Quoris Healthcare IT","url":"https:\/\/quoris.com\/es\/","logo":{"@type":"ImageObject","inLanguage":"es-ES","@id":"https:\/\/quoris.com\/es\/#\/schema\/logo\/image\/","url":"https:\/\/quoris.com\/wp-content\/uploads\/2025\/12\/pressrelease_575703_1763329356.jpg","contentUrl":"https:\/\/quoris.com\/wp-content\/uploads\/2025\/12\/pressrelease_575703_1763329356.jpg","width":667,"height":350,"caption":"Quoris Healthcare IT"},"image":{"@id":"https:\/\/quoris.com\/es\/#\/schema\/logo\/image\/"},"sameAs":["https:\/\/www.linkedin.com\/company\/quoris\/"]}]}},"_links":{"self":[{"href":"https:\/\/quoris.com\/es\/wp-json\/wp\/v2\/pages\/4861","targetHints":{"allow":["GET"]}}],"collection":[{"href":"https:\/\/quoris.com\/es\/wp-json\/wp\/v2\/pages"}],"about":[{"href":"https:\/\/quoris.com\/es\/wp-json\/wp\/v2\/types\/page"}],"author":[{"embeddable":true,"href":"https:\/\/quoris.com\/es\/wp-json\/wp\/v2\/users\/7"}],"replies":[{"embeddable":true,"href":"https:\/\/quoris.com\/es\/wp-json\/wp\/v2\/comments?post=4861"}],"version-history":[{"count":0,"href":"https:\/\/quoris.com\/es\/wp-json\/wp\/v2\/pages\/4861\/revisions"}],"wp:featuredmedia":[{"embeddable":true,"href":"https:\/\/quoris.com\/es\/wp-json\/wp\/v2\/media\/5965"}],"wp:attachment":[{"href":"https:\/\/quoris.com\/es\/wp-json\/wp\/v2\/media?parent=4861"}],"curies":[{"name":"wp","href":"https:\/\/api.w.org\/{rel}","templated":true}]}}