{"id":4787,"date":"2024-11-27T19:28:54","date_gmt":"2024-11-28T03:28:54","guid":{"rendered":"https:\/\/quoris.wpenginepowered.com\/contacta-con-nosotros\/"},"modified":"2026-02-24T08:09:24","modified_gmt":"2026-02-24T16:09:24","slug":"contacta-con-nosotros","status":"publish","type":"page","link":"https:\/\/quoris.com\/es\/contacta-con-nosotros\/","title":{"rendered":"Contacta con nosotros"},"content":{"rendered":"\n\n  <div\n    style=\"padding-top:var(--wp--preset--spacing--10);padding-bottom:var(--wp--preset--spacing--10);\" class=\"page-heading-block wp-block-group is-layout-constrained wp-block-group-is-layout-constrained is-style-background-wave wp-elements-f813c6497e8f5c2d2f8183261a02dc37 alignfull wp-block-acf-page-heading-block has-text-color has-white-color has-background has-dark-blue-background-color is-layout-flow wp-block-acf-page-heading-block-is-layout-flow\">\n  \n  <div class=\"page-heading-block-wrapper\">\n    <div class=\"acf-innerblocks-container\">\n  <div class=\" alignnone alignnone wp-block-acf-breadcrumbs\">\n            <div class=\"breadcrumbs\">\n        <a href=\"https:\/\/quoris.com\/es\/\" class=\"breadcrumb\">Home<\/a><span class=\"breadcrumb-separator\"><\/span>        <span class=\"breadcrumb\">Contacta con nosotros<\/span>\n      <\/div>\n        <\/div>\n\n\n<h1 class=\"wp-block-heading page-title\">Contacta con nosotros<\/h1>\n\n\n\n<p class=\"wp-block-paragraph\">Ponte en contacto<\/p>\n\n<\/div>\n  <\/div>\n    <\/div>\n\n<div class=\"wp-block-columns is-layout-flex wp-container-core-columns-is-layout-7387b849 wp-block-columns-is-layout-flex\">\n<div class=\"wp-block-column is-layout-flow wp-block-column-is-layout-flow\" style=\"flex-basis:66.66%\">\n<div class=\"wp-block-group page-header is-content-justification-left is-layout-constrained wp-container-core-group-is-layout-63f9d052 wp-block-group-is-layout-constrained\" style=\"padding-bottom:var(--wp--preset--spacing--40)\">\n<h2 class=\"wp-block-heading intro-text\"><strong>Tengamos una conversaci\u00f3n<\/strong><\/h2>\n\n\n\n<p class=\"has-text-wrap-pretty wp-block-paragraph\">Ponte en contacto con nosotros hoy mismo y un miembro del equipo de Quoris se pondr\u00e1 en contacto contigo para saber m\u00e1s sobre tus necesidades de TI sanitarias.<\/p>\n<\/div>\n<\/div>\n\n\n\n<div class=\"wp-block-column is-layout-flow wp-block-column-is-layout-flow\" style=\"flex-basis:33.33%\">\n<div class=\"wp-block-group is-layout-constrained wp-block-group-is-layout-constrained\">\n<p class=\"wp-block-paragraph\"><a href=\"mailto:info@quoris.com\">info@quoris.com<\/a> <\/p>\n\n\n\n<p class=\"wp-block-paragraph\">(302) 603-1021<\/p>\n\n\n\n<p class=\"wp-block-paragraph\">Para los medios de comunicaci\u00f3n: <a href=\"mailto:marketing@quoris.com\">marketing@quoris.com<\/a><\/p>\n<\/div>\n<\/div>\n<\/div>\n\n  <div\n    style=\"padding-top:0;padding-bottom:0;\" class=\"wp-block-group group-page-section is-layout-constrained wp-block-group-is-layout-constrained alignfull align-text-left align-content-top wp-block-acf-page-section is-layout-flow wp-block-acf-page-section-is-layout-flow\">\n  \n\n  <div class=\"acf-innerblocks-container\">\n\n<div class=\"wp-block-group has-beige-background-color has-background is-layout-constrained wp-container-core-group-is-layout-e8044e58 wp-block-group-is-layout-constrained\" style=\"padding-top:var(--wp--preset--spacing--30);padding-right:var(--wp--preset--spacing--60);padding-bottom:var(--wp--preset--spacing--30);padding-left:var(--wp--preset--spacing--60)\">\n<h2 class=\"wp-block-heading\" style=\"margin-top:0;margin-bottom:0;padding-top:0;padding-bottom:0\">Env\u00edanos un mensaje<\/h2>\n\n\n\n<div class=\"contact-form\">\n            \n            <script src=\"https:\/\/js.hsforms.net\/forms\/embed\/developer\/50252001.js\" defer=\"defer\"><\/script>\n<div class=\"hs-form-html\" data-region=\"na1\" data-form-id=\"d99fb510-ccf9-4385-8526-35429154955c\" data-portal-id=\"50252001\"><\/div>\n          <\/div>\n<\/div>\n\n<\/div>\n    <\/div>\n\n<div class=\"wp-block-group prefooter prefooter-careers fade-in-up has-dark-blue-color has-aqua-background-color has-text-color has-background has-link-color wp-elements-ddfad93597681fceb326ae06a9d97cda is-layout-constrained wp-block-group-is-layout-constrained\" style=\"padding-top:var(--wp--preset--spacing--60);padding-bottom:var(--wp--preset--spacing--60)\">\n<h3 class=\"wp-block-heading has-text-align-center\">\u00danete al equipo Quoris<\/h3>\n\n\n\n<p class=\"has-text-align-center wp-block-paragraph\">Ponte en contacto hoy mismo y obt\u00e9n m\u00e1s informaci\u00f3n sobre c\u00f3mo formar parte de Quoris.<\/p>\n\n\n\n<div class=\"wp-block-buttons is-content-justification-center is-layout-flex wp-container-core-buttons-is-layout-3e41869c wp-block-buttons-is-layout-flex\">\n<div class=\"wp-block-button is-style-arrow\"><a class=\"wp-block-button__link wp-element-button\" href=\"https:\/\/careers.quoris.com\/jobs\/Careers\" target=\"_blank\" rel=\"noreferrer noopener\">Ver oportunidades de empleo<\/a><\/div>\n<\/div>\n<\/div>\n","protected":false},"excerpt":{"rendered":"","protected":false},"author":7,"featured_media":5982,"parent":0,"menu_order":0,"comment_status":"closed","ping_status":"closed","template":"","meta":{"_acf_changed":false,"_crdt_document":"","content-type":"","footnotes":""},"class_list":["post-4787","page","type-page","status-publish","has-post-thumbnail","hentry"],"acf":[],"yoast_head":"<!-- This site is optimized with the Yoast SEO plugin v27.4 - https:\/\/yoast.com\/product\/yoast-seo-wordpress\/ -->\n<title>Contacta con Quoris Healthcare IT - Consultor\u00eda inform\u00e1tica sanitaria<\/title>\n<meta name=\"description\" content=\"Contacta con Quoris para ponerte en contacto con asesores inform\u00e1ticos sanitarios experimentados. Inicia una conversaci\u00f3n sobre estrategia, optimizaci\u00f3n, dotaci\u00f3n de personal o servicios gestionados de HCE.\" \/>\n<meta name=\"robots\" content=\"noindex, follow, max-snippet:-1, max-image-preview:large, max-video-preview:-1\" \/>\n<meta property=\"og:locale\" content=\"es_ES\" \/>\n<meta property=\"og:type\" content=\"article\" \/>\n<meta property=\"og:title\" content=\"Contacta con Quoris Healthcare IT - Consultor\u00eda inform\u00e1tica sanitaria\" \/>\n<meta property=\"og:description\" content=\"Contacta con Quoris para ponerte en contacto con asesores inform\u00e1ticos sanitarios experimentados. Inicia una conversaci\u00f3n sobre estrategia, optimizaci\u00f3n, dotaci\u00f3n de personal o servicios gestionados de HCE.\" \/>\n<meta property=\"og:url\" content=\"https:\/\/quoris.com\/es\/contacta-con-nosotros\/\" \/>\n<meta property=\"og:site_name\" content=\"Quoris\" \/>\n<meta property=\"article:modified_time\" content=\"2026-02-24T16:09:24+00:00\" \/>\n<meta property=\"og:image\" content=\"https:\/\/quoris.com\/wp-content\/uploads\/2026\/02\/10.jpg\" \/>\n\t<meta property=\"og:image:width\" content=\"1200\" \/>\n\t<meta property=\"og:image:height\" content=\"900\" \/>\n\t<meta property=\"og:image:type\" content=\"image\/jpeg\" \/>\n<meta name=\"twitter:card\" content=\"summary_large_image\" \/>\n<script type=\"application\/ld+json\" class=\"yoast-schema-graph\">{\"@context\":\"https:\\\/\\\/schema.org\",\"@graph\":[{\"@type\":\"WebPage\",\"@id\":\"https:\\\/\\\/quoris.com\\\/es\\\/contacta-con-nosotros\\\/\",\"url\":\"https:\\\/\\\/quoris.com\\\/es\\\/contacta-con-nosotros\\\/\",\"name\":\"Contacta con Quoris Healthcare IT - Consultor\u00eda inform\u00e1tica sanitaria\",\"isPartOf\":{\"@id\":\"https:\\\/\\\/quoris.com\\\/es\\\/#website\"},\"primaryImageOfPage\":{\"@id\":\"https:\\\/\\\/quoris.com\\\/es\\\/contacta-con-nosotros\\\/#primaryimage\"},\"image\":{\"@id\":\"https:\\\/\\\/quoris.com\\\/es\\\/contacta-con-nosotros\\\/#primaryimage\"},\"thumbnailUrl\":\"https:\\\/\\\/quoris.com\\\/wp-content\\\/uploads\\\/2026\\\/02\\\/10.jpg\",\"datePublished\":\"2024-11-28T03:28:54+00:00\",\"dateModified\":\"2026-02-24T16:09:24+00:00\",\"description\":\"Contacta con Quoris para ponerte en contacto con asesores inform\u00e1ticos sanitarios experimentados. Inicia una conversaci\u00f3n sobre estrategia, optimizaci\u00f3n, dotaci\u00f3n de personal o servicios gestionados de HCE.\",\"breadcrumb\":{\"@id\":\"https:\\\/\\\/quoris.com\\\/es\\\/contacta-con-nosotros\\\/#breadcrumb\"},\"inLanguage\":\"es-ES\",\"potentialAction\":[{\"@type\":\"ReadAction\",\"target\":[\"https:\\\/\\\/quoris.com\\\/es\\\/contacta-con-nosotros\\\/\"]}]},{\"@type\":\"ImageObject\",\"inLanguage\":\"es-ES\",\"@id\":\"https:\\\/\\\/quoris.com\\\/es\\\/contacta-con-nosotros\\\/#primaryimage\",\"url\":\"https:\\\/\\\/quoris.com\\\/wp-content\\\/uploads\\\/2026\\\/02\\\/10.jpg\",\"contentUrl\":\"https:\\\/\\\/quoris.com\\\/wp-content\\\/uploads\\\/2026\\\/02\\\/10.jpg\",\"width\":1200,\"height\":900},{\"@type\":\"BreadcrumbList\",\"@id\":\"https:\\\/\\\/quoris.com\\\/es\\\/contacta-con-nosotros\\\/#breadcrumb\",\"itemListElement\":[{\"@type\":\"ListItem\",\"position\":1,\"name\":\"Inicio\",\"item\":\"https:\\\/\\\/quoris.com\\\/es\\\/\"},{\"@type\":\"ListItem\",\"position\":2,\"name\":\"Contacta con nosotros\"}]},{\"@type\":\"WebSite\",\"@id\":\"https:\\\/\\\/quoris.com\\\/es\\\/#website\",\"url\":\"https:\\\/\\\/quoris.com\\\/es\\\/\",\"name\":\"Quoris Healthcare IT\",\"description\":\"\",\"publisher\":{\"@id\":\"https:\\\/\\\/quoris.com\\\/es\\\/#organization\"},\"potentialAction\":[{\"@type\":\"SearchAction\",\"target\":{\"@type\":\"EntryPoint\",\"urlTemplate\":\"https:\\\/\\\/quoris.com\\\/es\\\/?s={search_term_string}\"},\"query-input\":{\"@type\":\"PropertyValueSpecification\",\"valueRequired\":true,\"valueName\":\"search_term_string\"}}],\"inLanguage\":\"es-ES\"},{\"@type\":\"Organization\",\"@id\":\"https:\\\/\\\/quoris.com\\\/es\\\/#organization\",\"name\":\"Quoris Healthcare IT\",\"url\":\"https:\\\/\\\/quoris.com\\\/es\\\/\",\"logo\":{\"@type\":\"ImageObject\",\"inLanguage\":\"es-ES\",\"@id\":\"https:\\\/\\\/quoris.com\\\/es\\\/#\\\/schema\\\/logo\\\/image\\\/\",\"url\":\"https:\\\/\\\/quoris.com\\\/wp-content\\\/uploads\\\/2025\\\/12\\\/pressrelease_575703_1763329356.jpg\",\"contentUrl\":\"https:\\\/\\\/quoris.com\\\/wp-content\\\/uploads\\\/2025\\\/12\\\/pressrelease_575703_1763329356.jpg\",\"width\":667,\"height\":350,\"caption\":\"Quoris Healthcare IT\"},\"image\":{\"@id\":\"https:\\\/\\\/quoris.com\\\/es\\\/#\\\/schema\\\/logo\\\/image\\\/\"},\"sameAs\":[\"https:\\\/\\\/www.linkedin.com\\\/company\\\/quoris\\\/\"]},{\"@type\":\"WebPage\",\"@id\":\"https:\\\/\\\/quoris.com\\\/contact\\\/#webpage\",\"url\":\"https:\\\/\\\/quoris.com\\\/contact\\\/\",\"name\":\"Contact Quoris Healthcare IT - Healthcare IT Consulting\",\"description\":\"Contact Quoris for healthcare IT consulting services. Reach out via email at info@quoris.com or marketing@quoris.com, or call (302) 603-1021. Submit your project needs through our form.\",\"inLanguage\":\"en-US\",\"breadcrumb\":{\"@type\":\"BreadcrumbList\",\"itemListElement\":[{\"@type\":\"ListItem\",\"position\":1,\"name\":\"Home\",\"item\":\"https:\\\/\\\/quoris.com\"},{\"@type\":\"ListItem\",\"position\":2,\"name\":\"Contact\"}]},\"about\":{\"@type\":\"Organization\",\"@id\":\"https:\\\/\\\/quoris.com\\\/#organization\",\"name\":\"Quoris Healthcare IT\",\"description\":\"Quoris provides healthcare IT consulting services, including workforce solutions, EHR support, data strategy, and technology innovation advisory.\",\"url\":\"https:\\\/\\\/quoris.com\",\"contactPoint\":[{\"@type\":\"ContactPoint\",\"contactType\":\"General Inquiries\",\"telephone\":\"+1-302-603-1021\",\"email\":\"info@quoris.com\"},{\"@type\":\"ContactPoint\",\"contactType\":\"Media Inquiries\",\"email\":\"marketing@quoris.com\"}]}}]}<\/script>\n<!-- \/ Yoast SEO plugin. -->","yoast_head_json":{"title":"Contacta con Quoris Healthcare IT - Consultor\u00eda inform\u00e1tica sanitaria","description":"Contacta con Quoris para ponerte en contacto con asesores inform\u00e1ticos sanitarios experimentados. Inicia una conversaci\u00f3n sobre estrategia, optimizaci\u00f3n, dotaci\u00f3n de personal o servicios gestionados de HCE.","robots":{"index":"noindex","follow":"follow","max-snippet":"max-snippet:-1","max-image-preview":"max-image-preview:large","max-video-preview":"max-video-preview:-1"},"og_locale":"es_ES","og_type":"article","og_title":"Contacta con Quoris Healthcare IT - Consultor\u00eda inform\u00e1tica sanitaria","og_description":"Contacta con Quoris para ponerte en contacto con asesores inform\u00e1ticos sanitarios experimentados. Inicia una conversaci\u00f3n sobre estrategia, optimizaci\u00f3n, dotaci\u00f3n de personal o servicios gestionados de HCE.","og_url":"https:\/\/quoris.com\/es\/contacta-con-nosotros\/","og_site_name":"Quoris","article_modified_time":"2026-02-24T16:09:24+00:00","og_image":[{"width":1200,"height":900,"url":"https:\/\/quoris.com\/wp-content\/uploads\/2026\/02\/10.jpg","type":"image\/jpeg"}],"twitter_card":"summary_large_image","schema":{"@context":"https:\/\/schema.org","@graph":[{"@type":"WebPage","@id":"https:\/\/quoris.com\/es\/contacta-con-nosotros\/","url":"https:\/\/quoris.com\/es\/contacta-con-nosotros\/","name":"Contacta con Quoris Healthcare IT - Consultor\u00eda inform\u00e1tica sanitaria","isPartOf":{"@id":"https:\/\/quoris.com\/es\/#website"},"primaryImageOfPage":{"@id":"https:\/\/quoris.com\/es\/contacta-con-nosotros\/#primaryimage"},"image":{"@id":"https:\/\/quoris.com\/es\/contacta-con-nosotros\/#primaryimage"},"thumbnailUrl":"https:\/\/quoris.com\/wp-content\/uploads\/2026\/02\/10.jpg","datePublished":"2024-11-28T03:28:54+00:00","dateModified":"2026-02-24T16:09:24+00:00","description":"Contacta con Quoris para ponerte en contacto con asesores inform\u00e1ticos sanitarios experimentados. Inicia una conversaci\u00f3n sobre estrategia, optimizaci\u00f3n, dotaci\u00f3n de personal o servicios gestionados de HCE.","breadcrumb":{"@id":"https:\/\/quoris.com\/es\/contacta-con-nosotros\/#breadcrumb"},"inLanguage":"es-ES","potentialAction":[{"@type":"ReadAction","target":["https:\/\/quoris.com\/es\/contacta-con-nosotros\/"]}]},{"@type":"ImageObject","inLanguage":"es-ES","@id":"https:\/\/quoris.com\/es\/contacta-con-nosotros\/#primaryimage","url":"https:\/\/quoris.com\/wp-content\/uploads\/2026\/02\/10.jpg","contentUrl":"https:\/\/quoris.com\/wp-content\/uploads\/2026\/02\/10.jpg","width":1200,"height":900},{"@type":"BreadcrumbList","@id":"https:\/\/quoris.com\/es\/contacta-con-nosotros\/#breadcrumb","itemListElement":[{"@type":"ListItem","position":1,"name":"Inicio","item":"https:\/\/quoris.com\/es\/"},{"@type":"ListItem","position":2,"name":"Contacta con nosotros"}]},{"@type":"WebSite","@id":"https:\/\/quoris.com\/es\/#website","url":"https:\/\/quoris.com\/es\/","name":"Quoris Healthcare IT","description":"","publisher":{"@id":"https:\/\/quoris.com\/es\/#organization"},"potentialAction":[{"@type":"SearchAction","target":{"@type":"EntryPoint","urlTemplate":"https:\/\/quoris.com\/es\/?s={search_term_string}"},"query-input":{"@type":"PropertyValueSpecification","valueRequired":true,"valueName":"search_term_string"}}],"inLanguage":"es-ES"},{"@type":"Organization","@id":"https:\/\/quoris.com\/es\/#organization","name":"Quoris Healthcare IT","url":"https:\/\/quoris.com\/es\/","logo":{"@type":"ImageObject","inLanguage":"es-ES","@id":"https:\/\/quoris.com\/es\/#\/schema\/logo\/image\/","url":"https:\/\/quoris.com\/wp-content\/uploads\/2025\/12\/pressrelease_575703_1763329356.jpg","contentUrl":"https:\/\/quoris.com\/wp-content\/uploads\/2025\/12\/pressrelease_575703_1763329356.jpg","width":667,"height":350,"caption":"Quoris Healthcare IT"},"image":{"@id":"https:\/\/quoris.com\/es\/#\/schema\/logo\/image\/"},"sameAs":["https:\/\/www.linkedin.com\/company\/quoris\/"]},{"@type":"WebPage","@id":"https:\/\/quoris.com\/contact\/#webpage","url":"https:\/\/quoris.com\/contact\/","name":"Contact Quoris Healthcare IT - Healthcare IT Consulting","description":"Contact Quoris for healthcare IT consulting services. Reach out via email at info@quoris.com or marketing@quoris.com, or call (302) 603-1021. Submit your project needs through our form.","inLanguage":"en-US","breadcrumb":{"@type":"BreadcrumbList","itemListElement":[{"@type":"ListItem","position":1,"name":"Home","item":"https:\/\/quoris.com"},{"@type":"ListItem","position":2,"name":"Contact"}]},"about":{"@type":"Organization","@id":"https:\/\/quoris.com\/#organization","name":"Quoris Healthcare IT","description":"Quoris provides healthcare IT consulting services, including workforce solutions, EHR support, data strategy, and technology innovation advisory.","url":"https:\/\/quoris.com","contactPoint":[{"@type":"ContactPoint","contactType":"General Inquiries","telephone":"+1-302-603-1021","email":"info@quoris.com"},{"@type":"ContactPoint","contactType":"Media Inquiries","email":"marketing@quoris.com"}]}}]}},"_links":{"self":[{"href":"https:\/\/quoris.com\/es\/wp-json\/wp\/v2\/pages\/4787","targetHints":{"allow":["GET"]}}],"collection":[{"href":"https:\/\/quoris.com\/es\/wp-json\/wp\/v2\/pages"}],"about":[{"href":"https:\/\/quoris.com\/es\/wp-json\/wp\/v2\/types\/page"}],"author":[{"embeddable":true,"href":"https:\/\/quoris.com\/es\/wp-json\/wp\/v2\/users\/7"}],"replies":[{"embeddable":true,"href":"https:\/\/quoris.com\/es\/wp-json\/wp\/v2\/comments?post=4787"}],"version-history":[{"count":0,"href":"https:\/\/quoris.com\/es\/wp-json\/wp\/v2\/pages\/4787\/revisions"}],"wp:featuredmedia":[{"embeddable":true,"href":"https:\/\/quoris.com\/es\/wp-json\/wp\/v2\/media\/5982"}],"wp:attachment":[{"href":"https:\/\/quoris.com\/es\/wp-json\/wp\/v2\/media?parent=4787"}],"curies":[{"name":"wp","href":"https:\/\/api.w.org\/{rel}","templated":true}]}}